{"id":1396,"date":"2025-09-28T06:48:03","date_gmt":"2025-09-28T06:48:03","guid":{"rendered":"https:\/\/www.xhplasticlife.com\/?post_type=product&#038;p=1396"},"modified":"2025-09-28T08:44:57","modified_gmt":"2025-09-28T08:44:57","slug":"custom-tissue-boxes","status":"publish","type":"product","link":"https:\/\/www.xhplasticlife.com\/es\/producto\/custom-tissue-boxes\/","title":{"rendered":"Cajas de pa\u00f1uelos personalizadas, lujosos porta pa\u00f1uelos faciales de pl\u00e1stico para el hogar y el hotel de sobremesa"},"content":{"rendered":"<div class=\"wp-block-columns is-layout-flex wp-container-core-columns-is-layout-9d6595d7 wp-block-columns-is-layout-flex\">\n<div class=\"wp-block-column is-layout-flow wp-block-column-is-layout-flow\">\n<h2 class=\"wp-block-heading\">Cajas de pa\u00f1uelos personalizadas Caracter\u00edsticas:<\/h2>\n\n\n\n<ul class=\"wp-block-list\">\n<li><strong>Dise\u00f1o de gran apertura: <\/strong>El dise\u00f1o de apertura ancha garantiza que los pa\u00f1uelos puedan extraerse suavemente sin rasgarse, lo que hace que estas cajas de pa\u00f1uelos personalizadas sean pr\u00e1cticas y f\u00e1ciles de usar.<\/li>\n\n\n\n<li><strong>Compartimento multifuncional: <\/strong>Dise\u00f1adas con un compartimento de almacenamiento que puede contener peque\u00f1os objetos, manteniendo su escritorio ordenado y organizado mientras utiliza las cajas de pa\u00f1uelos personalizadas.<\/li>\n\n\n\n<li><strong>Soporte de muelle incorporado:<\/strong> Con el soporte de resorte de subida y bajada autom\u00e1ticas, los tejidos se pueden extraer f\u00e1cilmente incluso cuando la caja se est\u00e1 agotando.<\/li>\n\n\n\n<li><strong>Material duradero: <\/strong>Fabricadas con material PP+PS de alta calidad, estas cajas de pa\u00f1uelos personalizadas son duraderas, robustas y resistentes a las ca\u00eddas, lo que garantiza un uso prolongado.<\/li>\n\n\n\n<li><strong>Escena aplicable: <\/strong>Perfecta para el hogar, el hotel, la oficina y el escritorio, a\u00f1ade un toque de elegancia y comodidad a cualquier entorno.<\/li>\n<\/ul>\n<\/div>\n\n\n\n<div class=\"wp-block-column is-layout-flow wp-block-column-is-layout-flow\">\n<figure class=\"wp-block-image size-full\"><img decoding=\"async\" width=\"800\" height=\"800\" src=\"https:\/\/www.xhplasticlife.com\/wp-content\/uploads\/2025\/09\/Custom-Tissue-Boxes-Plastic-Facial-Tissue-Holder-Supplier-8.webp\" alt=\"Cajas de pa\u00f1uelos personalizadas Proveedor de cajas de pa\u00f1uelos de pl\u00e1stico (8)\" class=\"wp-image-1404\" srcset=\"https:\/\/www.xhplasticlife.com\/wp-content\/uploads\/2025\/09\/Custom-Tissue-Boxes-Plastic-Facial-Tissue-Holder-Supplier-8.webp 800w, https:\/\/www.xhplasticlife.com\/wp-content\/uploads\/2025\/09\/Custom-Tissue-Boxes-Plastic-Facial-Tissue-Holder-Supplier-8-300x300.webp 300w, https:\/\/www.xhplasticlife.com\/wp-content\/uploads\/2025\/09\/Custom-Tissue-Boxes-Plastic-Facial-Tissue-Holder-Supplier-8-150x150.webp 150w, https:\/\/www.xhplasticlife.com\/wp-content\/uploads\/2025\/09\/Custom-Tissue-Boxes-Plastic-Facial-Tissue-Holder-Supplier-8-768x768.webp 768w, https:\/\/www.xhplasticlife.com\/wp-content\/uploads\/2025\/09\/Custom-Tissue-Boxes-Plastic-Facial-Tissue-Holder-Supplier-8-12x12.webp 12w, https:\/\/www.xhplasticlife.com\/wp-content\/uploads\/2025\/09\/Custom-Tissue-Boxes-Plastic-Facial-Tissue-Holder-Supplier-8-600x600.webp 600w, https:\/\/www.xhplasticlife.com\/wp-content\/uploads\/2025\/09\/Custom-Tissue-Boxes-Plastic-Facial-Tissue-Holder-Supplier-8-100x100.webp 100w\" sizes=\"(max-width: 800px) 100vw, 800px\" \/><\/figure>\n<\/div>\n<\/div>\n\n\n\n<figure class=\"wp-block-table\"><table class=\"has-fixed-layout\"><tbody><tr><td>Modelo<\/td><td>Peso<\/td><td>Peso bruto<\/td><\/tr><tr><td>SH2488<\/td><td>510G<\/td><td>16,5 kg<\/td><\/tr><tr><td>SH2499(con soporte para palillos)<\/td><td>550G<\/td><td>17,7 kg<\/td><\/tr><\/tbody><\/table><\/figure>\n\n\n\n<div class=\"wp-block-columns is-layout-flex wp-container-core-columns-is-layout-9d6595d7 wp-block-columns-is-layout-flex\">\n<div class=\"wp-block-column is-layout-flow wp-block-column-is-layout-flow\">\n<figure class=\"wp-block-image size-full\"><img decoding=\"async\" width=\"800\" height=\"800\" src=\"https:\/\/www.xhplasticlife.com\/wp-content\/uploads\/2025\/09\/Custom-Plastic-Tissue-Boxes-2.webp\" alt=\"Cajas de pa\u00f1uelos de pl\u00e1stico personalizadas (2)\" class=\"wp-image-1397\" srcset=\"https:\/\/www.xhplasticlife.com\/wp-content\/uploads\/2025\/09\/Custom-Plastic-Tissue-Boxes-2.webp 800w, https:\/\/www.xhplasticlife.com\/wp-content\/uploads\/2025\/09\/Custom-Plastic-Tissue-Boxes-2-300x300.webp 300w, https:\/\/www.xhplasticlife.com\/wp-content\/uploads\/2025\/09\/Custom-Plastic-Tissue-Boxes-2-150x150.webp 150w, https:\/\/www.xhplasticlife.com\/wp-content\/uploads\/2025\/09\/Custom-Plastic-Tissue-Boxes-2-768x768.webp 768w, https:\/\/www.xhplasticlife.com\/wp-content\/uploads\/2025\/09\/Custom-Plastic-Tissue-Boxes-2-12x12.webp 12w, https:\/\/www.xhplasticlife.com\/wp-content\/uploads\/2025\/09\/Custom-Plastic-Tissue-Boxes-2-600x600.webp 600w, https:\/\/www.xhplasticlife.com\/wp-content\/uploads\/2025\/09\/Custom-Plastic-Tissue-Boxes-2-100x100.webp 100w\" sizes=\"(max-width: 800px) 100vw, 800px\" \/><\/figure>\n<\/div>\n\n\n\n<div class=\"wp-block-column is-layout-flow wp-block-column-is-layout-flow\">\n<figure class=\"wp-block-image size-full\"><img decoding=\"async\" width=\"800\" height=\"800\" src=\"https:\/\/www.xhplasticlife.com\/wp-content\/uploads\/2025\/09\/Custom-Plastic-Tissue-Boxes-4.webp\" alt=\"Cajas de pa\u00f1uelos de pl\u00e1stico personalizadas (4)\" class=\"wp-image-1398\" srcset=\"https:\/\/www.xhplasticlife.com\/wp-content\/uploads\/2025\/09\/Custom-Plastic-Tissue-Boxes-4.webp 800w, https:\/\/www.xhplasticlife.com\/wp-content\/uploads\/2025\/09\/Custom-Plastic-Tissue-Boxes-4-300x300.webp 300w, https:\/\/www.xhplasticlife.com\/wp-content\/uploads\/2025\/09\/Custom-Plastic-Tissue-Boxes-4-150x150.webp 150w, https:\/\/www.xhplasticlife.com\/wp-content\/uploads\/2025\/09\/Custom-Plastic-Tissue-Boxes-4-768x768.webp 768w, https:\/\/www.xhplasticlife.com\/wp-content\/uploads\/2025\/09\/Custom-Plastic-Tissue-Boxes-4-12x12.webp 12w, https:\/\/www.xhplasticlife.com\/wp-content\/uploads\/2025\/09\/Custom-Plastic-Tissue-Boxes-4-600x600.webp 600w, https:\/\/www.xhplasticlife.com\/wp-content\/uploads\/2025\/09\/Custom-Plastic-Tissue-Boxes-4-100x100.webp 100w\" sizes=\"(max-width: 800px) 100vw, 800px\" \/><\/figure>\n<\/div>\n<\/div>\n\n\n\n<div class=\"wp-block-columns is-layout-flex wp-container-core-columns-is-layout-9d6595d7 wp-block-columns-is-layout-flex\">\n<div class=\"wp-block-column is-layout-flow wp-block-column-is-layout-flow\">\n<figure class=\"wp-block-image size-full\"><img decoding=\"async\" width=\"800\" height=\"800\" src=\"https:\/\/www.xhplasticlife.com\/wp-content\/uploads\/2025\/09\/Custom-Plastic-Tissue-Boxes-with-toothpick-and-cotton-swab-holder-3.webp\" alt=\"Cajas de pa\u00f1uelos de pl\u00e1stico personalizadas con soporte para palillos y bastoncillos (3)\" class=\"wp-image-1399\" srcset=\"https:\/\/www.xhplasticlife.com\/wp-content\/uploads\/2025\/09\/Custom-Plastic-Tissue-Boxes-with-toothpick-and-cotton-swab-holder-3.webp 800w, https:\/\/www.xhplasticlife.com\/wp-content\/uploads\/2025\/09\/Custom-Plastic-Tissue-Boxes-with-toothpick-and-cotton-swab-holder-3-300x300.webp 300w, https:\/\/www.xhplasticlife.com\/wp-content\/uploads\/2025\/09\/Custom-Plastic-Tissue-Boxes-with-toothpick-and-cotton-swab-holder-3-150x150.webp 150w, https:\/\/www.xhplasticlife.com\/wp-content\/uploads\/2025\/09\/Custom-Plastic-Tissue-Boxes-with-toothpick-and-cotton-swab-holder-3-768x768.webp 768w, https:\/\/www.xhplasticlife.com\/wp-content\/uploads\/2025\/09\/Custom-Plastic-Tissue-Boxes-with-toothpick-and-cotton-swab-holder-3-12x12.webp 12w, https:\/\/www.xhplasticlife.com\/wp-content\/uploads\/2025\/09\/Custom-Plastic-Tissue-Boxes-with-toothpick-and-cotton-swab-holder-3-600x600.webp 600w, https:\/\/www.xhplasticlife.com\/wp-content\/uploads\/2025\/09\/Custom-Plastic-Tissue-Boxes-with-toothpick-and-cotton-swab-holder-3-100x100.webp 100w\" sizes=\"(max-width: 800px) 100vw, 800px\" \/><\/figure>\n<\/div>\n\n\n\n<div class=\"wp-block-column is-layout-flow wp-block-column-is-layout-flow\">\n<figure class=\"wp-block-image size-full\"><img decoding=\"async\" width=\"800\" height=\"800\" src=\"https:\/\/www.xhplasticlife.com\/wp-content\/uploads\/2025\/09\/Custom-Plastic-Tissue-Boxes-with-toothpick-and-cotton-swab-holder-4.webp\" alt=\"Cajas de pa\u00f1uelos de pl\u00e1stico personalizadas con soporte para palillos y bastoncillos (4)\" class=\"wp-image-1400\" srcset=\"https:\/\/www.xhplasticlife.com\/wp-content\/uploads\/2025\/09\/Custom-Plastic-Tissue-Boxes-with-toothpick-and-cotton-swab-holder-4.webp 800w, https:\/\/www.xhplasticlife.com\/wp-content\/uploads\/2025\/09\/Custom-Plastic-Tissue-Boxes-with-toothpick-and-cotton-swab-holder-4-300x300.webp 300w, https:\/\/www.xhplasticlife.com\/wp-content\/uploads\/2025\/09\/Custom-Plastic-Tissue-Boxes-with-toothpick-and-cotton-swab-holder-4-150x150.webp 150w, https:\/\/www.xhplasticlife.com\/wp-content\/uploads\/2025\/09\/Custom-Plastic-Tissue-Boxes-with-toothpick-and-cotton-swab-holder-4-768x768.webp 768w, https:\/\/www.xhplasticlife.com\/wp-content\/uploads\/2025\/09\/Custom-Plastic-Tissue-Boxes-with-toothpick-and-cotton-swab-holder-4-12x12.webp 12w, https:\/\/www.xhplasticlife.com\/wp-content\/uploads\/2025\/09\/Custom-Plastic-Tissue-Boxes-with-toothpick-and-cotton-swab-holder-4-600x600.webp 600w, https:\/\/www.xhplasticlife.com\/wp-content\/uploads\/2025\/09\/Custom-Plastic-Tissue-Boxes-with-toothpick-and-cotton-swab-holder-4-100x100.webp 100w\" sizes=\"(max-width: 800px) 100vw, 800px\" \/><\/figure>\n<\/div>\n<\/div>","protected":false},"excerpt":{"rendered":"<p>Obtenga Cajas de pa\u00f1uelos personalizadas a precio de f\u00e1brica con soporte OEM\/ODM. Hechas de PP+PS duradero con una amplia apertura, soporte de resorte y dise\u00f1o de almacenamiento. Muestras gratuitas limitadas ofrecidas para el hogar, el hotel, y el uso del cuarto de ba\u00f1o.<\/p>\n<h2>Cajas de pa\u00f1uelos de pl\u00e1stico de lujo Par\u00e1metros<\/h2>\n<ul>\n<li><strong>Marca<\/strong>: Xinghui<\/li>\n<li><strong>Material<\/strong>pl\u00e1stico(PP)+PS<\/li>\n<li><strong>Color<\/strong>: blanco, crema<\/li>\n<li><strong>Tama\u00f1o del producto: <\/strong>24*16,5*10,8cm<\/li>\n<li><strong>Tama\u00f1o de la caja<\/strong>: 79*56*49.5cm<\/li>\n<li><strong>OEM\/ODM<\/strong>: Disponible<\/li>\n<li><strong>Opci\u00f3n personalizada<\/strong>: Color\/Tama\u00f1o\/Logotipo\/Embalaje<\/li>\n<\/ul>\n<h2>De Daily Plasticware Fabricante :<\/h2>\n<p>Fundada en 2000,\u00a0<a href=\"https:\/\/www.xhplasticlife.com\/es\/\"><strong>Xinghui<\/strong><\/a>\u00a0se especializa en la producci\u00f3n y venta al por mayor de fiambreras, recipientes para almacenar alimentos, art\u00edculos para bebidas, recipientes para almacenamiento dom\u00e9stico y otros productos de pl\u00e1stico de uso diario. Ofrecemos servicios integrales de OEM, ODM y comercio electr\u00f3nico a nuestros clientes.<\/p>","protected":false},"featured_media":1403,"comment_status":"closed","ping_status":"closed","template":"","meta":{"_acf_changed":false},"product_brand":[],"product_cat":[21],"product_tag":[],"class_list":{"0":"post-1396","1":"product","2":"type-product","3":"status-publish","4":"has-post-thumbnail","6":"product_cat-home-storage-containers-wholesaler","8":"first","9":"instock","10":"shipping-taxable","11":"product-type-simple"},"acf":[],"_links":{"self":[{"href":"https:\/\/www.xhplasticlife.com\/es\/wp-json\/wp\/v2\/product\/1396","targetHints":{"allow":["GET"]}}],"collection":[{"href":"https:\/\/www.xhplasticlife.com\/es\/wp-json\/wp\/v2\/product"}],"about":[{"href":"https:\/\/www.xhplasticlife.com\/es\/wp-json\/wp\/v2\/types\/product"}],"replies":[{"embeddable":true,"href":"https:\/\/www.xhplasticlife.com\/es\/wp-json\/wp\/v2\/comments?post=1396"}],"wp:featuredmedia":[{"embeddable":true,"href":"https:\/\/www.xhplasticlife.com\/es\/wp-json\/wp\/v2\/media\/1403"}],"wp:attachment":[{"href":"https:\/\/www.xhplasticlife.com\/es\/wp-json\/wp\/v2\/media?parent=1396"}],"wp:term":[{"taxonomy":"product_brand","embeddable":true,"href":"https:\/\/www.xhplasticlife.com\/es\/wp-json\/wp\/v2\/product_brand?post=1396"},{"taxonomy":"product_cat","embeddable":true,"href":"https:\/\/www.xhplasticlife.com\/es\/wp-json\/wp\/v2\/product_cat?post=1396"},{"taxonomy":"product_tag","embeddable":true,"href":"https:\/\/www.xhplasticlife.com\/es\/wp-json\/wp\/v2\/product_tag?post=1396"}],"curies":[{"name":"wp","href":"https:\/\/api.w.org\/{rel}","templated":true}]}}