{"id":1378,"date":"2025-09-23T03:40:56","date_gmt":"2025-09-23T03:40:56","guid":{"rendered":"https:\/\/www.xhplasticlife.com\/?post_type=product&#038;p=1378"},"modified":"2026-04-02T10:02:49","modified_gmt":"2026-04-02T10:02:49","slug":"custom-insulated-lunch-box","status":"publish","type":"product","link":"https:\/\/www.xhplasticlife.com\/es\/producto\/custom-insulated-lunch-box\/","title":{"rendered":"Fiambrera Aislante Personalizada, Fiambrera Bento de Acero Inoxidable al por Mayor para Ni\u00f1os"},"content":{"rendered":"<div class=\"wp-block-columns is-layout-flex wp-container-core-columns-is-layout-9d6595d7 wp-block-columns-is-layout-flex\">\n<div class=\"wp-block-column is-layout-flow wp-block-column-is-layout-flow\">\n<h2 class=\"wp-block-heading\">Fiambrera aislante personalizada Caracter\u00edsticas:<\/h2>\n\n\n\n<ul class=\"wp-block-list\">\n<li><strong>Material alimentario de primera calidad<\/strong>: Fabricada en acero inoxidable 304, esta fiambrera es fuerte, resistente a la oxidaci\u00f3n y segura para el uso diario de los ni\u00f1os. Mantiene la frescura de los alimentos y la higiene.<\/li>\n\n\n\n<li><strong>Capacidad de 850 ml con 2 compartimentos: <\/strong>La caja bento est\u00e1 dise\u00f1ada con rejillas dobles para separar los platos, por lo que es ideal para almuerzos escolares, dietas equilibradas y control de las raciones.<\/li>\n\n\n\n<li><strong>Dise\u00f1o a prueba de fugas con junta de silicona<\/strong>: Equipada con un anillo de sellado de silicona preinstalado y 4 cierres a presi\u00f3n, la caja evita las fugas y mantiene los alimentos seguros durante el transporte.<\/li>\n\n\n\n<li><strong>Cubertero incorporado:<\/strong> La tapa incluye una caja espec\u00edfica para cubiertos, que permite a los ni\u00f1os guardar cucharas, tenedores o palillos sin necesidad de embalaje adicional.<\/li>\n\n\n\n<li><strong>Bolsa de transporte aislante incluida: <\/strong>Viene con una bolsa t\u00e9rmica incluida para calentar la comida, lo que la convierte en una fiambrera aislante personalizada ideal para el colegio, los viajes o las excursiones.<\/li>\n\n\n\n<li><strong>Vers\u00e1til plato sopero con tapa:<\/strong> Dispone de sopera de acero inoxidable 304 con tapa herm\u00e9tica, que permite transportar l\u00edquidos como sopa o salsa sin que se derramen.<\/li>\n\n\n\n<li><strong>Opciones personalizadas y al por mayor: <\/strong>Con opci\u00f3n de personalizaci\u00f3n OEM\/ODM, esta fiambrera bento de acero inoxidable permite personalizar la marca, el tama\u00f1o y la disponibilidad al por mayor para compradores extranjeros.<\/li>\n<\/ul>\n<\/div>\n\n\n\n<div class=\"wp-block-column is-layout-flow wp-block-column-is-layout-flow\">\n<figure class=\"wp-block-image size-full\"><img decoding=\"async\" width=\"800\" height=\"800\" src=\"https:\/\/www.xhplasticlife.com\/wp-content\/uploads\/2025\/09\/Custom-Insulated-Lunch-Box-Manufacturer.webp\" alt=\"Fabricante de fiambreras isot\u00e9rmicas personalizadas\" class=\"wp-image-1379\" srcset=\"https:\/\/www.xhplasticlife.com\/wp-content\/uploads\/2025\/09\/Custom-Insulated-Lunch-Box-Manufacturer.webp 800w, https:\/\/www.xhplasticlife.com\/wp-content\/uploads\/2025\/09\/Custom-Insulated-Lunch-Box-Manufacturer-300x300.webp 300w, https:\/\/www.xhplasticlife.com\/wp-content\/uploads\/2025\/09\/Custom-Insulated-Lunch-Box-Manufacturer-150x150.webp 150w, https:\/\/www.xhplasticlife.com\/wp-content\/uploads\/2025\/09\/Custom-Insulated-Lunch-Box-Manufacturer-768x768.webp 768w, https:\/\/www.xhplasticlife.com\/wp-content\/uploads\/2025\/09\/Custom-Insulated-Lunch-Box-Manufacturer-12x12.webp 12w, https:\/\/www.xhplasticlife.com\/wp-content\/uploads\/2025\/09\/Custom-Insulated-Lunch-Box-Manufacturer-600x600.webp 600w, https:\/\/www.xhplasticlife.com\/wp-content\/uploads\/2025\/09\/Custom-Insulated-Lunch-Box-Manufacturer-100x100.webp 100w\" sizes=\"(max-width: 800px) 100vw, 800px\" \/><\/figure>\n<\/div>\n<\/div>\n\n\n\n<div class=\"wp-block-columns is-layout-flex wp-container-core-columns-is-layout-9d6595d7 wp-block-columns-is-layout-flex\">\n<div class=\"wp-block-column is-layout-flow wp-block-column-is-layout-flow\">\n<h3 class=\"wp-block-heading\">Mayorista Fiambrera isot\u00e9rmica Tama\u00f1o:<\/h3>\n\n\n\n<figure class=\"wp-block-image size-full\"><img decoding=\"async\" width=\"790\" height=\"790\" src=\"https:\/\/www.xhplasticlife.com\/wp-content\/uploads\/2025\/09\/Custom-Insulated-Lunch-Box-Supplier-xinghui-2.webp\" alt=\"Proveedor de fiambreras isot\u00e9rmicas personalizadas - xinghui (2)\" class=\"wp-image-1381\" srcset=\"https:\/\/www.xhplasticlife.com\/wp-content\/uploads\/2025\/09\/Custom-Insulated-Lunch-Box-Supplier-xinghui-2.webp 790w, https:\/\/www.xhplasticlife.com\/wp-content\/uploads\/2025\/09\/Custom-Insulated-Lunch-Box-Supplier-xinghui-2-300x300.webp 300w, https:\/\/www.xhplasticlife.com\/wp-content\/uploads\/2025\/09\/Custom-Insulated-Lunch-Box-Supplier-xinghui-2-150x150.webp 150w, https:\/\/www.xhplasticlife.com\/wp-content\/uploads\/2025\/09\/Custom-Insulated-Lunch-Box-Supplier-xinghui-2-768x768.webp 768w, https:\/\/www.xhplasticlife.com\/wp-content\/uploads\/2025\/09\/Custom-Insulated-Lunch-Box-Supplier-xinghui-2-12x12.webp 12w, https:\/\/www.xhplasticlife.com\/wp-content\/uploads\/2025\/09\/Custom-Insulated-Lunch-Box-Supplier-xinghui-2-600x600.webp 600w, https:\/\/www.xhplasticlife.com\/wp-content\/uploads\/2025\/09\/Custom-Insulated-Lunch-Box-Supplier-xinghui-2-100x100.webp 100w\" sizes=\"(max-width: 790px) 100vw, 790px\" \/><\/figure>\n<\/div>\n\n\n\n<div class=\"wp-block-column is-layout-flow wp-block-column-is-layout-flow\">\n<figure class=\"wp-block-image size-full\"><img decoding=\"async\" width=\"800\" height=\"800\" src=\"https:\/\/www.xhplasticlife.com\/wp-content\/uploads\/2025\/09\/Custom-Insulated-Lunch-Box-Supplier-xinghui-7.webp\" alt=\"Proveedor de fiambreras isot\u00e9rmicas personalizadas - xinghui (7)\" class=\"wp-image-1386\" srcset=\"https:\/\/www.xhplasticlife.com\/wp-content\/uploads\/2025\/09\/Custom-Insulated-Lunch-Box-Supplier-xinghui-7.webp 800w, https:\/\/www.xhplasticlife.com\/wp-content\/uploads\/2025\/09\/Custom-Insulated-Lunch-Box-Supplier-xinghui-7-300x300.webp 300w, https:\/\/www.xhplasticlife.com\/wp-content\/uploads\/2025\/09\/Custom-Insulated-Lunch-Box-Supplier-xinghui-7-150x150.webp 150w, https:\/\/www.xhplasticlife.com\/wp-content\/uploads\/2025\/09\/Custom-Insulated-Lunch-Box-Supplier-xinghui-7-768x768.webp 768w, https:\/\/www.xhplasticlife.com\/wp-content\/uploads\/2025\/09\/Custom-Insulated-Lunch-Box-Supplier-xinghui-7-12x12.webp 12w, https:\/\/www.xhplasticlife.com\/wp-content\/uploads\/2025\/09\/Custom-Insulated-Lunch-Box-Supplier-xinghui-7-600x600.webp 600w, https:\/\/www.xhplasticlife.com\/wp-content\/uploads\/2025\/09\/Custom-Insulated-Lunch-Box-Supplier-xinghui-7-100x100.webp 100w\" sizes=\"(max-width: 800px) 100vw, 800px\" \/><\/figure>\n<\/div>\n<\/div>\n\n\n\n<figure class=\"wp-block-table\"><table class=\"has-fixed-layout\"><tbody><tr><td>Modelo<\/td><td>Talla<\/td><td>Capacidad<\/td><td>Peso bruto<\/td><td>Tama\u00f1o de la caja<\/td><td>Embalaje<\/td><\/tr><tr><td>6639-1<\/td><td>23*16,5*7,5 cm<\/td><td>850ML<\/td><td>25 kg<\/td><td>65*48*53 cm<\/td><td>48 uds\/ctn<\/td><\/tr><tr><td>6639-2<\/td><td>28*20*7,5 cm<\/td><td>1550ML<\/td><td>27,5 kg<\/td><td>73*57*43 cm<\/td><td>36 uds\/ctn<\/td><\/tr><\/tbody><\/table><\/figure>\n\n\n\n<div class=\"wp-block-columns is-layout-flex wp-container-core-columns-is-layout-9d6595d7 wp-block-columns-is-layout-flex\">\n<div class=\"wp-block-column is-layout-flow wp-block-column-is-layout-flow\">\n<figure class=\"wp-block-image size-full\"><img decoding=\"async\" width=\"712\" height=\"712\" src=\"https:\/\/www.xhplasticlife.com\/wp-content\/uploads\/2025\/09\/Custom-Insulated-Lunch-Box-Supplier-xinghui-1.webp\" alt=\"Proveedor de fiambreras isot\u00e9rmicas personalizadas - xinghui (1)\" class=\"wp-image-1380\" srcset=\"https:\/\/www.xhplasticlife.com\/wp-content\/uploads\/2025\/09\/Custom-Insulated-Lunch-Box-Supplier-xinghui-1.webp 712w, https:\/\/www.xhplasticlife.com\/wp-content\/uploads\/2025\/09\/Custom-Insulated-Lunch-Box-Supplier-xinghui-1-300x300.webp 300w, https:\/\/www.xhplasticlife.com\/wp-content\/uploads\/2025\/09\/Custom-Insulated-Lunch-Box-Supplier-xinghui-1-150x150.webp 150w, https:\/\/www.xhplasticlife.com\/wp-content\/uploads\/2025\/09\/Custom-Insulated-Lunch-Box-Supplier-xinghui-1-12x12.webp 12w, https:\/\/www.xhplasticlife.com\/wp-content\/uploads\/2025\/09\/Custom-Insulated-Lunch-Box-Supplier-xinghui-1-600x600.webp 600w, https:\/\/www.xhplasticlife.com\/wp-content\/uploads\/2025\/09\/Custom-Insulated-Lunch-Box-Supplier-xinghui-1-100x100.webp 100w\" sizes=\"(max-width: 712px) 100vw, 712px\" \/><\/figure>\n<\/div>\n\n\n\n<div class=\"wp-block-column is-layout-flow wp-block-column-is-layout-flow\">\n<figure class=\"wp-block-image size-full\"><img decoding=\"async\" width=\"708\" height=\"708\" src=\"https:\/\/www.xhplasticlife.com\/wp-content\/uploads\/2025\/09\/Custom-Insulated-Lunch-Box-Supplier-xinghui-3.webp\" alt=\"Proveedor de fiambreras isot\u00e9rmicas personalizadas - xinghui (3)\" class=\"wp-image-1382\" srcset=\"https:\/\/www.xhplasticlife.com\/wp-content\/uploads\/2025\/09\/Custom-Insulated-Lunch-Box-Supplier-xinghui-3.webp 708w, https:\/\/www.xhplasticlife.com\/wp-content\/uploads\/2025\/09\/Custom-Insulated-Lunch-Box-Supplier-xinghui-3-300x300.webp 300w, https:\/\/www.xhplasticlife.com\/wp-content\/uploads\/2025\/09\/Custom-Insulated-Lunch-Box-Supplier-xinghui-3-150x150.webp 150w, https:\/\/www.xhplasticlife.com\/wp-content\/uploads\/2025\/09\/Custom-Insulated-Lunch-Box-Supplier-xinghui-3-12x12.webp 12w, https:\/\/www.xhplasticlife.com\/wp-content\/uploads\/2025\/09\/Custom-Insulated-Lunch-Box-Supplier-xinghui-3-600x600.webp 600w, https:\/\/www.xhplasticlife.com\/wp-content\/uploads\/2025\/09\/Custom-Insulated-Lunch-Box-Supplier-xinghui-3-100x100.webp 100w\" sizes=\"(max-width: 708px) 100vw, 708px\" \/><\/figure>\n<\/div>\n<\/div>\n\n\n\n<p><\/p>","protected":false},"excerpt":{"rendered":"<p>Mayorista de fiambreras isot\u00e9rmicas personalizadas que ofrece fiambreras bento de acero inoxidable 304 con dise\u00f1o de 2 rejillas, cierre herm\u00e9tico, sopera con tapa, bolsa isot\u00e9rmica y caja de cubiertos integrada. Personalizaci\u00f3n OEM y ODM disponible para compradores de todo el mundo.<\/p>\n<h2>Fiambrera isot\u00e9rmica personalizada Par\u00e1metros:<\/h2>\n<ul>\n<li><strong>Modelo<\/strong>: 6639<\/li>\n<li><strong>Marca<\/strong>: Xinghui<\/li>\n<li><strong>Material<\/strong>: PP+silicona+acero inoxidable 304<\/li>\n<li><strong>Color<\/strong>: blanco+azul<\/li>\n<li><strong>Embalaje<\/strong>: Cart\u00f3n de color<\/li>\n<li><strong>OEM\/ODM<\/strong>: Disponible<\/li>\n<li><strong>MOQ: <\/strong>2000 Piezas<\/li>\n<li><strong>Opci\u00f3n personalizada<\/strong>: Color\/Tama\u00f1o\/Logotipo\/Embalaje<\/li>\n<\/ul>\n<h2>De Daily Plasticware Fabricante :<\/h2>\n<p>Fundada en 2000,\u00a0<a href=\"https:\/\/www.xhplasticlife.com\/es\/\"><strong>Xinghui<\/strong><\/a>\u00a0se especializa en la producci\u00f3n y venta al por mayor de fiambreras, recipientes para almacenar alimentos, art\u00edculos para bebidas, recipientes para almacenamiento dom\u00e9stico y otros productos de pl\u00e1stico de uso diario. Ofrecemos servicios integrales de OEM, ODM y comercio electr\u00f3nico a nuestros clientes.<\/p>","protected":false},"featured_media":1384,"comment_status":"closed","ping_status":"closed","template":"","meta":{"_acf_changed":false},"product_brand":[],"product_cat":[17,35],"product_tag":[],"class_list":{"0":"post-1378","1":"product","2":"type-product","3":"status-publish","4":"has-post-thumbnail","6":"product_cat-wholesale-lunch-boxes","7":"product_cat-stainless-steel-lunch-box-manufacturer","9":"first","10":"instock","11":"shipping-taxable","12":"product-type-simple"},"acf":[],"_links":{"self":[{"href":"https:\/\/www.xhplasticlife.com\/es\/wp-json\/wp\/v2\/product\/1378","targetHints":{"allow":["GET"]}}],"collection":[{"href":"https:\/\/www.xhplasticlife.com\/es\/wp-json\/wp\/v2\/product"}],"about":[{"href":"https:\/\/www.xhplasticlife.com\/es\/wp-json\/wp\/v2\/types\/product"}],"replies":[{"embeddable":true,"href":"https:\/\/www.xhplasticlife.com\/es\/wp-json\/wp\/v2\/comments?post=1378"}],"wp:featuredmedia":[{"embeddable":true,"href":"https:\/\/www.xhplasticlife.com\/es\/wp-json\/wp\/v2\/media\/1384"}],"wp:attachment":[{"href":"https:\/\/www.xhplasticlife.com\/es\/wp-json\/wp\/v2\/media?parent=1378"}],"wp:term":[{"taxonomy":"product_brand","embeddable":true,"href":"https:\/\/www.xhplasticlife.com\/es\/wp-json\/wp\/v2\/product_brand?post=1378"},{"taxonomy":"product_cat","embeddable":true,"href":"https:\/\/www.xhplasticlife.com\/es\/wp-json\/wp\/v2\/product_cat?post=1378"},{"taxonomy":"product_tag","embeddable":true,"href":"https:\/\/www.xhplasticlife.com\/es\/wp-json\/wp\/v2\/product_tag?post=1378"}],"curies":[{"name":"wp","href":"https:\/\/api.w.org\/{rel}","templated":true}]}}