{"id":1343,"date":"2025-09-11T16:45:56","date_gmt":"2025-09-11T16:45:56","guid":{"rendered":"https:\/\/www.xhplasticlife.com\/?post_type=product&#038;p=1343"},"modified":"2025-09-11T16:49:28","modified_gmt":"2025-09-11T16:49:28","slug":"wholesale-plastic-drip-trays","status":"publish","type":"product","link":"https:\/\/www.xhplasticlife.com\/es\/producto\/wholesale-plastic-drip-trays\/","title":{"rendered":"Venta al por mayor bandejas de goteo de pl\u00e1stico Suministro de f\u00e1brica rect\u00e1ngulo profundizar bandeja de drenaje de cocina para la taza"},"content":{"rendered":"<div class=\"wp-block-columns is-layout-flex wp-container-core-columns-is-layout-9d6595d7 wp-block-columns-is-layout-flex\">\n<div class=\"wp-block-column is-layout-flow wp-block-column-is-layout-flow\">\n<h2 class=\"wp-block-heading\">Bandejas de goteo de pl\u00e1stico al por mayor Caracter\u00edsticas:<\/h2>\n\n\n\n<ul class=\"wp-block-list\">\n<li><strong>Material pl\u00e1stico de alta durabilidad<\/strong>: Fabricadas en pl\u00e1stico PP duro y ligero, las bandejas son resistentes para un uso prolongado. La superficie lisa, resistente a la humedad y resistente al desgaste para la limpieza sin esfuerzo y la aplicaci\u00f3n regular en la cocina.<\/li>\n\n\n\n<li><strong>Forma de bandeja rectangular profunda:<\/strong> La forma de bandeja rectangular profunda proporciona un mayor espacio de almacenamiento, capaz de contener m\u00e1s platos, tazas y cubiertos, para disponer de mucho espacio de almacenamiento.<\/li>\n\n\n\n<li><strong>Drenaje eficaz<\/strong>: Las bandejas de goteo de pl\u00e1stico dise\u00f1adas a medida tienen una rejilla de drenaje que permite que el agua se escurra inmediatamente, haciendo que las encimeras est\u00e9n secas y sin charcos de agua.<\/li>\n\n\n\n<li><strong>Llanta mejorada<\/strong>: El borde elevado impide que el agua rebose y evita las marcas de agua en las encimeras.<\/li>\n\n\n\n<li><strong>Polivalente:<\/strong> Dado que las bandejas recogegotas de pl\u00e1stico al por mayor pueden contener diversos productos de cocina como vajillas, juegos de t\u00e9, frutas y verduras, son una soluci\u00f3n ideal tanto para cocinas industriales como dom\u00e9sticas.<\/li>\n\n\n\n<li><strong>Directo de f\u00e1brica<\/strong>: Somos un fabricante profesional de bandejas de goteo de pl\u00e1stico y ofrecemos bandejas de goteo de pl\u00e1stico al por mayor para satisfacer las demandas al por mayor, permitir la personalizaci\u00f3n, y ofrecen diversos tama\u00f1os y colores.<\/li>\n\n\n\n<li><strong>Duradera: <\/strong>Las bandejas son resistentes a los golpes y lo bastante robustas para soportar el uso frecuente en el d\u00eda a d\u00eda, aptas para entornos de cocina ajetreados.<\/li>\n<\/ul>\n<\/div>\n\n\n\n<div class=\"wp-block-column is-layout-flow wp-block-column-is-layout-flow\">\n<figure class=\"wp-block-image size-full\"><img decoding=\"async\" width=\"750\" height=\"760\" src=\"https:\/\/www.xhplasticlife.com\/wp-content\/uploads\/2025\/09\/Wholesale-Plastic-Drip-Trays-Factory-4.webp\" alt=\"F\u00e1brica de bandejas de goteo de pl\u00e1stico al por mayor (4)\" class=\"wp-image-1350\" srcset=\"https:\/\/www.xhplasticlife.com\/wp-content\/uploads\/2025\/09\/Wholesale-Plastic-Drip-Trays-Factory-4.webp 750w, https:\/\/www.xhplasticlife.com\/wp-content\/uploads\/2025\/09\/Wholesale-Plastic-Drip-Trays-Factory-4-296x300.webp 296w, https:\/\/www.xhplasticlife.com\/wp-content\/uploads\/2025\/09\/Wholesale-Plastic-Drip-Trays-Factory-4-12x12.webp 12w, https:\/\/www.xhplasticlife.com\/wp-content\/uploads\/2025\/09\/Wholesale-Plastic-Drip-Trays-Factory-4-600x608.webp 600w, https:\/\/www.xhplasticlife.com\/wp-content\/uploads\/2025\/09\/Wholesale-Plastic-Drip-Trays-Factory-4-100x100.webp 100w\" sizes=\"(max-width: 750px) 100vw, 750px\" \/><\/figure>\n<\/div>\n<\/div>\n\n\n\n<div class=\"wp-block-columns is-layout-flex wp-container-core-columns-is-layout-9d6595d7 wp-block-columns-is-layout-flex\">\n<div class=\"wp-block-column is-layout-flow wp-block-column-is-layout-flow\">\n<figure class=\"wp-block-image size-full\"><img decoding=\"async\" width=\"800\" height=\"800\" src=\"https:\/\/www.xhplasticlife.com\/wp-content\/uploads\/2025\/09\/Wholesale-Plastic-Drip-Trays-Manufacturer-1.webp\" alt=\"Mayorista Bandejas de pl\u00e1stico para goteo Fabricante (1)\" class=\"wp-image-1344\" srcset=\"https:\/\/www.xhplasticlife.com\/wp-content\/uploads\/2025\/09\/Wholesale-Plastic-Drip-Trays-Manufacturer-1.webp 800w, https:\/\/www.xhplasticlife.com\/wp-content\/uploads\/2025\/09\/Wholesale-Plastic-Drip-Trays-Manufacturer-1-300x300.webp 300w, https:\/\/www.xhplasticlife.com\/wp-content\/uploads\/2025\/09\/Wholesale-Plastic-Drip-Trays-Manufacturer-1-150x150.webp 150w, https:\/\/www.xhplasticlife.com\/wp-content\/uploads\/2025\/09\/Wholesale-Plastic-Drip-Trays-Manufacturer-1-768x768.webp 768w, https:\/\/www.xhplasticlife.com\/wp-content\/uploads\/2025\/09\/Wholesale-Plastic-Drip-Trays-Manufacturer-1-12x12.webp 12w, https:\/\/www.xhplasticlife.com\/wp-content\/uploads\/2025\/09\/Wholesale-Plastic-Drip-Trays-Manufacturer-1-600x600.webp 600w, https:\/\/www.xhplasticlife.com\/wp-content\/uploads\/2025\/09\/Wholesale-Plastic-Drip-Trays-Manufacturer-1-100x100.webp 100w\" sizes=\"(max-width: 800px) 100vw, 800px\" \/><\/figure>\n<\/div>\n\n\n\n<div class=\"wp-block-column is-layout-flow wp-block-column-is-layout-flow\">\n<figure class=\"wp-block-image size-full\"><img decoding=\"async\" width=\"800\" height=\"800\" src=\"https:\/\/www.xhplasticlife.com\/wp-content\/uploads\/2025\/09\/Wholesale-Plastic-Drip-Trays-Factory-1.webp\" alt=\"F\u00e1brica de bandejas de goteo de pl\u00e1stico al por mayor (1)\" class=\"wp-image-1347\" srcset=\"https:\/\/www.xhplasticlife.com\/wp-content\/uploads\/2025\/09\/Wholesale-Plastic-Drip-Trays-Factory-1.webp 800w, https:\/\/www.xhplasticlife.com\/wp-content\/uploads\/2025\/09\/Wholesale-Plastic-Drip-Trays-Factory-1-300x300.webp 300w, https:\/\/www.xhplasticlife.com\/wp-content\/uploads\/2025\/09\/Wholesale-Plastic-Drip-Trays-Factory-1-150x150.webp 150w, https:\/\/www.xhplasticlife.com\/wp-content\/uploads\/2025\/09\/Wholesale-Plastic-Drip-Trays-Factory-1-768x768.webp 768w, https:\/\/www.xhplasticlife.com\/wp-content\/uploads\/2025\/09\/Wholesale-Plastic-Drip-Trays-Factory-1-12x12.webp 12w, https:\/\/www.xhplasticlife.com\/wp-content\/uploads\/2025\/09\/Wholesale-Plastic-Drip-Trays-Factory-1-600x600.webp 600w, https:\/\/www.xhplasticlife.com\/wp-content\/uploads\/2025\/09\/Wholesale-Plastic-Drip-Trays-Factory-1-100x100.webp 100w\" sizes=\"(max-width: 800px) 100vw, 800px\" \/><\/figure>\n<\/div>\n<\/div>\n\n\n\n<p><\/p>","protected":false},"excerpt":{"rendered":"<p>\u00a1Bienvenido a nuestra f\u00e1brica de bandejas de goteo de pl\u00e1stico! Ofrecemos bandejas de goteo de pl\u00e1stico al por mayor con precios competitivos, MOQ bajo, y muestras gratis. Ideales para su uso en la cocina, desde organizar platos hasta escurrir tazas. OEM \/ ODM servicios disponibles para satisfacer sus necesidades espec\u00edficas.<\/p>\n<h2>Venta al por mayor de bandejas de goteo de pl\u00e1stico Par\u00e1metros<\/h2>\n<ul>\n<li><strong>Modelo<\/strong>: SH3167<\/li>\n<li><strong>Marca<\/strong>: Xinghui<\/li>\n<li><strong>Material<\/strong>Pl\u00e1stico (PP)<\/li>\n<li><strong>Color<\/strong>: blanco\/blanco crema<\/li>\n<li><strong>Tama\u00f1o del producto:<\/strong>33*16*4cm<\/li>\n<li><strong>Peso bruto:\u00a0<\/strong>17KG<\/li>\n<li><strong>Tama\u00f1o de la caja<\/strong>: 66.5*50.5*44cm<\/li>\n<li><strong>Embalaje<\/strong>: Embalaje OPP<\/li>\n<li><strong>OEM\/ODM<\/strong>: Disponible<\/li>\n<li><strong>Opci\u00f3n personalizada<\/strong>: Color\/Tama\u00f1o\/Logotipo\/Embalaje<\/li>\n<\/ul>\n<h2>De Daily Plasticware Fabricante :<\/h2>\n<p>Fundada en 2000,\u00a0<a href=\"https:\/\/www.xhplasticlife.com\/es\/\"><strong>Xinghui<\/strong><\/a>\u00a0se especializa en la producci\u00f3n y venta al por mayor de fiambreras, recipientes para almacenar alimentos, art\u00edculos para bebidas, recipientes para almacenamiento dom\u00e9stico y otros productos de pl\u00e1stico de uso diario. Ofrecemos servicios integrales de OEM, ODM y comercio electr\u00f3nico a nuestros clientes.<\/p>","protected":false},"featured_media":1351,"comment_status":"closed","ping_status":"closed","template":"","meta":{"_acf_changed":false},"product_brand":[],"product_cat":[19],"product_tag":[],"class_list":{"0":"post-1343","1":"product","2":"type-product","3":"status-publish","4":"has-post-thumbnail","6":"product_cat-kitchen-storage-containers-wholesale","8":"first","9":"instock","10":"shipping-taxable","11":"product-type-simple"},"acf":[],"_links":{"self":[{"href":"https:\/\/www.xhplasticlife.com\/es\/wp-json\/wp\/v2\/product\/1343","targetHints":{"allow":["GET"]}}],"collection":[{"href":"https:\/\/www.xhplasticlife.com\/es\/wp-json\/wp\/v2\/product"}],"about":[{"href":"https:\/\/www.xhplasticlife.com\/es\/wp-json\/wp\/v2\/types\/product"}],"replies":[{"embeddable":true,"href":"https:\/\/www.xhplasticlife.com\/es\/wp-json\/wp\/v2\/comments?post=1343"}],"wp:featuredmedia":[{"embeddable":true,"href":"https:\/\/www.xhplasticlife.com\/es\/wp-json\/wp\/v2\/media\/1351"}],"wp:attachment":[{"href":"https:\/\/www.xhplasticlife.com\/es\/wp-json\/wp\/v2\/media?parent=1343"}],"wp:term":[{"taxonomy":"product_brand","embeddable":true,"href":"https:\/\/www.xhplasticlife.com\/es\/wp-json\/wp\/v2\/product_brand?post=1343"},{"taxonomy":"product_cat","embeddable":true,"href":"https:\/\/www.xhplasticlife.com\/es\/wp-json\/wp\/v2\/product_cat?post=1343"},{"taxonomy":"product_tag","embeddable":true,"href":"https:\/\/www.xhplasticlife.com\/es\/wp-json\/wp\/v2\/product_tag?post=1343"}],"curies":[{"name":"wp","href":"https:\/\/api.w.org\/{rel}","templated":true}]}}