{"id":1334,"date":"2025-09-11T10:59:54","date_gmt":"2025-09-11T10:59:54","guid":{"rendered":"https:\/\/www.xhplasticlife.com\/?post_type=product&#038;p=1334"},"modified":"2025-09-11T10:59:57","modified_gmt":"2025-09-11T10:59:57","slug":"custom-plastic-drip-tray-supplier","status":"publish","type":"product","link":"https:\/\/www.xhplasticlife.com\/es\/producto\/custom-plastic-drip-tray-supplier\/","title":{"rendered":"Bandeja de goteo de pl\u00e1stico de encargo para el plato del cuenco de la taza, rect\u00e1ngulo profundizar servir bandeja proveedor"},"content":{"rendered":"<div class=\"wp-block-columns is-layout-flex wp-container-core-columns-is-layout-9d6595d7 wp-block-columns-is-layout-flex\">\n<div class=\"wp-block-column is-layout-flow wp-block-column-is-layout-flow\">\n<h2 class=\"wp-block-heading\">Bandeja de goteo de pl\u00e1stico personalizada Caracter\u00edsticas:<\/h2>\n\n\n\n<ul class=\"wp-block-list\">\n<li><strong>Dise\u00f1o acertado del drenaje<\/strong>: Esta bandeja de goteo de pl\u00e1stico gigante cuenta con un dise\u00f1o de malla de drenaje hueco para escurrir r\u00e1pidamente, dejando platos, tazas y similares, secos.<\/li>\n\n\n\n<li><strong>Material duradero:<\/strong> Fabricada en pl\u00e1stico PP de alta calidad, con bordes lisos y sin rebabas y un dise\u00f1o elegante, la bandeja puede soportar un uso prolongado.<\/li>\n\n\n\n<li><strong>Dise\u00f1o de la llanta Rise:<\/strong> El borde elevado est\u00e1 dise\u00f1ado espec\u00edficamente para mantener a raya los derrames, haciendo que su mesa permanezca limpia y ordenada.<\/li>\n\n\n\n<li><strong>Almacenamiento multifuncional<\/strong>: Esta bandeja recogegotas de pl\u00e1stico al por mayor es la m\u00e1s adecuada para uso dom\u00e9stico y puede utilizarse para guardar platos, cuencos, tazas, frutas, verduras, juegos de t\u00e9 y mucho m\u00e1s, organizando su cocina o comedor.<\/li>\n\n\n\n<li><strong>Dise\u00f1o de bandeja de drenaje de doble capa<\/strong>: La bandeja de drenaje elevada de doble capa incluye una capa inferior que atrapa el agua, evitando la acumulaci\u00f3n de l\u00edquidos y las manchas de agua.<\/li>\n\n\n\n<li><strong>Personalizaci\u00f3n:<\/strong> Ofrecemos productos de bandeja de goteo de pl\u00e1stico personalizados para propietarios de viviendas, con servicios de personalizaci\u00f3n OEM\/ODM para satisfacer sus necesidades particulares.<\/li>\n\n\n\n<li><strong>F\u00e1cil de limpiar:<\/strong> La superficie es f\u00e1cil de lavar y mantener limpia y se puede limpiar con agua caliente.<\/li>\n<\/ul>\n<\/div>\n\n\n\n<div class=\"wp-block-column is-layout-flow wp-block-column-is-layout-flow\">\n<figure class=\"wp-block-image size-full\"><img decoding=\"async\" width=\"800\" height=\"800\" src=\"https:\/\/www.xhplasticlife.com\/wp-content\/uploads\/2025\/09\/Custom-Plastic-Drip-Tray-Supplier.webp\" alt=\"Proveedor de bandejas de goteo de pl\u00e1stico personalizadas\" class=\"wp-image-1340\" srcset=\"https:\/\/www.xhplasticlife.com\/wp-content\/uploads\/2025\/09\/Custom-Plastic-Drip-Tray-Supplier.webp 800w, https:\/\/www.xhplasticlife.com\/wp-content\/uploads\/2025\/09\/Custom-Plastic-Drip-Tray-Supplier-300x300.webp 300w, https:\/\/www.xhplasticlife.com\/wp-content\/uploads\/2025\/09\/Custom-Plastic-Drip-Tray-Supplier-150x150.webp 150w, https:\/\/www.xhplasticlife.com\/wp-content\/uploads\/2025\/09\/Custom-Plastic-Drip-Tray-Supplier-768x768.webp 768w, https:\/\/www.xhplasticlife.com\/wp-content\/uploads\/2025\/09\/Custom-Plastic-Drip-Tray-Supplier-12x12.webp 12w, https:\/\/www.xhplasticlife.com\/wp-content\/uploads\/2025\/09\/Custom-Plastic-Drip-Tray-Supplier-600x600.webp 600w, https:\/\/www.xhplasticlife.com\/wp-content\/uploads\/2025\/09\/Custom-Plastic-Drip-Tray-Supplier-100x100.webp 100w\" sizes=\"(max-width: 800px) 100vw, 800px\" \/><\/figure>\n<\/div>\n<\/div>\n\n\n\n<div class=\"wp-block-columns is-layout-flex wp-container-core-columns-is-layout-9d6595d7 wp-block-columns-is-layout-flex\">\n<div class=\"wp-block-column is-layout-flow wp-block-column-is-layout-flow\">\n<figure class=\"wp-block-image size-full\"><img decoding=\"async\" width=\"750\" height=\"654\" src=\"https:\/\/www.xhplasticlife.com\/wp-content\/uploads\/2025\/09\/Custom-Plastic-Drip-Tray-Supplier-3.webp\" alt=\"Proveedor de bandejas de goteo de pl\u00e1stico personalizadas (3)\" class=\"wp-image-1339\" srcset=\"https:\/\/www.xhplasticlife.com\/wp-content\/uploads\/2025\/09\/Custom-Plastic-Drip-Tray-Supplier-3.webp 750w, https:\/\/www.xhplasticlife.com\/wp-content\/uploads\/2025\/09\/Custom-Plastic-Drip-Tray-Supplier-3-300x262.webp 300w, https:\/\/www.xhplasticlife.com\/wp-content\/uploads\/2025\/09\/Custom-Plastic-Drip-Tray-Supplier-3-14x12.webp 14w, https:\/\/www.xhplasticlife.com\/wp-content\/uploads\/2025\/09\/Custom-Plastic-Drip-Tray-Supplier-3-600x523.webp 600w\" sizes=\"(max-width: 750px) 100vw, 750px\" \/><\/figure>\n<\/div>\n\n\n\n<div class=\"wp-block-column is-layout-flow wp-block-column-is-layout-flow\">\n<figure class=\"wp-block-image size-full\"><img decoding=\"async\" width=\"750\" height=\"695\" src=\"https:\/\/www.xhplasticlife.com\/wp-content\/uploads\/2025\/09\/Custom-Plastic-Drip-Tray-Supplier-1.webp\" alt=\"Proveedor de bandejas de goteo de pl\u00e1stico personalizadas (1)\" class=\"wp-image-1337\" srcset=\"https:\/\/www.xhplasticlife.com\/wp-content\/uploads\/2025\/09\/Custom-Plastic-Drip-Tray-Supplier-1.webp 750w, https:\/\/www.xhplasticlife.com\/wp-content\/uploads\/2025\/09\/Custom-Plastic-Drip-Tray-Supplier-1-300x278.webp 300w, https:\/\/www.xhplasticlife.com\/wp-content\/uploads\/2025\/09\/Custom-Plastic-Drip-Tray-Supplier-1-13x12.webp 13w, https:\/\/www.xhplasticlife.com\/wp-content\/uploads\/2025\/09\/Custom-Plastic-Drip-Tray-Supplier-1-600x556.webp 600w\" sizes=\"(max-width: 750px) 100vw, 750px\" \/><\/figure>\n<\/div>\n<\/div>\n\n\n\n<p><\/p>","protected":false},"excerpt":{"rendered":"<p>\u00a1Bienvenido a nuestra bandeja de goteo de pl\u00e1stico personalizado para la recogida de los hogares! Ofrecemos bandejas de drenaje de pl\u00e1stico de doble capa elevada con MOQ bajo, muestras gratis y precios competitivos. Perfecto para organizar platos, tazas, frutas y mucho m\u00e1s. \u00a1OEM \/ ODM servicios disponibles para satisfacer sus necesidades!<\/p>\n<h2>Par\u00e1metros de las bandejas recogegotas de pl\u00e1stico personalizadas<\/h2>\n<ul>\n<li><strong>Modelo<\/strong>: SH3147<\/li>\n<li><strong>Marca<\/strong>: Xinghui<\/li>\n<li><strong>Material<\/strong>Pl\u00e1stico (PP)<\/li>\n<li><strong>Color<\/strong>: blanco<\/li>\n<li><strong>Tama\u00f1o del producto:<\/strong>33*22*4cm<\/li>\n<li><strong>Peso bruto:\u00a0<\/strong>14.9KG<\/li>\n<li><strong>Tama\u00f1o de la caja<\/strong>: 66.5*50.5*44cm<\/li>\n<li><strong>Embalaje<\/strong>: Embalaje OPP<\/li>\n<li><strong>OEM\/ODM<\/strong>: Disponible<\/li>\n<li><strong>Opci\u00f3n personalizada<\/strong>: Color\/Tama\u00f1o\/Logotipo\/Embalaje<\/li>\n<\/ul>\n<h2>De Daily Plasticware Fabricante :<\/h2>\n<p>Fundada en 2000,\u00a0<a href=\"https:\/\/www.xhplasticlife.com\/es\/\"><strong>Xinghui<\/strong><\/a>\u00a0se especializa en la producci\u00f3n y venta al por mayor de fiambreras, recipientes para almacenar alimentos, art\u00edculos para bebidas, recipientes para almacenamiento dom\u00e9stico y otros productos de pl\u00e1stico de uso diario. Ofrecemos servicios integrales de OEM, ODM y comercio electr\u00f3nico a nuestros clientes.<\/p>","protected":false},"featured_media":1336,"comment_status":"closed","ping_status":"closed","template":"","meta":{"_acf_changed":false},"product_brand":[],"product_cat":[21,19],"product_tag":[],"class_list":{"0":"post-1334","1":"product","2":"type-product","3":"status-publish","4":"has-post-thumbnail","6":"product_cat-home-storage-containers-wholesaler","7":"product_cat-kitchen-storage-containers-wholesale","9":"first","10":"instock","11":"shipping-taxable","12":"product-type-simple"},"acf":[],"_links":{"self":[{"href":"https:\/\/www.xhplasticlife.com\/es\/wp-json\/wp\/v2\/product\/1334","targetHints":{"allow":["GET"]}}],"collection":[{"href":"https:\/\/www.xhplasticlife.com\/es\/wp-json\/wp\/v2\/product"}],"about":[{"href":"https:\/\/www.xhplasticlife.com\/es\/wp-json\/wp\/v2\/types\/product"}],"replies":[{"embeddable":true,"href":"https:\/\/www.xhplasticlife.com\/es\/wp-json\/wp\/v2\/comments?post=1334"}],"wp:featuredmedia":[{"embeddable":true,"href":"https:\/\/www.xhplasticlife.com\/es\/wp-json\/wp\/v2\/media\/1336"}],"wp:attachment":[{"href":"https:\/\/www.xhplasticlife.com\/es\/wp-json\/wp\/v2\/media?parent=1334"}],"wp:term":[{"taxonomy":"product_brand","embeddable":true,"href":"https:\/\/www.xhplasticlife.com\/es\/wp-json\/wp\/v2\/product_brand?post=1334"},{"taxonomy":"product_cat","embeddable":true,"href":"https:\/\/www.xhplasticlife.com\/es\/wp-json\/wp\/v2\/product_cat?post=1334"},{"taxonomy":"product_tag","embeddable":true,"href":"https:\/\/www.xhplasticlife.com\/es\/wp-json\/wp\/v2\/product_tag?post=1334"}],"curies":[{"name":"wp","href":"https:\/\/api.w.org\/{rel}","templated":true}]}}