{"id":1323,"date":"2025-09-11T10:16:08","date_gmt":"2025-09-11T10:16:08","guid":{"rendered":"https:\/\/www.xhplasticlife.com\/?post_type=product&#038;p=1323"},"modified":"2025-09-11T11:00:38","modified_gmt":"2025-09-11T11:00:38","slug":"large-plastic-drain-tray-supplier","status":"publish","type":"product","link":"https:\/\/www.xhplasticlife.com\/es\/producto\/large-plastic-drain-tray-supplier\/","title":{"rendered":"Bandeja pl\u00e1stica grande del drenaje del surtidor, bandeja pl\u00e1stica del fregadero de la cocina del escurridor de la placa del t\u00e9 del alimento"},"content":{"rendered":"<div class=\"wp-block-columns is-layout-flex wp-container-core-columns-is-layout-9d6595d7 wp-block-columns-is-layout-flex\">\n<div class=\"wp-block-column is-layout-flow wp-block-column-is-layout-flow\" style=\"flex-basis:50%\">\n<h2 class=\"wp-block-heading\">Bandeja de drenaje de pl\u00e1stico grande Caracter\u00edsticas:<\/h2>\n\n\n\n<ul class=\"wp-block-list\">\n<li><strong>Construcci\u00f3n de pl\u00e1stico resistente: <\/strong>Esta bandeja escurridora grande de pl\u00e1stico est\u00e1 fabricada con pl\u00e1stico PP de alta calidad; es resistente pero ligera, por lo que ofrece un uso duradero. El acabado liso es f\u00e1cil de limpiar.<\/li>\n\n\n\n<li><strong>Bandeja de recogida de agua:<\/strong> Recoge y drena el agua con precisi\u00f3n, evitando que quede retenida, dejando sus encimeras secas y limpias.<\/li>\n\n\n\n<li><strong>Dise\u00f1o que ahorra espacio:<\/strong> Ahorra un valioso espacio en la encimera y se adapta a cocinas de todos los tama\u00f1os.<\/li>\n\n\n\n<li><strong>Almacenamiento vers\u00e1til:<\/strong> Pr\u00e1ctico para platos, cuencos, tazas, cubiertos y m\u00e1s, manteniendo su cocina limpia y organizada.<\/li>\n\n\n\n<li><strong>F\u00e1cil de limpiar:<\/strong> La superficie lisa es f\u00e1cil de limpiar y puede limpiarse con agua caliente para uso sanitario.<\/li>\n\n\n\n<li><strong>Capa de drenaje aparejada:<\/strong> La capa de drenaje elevada de dise\u00f1o exclusivo mejora el drenaje y evita los atascos de agua.<\/li>\n\n\n\n<li><strong>Almacenamiento de agua:<\/strong> La capa base est\u00e1 hecha para retener el agua, manteniendo sus encimeras limpias y ordenadas.<\/li>\n\n\n\n<li><strong>Personalizaci\u00f3n:<\/strong> Como proveedor profesional de bandejas de drenaje de pl\u00e1stico, ofrecemos bandejas de drenaje de pl\u00e1stico grandes personalizadas en funci\u00f3n de sus necesidades espec\u00edficas, como OEM\/ODM.<\/li>\n<\/ul>\n<\/div>\n\n\n\n<div class=\"wp-block-column is-layout-flow wp-block-column-is-layout-flow\" style=\"flex-basis:50%\">\n<figure class=\"wp-block-image size-full\"><img decoding=\"async\" width=\"750\" height=\"675\" src=\"https:\/\/www.xhplasticlife.com\/wp-content\/uploads\/2025\/09\/Plastic-Drain-Tray-Supplier-Manufacturer-1.webp\" alt=\"Bandeja de drenaje de pl\u00e1stico Fabricante (1)\" class=\"wp-image-1327\" srcset=\"https:\/\/www.xhplasticlife.com\/wp-content\/uploads\/2025\/09\/Plastic-Drain-Tray-Supplier-Manufacturer-1.webp 750w, https:\/\/www.xhplasticlife.com\/wp-content\/uploads\/2025\/09\/Plastic-Drain-Tray-Supplier-Manufacturer-1-300x270.webp 300w, https:\/\/www.xhplasticlife.com\/wp-content\/uploads\/2025\/09\/Plastic-Drain-Tray-Supplier-Manufacturer-1-13x12.webp 13w, https:\/\/www.xhplasticlife.com\/wp-content\/uploads\/2025\/09\/Plastic-Drain-Tray-Supplier-Manufacturer-1-600x540.webp 600w\" sizes=\"(max-width: 750px) 100vw, 750px\" \/><\/figure>\n<\/div>\n<\/div>\n\n\n\n<div class=\"wp-block-columns is-layout-flex wp-container-core-columns-is-layout-9d6595d7 wp-block-columns-is-layout-flex\">\n<div class=\"wp-block-column is-layout-flow wp-block-column-is-layout-flow\"><div class=\"wp-block-image\">\n<figure class=\"aligncenter size-full\"><img decoding=\"async\" width=\"800\" height=\"800\" src=\"https:\/\/www.xhplasticlife.com\/wp-content\/uploads\/2025\/09\/Large-Plastic-Drain-Tray-Supplier.webp\" alt=\"Proveedor de bandejas de pl\u00e1stico grandes\" class=\"wp-image-1326\" srcset=\"https:\/\/www.xhplasticlife.com\/wp-content\/uploads\/2025\/09\/Large-Plastic-Drain-Tray-Supplier.webp 800w, https:\/\/www.xhplasticlife.com\/wp-content\/uploads\/2025\/09\/Large-Plastic-Drain-Tray-Supplier-300x300.webp 300w, https:\/\/www.xhplasticlife.com\/wp-content\/uploads\/2025\/09\/Large-Plastic-Drain-Tray-Supplier-150x150.webp 150w, https:\/\/www.xhplasticlife.com\/wp-content\/uploads\/2025\/09\/Large-Plastic-Drain-Tray-Supplier-768x768.webp 768w, https:\/\/www.xhplasticlife.com\/wp-content\/uploads\/2025\/09\/Large-Plastic-Drain-Tray-Supplier-12x12.webp 12w, https:\/\/www.xhplasticlife.com\/wp-content\/uploads\/2025\/09\/Large-Plastic-Drain-Tray-Supplier-600x600.webp 600w, https:\/\/www.xhplasticlife.com\/wp-content\/uploads\/2025\/09\/Large-Plastic-Drain-Tray-Supplier-100x100.webp 100w\" sizes=\"(max-width: 800px) 100vw, 800px\" \/><figcaption class=\"wp-element-caption\">SH3135<\/figcaption><\/figure>\n<\/div><\/div>\n\n\n\n<div class=\"wp-block-column is-layout-flow wp-block-column-is-layout-flow\"><div class=\"wp-block-image\">\n<figure class=\"aligncenter size-full\"><img decoding=\"async\" width=\"800\" height=\"800\" src=\"https:\/\/www.xhplasticlife.com\/wp-content\/uploads\/2025\/09\/Small-Plastic-Drain-Tray-Supplier.webp\" alt=\"Proveedor de bandejas de pl\u00e1stico peque\u00f1as\" class=\"wp-image-1333\" srcset=\"https:\/\/www.xhplasticlife.com\/wp-content\/uploads\/2025\/09\/Small-Plastic-Drain-Tray-Supplier.webp 800w, https:\/\/www.xhplasticlife.com\/wp-content\/uploads\/2025\/09\/Small-Plastic-Drain-Tray-Supplier-300x300.webp 300w, https:\/\/www.xhplasticlife.com\/wp-content\/uploads\/2025\/09\/Small-Plastic-Drain-Tray-Supplier-150x150.webp 150w, https:\/\/www.xhplasticlife.com\/wp-content\/uploads\/2025\/09\/Small-Plastic-Drain-Tray-Supplier-768x768.webp 768w, https:\/\/www.xhplasticlife.com\/wp-content\/uploads\/2025\/09\/Small-Plastic-Drain-Tray-Supplier-12x12.webp 12w, https:\/\/www.xhplasticlife.com\/wp-content\/uploads\/2025\/09\/Small-Plastic-Drain-Tray-Supplier-600x600.webp 600w, https:\/\/www.xhplasticlife.com\/wp-content\/uploads\/2025\/09\/Small-Plastic-Drain-Tray-Supplier-100x100.webp 100w\" sizes=\"(max-width: 800px) 100vw, 800px\" \/><figcaption class=\"wp-element-caption\">SH3145<\/figcaption><\/figure>\n<\/div><\/div>\n<\/div>","protected":false},"excerpt":{"rendered":"<p>Bienvenido a nuestra colecci\u00f3n de proveedores de bandejas de drenaje de pl\u00e1stico. Proporcionamos bandejas de drenaje de pl\u00e1stico grandes personalizadas con MOQ bajo, muestras gratuitas y precios competitivos. Perfecto para organizar los fregaderos de la cocina, asegurando un espacio limpio y seco. OEM \/ ODM disponible para satisfacer sus necesidades espec\u00edficas.<\/p>\n<h2>Par\u00e1metros de la bandeja de drenaje de pl\u00e1stico grande<\/h2>\n<ul>\n<li><strong>Modelo<\/strong>: SH3135\/SH3145<\/li>\n<li><strong>Marca<\/strong>: Xinghui<\/li>\n<li><strong>Material<\/strong>Pl\u00e1stico (PP)<\/li>\n<li><strong>Color<\/strong>: blanco<\/li>\n<li><strong>Tama\u00f1o del producto: <\/strong>39*22.5*2.5cm\/31*17.5*2.2cm<\/li>\n<li><strong>Peso bruto: <\/strong>18,5KG\/15,8KG<\/li>\n<li><strong>Tama\u00f1o de la caja<\/strong>: 46*40*45cm\/54*38.5*46.5cm<\/li>\n<li><strong>Embalaje<\/strong>: Embalaje OPP<\/li>\n<li><strong>OEM\/ODM<\/strong>: Disponible<\/li>\n<li><strong>Opci\u00f3n personalizada<\/strong>: Color\/Tama\u00f1o\/Logotipo\/Embalaje<\/li>\n<\/ul>\n<h2>De Daily Plasticware Fabricante :<\/h2>\n<p>Fundada en 2000,\u00a0<a href=\"https:\/\/www.xhplasticlife.com\/es\/\"><strong>Xinghui<\/strong><\/a>\u00a0se especializa en la producci\u00f3n y venta al por mayor de fiambreras, recipientes para almacenar alimentos, art\u00edculos para bebidas, recipientes para almacenamiento dom\u00e9stico y otros productos de pl\u00e1stico de uso diario. Ofrecemos servicios integrales de OEM, ODM y comercio electr\u00f3nico a nuestros clientes.<\/p>","protected":false},"featured_media":1325,"comment_status":"closed","ping_status":"closed","template":"","meta":{"_acf_changed":false},"product_brand":[],"product_cat":[19],"product_tag":[],"class_list":{"0":"post-1323","1":"product","2":"type-product","3":"status-publish","4":"has-post-thumbnail","6":"product_cat-kitchen-storage-containers-wholesale","8":"first","9":"instock","10":"shipping-taxable","11":"product-type-simple"},"acf":[],"_links":{"self":[{"href":"https:\/\/www.xhplasticlife.com\/es\/wp-json\/wp\/v2\/product\/1323","targetHints":{"allow":["GET"]}}],"collection":[{"href":"https:\/\/www.xhplasticlife.com\/es\/wp-json\/wp\/v2\/product"}],"about":[{"href":"https:\/\/www.xhplasticlife.com\/es\/wp-json\/wp\/v2\/types\/product"}],"replies":[{"embeddable":true,"href":"https:\/\/www.xhplasticlife.com\/es\/wp-json\/wp\/v2\/comments?post=1323"}],"wp:featuredmedia":[{"embeddable":true,"href":"https:\/\/www.xhplasticlife.com\/es\/wp-json\/wp\/v2\/media\/1325"}],"wp:attachment":[{"href":"https:\/\/www.xhplasticlife.com\/es\/wp-json\/wp\/v2\/media?parent=1323"}],"wp:term":[{"taxonomy":"product_brand","embeddable":true,"href":"https:\/\/www.xhplasticlife.com\/es\/wp-json\/wp\/v2\/product_brand?post=1323"},{"taxonomy":"product_cat","embeddable":true,"href":"https:\/\/www.xhplasticlife.com\/es\/wp-json\/wp\/v2\/product_cat?post=1323"},{"taxonomy":"product_tag","embeddable":true,"href":"https:\/\/www.xhplasticlife.com\/es\/wp-json\/wp\/v2\/product_tag?post=1323"}],"curies":[{"name":"wp","href":"https:\/\/api.w.org\/{rel}","templated":true}]}}