{"id":1317,"date":"2025-09-11T08:30:10","date_gmt":"2025-09-11T08:30:10","guid":{"rendered":"https:\/\/www.xhplasticlife.com\/?post_type=product&#038;p=1317"},"modified":"2025-09-11T08:30:13","modified_gmt":"2025-09-11T08:30:13","slug":"makeup-storage-container-supplier","status":"publish","type":"product","link":"https:\/\/www.xhplasticlife.com\/es\/producto\/makeup-storage-container-supplier\/","title":{"rendered":"OEM Maquillaje Contenedor de almacenamiento de proveedores, de pl\u00e1stico cosm\u00e9ticos caja de almacenamiento para el cuidado de la piel, l\u00e1piz labial"},"content":{"rendered":"<div class=\"wp-block-columns is-layout-flex wp-container-core-columns-is-layout-9d6595d7 wp-block-columns-is-layout-flex\">\n<div class=\"wp-block-column is-layout-flow wp-block-column-is-layout-flow\">\n<h2 class=\"wp-block-heading\">Contenedor de almacenamiento de maquillaje OEM Caracter\u00edsticas:<\/h2>\n\n\n\n<ul class=\"wp-block-list\">\n<li><strong>Proveedor profesional Ventajas:<\/strong> Somos un buen proveedor de recipientes de maquillaje para almacenamiento, y ofrecemos varios dise\u00f1os y tama\u00f1os para satisfacer las necesidades de almacenamiento de productos para el cuidado de la piel, pintalabios y maquillaje.<\/li>\n\n\n\n<li><strong>Estructura de almacenamiento multifuncional<\/strong>: Con cajones y compartimentos, puede utilizarlo para clasificar los cosm\u00e9ticos, cuidado de la piel, joyas, y otros, y mantener su escritorio ordenado y organizado.<\/li>\n\n\n\n<li><strong>Materiales de primera calidad<\/strong>: Fabricado en pl\u00e1stico PP de primera calidad, es extremadamente duradero y resistente al polvo y a la humedad, por lo que s\u00f3lo es necesario pasar un pa\u00f1o suave con agua tibia para limpiarlo a diario.<\/li>\n\n\n\n<li><strong>Aspecto elegante<\/strong>: Transparente y de color blanco crema, su aspecto minimalista y elegante puede encajar sin problemas en cualquier decoraci\u00f3n del hogar, por lo que es perfecto para dormitorios, ba\u00f1os, tocadores y mucho m\u00e1s.<\/li>\n\n\n\n<li><strong>Personalizaci\u00f3n OEM\/ODM:<\/strong> Ofrecemos personalizaci\u00f3n de marca y producci\u00f3n en masa con MOQ bajos, ayudando a los clientes a conseguir una ventaja competitiva \u00fanica en el mercado.<\/li>\n<\/ul>\n<\/div>\n\n\n\n<div class=\"wp-block-column is-layout-flow wp-block-column-is-layout-flow\">\n<figure class=\"wp-block-image size-full\"><img decoding=\"async\" width=\"800\" height=\"800\" src=\"https:\/\/www.xhplasticlife.com\/wp-content\/uploads\/2025\/09\/OEM-Makeup-Storage-Container-Supplier-5.webp\" alt=\"Proveedor de contenedores de maquillaje OEM (5)\" class=\"wp-image-1322\" srcset=\"https:\/\/www.xhplasticlife.com\/wp-content\/uploads\/2025\/09\/OEM-Makeup-Storage-Container-Supplier-5.webp 800w, https:\/\/www.xhplasticlife.com\/wp-content\/uploads\/2025\/09\/OEM-Makeup-Storage-Container-Supplier-5-300x300.webp 300w, https:\/\/www.xhplasticlife.com\/wp-content\/uploads\/2025\/09\/OEM-Makeup-Storage-Container-Supplier-5-150x150.webp 150w, https:\/\/www.xhplasticlife.com\/wp-content\/uploads\/2025\/09\/OEM-Makeup-Storage-Container-Supplier-5-768x768.webp 768w, https:\/\/www.xhplasticlife.com\/wp-content\/uploads\/2025\/09\/OEM-Makeup-Storage-Container-Supplier-5-12x12.webp 12w, https:\/\/www.xhplasticlife.com\/wp-content\/uploads\/2025\/09\/OEM-Makeup-Storage-Container-Supplier-5-600x600.webp 600w, https:\/\/www.xhplasticlife.com\/wp-content\/uploads\/2025\/09\/OEM-Makeup-Storage-Container-Supplier-5-100x100.webp 100w\" sizes=\"(max-width: 800px) 100vw, 800px\" \/><\/figure>\n<\/div>\n<\/div>\n\n\n\n<div class=\"wp-block-columns is-layout-flex wp-container-core-columns-is-layout-9d6595d7 wp-block-columns-is-layout-flex\">\n<div class=\"wp-block-column is-layout-flow wp-block-column-is-layout-flow\">\n<figure class=\"wp-block-image size-full\"><img decoding=\"async\" width=\"567\" height=\"567\" src=\"https:\/\/www.xhplasticlife.com\/wp-content\/uploads\/2025\/09\/OEM-Makeup-Storage-Container-Supplier-2.webp\" alt=\"Proveedor de contenedores de maquillaje OEM (2)\" class=\"wp-image-1319\" srcset=\"https:\/\/www.xhplasticlife.com\/wp-content\/uploads\/2025\/09\/OEM-Makeup-Storage-Container-Supplier-2.webp 567w, https:\/\/www.xhplasticlife.com\/wp-content\/uploads\/2025\/09\/OEM-Makeup-Storage-Container-Supplier-2-300x300.webp 300w, https:\/\/www.xhplasticlife.com\/wp-content\/uploads\/2025\/09\/OEM-Makeup-Storage-Container-Supplier-2-150x150.webp 150w, https:\/\/www.xhplasticlife.com\/wp-content\/uploads\/2025\/09\/OEM-Makeup-Storage-Container-Supplier-2-12x12.webp 12w, https:\/\/www.xhplasticlife.com\/wp-content\/uploads\/2025\/09\/OEM-Makeup-Storage-Container-Supplier-2-100x100.webp 100w\" sizes=\"(max-width: 567px) 100vw, 567px\" \/><\/figure>\n<\/div>\n\n\n\n<div class=\"wp-block-column is-layout-flow wp-block-column-is-layout-flow\">\n<figure class=\"wp-block-image size-full\"><img decoding=\"async\" width=\"511\" height=\"511\" src=\"https:\/\/www.xhplasticlife.com\/wp-content\/uploads\/2025\/09\/OEM-Makeup-Storage-Container-Supplier-1.webp\" alt=\"Proveedor de contenedores de maquillaje OEM (1)\" class=\"wp-image-1318\" srcset=\"https:\/\/www.xhplasticlife.com\/wp-content\/uploads\/2025\/09\/OEM-Makeup-Storage-Container-Supplier-1.webp 511w, https:\/\/www.xhplasticlife.com\/wp-content\/uploads\/2025\/09\/OEM-Makeup-Storage-Container-Supplier-1-300x300.webp 300w, https:\/\/www.xhplasticlife.com\/wp-content\/uploads\/2025\/09\/OEM-Makeup-Storage-Container-Supplier-1-150x150.webp 150w, https:\/\/www.xhplasticlife.com\/wp-content\/uploads\/2025\/09\/OEM-Makeup-Storage-Container-Supplier-1-12x12.webp 12w, https:\/\/www.xhplasticlife.com\/wp-content\/uploads\/2025\/09\/OEM-Makeup-Storage-Container-Supplier-1-100x100.webp 100w\" sizes=\"(max-width: 511px) 100vw, 511px\" \/><\/figure>\n<\/div>\n<\/div>","protected":false},"excerpt":{"rendered":"<p>Bienvenido a nuestra colecci\u00f3n de proveedores de contenedores para maquillaje. Ofrecemos cajas de almacenamiento de cosm\u00e9ticos al por mayor con MOQ bajo, muestras gratis y precios competitivos. Elegantes dise\u00f1os transparentes y crema, OEM \/ ODM personalizaci\u00f3n disponible para impulsar las ventas de su marca.<\/p>\n<h2>Par\u00e1metros del contenedor de maquillaje OEM<\/h2>\n<p><strong>Modelo<\/strong>: SN3178<br \/>\n<strong>Marca<\/strong>: Xinghui<br \/>\n<strong>Material<\/strong>pl\u00e1stico(PP)+silicona<br \/>\n<strong>Color<\/strong>: crema blanco<br \/>\n<strong>Peso bruto:<\/strong>8,2 kg<br \/>\n<strong>Tama\u00f1o de la caja<\/strong>: 61*39*47cm<br \/>\n<strong>Embalaje<\/strong>: Embalaje OPP<br \/>\n<strong>OEM\/ODM<\/strong>: Disponible<br \/>\n<strong>Opci\u00f3n personalizada<\/strong>: Color\/Tama\u00f1o\/Logotipo\/Embalaje<\/p>\n<h2>De Daily Plasticware Fabricante :<\/h2>\n<p>Fundada en 2000,\u00a0<a href=\"https:\/\/www.xhplasticlife.com\/es\/\"><strong>Xinghui<\/strong><\/a>\u00a0se especializa en la producci\u00f3n y venta al por mayor de fiambreras, recipientes para almacenar alimentos, art\u00edculos para bebidas, recipientes para almacenamiento dom\u00e9stico y otros productos de pl\u00e1stico de uso diario. Ofrecemos servicios integrales de OEM, ODM y comercio electr\u00f3nico a nuestros clientes.<\/p>","protected":false},"featured_media":1321,"comment_status":"closed","ping_status":"closed","template":"","meta":{"_acf_changed":false},"product_brand":[],"product_cat":[21],"product_tag":[],"class_list":{"0":"post-1317","1":"product","2":"type-product","3":"status-publish","4":"has-post-thumbnail","6":"product_cat-home-storage-containers-wholesaler","8":"first","9":"instock","10":"shipping-taxable","11":"product-type-simple"},"acf":[],"_links":{"self":[{"href":"https:\/\/www.xhplasticlife.com\/es\/wp-json\/wp\/v2\/product\/1317","targetHints":{"allow":["GET"]}}],"collection":[{"href":"https:\/\/www.xhplasticlife.com\/es\/wp-json\/wp\/v2\/product"}],"about":[{"href":"https:\/\/www.xhplasticlife.com\/es\/wp-json\/wp\/v2\/types\/product"}],"replies":[{"embeddable":true,"href":"https:\/\/www.xhplasticlife.com\/es\/wp-json\/wp\/v2\/comments?post=1317"}],"wp:featuredmedia":[{"embeddable":true,"href":"https:\/\/www.xhplasticlife.com\/es\/wp-json\/wp\/v2\/media\/1321"}],"wp:attachment":[{"href":"https:\/\/www.xhplasticlife.com\/es\/wp-json\/wp\/v2\/media?parent=1317"}],"wp:term":[{"taxonomy":"product_brand","embeddable":true,"href":"https:\/\/www.xhplasticlife.com\/es\/wp-json\/wp\/v2\/product_brand?post=1317"},{"taxonomy":"product_cat","embeddable":true,"href":"https:\/\/www.xhplasticlife.com\/es\/wp-json\/wp\/v2\/product_cat?post=1317"},{"taxonomy":"product_tag","embeddable":true,"href":"https:\/\/www.xhplasticlife.com\/es\/wp-json\/wp\/v2\/product_tag?post=1317"}],"curies":[{"name":"wp","href":"https:\/\/api.w.org\/{rel}","templated":true}]}}