{"id":1180,"date":"2025-07-28T17:00:45","date_gmt":"2025-07-28T17:00:45","guid":{"rendered":"https:\/\/www.xhplasticlife.com\/?post_type=product&#038;p=1180"},"modified":"2025-07-28T17:01:21","modified_gmt":"2025-07-28T17:01:21","slug":"bulk-airtight-food-storage-containers","status":"publish","type":"product","link":"https:\/\/www.xhplasticlife.com\/es\/producto\/bulk-airtight-food-storage-containers\/","title":{"rendered":"Recipientes herm\u00e9ticos a granel 3 piezas redondos de pl\u00e1stico para alimentos Mayorista"},"content":{"rendered":"<div class=\"wp-block-columns is-layout-flex wp-container-core-columns-is-layout-9d6595d7 wp-block-columns-is-layout-flex\">\n<div class=\"wp-block-column is-layout-flow wp-block-column-is-layout-flow\">\n<h2 class=\"wp-block-heading\">Juego de recipientes herm\u00e9ticos para alimentos a granel Caracter\u00edsticas:<\/h2>\n\n\n\n<ul class=\"wp-block-list\">\n<li><strong>Opci\u00f3n de compra al por mayor<\/strong>Envases herm\u00e9ticos para alimentos a granel : adecuados para compras al por mayor, ofrece envases herm\u00e9ticos para alimentos a granel para una gran variedad de necesidades de almacenamiento comerciales y dom\u00e9sticas.<\/li>\n\n\n\n<li><strong>Sellado y <\/strong><span style=\"box-sizing: border-box; margin: 0px; padding: 0px;\"><strong>Dise\u00f1o resistente a la humedad<\/strong>: Equipado con tapas selladas para garantizar la frescura de los alimentos a largo plazo y evitar la entrada de aire y humedad, lo que lo convierte en un contenedor de alimentos de pl\u00e1stico ideal para la venta al por mayor<\/span>.<\/li>\n\n\n\n<li><strong>Almacenamiento multiusos:<\/strong> adecuado para almacenar cereales, frutos secos, harina, especias y otros ingredientes, f\u00e1cil de usar y ahorra espacio, adecuado para cocinas, almacenes y hosteler\u00eda.<\/li>\n\n\n\n<li><strong>Dise\u00f1o transparente:<\/strong> Material pl\u00e1stico transparente, f\u00e1cil de comprobar el stock de ingredientes, y reduce el tiempo de b\u00fasqueda de ingredientes.<\/li>\n\n\n\n<li><strong>Ecol\u00f3gico y duradero:<\/strong> Fabricado en pl\u00e1stico de alta calidad sin BPA, no t\u00f3xico e inodoro, duradero y reutilizable, y cumple las normas de seguridad para el almacenamiento de alimentos.<\/li>\n\n\n\n<li><strong>Almacenamiento apilable<\/strong>: El dise\u00f1o apilable ahorra espacio y es adecuado para el almacenamiento en frigor\u00edficos, armarios o despensas comerciales.<\/li>\n<\/ul>\n<\/div>\n\n\n\n<div class=\"wp-block-column is-layout-flow wp-block-column-is-layout-flow\">\n<figure class=\"wp-block-image size-full\"><img decoding=\"async\" width=\"1312\" height=\"850\" src=\"https:\/\/www.xhplasticlife.com\/wp-content\/uploads\/2025\/07\/Bulk-Airtight-Food-Storage-Containers-3-Piece-Set-Sizes.webp\" alt=\"Envases herm\u00e9ticos para alimentos a granel Juego de 3 piezas Tama\u00f1os\" class=\"wp-image-1205\" srcset=\"https:\/\/www.xhplasticlife.com\/wp-content\/uploads\/2025\/07\/Bulk-Airtight-Food-Storage-Containers-3-Piece-Set-Sizes.webp 1312w, https:\/\/www.xhplasticlife.com\/wp-content\/uploads\/2025\/07\/Bulk-Airtight-Food-Storage-Containers-3-Piece-Set-Sizes-300x194.webp 300w, https:\/\/www.xhplasticlife.com\/wp-content\/uploads\/2025\/07\/Bulk-Airtight-Food-Storage-Containers-3-Piece-Set-Sizes-768x498.webp 768w, https:\/\/www.xhplasticlife.com\/wp-content\/uploads\/2025\/07\/Bulk-Airtight-Food-Storage-Containers-3-Piece-Set-Sizes-18x12.webp 18w, https:\/\/www.xhplasticlife.com\/wp-content\/uploads\/2025\/07\/Bulk-Airtight-Food-Storage-Containers-3-Piece-Set-Sizes-1200x777.webp 1200w, https:\/\/www.xhplasticlife.com\/wp-content\/uploads\/2025\/07\/Bulk-Airtight-Food-Storage-Containers-3-Piece-Set-Sizes-600x389.webp 600w\" sizes=\"(max-width: 1312px) 100vw, 1312px\" \/><\/figure>\n<\/div>\n<\/div>\n\n\n\n<div class=\"wp-block-columns is-layout-flex wp-container-core-columns-is-layout-9d6595d7 wp-block-columns-is-layout-flex\">\n<div class=\"wp-block-column is-layout-flow wp-block-column-is-layout-flow\">\n<figure class=\"wp-block-image size-full\"><img decoding=\"async\" width=\"2500\" height=\"2500\" src=\"https:\/\/www.xhplasticlife.com\/wp-content\/uploads\/2025\/07\/Bulk-Airtight-Food-Storage-Containers-3-Piece-Set-Wholesaler-3.webp\" alt=\"Envases herm\u00e9ticos para alimentos a granel Juego de 3 piezas Mayorista (3)\" class=\"wp-image-1208\" srcset=\"https:\/\/www.xhplasticlife.com\/wp-content\/uploads\/2025\/07\/Bulk-Airtight-Food-Storage-Containers-3-Piece-Set-Wholesaler-3.webp 2500w, https:\/\/www.xhplasticlife.com\/wp-content\/uploads\/2025\/07\/Bulk-Airtight-Food-Storage-Containers-3-Piece-Set-Wholesaler-3-300x300.webp 300w, https:\/\/www.xhplasticlife.com\/wp-content\/uploads\/2025\/07\/Bulk-Airtight-Food-Storage-Containers-3-Piece-Set-Wholesaler-3-150x150.webp 150w, https:\/\/www.xhplasticlife.com\/wp-content\/uploads\/2025\/07\/Bulk-Airtight-Food-Storage-Containers-3-Piece-Set-Wholesaler-3-768x768.webp 768w, https:\/\/www.xhplasticlife.com\/wp-content\/uploads\/2025\/07\/Bulk-Airtight-Food-Storage-Containers-3-Piece-Set-Wholesaler-3-12x12.webp 12w, https:\/\/www.xhplasticlife.com\/wp-content\/uploads\/2025\/07\/Bulk-Airtight-Food-Storage-Containers-3-Piece-Set-Wholesaler-3-1200x1200.webp 1200w, https:\/\/www.xhplasticlife.com\/wp-content\/uploads\/2025\/07\/Bulk-Airtight-Food-Storage-Containers-3-Piece-Set-Wholesaler-3-600x600.webp 600w, https:\/\/www.xhplasticlife.com\/wp-content\/uploads\/2025\/07\/Bulk-Airtight-Food-Storage-Containers-3-Piece-Set-Wholesaler-3-100x100.webp 100w\" sizes=\"(max-width: 2500px) 100vw, 2500px\" \/><\/figure>\n<\/div>\n\n\n\n<div class=\"wp-block-column is-layout-flow wp-block-column-is-layout-flow\">\n<figure class=\"wp-block-image size-full\"><img decoding=\"async\" width=\"2500\" height=\"2500\" src=\"https:\/\/www.xhplasticlife.com\/wp-content\/uploads\/2025\/07\/Bulk-Airtight-Food-Storage-Containers-3-Piece-Set-Wholesaler-2.webp\" alt=\"Envases herm\u00e9ticos para alimentos a granel Juego de 3 piezas Mayorista (2)\" class=\"wp-image-1207\" srcset=\"https:\/\/www.xhplasticlife.com\/wp-content\/uploads\/2025\/07\/Bulk-Airtight-Food-Storage-Containers-3-Piece-Set-Wholesaler-2.webp 2500w, https:\/\/www.xhplasticlife.com\/wp-content\/uploads\/2025\/07\/Bulk-Airtight-Food-Storage-Containers-3-Piece-Set-Wholesaler-2-300x300.webp 300w, https:\/\/www.xhplasticlife.com\/wp-content\/uploads\/2025\/07\/Bulk-Airtight-Food-Storage-Containers-3-Piece-Set-Wholesaler-2-150x150.webp 150w, https:\/\/www.xhplasticlife.com\/wp-content\/uploads\/2025\/07\/Bulk-Airtight-Food-Storage-Containers-3-Piece-Set-Wholesaler-2-768x768.webp 768w, https:\/\/www.xhplasticlife.com\/wp-content\/uploads\/2025\/07\/Bulk-Airtight-Food-Storage-Containers-3-Piece-Set-Wholesaler-2-12x12.webp 12w, https:\/\/www.xhplasticlife.com\/wp-content\/uploads\/2025\/07\/Bulk-Airtight-Food-Storage-Containers-3-Piece-Set-Wholesaler-2-1200x1200.webp 1200w, https:\/\/www.xhplasticlife.com\/wp-content\/uploads\/2025\/07\/Bulk-Airtight-Food-Storage-Containers-3-Piece-Set-Wholesaler-2-600x600.webp 600w, https:\/\/www.xhplasticlife.com\/wp-content\/uploads\/2025\/07\/Bulk-Airtight-Food-Storage-Containers-3-Piece-Set-Wholesaler-2-100x100.webp 100w\" sizes=\"(max-width: 2500px) 100vw, 2500px\" \/><\/figure>\n<\/div>\n\n\n\n<div class=\"wp-block-column is-layout-flow wp-block-column-is-layout-flow\">\n<figure class=\"wp-block-image size-full\"><img decoding=\"async\" width=\"2500\" height=\"2500\" src=\"https:\/\/www.xhplasticlife.com\/wp-content\/uploads\/2025\/07\/Bulk-Airtight-Food-Storage-Containers-3-Piece-Set-Wholesaler-1.webp\" alt=\"Envases herm\u00e9ticos para alimentos a granel Juego de 3 piezas Mayorista (1)\" class=\"wp-image-1206\" srcset=\"https:\/\/www.xhplasticlife.com\/wp-content\/uploads\/2025\/07\/Bulk-Airtight-Food-Storage-Containers-3-Piece-Set-Wholesaler-1.webp 2500w, https:\/\/www.xhplasticlife.com\/wp-content\/uploads\/2025\/07\/Bulk-Airtight-Food-Storage-Containers-3-Piece-Set-Wholesaler-1-300x300.webp 300w, https:\/\/www.xhplasticlife.com\/wp-content\/uploads\/2025\/07\/Bulk-Airtight-Food-Storage-Containers-3-Piece-Set-Wholesaler-1-150x150.webp 150w, https:\/\/www.xhplasticlife.com\/wp-content\/uploads\/2025\/07\/Bulk-Airtight-Food-Storage-Containers-3-Piece-Set-Wholesaler-1-768x768.webp 768w, https:\/\/www.xhplasticlife.com\/wp-content\/uploads\/2025\/07\/Bulk-Airtight-Food-Storage-Containers-3-Piece-Set-Wholesaler-1-12x12.webp 12w, https:\/\/www.xhplasticlife.com\/wp-content\/uploads\/2025\/07\/Bulk-Airtight-Food-Storage-Containers-3-Piece-Set-Wholesaler-1-1200x1200.webp 1200w, https:\/\/www.xhplasticlife.com\/wp-content\/uploads\/2025\/07\/Bulk-Airtight-Food-Storage-Containers-3-Piece-Set-Wholesaler-1-600x600.webp 600w, https:\/\/www.xhplasticlife.com\/wp-content\/uploads\/2025\/07\/Bulk-Airtight-Food-Storage-Containers-3-Piece-Set-Wholesaler-1-100x100.webp 100w\" sizes=\"(max-width: 2500px) 100vw, 2500px\" \/><\/figure>\n<\/div>\n<\/div>","protected":false},"excerpt":{"rendered":"<p>Bienvenido a comprar recipientes herm\u00e9ticos para alimentos al por mayor. Como mayorista de confianza de recipientes de pl\u00e1stico para alimentos, le ofrecemos un juego redondo de 3 piezas con tapa herm\u00e9tica, ideal para almacenar granos, frutos secos, cereales y mucho m\u00e1s. Fabricados en pl\u00e1stico sin BPA, estos recipientes son apilables, ocupan poco espacio y son perfectos tanto para uso dom\u00e9stico como comercial.<\/p>\n<h2>Juego de recipientes herm\u00e9ticos para alimentos Par\u00e1metros<\/h2>\n<p><strong>Modelo<\/strong>: BX1053<br \/>\n<strong>Marca<\/strong>: Xinghui<br \/>\n<strong>Material<\/strong>: PP+Silicona<br \/>\n<strong>Color<\/strong>: Negro, Rojo y Caqui\/Transparente<br \/>\n<strong>Peso bruto<\/strong>: 12,4 kg<br \/>\n<strong>Gramaje<\/strong>: 425G<br \/>\n<strong>Tama\u00f1o de la caja<\/strong>: 61x30x57cm<br \/>\n<strong>Embalaje<\/strong>: 24 piezas<br \/>\n<strong>OEM\/ODM<\/strong>: Disponible<br \/>\n<strong>Opci\u00f3n personalizada<\/strong>: Color\/Tama\u00f1o\/Logotipo\/Embalaje<\/p>\n<h2>De contenedores de almacenamiento de alimentos Fabricante :<\/h2>\n<p>Fundada en 2000,\u00a0<strong>Xinghui<\/strong>\u00a0se especializa en la producci\u00f3n y venta al por mayor de fiambreras, recipientes para almacenar alimentos, art\u00edculos para bebidas, recipientes para almacenamiento dom\u00e9stico y otros productos de pl\u00e1stico de uso diario. Ofrecemos servicios integrales de OEM, ODM y comercio electr\u00f3nico a nuestros clientes.<\/p>","protected":false},"featured_media":1209,"comment_status":"closed","ping_status":"closed","template":"","meta":{"_acf_changed":false},"product_brand":[],"product_cat":[18],"product_tag":[],"class_list":{"0":"post-1180","1":"product","2":"type-product","3":"status-publish","4":"has-post-thumbnail","6":"product_cat-bulk-food-storage-container","8":"first","9":"instock","10":"shipping-taxable","11":"product-type-simple"},"acf":[],"_links":{"self":[{"href":"https:\/\/www.xhplasticlife.com\/es\/wp-json\/wp\/v2\/product\/1180","targetHints":{"allow":["GET"]}}],"collection":[{"href":"https:\/\/www.xhplasticlife.com\/es\/wp-json\/wp\/v2\/product"}],"about":[{"href":"https:\/\/www.xhplasticlife.com\/es\/wp-json\/wp\/v2\/types\/product"}],"replies":[{"embeddable":true,"href":"https:\/\/www.xhplasticlife.com\/es\/wp-json\/wp\/v2\/comments?post=1180"}],"wp:featuredmedia":[{"embeddable":true,"href":"https:\/\/www.xhplasticlife.com\/es\/wp-json\/wp\/v2\/media\/1209"}],"wp:attachment":[{"href":"https:\/\/www.xhplasticlife.com\/es\/wp-json\/wp\/v2\/media?parent=1180"}],"wp:term":[{"taxonomy":"product_brand","embeddable":true,"href":"https:\/\/www.xhplasticlife.com\/es\/wp-json\/wp\/v2\/product_brand?post=1180"},{"taxonomy":"product_cat","embeddable":true,"href":"https:\/\/www.xhplasticlife.com\/es\/wp-json\/wp\/v2\/product_cat?post=1180"},{"taxonomy":"product_tag","embeddable":true,"href":"https:\/\/www.xhplasticlife.com\/es\/wp-json\/wp\/v2\/product_tag?post=1180"}],"curies":[{"name":"wp","href":"https:\/\/api.w.org\/{rel}","templated":true}]}}