{"id":737,"date":"2025-07-24T10:36:50","date_gmt":"2025-07-24T10:36:50","guid":{"rendered":"https:\/\/www.xhplasticlife.com\/?post_type=product&#038;p=737"},"modified":"2025-07-24T10:36:50","modified_gmt":"2025-07-24T10:36:50","slug":"freezer-storage-containers-wholesale","status":"publish","type":"product","link":"https:\/\/www.xhplasticlife.com\/de\/produkt\/freezer-storage-containers-wholesale\/","title":{"rendered":"Beste Gefrierschrank Lagerung Container Gro\u00dfhandel Lebensmittel Lagerung Container Set Lieferant"},"content":{"rendered":"<div class=\"wp-block-columns is-layout-flex wp-container-core-columns-is-layout-9d6595d7 wp-block-columns-is-layout-flex\">\n<div class=\"wp-block-column is-layout-flow wp-block-column-is-layout-flow\">\n<h2 class=\"wp-block-heading\">Gro\u00dfhandel Gefrierschrank Storage Containers Eigenschaften:<\/h2>\n\n\n\n<ul class=\"wp-block-list\">\n<li><strong>Gefrierschrank-Lagerfunktion<\/strong>: Hochwertiger Kunststoff, geeignet f\u00fcr die langfristige Lagerung von gefrorenen Zutaten, ist das bevorzugte Produkt der besten Gefrierschrank Lagerbeh\u00e4lter Gro\u00dfhandel, halten Lebensmittel frisch.<\/li>\n\n\n\n<li><strong>Multifunktionale Gestaltung<\/strong>Der Beh\u00e4lter kann f\u00fcr die Aufbewahrung im K\u00fchlschrank, f\u00fcr die Zubereitung von Mahlzeiten, als Salatbox und f\u00fcr andere Zwecke verwendet werden. Er erf\u00fcllt die Bed\u00fcrfnisse von Familien und Unternehmen und ist ein meistverkauftes Modell des Anbieters von Lebensmittelbeh\u00e4ltern.<\/li>\n\n\n\n<li><strong>Versiegelt und auslaufsicher<\/strong>: Ausgestattet mit Dichtungsdeckel und Verschluss, um das Auslaufen von Lebensmitteln zu verhindern, geeignet zum K\u00fchlen, Einfrieren und Erhitzen in der Mikrowelle.<\/li>\n\n\n\n<li><strong>Partitionierte Speicherung<\/strong>: Mehrere Trennwanddesigns, praktisch f\u00fcr die Verpackung verschiedener Arten von Lebensmitteln, besonders geeignet f\u00fcr Catering und die Zubereitung von Familienmahlzeiten.<\/li>\n\n\n\n<li><strong>Umweltfreundliches Material<\/strong>: BPA-freier Kunststoff, gesund und sicher, langlebig und nicht leicht zu verformen, geeignet f\u00fcr den t\u00e4glichen Gebrauch.<\/li>\n\n\n\n<li><strong>Unterst\u00fctzung bei Gro\u00dfeink\u00e4ufen<\/strong>: bieten beste Gefrierschrank Lagerung Container Gro\u00dfhandel und Lebensmittel Lagerung Container Lieferanten Gro\u00dfhandel Kauf auf die Bed\u00fcrfnisse der Gro\u00dfauftr\u00e4ge zu erf\u00fcllen.<\/li>\n<\/ul>\n<\/div>\n\n\n\n<div class=\"wp-block-column is-layout-flow wp-block-column-is-layout-flow\">\n<figure class=\"wp-block-image size-full\"><img decoding=\"async\" width=\"800\" height=\"800\" src=\"https:\/\/www.xhplasticlife.com\/wp-content\/uploads\/2025\/07\/Best-Freezer-Storage-Containers-Wholesaler-4.webp\" alt=\"Bester Gro\u00dfh\u00e4ndler f\u00fcr Gefriergutbeh\u00e4lter (4)\" class=\"wp-image-749\" srcset=\"https:\/\/www.xhplasticlife.com\/wp-content\/uploads\/2025\/07\/Best-Freezer-Storage-Containers-Wholesaler-4.webp 800w, https:\/\/www.xhplasticlife.com\/wp-content\/uploads\/2025\/07\/Best-Freezer-Storage-Containers-Wholesaler-4-300x300.webp 300w, https:\/\/www.xhplasticlife.com\/wp-content\/uploads\/2025\/07\/Best-Freezer-Storage-Containers-Wholesaler-4-150x150.webp 150w, https:\/\/www.xhplasticlife.com\/wp-content\/uploads\/2025\/07\/Best-Freezer-Storage-Containers-Wholesaler-4-768x768.webp 768w, https:\/\/www.xhplasticlife.com\/wp-content\/uploads\/2025\/07\/Best-Freezer-Storage-Containers-Wholesaler-4-600x600.webp 600w, https:\/\/www.xhplasticlife.com\/wp-content\/uploads\/2025\/07\/Best-Freezer-Storage-Containers-Wholesaler-4-100x100.webp 100w\" sizes=\"(max-width: 800px) 100vw, 800px\" \/><\/figure>\n<\/div>\n<\/div>\n\n\n\n<h2 class=\"wp-block-heading\">Bulk Freezer Storage Containers Gr\u00f6\u00dfe:<\/h2>\n\n\n\n<figure class=\"wp-block-table is-style-stripes\"><table class=\"has-fixed-layout\"><tbody><tr><td>Modell<\/td><td>Kapazit\u00e4t<\/td><td>N.W.\/PCS<\/td><td>G.W.\/Fall<\/td><td>Menge pro Karton<\/td><td>\u00c4u\u00dfere Gr\u00f6\u00dfe der Box<\/td><\/tr><tr><td>BX1131<\/td><td>300ML<\/td><td>13.5KG<\/td><td>38G<\/td><td>300St\u00fcck<\/td><td>60x53x47cm<\/td><\/tr><tr><td>BX1132<\/td><td>600ML<\/td><td>12.2KG<\/td><td>63G<\/td><td>160St\u00fcck<\/td><td>61\u00d745.5x56cm<\/td><\/tr><tr><td>BX1133<\/td><td>1000ML<\/td><td>11KG<\/td><td>94G<\/td><td>100St\u00fcck<\/td><td>65x36x66cm<\/td><\/tr><tr><td>BX1134<\/td><td>1500ML<\/td><td>11.5KG<\/td><td>126G<\/td><td>80 St\u00fcck<\/td><td>57.5x41x75.5cm<\/td><\/tr><tr><td>BX1135<\/td><td>2000ML<\/td><td>11.4KG<\/td><td>155G<\/td><td>64St\u00fcck<\/td><td>63x44x72,5cm<\/td><\/tr><tr><td>BX1136<\/td><td>3050ML<\/td><td>11.3KG<\/td><td>208G<\/td><td>48St\u00fcck<\/td><td>54\u00d750,5x78cm<\/td><\/tr><\/tbody><\/table><\/figure>\n\n\n\n<div class=\"wp-block-columns is-layout-flex wp-container-core-columns-is-layout-9d6595d7 wp-block-columns-is-layout-flex\">\n<div class=\"wp-block-column is-layout-flow wp-block-column-is-layout-flow\">\n<figure class=\"wp-block-image size-full\"><img decoding=\"async\" width=\"800\" height=\"800\" src=\"https:\/\/www.xhplasticlife.com\/wp-content\/uploads\/2025\/07\/Wholesale-Freezer-Storage-Containers-3.webp\" alt=\"Gro\u00dfhandel Gefrierschrank Lagerung Container (3)\" class=\"wp-image-752\" srcset=\"https:\/\/www.xhplasticlife.com\/wp-content\/uploads\/2025\/07\/Wholesale-Freezer-Storage-Containers-3.webp 800w, https:\/\/www.xhplasticlife.com\/wp-content\/uploads\/2025\/07\/Wholesale-Freezer-Storage-Containers-3-300x300.webp 300w, https:\/\/www.xhplasticlife.com\/wp-content\/uploads\/2025\/07\/Wholesale-Freezer-Storage-Containers-3-150x150.webp 150w, https:\/\/www.xhplasticlife.com\/wp-content\/uploads\/2025\/07\/Wholesale-Freezer-Storage-Containers-3-768x768.webp 768w, https:\/\/www.xhplasticlife.com\/wp-content\/uploads\/2025\/07\/Wholesale-Freezer-Storage-Containers-3-600x600.webp 600w, https:\/\/www.xhplasticlife.com\/wp-content\/uploads\/2025\/07\/Wholesale-Freezer-Storage-Containers-3-100x100.webp 100w\" sizes=\"(max-width: 800px) 100vw, 800px\" \/><\/figure>\n<\/div>\n\n\n\n<div class=\"wp-block-column is-layout-flow wp-block-column-is-layout-flow\">\n<figure class=\"wp-block-image size-full\"><img decoding=\"async\" width=\"790\" height=\"950\" src=\"https:\/\/www.xhplasticlife.com\/wp-content\/uploads\/2025\/07\/Best-Freezer-Storage-Containers-Wholesaler-3.webp\" alt=\"Bester Gro\u00dfh\u00e4ndler f\u00fcr Gefriergutbeh\u00e4lter (3)\" class=\"wp-image-748\" srcset=\"https:\/\/www.xhplasticlife.com\/wp-content\/uploads\/2025\/07\/Best-Freezer-Storage-Containers-Wholesaler-3.webp 790w, https:\/\/www.xhplasticlife.com\/wp-content\/uploads\/2025\/07\/Best-Freezer-Storage-Containers-Wholesaler-3-249x300.webp 249w, https:\/\/www.xhplasticlife.com\/wp-content\/uploads\/2025\/07\/Best-Freezer-Storage-Containers-Wholesaler-3-768x924.webp 768w, https:\/\/www.xhplasticlife.com\/wp-content\/uploads\/2025\/07\/Best-Freezer-Storage-Containers-Wholesaler-3-600x722.webp 600w\" sizes=\"(max-width: 790px) 100vw, 790px\" \/><\/figure>\n<\/div>\n<\/div>","protected":false},"excerpt":{"rendered":"<p>Willkommen zum Kauf der besten Gefrierschrank Lagerbeh\u00e4lter Gro\u00dfhandel. Als vertrauensw\u00fcrdiger Anbieter von Lebensmittelbeh\u00e4ltern bieten wir BPA-freie, stapelbare 6er-Pack-Beh\u00e4lter mit luftdichten Deckeln und Sicherheitsverriegelung, ideal f\u00fcr die Aufbewahrung von Tiefk\u00fchlkost, die Zubereitung von Mahlzeiten und Salaten. Langlebig, mikrowellengeeignet und perfekt f\u00fcr den Gebrauch zu Hause, im Restaurant oder zum Mitnehmen.<\/p>\n<h2>Gro\u00dfhandel Gefrierschrank Lagerung Container Parameter<\/h2>\n<p><strong>Modell<\/strong>: BX1131-BX1136<br \/><strong>Markenname<\/strong>: Xinghui<br \/><strong>Material<\/strong>: PP + PET<br \/><strong>Farbe<\/strong>: Creme Wei\u00df+Transparent<br \/><strong>Verpacken: <\/strong>OPP-Tasche<br \/><strong>OEM\/ODM<\/strong>: Verf\u00fcgbar<br \/><strong>Kundenspezifische Option<\/strong>: Farbe\/Gr\u00f6\u00dfe\/Logo\/Verpackung<\/p>\n<h2>Von Lebensmittel Lagerung Container Hersteller :<\/h2>\n<p>Gegr\u00fcndet im Jahr 2000,<a href=\"https:\/\/www.xhplasticlife.com\/de\/\">\u00a0<strong>Xinghui<\/strong><\/a>\u00a0ist auf die Herstellung und den Gro\u00dfhandel von Lunchboxen, Lebensmittelbeh\u00e4ltern, Trinkgef\u00e4\u00dfen, Haushaltsbeh\u00e4ltern und anderen Kunststoffprodukten des t\u00e4glichen Bedarfs spezialisiert. Wir bieten OEM- &amp; ODM- und E-Commerce-Beschaffungsdienste f\u00fcr Kunden aus einer Hand.<\/p>","protected":false},"featured_media":750,"comment_status":"closed","ping_status":"closed","template":"","meta":{"_acf_changed":false},"product_brand":[],"product_cat":[18],"product_tag":[],"class_list":{"0":"post-737","1":"product","2":"type-product","3":"status-publish","4":"has-post-thumbnail","6":"product_cat-bulk-food-storage-container","8":"first","9":"instock","10":"shipping-taxable","11":"product-type-simple"},"acf":[],"_links":{"self":[{"href":"https:\/\/www.xhplasticlife.com\/de\/wp-json\/wp\/v2\/product\/737","targetHints":{"allow":["GET"]}}],"collection":[{"href":"https:\/\/www.xhplasticlife.com\/de\/wp-json\/wp\/v2\/product"}],"about":[{"href":"https:\/\/www.xhplasticlife.com\/de\/wp-json\/wp\/v2\/types\/product"}],"replies":[{"embeddable":true,"href":"https:\/\/www.xhplasticlife.com\/de\/wp-json\/wp\/v2\/comments?post=737"}],"wp:featuredmedia":[{"embeddable":true,"href":"https:\/\/www.xhplasticlife.com\/de\/wp-json\/wp\/v2\/media\/750"}],"wp:attachment":[{"href":"https:\/\/www.xhplasticlife.com\/de\/wp-json\/wp\/v2\/media?parent=737"}],"wp:term":[{"taxonomy":"product_brand","embeddable":true,"href":"https:\/\/www.xhplasticlife.com\/de\/wp-json\/wp\/v2\/product_brand?post=737"},{"taxonomy":"product_cat","embeddable":true,"href":"https:\/\/www.xhplasticlife.com\/de\/wp-json\/wp\/v2\/product_cat?post=737"},{"taxonomy":"product_tag","embeddable":true,"href":"https:\/\/www.xhplasticlife.com\/de\/wp-json\/wp\/v2\/product_tag?post=737"}],"curies":[{"name":"wp","href":"https:\/\/api.w.org\/{rel}","templated":true}]}}