{"id":729,"date":"2025-07-24T08:29:36","date_gmt":"2025-07-24T08:29:36","guid":{"rendered":"https:\/\/www.xhplasticlife.com\/?post_type=product&#038;p=729"},"modified":"2025-07-24T08:29:37","modified_gmt":"2025-07-24T08:29:37","slug":"custom-food-storage-container","status":"publish","type":"product","link":"https:\/\/www.xhplasticlife.com\/de\/produkt\/custom-food-storage-container\/","title":{"rendered":"Custom Food Storage Container mit Schnappverschluss, luftdicht Mahlzeit Prep Bento Salat Box"},"content":{"rendered":"<div class=\"wp-block-columns is-layout-flex wp-container-core-columns-is-layout-9d6595d7 wp-block-columns-is-layout-flex\">\n<div class=\"wp-block-column is-layout-flow wp-block-column-is-layout-flow\">\n<h2 class=\"wp-block-heading\">Custom Food Storage Container Merkmale:<\/h2>\n\n\n\n<ul class=\"wp-block-list\">\n<li><strong>Individuelles Design<\/strong>: Unterst\u00fctzt individuelles Logo und Gr\u00f6\u00dfe, um den pers\u00f6nlichen Bed\u00fcrfnissen verschiedener Marken gerecht zu werden, und ist eine ideale Wahl f\u00fcr individuelle Lebensmittelbeh\u00e4lter.<\/li>\n\n\n\n<li><strong>Schlossdichtung<\/strong>: Schnappverschluss-Verschluss-Design sorgt f\u00fcr eine gute Abdichtung und effektiv verhindert Auslaufen, geeignet f\u00fcr eine Vielzahl von Mahlzeit prep bento Salat Box Szenarien.<\/li>\n\n\n\n<li><strong>Mikrowellengeeignet<\/strong>: Hergestellt aus lebensmittelechten Materialien, hoch temperaturbest\u00e4ndig, kann direkt in der Mikrowelle erhitzt werden, bequem und schnell, was die Zweckm\u00e4\u00dfigkeit der benutzerdefinierten Lebensmittelbeh\u00e4lter widerspiegelt.<\/li>\n\n\n\n<li><strong>Ablage in den F\u00e4chern<\/strong>Mehrkammer-Design, einfach zu verpacken Salate, bento oder Grundnahrungsmittel, verbessern die Effizienz der Mahlzeit prep bento Salat Box Lieferanten Produkte.<\/li>\n\n\n\n<li><strong>Umweltfreundliches Material<\/strong>: aus BPA-freiem Kunststoff, gesund und geruchsneutral, geeignet f\u00fcr den Gebrauch zu Hause, im B\u00fcro oder im Freien.<\/li>\n<\/ul>\n<\/div>\n\n\n\n<div class=\"wp-block-column is-layout-flow wp-block-column-is-layout-flow\">\n<figure class=\"wp-block-image size-full\"><img decoding=\"async\" width=\"720\" height=\"720\" src=\"https:\/\/www.xhplasticlife.com\/wp-content\/uploads\/2025\/07\/Custom-Food-Storage-Container-Supplier-2.webp\" alt=\"Lieferant f\u00fcr kundenspezifische Lebensmittelbeh\u00e4lter (2)\" class=\"wp-image-732\" srcset=\"https:\/\/www.xhplasticlife.com\/wp-content\/uploads\/2025\/07\/Custom-Food-Storage-Container-Supplier-2.webp 720w, https:\/\/www.xhplasticlife.com\/wp-content\/uploads\/2025\/07\/Custom-Food-Storage-Container-Supplier-2-300x300.webp 300w, https:\/\/www.xhplasticlife.com\/wp-content\/uploads\/2025\/07\/Custom-Food-Storage-Container-Supplier-2-150x150.webp 150w, https:\/\/www.xhplasticlife.com\/wp-content\/uploads\/2025\/07\/Custom-Food-Storage-Container-Supplier-2-600x600.webp 600w, https:\/\/www.xhplasticlife.com\/wp-content\/uploads\/2025\/07\/Custom-Food-Storage-Container-Supplier-2-100x100.webp 100w\" sizes=\"(max-width: 720px) 100vw, 720px\" \/><\/figure>\n<\/div>\n<\/div>\n\n\n\n<h2 class=\"wp-block-heading\">Gro\u00dfhandel Lebensmittel Lagerung Container Gr\u00f6\u00dfe:<\/h2>\n\n\n\n<figure class=\"wp-block-table is-style-stripes\"><table class=\"has-fixed-layout\"><tbody><tr><td>Modell<\/td><td>Kapazit\u00e4t<\/td><td>N.W.\/PCS<\/td><td>G.W.\/Fall<\/td><td>Menge pro Karton<\/td><td>\u00c4u\u00dfere Gr\u00f6\u00dfe der Box<\/td><\/tr><tr><td>BX1047<\/td><td>400ML<\/td><td>3,6 kg<\/td><td>72G<\/td><td>160St\u00fcck<\/td><td>55,5x40x56cm<\/td><\/tr><tr><td>BX1048<\/td><td>800ML<\/td><td>11,8 kg<\/td><td>100G<\/td><td>96St\u00fcck<\/td><td>51\u00d748,5\u00d751,5cm<\/td><\/tr><tr><td>BX1049<\/td><td>1400ML<\/td><td>12,9 kg<\/td><td>154KG<\/td><td>72St\u00fcck<\/td><td>60x45x57cm<\/td><\/tr><\/tbody><\/table><\/figure>\n\n\n\n<figure class=\"wp-block-image size-full\"><img decoding=\"async\" width=\"750\" height=\"266\" src=\"https:\/\/www.xhplasticlife.com\/wp-content\/uploads\/2025\/07\/Custom-Food-Storage-Container-Sizes.webp\" alt=\"Individuelle Gr\u00f6\u00dfen von Lebensmittelbeh\u00e4ltern\" class=\"wp-image-730\" srcset=\"https:\/\/www.xhplasticlife.com\/wp-content\/uploads\/2025\/07\/Custom-Food-Storage-Container-Sizes.webp 750w, https:\/\/www.xhplasticlife.com\/wp-content\/uploads\/2025\/07\/Custom-Food-Storage-Container-Sizes-300x106.webp 300w, https:\/\/www.xhplasticlife.com\/wp-content\/uploads\/2025\/07\/Custom-Food-Storage-Container-Sizes-600x213.webp 600w\" sizes=\"(max-width: 750px) 100vw, 750px\" \/><\/figure>\n\n\n\n<figure class=\"wp-block-image size-full\"><img decoding=\"async\" width=\"800\" height=\"421\" src=\"https:\/\/www.xhplasticlife.com\/wp-content\/uploads\/2025\/07\/Custom-Food-Storage-Container-Supplier.webp\" alt=\"Lieferant f\u00fcr kundenspezifische Lebensmittelbeh\u00e4lter\" class=\"wp-image-735\" srcset=\"https:\/\/www.xhplasticlife.com\/wp-content\/uploads\/2025\/07\/Custom-Food-Storage-Container-Supplier.webp 800w, https:\/\/www.xhplasticlife.com\/wp-content\/uploads\/2025\/07\/Custom-Food-Storage-Container-Supplier-300x158.webp 300w, https:\/\/www.xhplasticlife.com\/wp-content\/uploads\/2025\/07\/Custom-Food-Storage-Container-Supplier-768x404.webp 768w, https:\/\/www.xhplasticlife.com\/wp-content\/uploads\/2025\/07\/Custom-Food-Storage-Container-Supplier-600x316.webp 600w\" sizes=\"(max-width: 800px) 100vw, 800px\" \/><\/figure>","protected":false},"excerpt":{"rendered":"<p>Willkommen bei unserer kundenspezifischen Lebensmittelbeh\u00e4lter Kauf. Als Anbieter von Bento-Salatboxen f\u00fcr die Zubereitung von Mahlzeiten bieten wir BPA-freie, mikrowellengeeignete Beh\u00e4lter mit luftdichten Schnappverschl\u00fcssen und einem Design mit mehreren F\u00e4chern. Ideal f\u00fcr Mittagessen, Salat oder die Zubereitung von Mahlzeiten - perfekt f\u00fcr den Einzelhandel, das B\u00fcro und die Gastronomie zum Mitnehmen.<\/p>\n<h2>Benutzerdefinierte Lebensmittelbeh\u00e4lter Parameter<\/h2>\n<p><strong>Modell<\/strong>: BX1047-BX1049<br \/>\n<strong>Markenname<\/strong>: Xinghui<br \/>\n<strong>Material<\/strong>: PP+Silikon<br \/>\n<strong>Farbe<\/strong>: Schwarz, Rot und Khaki\/Transparent<br \/>\n<strong>OEM\/ODM<\/strong>: Verf\u00fcgbar<br \/>\n<strong>Kundenspezifische Option<\/strong>: Farbe\/Gr\u00f6\u00dfe\/Logo\/Verpackung<\/p>\n<h2>Von Daily Plasticware Hersteller :<\/h2>\n<p>Gegr\u00fcndet im Jahr 2000,\u00a0<strong>Xinghui<\/strong>\u00a0ist auf die Herstellung und den Gro\u00dfhandel von Lunchboxen, Lebensmittelbeh\u00e4ltern, Trinkgef\u00e4\u00dfen, Haushaltsbeh\u00e4ltern und anderen Kunststoffprodukten des t\u00e4glichen Bedarfs spezialisiert. Wir bieten OEM- &amp; ODM- und E-Commerce-Beschaffungsdienste f\u00fcr Kunden aus einer Hand.<\/p>","protected":false},"featured_media":734,"comment_status":"closed","ping_status":"closed","template":"","meta":{"_acf_changed":false},"product_brand":[],"product_cat":[18],"product_tag":[],"class_list":{"0":"post-729","1":"product","2":"type-product","3":"status-publish","4":"has-post-thumbnail","6":"product_cat-bulk-food-storage-container","8":"first","9":"instock","10":"shipping-taxable","11":"product-type-simple"},"acf":[],"_links":{"self":[{"href":"https:\/\/www.xhplasticlife.com\/de\/wp-json\/wp\/v2\/product\/729","targetHints":{"allow":["GET"]}}],"collection":[{"href":"https:\/\/www.xhplasticlife.com\/de\/wp-json\/wp\/v2\/product"}],"about":[{"href":"https:\/\/www.xhplasticlife.com\/de\/wp-json\/wp\/v2\/types\/product"}],"replies":[{"embeddable":true,"href":"https:\/\/www.xhplasticlife.com\/de\/wp-json\/wp\/v2\/comments?post=729"}],"wp:featuredmedia":[{"embeddable":true,"href":"https:\/\/www.xhplasticlife.com\/de\/wp-json\/wp\/v2\/media\/734"}],"wp:attachment":[{"href":"https:\/\/www.xhplasticlife.com\/de\/wp-json\/wp\/v2\/media?parent=729"}],"wp:term":[{"taxonomy":"product_brand","embeddable":true,"href":"https:\/\/www.xhplasticlife.com\/de\/wp-json\/wp\/v2\/product_brand?post=729"},{"taxonomy":"product_cat","embeddable":true,"href":"https:\/\/www.xhplasticlife.com\/de\/wp-json\/wp\/v2\/product_cat?post=729"},{"taxonomy":"product_tag","embeddable":true,"href":"https:\/\/www.xhplasticlife.com\/de\/wp-json\/wp\/v2\/product_tag?post=729"}],"curies":[{"name":"wp","href":"https:\/\/api.w.org\/{rel}","templated":true}]}}