{"id":719,"date":"2025-07-24T07:45:38","date_gmt":"2025-07-24T07:45:38","guid":{"rendered":"https:\/\/www.xhplasticlife.com\/?post_type=product&#038;p=719"},"modified":"2025-07-24T07:45:39","modified_gmt":"2025-07-24T07:45:39","slug":"round-food-storage-containers-set-bulk","status":"publish","type":"product","link":"https:\/\/www.xhplasticlife.com\/de\/produkt\/round-food-storage-containers-set-bulk\/","title":{"rendered":"Bulk Round Food Storage Containers Set Kunststoff luftdicht Korn Getreide Jar Lieferant"},"content":{"rendered":"<div class=\"wp-block-columns is-layout-flex wp-container-core-columns-is-layout-9d6595d7 wp-block-columns-is-layout-flex\">\n<div class=\"wp-block-column is-layout-flow wp-block-column-is-layout-flow\">\n<h2 class=\"wp-block-heading\">Bulk Round Food Storage Containers Set Eigenschaften:<\/h2>\n\n\n\n<ul class=\"wp-block-list\">\n<li><strong>Rundes Design mit gro\u00dfem Fassungsverm\u00f6gen<\/strong>: runde Fassstruktur, gro\u00dfes Fassungsverm\u00f6gen, geeignet f\u00fcr Getreide, Haferflocken, Trockenfr\u00fcchte usw., ist ein ideales Produkt f\u00fcr die Lagerung von Lebensmitteln in runden Beh\u00e4ltern.<\/li>\n\n\n\n<li><strong>Versiegelter Frischhalte-Deckel<\/strong>: mit einem versiegelten Deckel ausgestattet, der Luft und Feuchtigkeit wirksam isoliert, die Haltbarkeit von Lebensmitteln verl\u00e4ngert und von professionellen Anbietern luftdichter Lebensmittelbeh\u00e4lter empfohlen wird.<\/li>\n\n\n\n<li><strong>Transparentes Geh\u00e4use zur einfachen Identifizierung<\/strong>: Transparentes Kunststoffdesign, bequem f\u00fcr die Kontrolle der verbleibenden Menge, bequem f\u00fcr die t\u00e4gliche Nachschub- und Klassifizierungsverwaltung.<\/li>\n\n\n\n<li><strong>Stapelbar, um Platz zu sparen<\/strong>: Flaches Design, kann stabil gestapelt werden, geeignet f\u00fcr K\u00fcchen, Gro\u00dfk\u00fcchen, Einzelhandelsauslagen und andere Szenarien.<\/li>\n\n\n\n<li><strong>Lebensmittelgeeignetes Material<\/strong>: Hochwertiges PP-Material, BPA-frei, sicher und geruchsneutral, entspricht den Normen f\u00fcr den Kontakt mit Lebensmitteln.<\/li>\n\n\n\n<li><strong>Unterst\u00fctzung des kundenspezifischen Gro\u00dfhandels<\/strong>Als professioneller Anbieter von luftdichten Lebensmittelbeh\u00e4ltern k\u00f6nnen wir OEM-Anpassungen vornehmen, um den Beschaffungsbedarf f\u00fcr verschiedene runde Lebensmittelbeh\u00e4lter zu erf\u00fcllen.<\/li>\n<\/ul>\n<\/div>\n\n\n\n<div class=\"wp-block-column is-layout-flow wp-block-column-is-layout-flow\">\n<figure class=\"wp-block-image size-full\"><img decoding=\"async\" width=\"838\" height=\"838\" src=\"https:\/\/www.xhplasticlife.com\/wp-content\/uploads\/2025\/07\/Bulk-Round-Food-Storage-Containers-Set-1_1.webp\" alt=\"Bulk Round Food Storage Containers Set (1)_1\" class=\"wp-image-721\" srcset=\"https:\/\/www.xhplasticlife.com\/wp-content\/uploads\/2025\/07\/Bulk-Round-Food-Storage-Containers-Set-1_1.webp 838w, https:\/\/www.xhplasticlife.com\/wp-content\/uploads\/2025\/07\/Bulk-Round-Food-Storage-Containers-Set-1_1-300x300.webp 300w, https:\/\/www.xhplasticlife.com\/wp-content\/uploads\/2025\/07\/Bulk-Round-Food-Storage-Containers-Set-1_1-150x150.webp 150w, https:\/\/www.xhplasticlife.com\/wp-content\/uploads\/2025\/07\/Bulk-Round-Food-Storage-Containers-Set-1_1-768x768.webp 768w, https:\/\/www.xhplasticlife.com\/wp-content\/uploads\/2025\/07\/Bulk-Round-Food-Storage-Containers-Set-1_1-600x600.webp 600w, https:\/\/www.xhplasticlife.com\/wp-content\/uploads\/2025\/07\/Bulk-Round-Food-Storage-Containers-Set-1_1-100x100.webp 100w\" sizes=\"(max-width: 838px) 100vw, 838px\" \/><\/figure>\n<\/div>\n<\/div>\n\n\n\n<div class=\"wp-block-columns is-layout-flex wp-container-core-columns-is-layout-9d6595d7 wp-block-columns-is-layout-flex\">\n<div class=\"wp-block-column is-layout-flow wp-block-column-is-layout-flow\">\n<figure class=\"wp-block-image size-full\"><img decoding=\"async\" width=\"800\" height=\"800\" src=\"https:\/\/www.xhplasticlife.com\/wp-content\/uploads\/2025\/07\/Bulk-Round-Food-Storage-Containers-Set-1.webp\" alt=\"Bulk Round Food Storage Containers Set (1)\" class=\"wp-image-720\" srcset=\"https:\/\/www.xhplasticlife.com\/wp-content\/uploads\/2025\/07\/Bulk-Round-Food-Storage-Containers-Set-1.webp 800w, https:\/\/www.xhplasticlife.com\/wp-content\/uploads\/2025\/07\/Bulk-Round-Food-Storage-Containers-Set-1-300x300.webp 300w, https:\/\/www.xhplasticlife.com\/wp-content\/uploads\/2025\/07\/Bulk-Round-Food-Storage-Containers-Set-1-150x150.webp 150w, https:\/\/www.xhplasticlife.com\/wp-content\/uploads\/2025\/07\/Bulk-Round-Food-Storage-Containers-Set-1-768x768.webp 768w, https:\/\/www.xhplasticlife.com\/wp-content\/uploads\/2025\/07\/Bulk-Round-Food-Storage-Containers-Set-1-600x600.webp 600w, https:\/\/www.xhplasticlife.com\/wp-content\/uploads\/2025\/07\/Bulk-Round-Food-Storage-Containers-Set-1-100x100.webp 100w\" sizes=\"(max-width: 800px) 100vw, 800px\" \/><\/figure>\n<\/div>\n\n\n\n<div class=\"wp-block-column is-layout-flow wp-block-column-is-layout-flow\">\n<figure class=\"wp-block-image size-full\"><img decoding=\"async\" width=\"800\" height=\"800\" src=\"https:\/\/www.xhplasticlife.com\/wp-content\/uploads\/2025\/07\/Bulk-Round-Food-Storage-Containers-Set-2.webp\" alt=\"Bulk Round Food Storage Containers Set (2)\" class=\"wp-image-722\" srcset=\"https:\/\/www.xhplasticlife.com\/wp-content\/uploads\/2025\/07\/Bulk-Round-Food-Storage-Containers-Set-2.webp 800w, https:\/\/www.xhplasticlife.com\/wp-content\/uploads\/2025\/07\/Bulk-Round-Food-Storage-Containers-Set-2-300x300.webp 300w, https:\/\/www.xhplasticlife.com\/wp-content\/uploads\/2025\/07\/Bulk-Round-Food-Storage-Containers-Set-2-150x150.webp 150w, https:\/\/www.xhplasticlife.com\/wp-content\/uploads\/2025\/07\/Bulk-Round-Food-Storage-Containers-Set-2-768x768.webp 768w, https:\/\/www.xhplasticlife.com\/wp-content\/uploads\/2025\/07\/Bulk-Round-Food-Storage-Containers-Set-2-600x600.webp 600w, https:\/\/www.xhplasticlife.com\/wp-content\/uploads\/2025\/07\/Bulk-Round-Food-Storage-Containers-Set-2-100x100.webp 100w\" sizes=\"(max-width: 800px) 100vw, 800px\" \/><\/figure>\n<\/div>\n\n\n\n<div class=\"wp-block-column is-layout-flow wp-block-column-is-layout-flow\">\n<figure class=\"wp-block-image size-full\"><img decoding=\"async\" width=\"800\" height=\"800\" src=\"https:\/\/www.xhplasticlife.com\/wp-content\/uploads\/2025\/07\/Bulk-Round-Food-Storage-Containers-Set-3.webp\" alt=\"Bulk Round Food Storage Containers Set (3)\" class=\"wp-image-723\" srcset=\"https:\/\/www.xhplasticlife.com\/wp-content\/uploads\/2025\/07\/Bulk-Round-Food-Storage-Containers-Set-3.webp 800w, https:\/\/www.xhplasticlife.com\/wp-content\/uploads\/2025\/07\/Bulk-Round-Food-Storage-Containers-Set-3-300x300.webp 300w, https:\/\/www.xhplasticlife.com\/wp-content\/uploads\/2025\/07\/Bulk-Round-Food-Storage-Containers-Set-3-150x150.webp 150w, https:\/\/www.xhplasticlife.com\/wp-content\/uploads\/2025\/07\/Bulk-Round-Food-Storage-Containers-Set-3-768x768.webp 768w, https:\/\/www.xhplasticlife.com\/wp-content\/uploads\/2025\/07\/Bulk-Round-Food-Storage-Containers-Set-3-600x600.webp 600w, https:\/\/www.xhplasticlife.com\/wp-content\/uploads\/2025\/07\/Bulk-Round-Food-Storage-Containers-Set-3-100x100.webp 100w\" sizes=\"(max-width: 800px) 100vw, 800px\" \/><\/figure>\n<\/div>\n<\/div>","protected":false},"excerpt":{"rendered":"<p data-start=\"911\" data-end=\"1210\">Willkommen beim Kauf von runden Lebensmittelbeh\u00e4ltern in gro\u00dfen Mengen. Als Anbieter von luftdichten Lebensmittelbeh\u00e4ltern bieten wir BPA-freie Kunststoff-Getreidegl\u00e4ser mit luftdichten Deckeln an, die sich ideal f\u00fcr die Aufbewahrung von Getreide, Trockenfr\u00fcchten und anderen Lebensmitteln eignen. Sie sind stapelbar, platzsparend und lebensmittelecht - perfekt f\u00fcr zu Hause, den Einzelhandel oder die gewerbliche Nutzung.<\/p>\n<h2>Set runder Lebensmittelbeh\u00e4lter Parameter<\/h2>\n<p><strong>Modell<\/strong>: BX1052<br \/>\n<strong>Markenname<\/strong>: Xinghui<br \/>\n<strong>Material<\/strong>: PP+Silikon<br \/>\n<strong>Farbe<\/strong>: Schwarz, Rot und Khaki\/Transparent<br \/>\n<strong>Bruttogewicht<\/strong>: 16.2kg<br \/>\n<strong>Grammatur<\/strong>: 298G<br \/>\n<strong>Box Gr\u00f6\u00dfe<\/strong>: 68x36x56,5cm<br \/>\n<strong>Verpacken<\/strong>: 48St\u00fcck<br \/>\n<strong>OEM\/ODM<\/strong>: Verf\u00fcgbar<br \/>\n<strong>Kundenspezifische Option<\/strong>: Farbe\/Gr\u00f6\u00dfe\/Logo\/Verpackung<\/p>\n<h2>Von Daily Plasticware Hersteller :<\/h2>\n<p>Gegr\u00fcndet im Jahr 2000,\u00a0<strong>Xinghui<\/strong>\u00a0ist auf die Herstellung und den Gro\u00dfhandel von Lunchboxen, Lebensmittelbeh\u00e4ltern, Trinkgef\u00e4\u00dfen, Haushaltsbeh\u00e4ltern und anderen Kunststoffprodukten des t\u00e4glichen Bedarfs spezialisiert. Wir bieten OEM- &amp; ODM- und E-Commerce-Beschaffungsdienste f\u00fcr Kunden aus einer Hand.<\/p>","protected":false},"featured_media":721,"comment_status":"closed","ping_status":"closed","template":"","meta":{"_acf_changed":false},"product_brand":[],"product_cat":[18],"product_tag":[],"class_list":{"0":"post-719","1":"product","2":"type-product","3":"status-publish","4":"has-post-thumbnail","6":"product_cat-bulk-food-storage-container","8":"first","9":"instock","10":"shipping-taxable","11":"product-type-simple"},"acf":[],"_links":{"self":[{"href":"https:\/\/www.xhplasticlife.com\/de\/wp-json\/wp\/v2\/product\/719","targetHints":{"allow":["GET"]}}],"collection":[{"href":"https:\/\/www.xhplasticlife.com\/de\/wp-json\/wp\/v2\/product"}],"about":[{"href":"https:\/\/www.xhplasticlife.com\/de\/wp-json\/wp\/v2\/types\/product"}],"replies":[{"embeddable":true,"href":"https:\/\/www.xhplasticlife.com\/de\/wp-json\/wp\/v2\/comments?post=719"}],"wp:featuredmedia":[{"embeddable":true,"href":"https:\/\/www.xhplasticlife.com\/de\/wp-json\/wp\/v2\/media\/721"}],"wp:attachment":[{"href":"https:\/\/www.xhplasticlife.com\/de\/wp-json\/wp\/v2\/media?parent=719"}],"wp:term":[{"taxonomy":"product_brand","embeddable":true,"href":"https:\/\/www.xhplasticlife.com\/de\/wp-json\/wp\/v2\/product_brand?post=719"},{"taxonomy":"product_cat","embeddable":true,"href":"https:\/\/www.xhplasticlife.com\/de\/wp-json\/wp\/v2\/product_cat?post=719"},{"taxonomy":"product_tag","embeddable":true,"href":"https:\/\/www.xhplasticlife.com\/de\/wp-json\/wp\/v2\/product_tag?post=719"}],"curies":[{"name":"wp","href":"https:\/\/api.w.org\/{rel}","templated":true}]}}