{"id":680,"date":"2025-07-23T18:50:52","date_gmt":"2025-07-23T18:50:52","guid":{"rendered":"https:\/\/www.xhplasticlife.com\/?post_type=product&#038;p=680"},"modified":"2025-07-23T18:51:03","modified_gmt":"2025-07-23T18:51:03","slug":"large-food-storage-containers-bulk","status":"publish","type":"product","link":"https:\/\/www.xhplasticlife.com\/de\/produkt\/large-food-storage-containers-bulk\/","title":{"rendered":"Gro\u00dfe Lebensmittel Lagerung Container Bulk Runde Kunststoff luftdicht Lebensmittel Container Gro\u00dfh\u00e4ndler"},"content":{"rendered":"<div class=\"wp-block-columns is-layout-flex wp-container-core-columns-is-layout-9d6595d7 wp-block-columns-is-layout-flex\">\n<div class=\"wp-block-column is-layout-flow wp-block-column-is-layout-flow\">\n<h2 class=\"wp-block-heading\">Gro\u00dfe Lebensmittelbeh\u00e4lter Merkmale:<\/h2>\n\n\n\n<ul class=\"wp-block-list\">\n<li><strong>Design mit gro\u00dfer Kapazit\u00e4t<\/strong>Extra gro\u00dfes Fassungsverm\u00f6gen, geeignet f\u00fcr die Aufbewahrung von Getreide, Trockenfr\u00fcchten, Mehl, Tierfutter usw., ist die ideale L\u00f6sung f\u00fcr die Aufbewahrung von Lebensmitteln in gro\u00dfen Beh\u00e4ltern.<\/li>\n\n\n\n<li><strong>Versiegelt und feuchtigkeitsbest\u00e4ndig<\/strong>: mit versiegeltem Deckel Design, es effektiv isoliert Luft und Feuchtigkeit, um die Frische der Zutaten zu sch\u00fctzen, ist es ein hei\u00dfer Verkauf luftdicht Lebensmittel Container Gro\u00dfh\u00e4ndler Produkt.<\/li>\n\n\n\n<li><strong>Runde Form, bequeme Stapelung<\/strong>: runde Kanister, die \u00fcbereinander gestapelt werden k\u00f6nnen, um Platz in der K\u00fcche und bei der Aufbewahrung zu sparen, bequem f\u00fcr die Kategorisierung und Lagerung.<\/li>\n\n\n\n<li><strong>Mehrzweck-Szenario<\/strong>Geeignet f\u00fcr eine Vielzahl von Aufbewahrungsbed\u00fcrfnissen in der K\u00fcche, der Speisekammer, im Einzelhandel usw., erf\u00fcllt die Anforderungen an die Aufbewahrung von Lebensmitteln zu Hause und im Handel.<\/li>\n\n\n\n<li><strong>Umweltfreundliches PP-Material<\/strong>Hergestellt aus lebensmittelechtem PP-Kunststoff, ungiftig und geruchlos, robust und langlebig, erf\u00fcllt die Sicherheitsstandards f\u00fcr den Kontakt mit Lebensmitteln.<\/li>\n\n\n\n<li><strong>Unterst\u00fctzung von Gro\u00dfeink\u00e4ufen<\/strong>Als professioneller Gro\u00dfh\u00e4ndler f\u00fcr luftdichte Lebensmittelbeh\u00e4lter bieten wir einen ma\u00dfgeschneiderten OEM-Service an, um die Nachfrage nach gro\u00dfen Mengen an Lebensmittelbeh\u00e4ltern zu befriedigen.<\/li>\n<\/ul>\n<\/div>\n\n\n\n<div class=\"wp-block-column is-layout-flow wp-block-column-is-layout-flow\">\n<figure class=\"wp-block-image size-full\"><img decoding=\"async\" width=\"750\" height=\"780\" src=\"https:\/\/www.xhplasticlife.com\/wp-content\/uploads\/2025\/07\/Large-Food-Storage-Containers-Bulk-1.webp\" alt=\"Gro\u00dfe Lebensmittelbeh\u00e4lter (Bulk) (1)\" class=\"wp-image-704\" srcset=\"https:\/\/www.xhplasticlife.com\/wp-content\/uploads\/2025\/07\/Large-Food-Storage-Containers-Bulk-1.webp 750w, https:\/\/www.xhplasticlife.com\/wp-content\/uploads\/2025\/07\/Large-Food-Storage-Containers-Bulk-1-288x300.webp 288w, https:\/\/www.xhplasticlife.com\/wp-content\/uploads\/2025\/07\/Large-Food-Storage-Containers-Bulk-1-600x624.webp 600w\" sizes=\"(max-width: 750px) 100vw, 750px\" \/><\/figure>\n<\/div>\n<\/div>\n\n\n\n<h2 class=\"wp-block-heading\">Bulk Large Food Storage Containers Gr\u00f6\u00dfe:<\/h2>\n\n\n\n<figure class=\"wp-block-table is-style-stripes\"><table class=\"has-fixed-layout\"><tbody><tr><td>Modell<\/td><td>Kapazit\u00e4t<\/td><td>N.W.\/PCS<\/td><td>G.W.\/Fall<\/td><td>Menge pro Karton<\/td><td>\u00c4u\u00dfere Gr\u00f6\u00dfe der Box<\/td><\/tr><tr><td>BX1044<\/td><td>130ML<\/td><td>12,8 kg<\/td><td>100G<\/td><td>100St\u00fcck<\/td><td>57x48x82cm<\/td><\/tr><tr><td>BX1045<\/td><td>2100ML<\/td><td>9,9 kg<\/td><td>134G<\/td><td>60St\u00fcck<\/td><td>72x43x70cm<\/td><\/tr><tr><td>BX1046<\/td><td>3100ML<\/td><td>11kg<\/td><td>190G<\/td><td>48St\u00fcck<\/td><td>70X52X74cm<\/td><\/tr><\/tbody><\/table><\/figure>\n\n\n\n<div class=\"wp-block-columns is-layout-flex wp-container-core-columns-is-layout-9d6595d7 wp-block-columns-is-layout-flex\">\n<div class=\"wp-block-column is-layout-flow wp-block-column-is-layout-flow\">\n<figure class=\"wp-block-image size-full\"><img decoding=\"async\" width=\"800\" height=\"800\" src=\"https:\/\/www.xhplasticlife.com\/wp-content\/uploads\/2025\/07\/1300ml-Large-Food-Storage-Containers-Bulk-BX1044-1.webp\" alt=\"1300ml gro\u00dfe Beh\u00e4lter zur Aufbewahrung von Lebensmitteln Bulk-BX1044 (1)\" class=\"wp-image-695\" srcset=\"https:\/\/www.xhplasticlife.com\/wp-content\/uploads\/2025\/07\/1300ml-Large-Food-Storage-Containers-Bulk-BX1044-1.webp 800w, https:\/\/www.xhplasticlife.com\/wp-content\/uploads\/2025\/07\/1300ml-Large-Food-Storage-Containers-Bulk-BX1044-1-300x300.webp 300w, https:\/\/www.xhplasticlife.com\/wp-content\/uploads\/2025\/07\/1300ml-Large-Food-Storage-Containers-Bulk-BX1044-1-150x150.webp 150w, https:\/\/www.xhplasticlife.com\/wp-content\/uploads\/2025\/07\/1300ml-Large-Food-Storage-Containers-Bulk-BX1044-1-768x768.webp 768w, https:\/\/www.xhplasticlife.com\/wp-content\/uploads\/2025\/07\/1300ml-Large-Food-Storage-Containers-Bulk-BX1044-1-600x600.webp 600w, https:\/\/www.xhplasticlife.com\/wp-content\/uploads\/2025\/07\/1300ml-Large-Food-Storage-Containers-Bulk-BX1044-1-100x100.webp 100w\" sizes=\"(max-width: 800px) 100vw, 800px\" \/><\/figure>\n<\/div>\n\n\n\n<div class=\"wp-block-column is-layout-flow wp-block-column-is-layout-flow\">\n<figure class=\"wp-block-image size-full\"><img decoding=\"async\" width=\"800\" height=\"800\" src=\"https:\/\/www.xhplasticlife.com\/wp-content\/uploads\/2025\/07\/2100ml-Large-Food-Storage-Containers-Bulk-BX1045.webp\" alt=\"\" class=\"wp-image-700\" srcset=\"https:\/\/www.xhplasticlife.com\/wp-content\/uploads\/2025\/07\/2100ml-Large-Food-Storage-Containers-Bulk-BX1045.webp 800w, https:\/\/www.xhplasticlife.com\/wp-content\/uploads\/2025\/07\/2100ml-Large-Food-Storage-Containers-Bulk-BX1045-300x300.webp 300w, https:\/\/www.xhplasticlife.com\/wp-content\/uploads\/2025\/07\/2100ml-Large-Food-Storage-Containers-Bulk-BX1045-150x150.webp 150w, https:\/\/www.xhplasticlife.com\/wp-content\/uploads\/2025\/07\/2100ml-Large-Food-Storage-Containers-Bulk-BX1045-768x768.webp 768w, https:\/\/www.xhplasticlife.com\/wp-content\/uploads\/2025\/07\/2100ml-Large-Food-Storage-Containers-Bulk-BX1045-600x600.webp 600w, https:\/\/www.xhplasticlife.com\/wp-content\/uploads\/2025\/07\/2100ml-Large-Food-Storage-Containers-Bulk-BX1045-100x100.webp 100w\" sizes=\"(max-width: 800px) 100vw, 800px\" \/><\/figure>\n<\/div>\n\n\n\n<div class=\"wp-block-column is-layout-flow wp-block-column-is-layout-flow\">\n<figure class=\"wp-block-image size-full\"><img decoding=\"async\" width=\"800\" height=\"800\" src=\"https:\/\/www.xhplasticlife.com\/wp-content\/uploads\/2025\/07\/3100ml-Large-Food-Storage-Containers-Bulk-BX1046.webp\" alt=\"\" class=\"wp-image-703\" srcset=\"https:\/\/www.xhplasticlife.com\/wp-content\/uploads\/2025\/07\/3100ml-Large-Food-Storage-Containers-Bulk-BX1046.webp 800w, https:\/\/www.xhplasticlife.com\/wp-content\/uploads\/2025\/07\/3100ml-Large-Food-Storage-Containers-Bulk-BX1046-300x300.webp 300w, https:\/\/www.xhplasticlife.com\/wp-content\/uploads\/2025\/07\/3100ml-Large-Food-Storage-Containers-Bulk-BX1046-150x150.webp 150w, https:\/\/www.xhplasticlife.com\/wp-content\/uploads\/2025\/07\/3100ml-Large-Food-Storage-Containers-Bulk-BX1046-768x768.webp 768w, https:\/\/www.xhplasticlife.com\/wp-content\/uploads\/2025\/07\/3100ml-Large-Food-Storage-Containers-Bulk-BX1046-600x600.webp 600w, https:\/\/www.xhplasticlife.com\/wp-content\/uploads\/2025\/07\/3100ml-Large-Food-Storage-Containers-Bulk-BX1046-100x100.webp 100w\" sizes=\"(max-width: 800px) 100vw, 800px\" \/><\/figure>\n<\/div>\n<\/div>","protected":false},"excerpt":{"rendered":"<p>Willkommen zum Kauf von gro\u00dfen Lebensmittelbeh\u00e4ltern in gro\u00dfen Mengen. Als Gro\u00dfh\u00e4ndler f\u00fcr luftdichte Lebensmittelbeh\u00e4lter bieten wir BPA-freie Kunststoffdosen mit sicheren Deckeln an - ideal f\u00fcr die Aufbewahrung von Getreide, K\u00f6rnern, Trockenfr\u00fcchten und Vorratsdosen. Stapelbar, platzsparend und langlebig, perfekt f\u00fcr die K\u00fcche, den Einzelhandel oder die gewerbliche Gro\u00dflagerung.<\/p>\n<h2>Gro\u00dfe Lebensmittelbeh\u00e4lter Parameter<\/h2>\n<p><strong>Modell<\/strong>: BX1044-BX1046<br \/><strong>Markenname<\/strong>: Xinghui<br \/><strong>Material<\/strong>: PP+Silikon<br \/><strong>Farbe<\/strong>: Schwarz, Rot und Khaki\/Transparent<br \/><strong>OEM\/ODM<\/strong>: Verf\u00fcgbar<br \/><strong>Kundenspezifische Option<\/strong>: Farbe\/Gr\u00f6\u00dfe\/Logo\/Verpackung<\/p>\n<h2>Von Lebensmittel Lagerung Container Hersteller :<\/h2>\n<p>Gegr\u00fcndet im Jahr 2000,<a href=\"https:\/\/www.xhplasticlife.com\/de\/\">\u00a0<strong>Xinghui<\/strong><\/a>\u00a0ist auf die Herstellung und den Gro\u00dfhandel von Lunchboxen, Lebensmittelbeh\u00e4ltern, Trinkgef\u00e4\u00dfen, Haushaltsbeh\u00e4ltern und anderen Kunststoffprodukten des t\u00e4glichen Bedarfs spezialisiert. Wir bieten OEM- &amp; ODM- und E-Commerce-Beschaffungsdienste f\u00fcr Kunden aus einer Hand.<\/p>","protected":false},"featured_media":705,"comment_status":"closed","ping_status":"closed","template":"","meta":{"_acf_changed":false},"product_brand":[],"product_cat":[18],"product_tag":[],"class_list":{"0":"post-680","1":"product","2":"type-product","3":"status-publish","4":"has-post-thumbnail","6":"product_cat-bulk-food-storage-container","8":"first","9":"instock","10":"shipping-taxable","11":"product-type-simple"},"acf":[],"_links":{"self":[{"href":"https:\/\/www.xhplasticlife.com\/de\/wp-json\/wp\/v2\/product\/680","targetHints":{"allow":["GET"]}}],"collection":[{"href":"https:\/\/www.xhplasticlife.com\/de\/wp-json\/wp\/v2\/product"}],"about":[{"href":"https:\/\/www.xhplasticlife.com\/de\/wp-json\/wp\/v2\/types\/product"}],"replies":[{"embeddable":true,"href":"https:\/\/www.xhplasticlife.com\/de\/wp-json\/wp\/v2\/comments?post=680"}],"wp:featuredmedia":[{"embeddable":true,"href":"https:\/\/www.xhplasticlife.com\/de\/wp-json\/wp\/v2\/media\/705"}],"wp:attachment":[{"href":"https:\/\/www.xhplasticlife.com\/de\/wp-json\/wp\/v2\/media?parent=680"}],"wp:term":[{"taxonomy":"product_brand","embeddable":true,"href":"https:\/\/www.xhplasticlife.com\/de\/wp-json\/wp\/v2\/product_brand?post=680"},{"taxonomy":"product_cat","embeddable":true,"href":"https:\/\/www.xhplasticlife.com\/de\/wp-json\/wp\/v2\/product_cat?post=680"},{"taxonomy":"product_tag","embeddable":true,"href":"https:\/\/www.xhplasticlife.com\/de\/wp-json\/wp\/v2\/product_tag?post=680"}],"curies":[{"name":"wp","href":"https:\/\/api.w.org\/{rel}","templated":true}]}}