{"id":665,"date":"2025-07-23T18:12:55","date_gmt":"2025-07-23T18:12:55","guid":{"rendered":"https:\/\/www.xhplasticlife.com\/?post_type=product&#038;p=665"},"modified":"2025-07-23T18:44:01","modified_gmt":"2025-07-23T18:44:01","slug":"round-storage-containers-wholesale","status":"publish","type":"product","link":"https:\/\/www.xhplasticlife.com\/de\/produkt\/round-storage-containers-wholesale\/","title":{"rendered":"Runde Lagerung Container Gro\u00dfhandel PP Lebensmittel Container mit Snap Lock"},"content":{"rendered":"<div class=\"wp-block-columns is-layout-flex wp-container-core-columns-is-layout-9d6595d7 wp-block-columns-is-layout-flex\">\n<div class=\"wp-block-column is-layout-flow wp-block-column-is-layout-flow\">\n<h2 class=\"wp-block-heading\">Gro\u00dfhandel Runde Lagerung Container Merkmale:<\/h2>\n\n\n\n<ul class=\"wp-block-list\">\n<li><strong>Rundes Design Praktisch und tragbar<\/strong>: mit runder Struktur, ist es geeignet f\u00fcr die Lagerung aller Arten von Suppen, Snacks, Saucen, etc., ist es ein hei\u00dfer Verkauf runde Lagerbeh\u00e4lter Gro\u00dfhandel Produkt.<\/li>\n\n\n\n<li><strong>Sicheres PP-Material<\/strong>: Hergestellt aus lebensmittelechtem PP-Kunststoff, leicht und langlebig, BPA-frei, geeignet f\u00fcr den t\u00e4glichen Mehrfachgebrauch, idealer PP-Lebensmittelbeh\u00e4lter mit Schnappverschluss.<\/li>\n\n\n\n<li><strong>Versiegelter und auslaufsicherer Deckel<\/strong>: Ausgestattet mit einem vierseitig verschlie\u00dfbaren Deckel, hat er eine starke Dichtungsleistung und verhindert effektiv das Auslaufen, was f\u00fcr Mittagessen zum Mitnehmen oder Picknicks geeignet ist.<\/li>\n\n\n\n<li><strong>Unterst\u00fctzung der Mikrowellenerw\u00e4rmung<\/strong>Der Beh\u00e4lter kann direkt in der Mikrowelle erw\u00e4rmt werden, ist einfach zu benutzen und eignet sich f\u00fcr ein schnelles Leben und die Zubereitung von Mahlzeiten.<\/li>\n\n\n\n<li><strong>Stapelbare Lagerung<\/strong>: Stapelbares Design spart Platz, geeignet f\u00fcr K\u00fcche, gewerbliche K\u00fchlung, Lieferung zum Mitnehmen und andere Multiszenarien.<\/li>\n\n\n\n<li><strong>Geeignet f\u00fcr Gro\u00dfeinkauf<\/strong>: Unterst\u00fctzung OEM-Anpassung, langfristige Versorgung runde Lagerbeh\u00e4lter Gro\u00dfhandel mit Bulk-PP-Lebensmittel-Container mit Schnappverschluss bestellen, geeignet f\u00fcr Markeninhaber und H\u00e4ndler zu kaufen.<\/li>\n<\/ul>\n<\/div>\n\n\n\n<div class=\"wp-block-column is-layout-flow wp-block-column-is-layout-flow\">\n<figure class=\"wp-block-image size-full\"><img decoding=\"async\" width=\"720\" height=\"720\" src=\"https:\/\/www.xhplasticlife.com\/wp-content\/uploads\/2025\/07\/Round-Storage-Containers-Wholesale-manufacturer-2.webp\" alt=\"Runde Lagercontainer Gro\u00dfhandel-Hersteller (2)\" class=\"wp-image-676\" srcset=\"https:\/\/www.xhplasticlife.com\/wp-content\/uploads\/2025\/07\/Round-Storage-Containers-Wholesale-manufacturer-2.webp 720w, https:\/\/www.xhplasticlife.com\/wp-content\/uploads\/2025\/07\/Round-Storage-Containers-Wholesale-manufacturer-2-300x300.webp 300w, https:\/\/www.xhplasticlife.com\/wp-content\/uploads\/2025\/07\/Round-Storage-Containers-Wholesale-manufacturer-2-150x150.webp 150w, https:\/\/www.xhplasticlife.com\/wp-content\/uploads\/2025\/07\/Round-Storage-Containers-Wholesale-manufacturer-2-600x600.webp 600w, https:\/\/www.xhplasticlife.com\/wp-content\/uploads\/2025\/07\/Round-Storage-Containers-Wholesale-manufacturer-2-100x100.webp 100w\" sizes=\"(max-width: 720px) 100vw, 720px\" \/><\/figure>\n<\/div>\n<\/div>\n\n\n\n<h2 class=\"wp-block-heading\">Sch\u00fcttgutbeh\u00e4lter f\u00fcr runde Lagerung Gr\u00f6\u00dfe:<\/h2>\n\n\n\n<figure class=\"wp-block-table is-style-stripes\"><table class=\"has-fixed-layout\"><tbody><tr><td>Modell<\/td><td>Kapazit\u00e4t<\/td><td>N.W.\/PCS<\/td><td>G.W.\/Fall<\/td><td>Menge pro Karton<\/td><td>\u00c4u\u00dfere Gr\u00f6\u00dfe der Box<\/td><\/tr><tr><td>BX1041<\/td><td>450ML<\/td><td>10,3 kg<\/td><td>68G<\/td><td>120St\u00fcck<\/td><td>59X35X61cm<\/td><\/tr><tr><td>BX1042<\/td><td>800ML<\/td><td>9,8 kg<\/td><td>90G<\/td><td>84St\u00fcck<\/td><td>59,5\u00d743,5\u00d754,5cm<\/td><\/tr><tr><td>BX1043<\/td><td>1400ML<\/td><td>11,6 kg<\/td><td>132KG<\/td><td>72St\u00fcck<\/td><td>68X52X54cm<\/td><\/tr><\/tbody><\/table><\/figure>\n\n\n\n<div class=\"wp-block-columns is-layout-flex wp-container-core-columns-is-layout-9d6595d7 wp-block-columns-is-layout-flex\">\n<div class=\"wp-block-column is-layout-flow wp-block-column-is-layout-flow\">\n<figure class=\"wp-block-image size-full\"><img decoding=\"async\" width=\"800\" height=\"800\" src=\"https:\/\/www.xhplasticlife.com\/wp-content\/uploads\/2025\/07\/450ml-Round-Storage-Containers-Wholesale-BX1041.webp\" alt=\"450ml Runde Lagerung Container Gro\u00dfhandel -BX1041\" class=\"wp-image-668\" srcset=\"https:\/\/www.xhplasticlife.com\/wp-content\/uploads\/2025\/07\/450ml-Round-Storage-Containers-Wholesale-BX1041.webp 800w, https:\/\/www.xhplasticlife.com\/wp-content\/uploads\/2025\/07\/450ml-Round-Storage-Containers-Wholesale-BX1041-300x300.webp 300w, https:\/\/www.xhplasticlife.com\/wp-content\/uploads\/2025\/07\/450ml-Round-Storage-Containers-Wholesale-BX1041-150x150.webp 150w, https:\/\/www.xhplasticlife.com\/wp-content\/uploads\/2025\/07\/450ml-Round-Storage-Containers-Wholesale-BX1041-768x768.webp 768w, https:\/\/www.xhplasticlife.com\/wp-content\/uploads\/2025\/07\/450ml-Round-Storage-Containers-Wholesale-BX1041-600x600.webp 600w, https:\/\/www.xhplasticlife.com\/wp-content\/uploads\/2025\/07\/450ml-Round-Storage-Containers-Wholesale-BX1041-100x100.webp 100w\" sizes=\"(max-width: 800px) 100vw, 800px\" \/><\/figure>\n<\/div>\n\n\n\n<div class=\"wp-block-column is-layout-flow wp-block-column-is-layout-flow\">\n<figure class=\"wp-block-image size-full\"><img decoding=\"async\" width=\"800\" height=\"800\" src=\"https:\/\/www.xhplasticlife.com\/wp-content\/uploads\/2025\/07\/800ml-Round-Storage-Containers-Wholesale-BX1042-1.webp\" alt=\"800ml Runde Lagerbeh\u00e4lter Gro\u00dfhandel -BX1042 (1)\" class=\"wp-image-669\" srcset=\"https:\/\/www.xhplasticlife.com\/wp-content\/uploads\/2025\/07\/800ml-Round-Storage-Containers-Wholesale-BX1042-1.webp 800w, https:\/\/www.xhplasticlife.com\/wp-content\/uploads\/2025\/07\/800ml-Round-Storage-Containers-Wholesale-BX1042-1-300x300.webp 300w, https:\/\/www.xhplasticlife.com\/wp-content\/uploads\/2025\/07\/800ml-Round-Storage-Containers-Wholesale-BX1042-1-150x150.webp 150w, https:\/\/www.xhplasticlife.com\/wp-content\/uploads\/2025\/07\/800ml-Round-Storage-Containers-Wholesale-BX1042-1-768x768.webp 768w, https:\/\/www.xhplasticlife.com\/wp-content\/uploads\/2025\/07\/800ml-Round-Storage-Containers-Wholesale-BX1042-1-600x600.webp 600w, https:\/\/www.xhplasticlife.com\/wp-content\/uploads\/2025\/07\/800ml-Round-Storage-Containers-Wholesale-BX1042-1-100x100.webp 100w\" sizes=\"(max-width: 800px) 100vw, 800px\" \/><\/figure>\n<\/div>\n\n\n\n<div class=\"wp-block-column is-layout-flow wp-block-column-is-layout-flow\">\n<figure class=\"wp-block-image size-full\"><img decoding=\"async\" width=\"800\" height=\"800\" src=\"https:\/\/www.xhplasticlife.com\/wp-content\/uploads\/2025\/07\/1400ml-Round-Storage-Containers-Wholesale-BX1043-2.webp\" alt=\"1400ml Runde Lagerbeh\u00e4lter Gro\u00dfhandel -BX1043 (2)\" class=\"wp-image-673\" srcset=\"https:\/\/www.xhplasticlife.com\/wp-content\/uploads\/2025\/07\/1400ml-Round-Storage-Containers-Wholesale-BX1043-2.webp 800w, https:\/\/www.xhplasticlife.com\/wp-content\/uploads\/2025\/07\/1400ml-Round-Storage-Containers-Wholesale-BX1043-2-300x300.webp 300w, https:\/\/www.xhplasticlife.com\/wp-content\/uploads\/2025\/07\/1400ml-Round-Storage-Containers-Wholesale-BX1043-2-150x150.webp 150w, https:\/\/www.xhplasticlife.com\/wp-content\/uploads\/2025\/07\/1400ml-Round-Storage-Containers-Wholesale-BX1043-2-768x768.webp 768w, https:\/\/www.xhplasticlife.com\/wp-content\/uploads\/2025\/07\/1400ml-Round-Storage-Containers-Wholesale-BX1043-2-600x600.webp 600w, https:\/\/www.xhplasticlife.com\/wp-content\/uploads\/2025\/07\/1400ml-Round-Storage-Containers-Wholesale-BX1043-2-100x100.webp 100w\" sizes=\"(max-width: 800px) 100vw, 800px\" \/><\/figure>\n<\/div>\n<\/div>","protected":false},"excerpt":{"rendered":"<p>Willkommen zum Kauf runder Vorratsbeh\u00e4lter Gro\u00dfhandel. Unsere gro\u00dfen PP-Lebensmittelbeh\u00e4lter mit Schnappverschluss sind aus BPA-freiem PP-Material, luftdicht mit Schnappdeckel, mikrowellengeeignet und perfekt f\u00fcr die Aufbewahrung von So\u00dfen, Snacks, Suppen oder Mahlzeit Vorbereitung. Das stapelbare Design macht sie ideal f\u00fcr den Einsatz in der K\u00fcche, f\u00fcr Lebensmittellieferungen oder f\u00fcr den kommerziellen Gro\u00dfbedarf.<\/p>\n<h2>Gro\u00dfhandel Runde Lagerung Container Parameter<\/h2>\n<p><strong>Modell<\/strong>: BX1041-BX1043 <strong>Markenname<\/strong>: Xinghui <strong>Material<\/strong>: PP+Silikon <strong>Farbe<\/strong>: Schwarz, Rot und Khaki\/Transparent <strong>OEM\/ODM<\/strong>: Verf\u00fcgbar <strong>Kundenspezifische Option<\/strong>: Farbe\/Gr\u00f6\u00dfe\/Logo\/Verpackung<\/p>\n<h2>Von Lebensmittel Lagerung Container Hersteller :<\/h2>\n<p>Gegr\u00fcndet im Jahr 2000,<a href=\"https:\/\/www.xhplasticlife.com\/de\/\">\u00a0<strong>Xinghui<\/strong><\/a>\u00a0ist auf die Herstellung und den Gro\u00dfhandel von Lunchboxen, Lebensmittelbeh\u00e4ltern, Trinkgef\u00e4\u00dfen, Haushaltsbeh\u00e4ltern und anderen Kunststoffprodukten des t\u00e4glichen Bedarfs spezialisiert. Wir bieten OEM- &amp; ODM- und E-Commerce-Beschaffungsdienste f\u00fcr Kunden aus einer Hand.<\/p>","protected":false},"featured_media":677,"comment_status":"closed","ping_status":"closed","template":"","meta":{"_acf_changed":false},"product_brand":[],"product_cat":[18],"product_tag":[],"class_list":{"0":"post-665","1":"product","2":"type-product","3":"status-publish","4":"has-post-thumbnail","6":"product_cat-bulk-food-storage-container","8":"first","9":"instock","10":"shipping-taxable","11":"product-type-simple"},"acf":[],"_links":{"self":[{"href":"https:\/\/www.xhplasticlife.com\/de\/wp-json\/wp\/v2\/product\/665","targetHints":{"allow":["GET"]}}],"collection":[{"href":"https:\/\/www.xhplasticlife.com\/de\/wp-json\/wp\/v2\/product"}],"about":[{"href":"https:\/\/www.xhplasticlife.com\/de\/wp-json\/wp\/v2\/types\/product"}],"replies":[{"embeddable":true,"href":"https:\/\/www.xhplasticlife.com\/de\/wp-json\/wp\/v2\/comments?post=665"}],"wp:featuredmedia":[{"embeddable":true,"href":"https:\/\/www.xhplasticlife.com\/de\/wp-json\/wp\/v2\/media\/677"}],"wp:attachment":[{"href":"https:\/\/www.xhplasticlife.com\/de\/wp-json\/wp\/v2\/media?parent=665"}],"wp:term":[{"taxonomy":"product_brand","embeddable":true,"href":"https:\/\/www.xhplasticlife.com\/de\/wp-json\/wp\/v2\/product_brand?post=665"},{"taxonomy":"product_cat","embeddable":true,"href":"https:\/\/www.xhplasticlife.com\/de\/wp-json\/wp\/v2\/product_cat?post=665"},{"taxonomy":"product_tag","embeddable":true,"href":"https:\/\/www.xhplasticlife.com\/de\/wp-json\/wp\/v2\/product_tag?post=665"}],"curies":[{"name":"wp","href":"https:\/\/api.w.org\/{rel}","templated":true}]}}