{"id":659,"date":"2025-07-23T16:52:41","date_gmt":"2025-07-23T16:52:41","guid":{"rendered":"https:\/\/www.xhplasticlife.com\/?post_type=product&#038;p=659"},"modified":"2025-07-23T16:52:59","modified_gmt":"2025-07-23T16:52:59","slug":"glass-food-storage-containers-bulk","status":"publish","type":"product","link":"https:\/\/www.xhplasticlife.com\/de\/produkt\/glass-food-storage-containers-bulk\/","title":{"rendered":"Gro\u00dfhandel Glas Food Storage Containers Set mit Deckel, Safe luftdicht Lunch Box Set"},"content":{"rendered":"<div class=\"wp-block-columns is-layout-flex wp-container-core-columns-is-layout-9d6595d7 wp-block-columns-is-layout-flex\">\n<div class=\"wp-block-column is-layout-flow wp-block-column-is-layout-flow\">\n<h2 class=\"wp-block-heading\">Gro\u00dfhandel Glas Food Storage Containers Eigenschaften:<\/h2>\n\n\n\n<ul class=\"wp-block-list\">\n<li><strong>Werkstoff Hochborosilikatglas<\/strong>Hergestellt aus hochwertigem Borosilikatglas, hochtemperaturbest\u00e4ndig und resistent gegen Hitze- und K\u00e4lteschocks, geeignet f\u00fcr Mikrowellenerhitzung und Tiefk\u00fchlung, ist es ein beliebtes Produkt f\u00fcr die Zubereitung von Mahlzeiten in Glasbeh\u00e4ltern.<\/li>\n\n\n\n<li><strong>Mehrere Formen verf\u00fcgbar<\/strong>: Runde, quadratische, rechteckige und andere Spezifikationen stehen zur Verf\u00fcgung, um verschiedene Lagerungsbed\u00fcrfnisse zu erf\u00fcllen, die eine flexible und praktische Wahl f\u00fcr Gro\u00dfhandel Glas Lebensmittel Lagerung Container ist.<\/li>\n\n\n\n<li><strong>Versiegelt und auslaufsicher<\/strong>: Der passende, versiegelte Deckel ist luftdicht und bewahrt die Frische. Er eignet sich zum Mitnehmen oder zur Aufbewahrung von Lebensmitteln.<\/li>\n\n\n\n<li><strong>Mikrowellengeeignet und ofenfest<\/strong>: Die Glasbox ist mikrowellen- und backofengeeignet (der Deckel muss abgenommen werden) und verbindet Gesundheit und Komfort.<\/li>\n\n\n\n<li><strong>Leicht zu reinigen und geruchsneutral<\/strong>: Die Glasoberfl\u00e4che ist glatt und geruchsneutral, sp\u00fclmaschinenfest und f\u00fcr eine h\u00e4ufige Wiederverwendung geeignet.<\/li>\n\n\n\n<li><strong>Geeignet f\u00fcr Gro\u00dfeinkauf<\/strong>: Gro\u00dfhandel mit Glasbeh\u00e4ltern zur Aufbewahrung von Lebensmitteln und Glasbeh\u00e4ltern f\u00fcr die Zubereitung von Mahlzeiten in gro\u00dfen Mengen, die f\u00fcr Einzelh\u00e4ndler und Marken geeignet sind, um individuelle Eink\u00e4ufe zu t\u00e4tigen.<\/li>\n<\/ul>\n<\/div>\n\n\n\n<div class=\"wp-block-column is-layout-flow wp-block-column-is-layout-flow\">\n<figure class=\"wp-block-image size-full\"><img decoding=\"async\" width=\"1070\" height=\"1070\" src=\"https:\/\/www.xhplasticlife.com\/wp-content\/uploads\/2025\/07\/Wholesale-Glass-Food-Storage-Containers-Sizes.webp\" alt=\"Gro\u00dfhandel Glas Lebensmittel Lagerung Container Gr\u00f6\u00dfen\" class=\"wp-image-664\" srcset=\"https:\/\/www.xhplasticlife.com\/wp-content\/uploads\/2025\/07\/Wholesale-Glass-Food-Storage-Containers-Sizes.webp 1070w, https:\/\/www.xhplasticlife.com\/wp-content\/uploads\/2025\/07\/Wholesale-Glass-Food-Storage-Containers-Sizes-300x300.webp 300w, https:\/\/www.xhplasticlife.com\/wp-content\/uploads\/2025\/07\/Wholesale-Glass-Food-Storage-Containers-Sizes-150x150.webp 150w, https:\/\/www.xhplasticlife.com\/wp-content\/uploads\/2025\/07\/Wholesale-Glass-Food-Storage-Containers-Sizes-768x768.webp 768w, https:\/\/www.xhplasticlife.com\/wp-content\/uploads\/2025\/07\/Wholesale-Glass-Food-Storage-Containers-Sizes-600x600.webp 600w, https:\/\/www.xhplasticlife.com\/wp-content\/uploads\/2025\/07\/Wholesale-Glass-Food-Storage-Containers-Sizes-100x100.webp 100w\" sizes=\"(max-width: 1070px) 100vw, 1070px\" \/><\/figure>\n<\/div>\n<\/div>\n\n\n\n<p><\/p>","protected":false},"excerpt":{"rendered":"<p>Willkommen im Gro\u00dfhandel Glas Lebensmittel Lagerung Container zu kaufen. Unsere Glasbeh\u00e4lter f\u00fcr die Zubereitung von Mahlzeiten sind aus hitzebest\u00e4ndigem Borosilikatglas gefertigt, mit luftdichten Deckeln und verschiedenen Formen. Sie sind mikrowellen- und sp\u00fclmaschinengeeignet und eignen sich ideal f\u00fcr die Zubereitung von Mahlzeiten, die Lagerung oder die Lieferung von Lebensmitteln in gro\u00dfen Mengen.<\/p>\n<h2>Lebensmittelbeh\u00e4lter aus Glas Parameter<\/h2>\n<p><strong>Modell<\/strong>: BX1021-BX1029<br \/>\n<strong>Markenname<\/strong>: Xinghui<br \/>\n<strong>Material<\/strong>: Hoch Borosilikatglas+Kunststoff<br \/>\n<strong>Kapazit\u00e4t<\/strong>: 320ml-1040ml<br \/>\n<strong>Farbe<\/strong>: Rosa\/Blau\/Schwarz<br \/>\n<strong>Verpacken<\/strong>: Farbe Box Verpackung<br \/>\n<strong>OEM\/ODM<\/strong>: Verf\u00fcgbar<br \/>\n<strong>Kundenspezifische Option<\/strong>: Farbe\/Gr\u00f6\u00dfe\/Logo\/Verpackung<\/p>\n<h2>Von Daily Plasticware Hersteller :<\/h2>\n<p>Gegr\u00fcndet im Jahr 2000,\u00a0<strong>Xinghui<\/strong>\u00a0ist auf die Herstellung und den Gro\u00dfhandel von Lunchboxen, Lebensmittelbeh\u00e4ltern, Trinkgef\u00e4\u00dfen, Haushaltsbeh\u00e4ltern und anderen Kunststoffprodukten des t\u00e4glichen Bedarfs spezialisiert. Wir bieten OEM- &amp; ODM- und E-Commerce-Beschaffungsdienste f\u00fcr Kunden aus einer Hand.<\/p>","protected":false},"featured_media":663,"comment_status":"closed","ping_status":"closed","template":"","meta":{"_acf_changed":false},"product_brand":[],"product_cat":[17,18],"product_tag":[],"class_list":{"0":"post-659","1":"product","2":"type-product","3":"status-publish","4":"has-post-thumbnail","6":"product_cat-wholesale-lunch-boxes","7":"product_cat-bulk-food-storage-container","9":"first","10":"instock","11":"shipping-taxable","12":"product-type-simple"},"acf":[],"_links":{"self":[{"href":"https:\/\/www.xhplasticlife.com\/de\/wp-json\/wp\/v2\/product\/659","targetHints":{"allow":["GET"]}}],"collection":[{"href":"https:\/\/www.xhplasticlife.com\/de\/wp-json\/wp\/v2\/product"}],"about":[{"href":"https:\/\/www.xhplasticlife.com\/de\/wp-json\/wp\/v2\/types\/product"}],"replies":[{"embeddable":true,"href":"https:\/\/www.xhplasticlife.com\/de\/wp-json\/wp\/v2\/comments?post=659"}],"wp:featuredmedia":[{"embeddable":true,"href":"https:\/\/www.xhplasticlife.com\/de\/wp-json\/wp\/v2\/media\/663"}],"wp:attachment":[{"href":"https:\/\/www.xhplasticlife.com\/de\/wp-json\/wp\/v2\/media?parent=659"}],"wp:term":[{"taxonomy":"product_brand","embeddable":true,"href":"https:\/\/www.xhplasticlife.com\/de\/wp-json\/wp\/v2\/product_brand?post=659"},{"taxonomy":"product_cat","embeddable":true,"href":"https:\/\/www.xhplasticlife.com\/de\/wp-json\/wp\/v2\/product_cat?post=659"},{"taxonomy":"product_tag","embeddable":true,"href":"https:\/\/www.xhplasticlife.com\/de\/wp-json\/wp\/v2\/product_tag?post=659"}],"curies":[{"name":"wp","href":"https:\/\/api.w.org\/{rel}","templated":true}]}}