{"id":635,"date":"2025-07-23T15:54:51","date_gmt":"2025-07-23T15:54:51","guid":{"rendered":"https:\/\/www.xhplasticlife.com\/?post_type=product&#038;p=635"},"modified":"2025-07-23T16:03:11","modified_gmt":"2025-07-23T16:03:11","slug":"best-bulk-meal-prep-containers","status":"publish","type":"product","link":"https:\/\/www.xhplasticlife.com\/de\/produkt\/best-bulk-meal-prep-containers\/","title":{"rendered":"Beste Bulk Mahlzeit Prep Container Gro\u00dfhandel Kunststoff Gefrierschrank Lagerung Container"},"content":{"rendered":"<div class=\"wp-block-columns is-layout-flex wp-container-core-columns-is-layout-9d6595d7 wp-block-columns-is-layout-flex\">\n<div class=\"wp-block-column is-layout-flow wp-block-column-is-layout-flow\">\n<h2 class=\"wp-block-heading\">Bulk Meal Prep Containers Eigenschaften:<\/h2>\n\n\n\n<ul class=\"wp-block-list\">\n<li><strong>Effizientes Werkzeug f\u00fcr die Mahlzeitenzubereitung<\/strong>Die praktische L\u00f6sung f\u00fcr die Zubereitung von Mahlzeiten in gro\u00dfen Mengen ist ein Beh\u00e4lter mit mehreren F\u00e4chern, der sich f\u00fcr die Portionierung von Zutaten und die Zubereitung von Mahlzeiten eignet.<\/li>\n\n\n\n<li><strong>Gefroren und mikrowellengeeignet<\/strong>: unterst\u00fctzt die Tiefk\u00fchllagerung und die Erw\u00e4rmung in der Mikrowelle, passt sich an eine Vielzahl von Szenarien an und ist ein hei\u00df begehrtes Gro\u00dfhandelsprodukt f\u00fcr Gefrierbeh\u00e4lter aus Kunststoff.<\/li>\n\n\n\n<li><strong>Abnehmbare Konstruktion<\/strong>: Mit herausnehmbaren Trennw\u00e4nden, frei kombinierbar, leicht zu reinigen und flexibel in der Anwendung, verbessert die Effizienz der Essenszubereitung.<\/li>\n\n\n\n<li><strong>Mit Wasserfilterungsfunktion<\/strong>Der Boden ist mit einem Wasserfilterkasten ausgestattet, um die Zutaten trocken und frisch zu halten, geeignet f\u00fcr die kategorisierte Lagerung von Obst, Gem\u00fcse, Fleisch usw.<\/li>\n\n\n\n<li><strong>Stapelbar und platzsparend<\/strong>: Die stapelbare Aufbewahrungsstruktur eignet sich f\u00fcr die Organisation des K\u00fchlschranks und die Verwaltung des Platzes in der K\u00fcche und ist f\u00fcr die Aufbewahrung zu Hause oder im Gesch\u00e4ft geeignet.<\/li>\n\n\n\n<li><strong>Sicheres und umweltfreundliches Material<\/strong>Hergestellt aus BPA-freiem Kunststoff, sicher und geruchlos, geeignet f\u00fcr Unternehmen und Markeninhaber, die gro\u00dfe Mahlzeit Vorbereitung Container mit Kunststoff-Gefrierschrank Lagerbeh\u00e4lter Gro\u00dfhandel Sourcing ben\u00f6tigen.<\/li>\n<\/ul>\n<\/div>\n\n\n\n<div class=\"wp-block-column is-layout-flow wp-block-column-is-layout-flow\">\n<figure class=\"wp-block-image size-full\"><img decoding=\"async\" width=\"750\" height=\"750\" src=\"https:\/\/www.xhplasticlife.com\/wp-content\/uploads\/2025\/07\/Best-Bulk-Meal-Prep-Containers-Wholesale-2.webp\" alt=\"Best Bulk Meal Prep Containers Gro\u00dfhandel (2)\" class=\"wp-image-656\" srcset=\"https:\/\/www.xhplasticlife.com\/wp-content\/uploads\/2025\/07\/Best-Bulk-Meal-Prep-Containers-Wholesale-2.webp 750w, https:\/\/www.xhplasticlife.com\/wp-content\/uploads\/2025\/07\/Best-Bulk-Meal-Prep-Containers-Wholesale-2-300x300.webp 300w, https:\/\/www.xhplasticlife.com\/wp-content\/uploads\/2025\/07\/Best-Bulk-Meal-Prep-Containers-Wholesale-2-150x150.webp 150w, https:\/\/www.xhplasticlife.com\/wp-content\/uploads\/2025\/07\/Best-Bulk-Meal-Prep-Containers-Wholesale-2-600x600.webp 600w, https:\/\/www.xhplasticlife.com\/wp-content\/uploads\/2025\/07\/Best-Bulk-Meal-Prep-Containers-Wholesale-2-100x100.webp 100w\" sizes=\"(max-width: 750px) 100vw, 750px\" \/><\/figure>\n<\/div>\n<\/div>\n\n\n\n<h2 class=\"wp-block-heading\">Gro\u00dfhandel Mahlzeit Prep Container Gr\u00f6\u00dfe:<\/h2>\n\n\n\n<figure class=\"wp-block-table is-style-stripes\"><table class=\"has-fixed-layout\"><tbody><tr><td>Modell<\/td><td>Strukturen<\/td><td>N.W.\/PCS<\/td><td>G.W.\/Fall<\/td><\/tr><tr><td>BX1094<\/td><td>2 Fach<\/td><td>195G<\/td><td>15.5KG<\/td><\/tr><tr><td>BX1095<\/td><td>3 Fach<\/td><td>203G<\/td><td>16KG<\/td><\/tr><tr><td>BX1096<\/td><td>4 Fach<\/td><td>212G<\/td><td>16.6KG<\/td><\/tr><tr><td>BX1097<\/td><td>2 F\u00e4cher mit Abflussl\u00f6chern<\/td><td>185G<\/td><td>14.7KG<\/td><\/tr><tr><td>BX1098<\/td><td>3 F\u00e4cher mit Abflussloch<\/td><td>192G<\/td><td>15.2KG<\/td><\/tr><tr><td>BX1099<\/td><td>4 F\u00e4cher mit Abflussloch<\/td><td>199G<\/td><td>15.6KG<\/td><\/tr><\/tbody><\/table><\/figure>\n\n\n\n<div class=\"wp-block-columns is-layout-flex wp-container-core-columns-is-layout-9d6595d7 wp-block-columns-is-layout-flex\">\n<div class=\"wp-block-column is-layout-flow wp-block-column-is-layout-flow\"><div class=\"wp-block-image\">\n<figure class=\"aligncenter size-full\"><img decoding=\"async\" width=\"800\" height=\"800\" src=\"https:\/\/www.xhplasticlife.com\/wp-content\/uploads\/2025\/07\/2-compartment-meal-prep-containers-in-Bulk.webp\" alt=\"2-Fach-Mahlzeit Vorbereitung Container in Bulk\" class=\"wp-image-648\" srcset=\"https:\/\/www.xhplasticlife.com\/wp-content\/uploads\/2025\/07\/2-compartment-meal-prep-containers-in-Bulk.webp 800w, https:\/\/www.xhplasticlife.com\/wp-content\/uploads\/2025\/07\/2-compartment-meal-prep-containers-in-Bulk-300x300.webp 300w, https:\/\/www.xhplasticlife.com\/wp-content\/uploads\/2025\/07\/2-compartment-meal-prep-containers-in-Bulk-150x150.webp 150w, https:\/\/www.xhplasticlife.com\/wp-content\/uploads\/2025\/07\/2-compartment-meal-prep-containers-in-Bulk-768x768.webp 768w, https:\/\/www.xhplasticlife.com\/wp-content\/uploads\/2025\/07\/2-compartment-meal-prep-containers-in-Bulk-600x600.webp 600w, https:\/\/www.xhplasticlife.com\/wp-content\/uploads\/2025\/07\/2-compartment-meal-prep-containers-in-Bulk-100x100.webp 100w\" sizes=\"(max-width: 800px) 100vw, 800px\" \/><figcaption class=\"wp-element-caption\">BX1094<\/figcaption><\/figure>\n<\/div><\/div>\n\n\n\n<div class=\"wp-block-column is-layout-flow wp-block-column-is-layout-flow\"><div class=\"wp-block-image\">\n<figure class=\"aligncenter size-full\"><img decoding=\"async\" width=\"800\" height=\"800\" src=\"https:\/\/www.xhplasticlife.com\/wp-content\/uploads\/2025\/07\/3-compartment-meal-prep-containers-Wholesale.webp\" alt=\"3-Fach-Mahlzeit prep Container Gro\u00dfhandel\" class=\"wp-image-650\" srcset=\"https:\/\/www.xhplasticlife.com\/wp-content\/uploads\/2025\/07\/3-compartment-meal-prep-containers-Wholesale.webp 800w, https:\/\/www.xhplasticlife.com\/wp-content\/uploads\/2025\/07\/3-compartment-meal-prep-containers-Wholesale-300x300.webp 300w, https:\/\/www.xhplasticlife.com\/wp-content\/uploads\/2025\/07\/3-compartment-meal-prep-containers-Wholesale-150x150.webp 150w, https:\/\/www.xhplasticlife.com\/wp-content\/uploads\/2025\/07\/3-compartment-meal-prep-containers-Wholesale-768x768.webp 768w, https:\/\/www.xhplasticlife.com\/wp-content\/uploads\/2025\/07\/3-compartment-meal-prep-containers-Wholesale-600x600.webp 600w, https:\/\/www.xhplasticlife.com\/wp-content\/uploads\/2025\/07\/3-compartment-meal-prep-containers-Wholesale-100x100.webp 100w\" sizes=\"(max-width: 800px) 100vw, 800px\" \/><figcaption class=\"wp-element-caption\">BX1095<\/figcaption><\/figure>\n<\/div><\/div>\n\n\n\n<div class=\"wp-block-column is-layout-flow wp-block-column-is-layout-flow\"><div class=\"wp-block-image\">\n<figure class=\"aligncenter size-full\"><img decoding=\"async\" width=\"800\" height=\"800\" src=\"https:\/\/www.xhplasticlife.com\/wp-content\/uploads\/2025\/07\/4-compartment-meal-prep-containers-Wholesale.webp\" alt=\"4-Fach-Mahlzeit prep Container Gro\u00dfhandel\" class=\"wp-image-652\" srcset=\"https:\/\/www.xhplasticlife.com\/wp-content\/uploads\/2025\/07\/4-compartment-meal-prep-containers-Wholesale.webp 800w, https:\/\/www.xhplasticlife.com\/wp-content\/uploads\/2025\/07\/4-compartment-meal-prep-containers-Wholesale-300x300.webp 300w, https:\/\/www.xhplasticlife.com\/wp-content\/uploads\/2025\/07\/4-compartment-meal-prep-containers-Wholesale-150x150.webp 150w, https:\/\/www.xhplasticlife.com\/wp-content\/uploads\/2025\/07\/4-compartment-meal-prep-containers-Wholesale-768x768.webp 768w, https:\/\/www.xhplasticlife.com\/wp-content\/uploads\/2025\/07\/4-compartment-meal-prep-containers-Wholesale-600x600.webp 600w, https:\/\/www.xhplasticlife.com\/wp-content\/uploads\/2025\/07\/4-compartment-meal-prep-containers-Wholesale-100x100.webp 100w\" sizes=\"(max-width: 800px) 100vw, 800px\" \/><figcaption class=\"wp-element-caption\">BX1096<\/figcaption><\/figure>\n<\/div><\/div>\n<\/div>\n\n\n\n<div class=\"wp-block-columns is-layout-flex wp-container-core-columns-is-layout-9d6595d7 wp-block-columns-is-layout-flex\">\n<div class=\"wp-block-column is-layout-flow wp-block-column-is-layout-flow\"><div class=\"wp-block-image\">\n<figure class=\"aligncenter size-full\"><img decoding=\"async\" width=\"800\" height=\"800\" src=\"https:\/\/www.xhplasticlife.com\/wp-content\/uploads\/2025\/07\/2-compartment-meal-prep-containers-with-drain-hole.webp\" alt=\"2-Fach-Mahlzeitsbeh\u00e4lter mit Ablaufloch\" class=\"wp-image-649\" srcset=\"https:\/\/www.xhplasticlife.com\/wp-content\/uploads\/2025\/07\/2-compartment-meal-prep-containers-with-drain-hole.webp 800w, https:\/\/www.xhplasticlife.com\/wp-content\/uploads\/2025\/07\/2-compartment-meal-prep-containers-with-drain-hole-300x300.webp 300w, https:\/\/www.xhplasticlife.com\/wp-content\/uploads\/2025\/07\/2-compartment-meal-prep-containers-with-drain-hole-150x150.webp 150w, https:\/\/www.xhplasticlife.com\/wp-content\/uploads\/2025\/07\/2-compartment-meal-prep-containers-with-drain-hole-768x768.webp 768w, https:\/\/www.xhplasticlife.com\/wp-content\/uploads\/2025\/07\/2-compartment-meal-prep-containers-with-drain-hole-600x600.webp 600w, https:\/\/www.xhplasticlife.com\/wp-content\/uploads\/2025\/07\/2-compartment-meal-prep-containers-with-drain-hole-100x100.webp 100w\" sizes=\"(max-width: 800px) 100vw, 800px\" \/><figcaption class=\"wp-element-caption\">BX1097<\/figcaption><\/figure>\n<\/div><\/div>\n\n\n\n<div class=\"wp-block-column is-layout-flow wp-block-column-is-layout-flow\"><div class=\"wp-block-image\">\n<figure class=\"aligncenter size-full\"><img decoding=\"async\" width=\"800\" height=\"800\" src=\"https:\/\/www.xhplasticlife.com\/wp-content\/uploads\/2025\/07\/3-compartment-meal-prep-containers-with-drain-hole.webp\" alt=\"3-Fach-Mahlzeitsbeh\u00e4lter mit Ablaufloch\" class=\"wp-image-651\" srcset=\"https:\/\/www.xhplasticlife.com\/wp-content\/uploads\/2025\/07\/3-compartment-meal-prep-containers-with-drain-hole.webp 800w, https:\/\/www.xhplasticlife.com\/wp-content\/uploads\/2025\/07\/3-compartment-meal-prep-containers-with-drain-hole-300x300.webp 300w, https:\/\/www.xhplasticlife.com\/wp-content\/uploads\/2025\/07\/3-compartment-meal-prep-containers-with-drain-hole-150x150.webp 150w, https:\/\/www.xhplasticlife.com\/wp-content\/uploads\/2025\/07\/3-compartment-meal-prep-containers-with-drain-hole-768x768.webp 768w, https:\/\/www.xhplasticlife.com\/wp-content\/uploads\/2025\/07\/3-compartment-meal-prep-containers-with-drain-hole-600x600.webp 600w, https:\/\/www.xhplasticlife.com\/wp-content\/uploads\/2025\/07\/3-compartment-meal-prep-containers-with-drain-hole-100x100.webp 100w\" sizes=\"(max-width: 800px) 100vw, 800px\" \/><figcaption class=\"wp-element-caption\">BX1098<\/figcaption><\/figure>\n<\/div><\/div>\n\n\n\n<div class=\"wp-block-column is-layout-flow wp-block-column-is-layout-flow\"><div class=\"wp-block-image\">\n<figure class=\"aligncenter size-full\"><img decoding=\"async\" width=\"800\" height=\"800\" src=\"https:\/\/www.xhplasticlife.com\/wp-content\/uploads\/2025\/07\/4-compartment-meal-prep-containers-with-drain-hole.webp\" alt=\"4-Fach-Mahlzeitsbeh\u00e4lter mit Ablaufloch\" class=\"wp-image-653\" srcset=\"https:\/\/www.xhplasticlife.com\/wp-content\/uploads\/2025\/07\/4-compartment-meal-prep-containers-with-drain-hole.webp 800w, https:\/\/www.xhplasticlife.com\/wp-content\/uploads\/2025\/07\/4-compartment-meal-prep-containers-with-drain-hole-300x300.webp 300w, https:\/\/www.xhplasticlife.com\/wp-content\/uploads\/2025\/07\/4-compartment-meal-prep-containers-with-drain-hole-150x150.webp 150w, https:\/\/www.xhplasticlife.com\/wp-content\/uploads\/2025\/07\/4-compartment-meal-prep-containers-with-drain-hole-768x768.webp 768w, https:\/\/www.xhplasticlife.com\/wp-content\/uploads\/2025\/07\/4-compartment-meal-prep-containers-with-drain-hole-600x600.webp 600w, https:\/\/www.xhplasticlife.com\/wp-content\/uploads\/2025\/07\/4-compartment-meal-prep-containers-with-drain-hole-100x100.webp 100w\" sizes=\"(max-width: 800px) 100vw, 800px\" \/><figcaption class=\"wp-element-caption\">BX1099<\/figcaption><\/figure>\n<\/div><\/div>\n<\/div>\n\n\n\n<p><\/p>","protected":false},"excerpt":{"rendered":"<p>Willkommen beim Kauf von Gro\u00dfbeh\u00e4ltern zur Vorbereitung von Mahlzeiten. Unsere Gefrierschrank-Beh\u00e4lter aus Kunststoff sind aus BPA-freiem Material, mit herausnehmbaren F\u00e4chern und eingebauten Auffangschalen. Sie sind mikrowellengeeignet und stapelbar, ideal f\u00fcr die Zubereitung von Speisen, die Lagerung und die Verwendung in der Gro\u00dfk\u00fcche.<\/p>\n<h2>Gro\u00dfhandel Mahlzeit Prep Container Parameter<\/h2>\n<p><strong>Modell<\/strong>: BX1094-BX1099<br \/>\n<strong>Markenname<\/strong>: Xinghui<br \/>\n<strong>Material<\/strong>: PP<br \/>\n<strong>Dimension<\/strong>: 1.4L<br \/>\n<strong>Farbe<\/strong>: Schwarz+Wei\u00df+Transparent oder individuell<br \/>\n<strong>Gr\u00f6\u00dfe<\/strong>: 20.3cm*15cm*6.5cm<br \/>\n<strong>Box Gr\u00f6\u00dfe<\/strong>: 59,5\u00d743,5\u00d753,5cm<br \/>\n<strong>Verpacken<\/strong>: 72St\u00fcck<br \/>\n<strong>OEM\/ODM<\/strong>: Verf\u00fcgbar<br \/>\n<strong>Kundenspezifische Option<\/strong>: Farbe\/Gr\u00f6\u00dfe\/Logo\/Verpackung<\/p>\n<h2>Von Lebensmittel Lagerung Container Hersteller :<\/h2>\n<p>Gegr\u00fcndet im Jahr 2000,<a href=\"https:\/\/www.xhplasticlife.com\/de\/\">\u00a0<strong>Xinghui<\/strong><\/a>\u00a0ist auf die Herstellung und den Gro\u00dfhandel von Lunchboxen, Lebensmittelbeh\u00e4ltern, Trinkgef\u00e4\u00dfen, Haushaltsbeh\u00e4ltern und anderen Kunststoffprodukten des t\u00e4glichen Bedarfs spezialisiert. Wir bieten OEM- &amp; ODM- und E-Commerce-Beschaffungsdienste f\u00fcr Kunden aus einer Hand.<\/p>","protected":false},"featured_media":655,"comment_status":"closed","ping_status":"closed","template":"","meta":{"_acf_changed":false},"product_brand":[],"product_cat":[18],"product_tag":[],"class_list":{"0":"post-635","1":"product","2":"type-product","3":"status-publish","4":"has-post-thumbnail","6":"product_cat-bulk-food-storage-container","8":"first","9":"instock","10":"shipping-taxable","11":"product-type-simple"},"acf":[],"_links":{"self":[{"href":"https:\/\/www.xhplasticlife.com\/de\/wp-json\/wp\/v2\/product\/635","targetHints":{"allow":["GET"]}}],"collection":[{"href":"https:\/\/www.xhplasticlife.com\/de\/wp-json\/wp\/v2\/product"}],"about":[{"href":"https:\/\/www.xhplasticlife.com\/de\/wp-json\/wp\/v2\/types\/product"}],"replies":[{"embeddable":true,"href":"https:\/\/www.xhplasticlife.com\/de\/wp-json\/wp\/v2\/comments?post=635"}],"wp:featuredmedia":[{"embeddable":true,"href":"https:\/\/www.xhplasticlife.com\/de\/wp-json\/wp\/v2\/media\/655"}],"wp:attachment":[{"href":"https:\/\/www.xhplasticlife.com\/de\/wp-json\/wp\/v2\/media?parent=635"}],"wp:term":[{"taxonomy":"product_brand","embeddable":true,"href":"https:\/\/www.xhplasticlife.com\/de\/wp-json\/wp\/v2\/product_brand?post=635"},{"taxonomy":"product_cat","embeddable":true,"href":"https:\/\/www.xhplasticlife.com\/de\/wp-json\/wp\/v2\/product_cat?post=635"},{"taxonomy":"product_tag","embeddable":true,"href":"https:\/\/www.xhplasticlife.com\/de\/wp-json\/wp\/v2\/product_tag?post=635"}],"curies":[{"name":"wp","href":"https:\/\/api.w.org\/{rel}","templated":true}]}}