{"id":622,"date":"2025-07-23T15:13:19","date_gmt":"2025-07-23T15:13:19","guid":{"rendered":"https:\/\/www.xhplasticlife.com\/?post_type=product&#038;p=622"},"modified":"2025-07-23T15:13:20","modified_gmt":"2025-07-23T15:13:20","slug":"bulk-freezer-storage-containers","status":"publish","type":"product","link":"https:\/\/www.xhplasticlife.com\/de\/produkt\/bulk-freezer-storage-containers\/","title":{"rendered":"Bulk Gefrierschrank Lagerung Container 1.4L Kunststoff K\u00fchlschrank Lagerung Boxen Hersteller"},"content":{"rendered":"<div class=\"wp-block-columns is-layout-flex wp-container-core-columns-is-layout-9d6595d7 wp-block-columns-is-layout-flex\">\n<div class=\"wp-block-column is-layout-flow wp-block-column-is-layout-flow\">\n<h2 class=\"wp-block-heading\">Bulk Freezer Storage Containers Merkmale:<\/h2>\n\n\n\n<ul class=\"wp-block-list\">\n<li><strong>Multifunktionale Lagerung<\/strong>Die Box kann zum K\u00fchlen, Einfrieren und Erw\u00e4rmen in der Mikrowelle verwendet werden. Eine Box kann f\u00fcr mehrere Zwecke verwendet werden und eignet sich f\u00fcr die Organisation von verschiedenen Zutaten, sie ist eine kosteneffektive Wahl f\u00fcr gro\u00dfe Gefrierbeh\u00e4lter.<\/li>\n\n\n\n<li><strong>Herausnehmbares Abteil<\/strong>: Enth\u00e4lt herausnehmbare Trennw\u00e4nde, um die Zutaten frei zu trennen, einfach zu kategorisieren und zu organisieren, um die Effizienz der K\u00fchlschranknutzung zu verbessern.<\/li>\n\n\n\n<li><strong>Optional mit Wasserfilterausf\u00fchrung<\/strong>: mit Drainagestruktur am Boden, um Lebensmittel trocken zu halten, geeignet f\u00fcr die Lagerung verschiedener Zutaten wie Obst und Gem\u00fcse, Fleisch usw.<\/li>\n\n\n\n<li><strong>Langlebiges Material<\/strong>Hergestellt aus hochwertigem Kunststoff, BPA-frei, sicher und zuverl\u00e4ssig, ist es ein hei\u00dfer Verkauf von Kunststoff-K\u00fchlschrank Aufbewahrungsboxen Gro\u00dfhandel Produkt.<\/li>\n\n\n\n<li><strong>Stapelbar und platzsparend<\/strong>Stapelbares Design, spart effektiv Platz im K\u00fchlschrank, geeignet f\u00fcr die heimische K\u00fcche und den Catering-Raum f\u00fcr den Einsatz in gro\u00dfen Mengen.<\/li>\n\n\n\n<li><strong>Unterst\u00fctzung der Gro\u00dfhandelsanpassung<\/strong>: Fabrik direkt liefern, bieten OEM \/ ODM-Service, geeignet f\u00fcr K\u00e4ufer und Markeninhaber, die f\u00fcr Bulk-Gefrierschrank Lagerbeh\u00e4lter mit Kunststoff-K\u00fchlschrank Lagerboxen Gro\u00dfhandel suchen.<\/li>\n<\/ul>\n<\/div>\n\n\n\n<div class=\"wp-block-column is-layout-flow wp-block-column-is-layout-flow\">\n<figure class=\"wp-block-image size-full\"><img decoding=\"async\" width=\"800\" height=\"800\" src=\"https:\/\/www.xhplasticlife.com\/wp-content\/uploads\/2025\/07\/Bulk-Freezer-Storage-Containers-Manufacturer-4.webp\" alt=\"Bulk Gefrierschrank Lagerung Container Hersteller (4)\" class=\"wp-image-632\" srcset=\"https:\/\/www.xhplasticlife.com\/wp-content\/uploads\/2025\/07\/Bulk-Freezer-Storage-Containers-Manufacturer-4.webp 800w, https:\/\/www.xhplasticlife.com\/wp-content\/uploads\/2025\/07\/Bulk-Freezer-Storage-Containers-Manufacturer-4-300x300.webp 300w, https:\/\/www.xhplasticlife.com\/wp-content\/uploads\/2025\/07\/Bulk-Freezer-Storage-Containers-Manufacturer-4-150x150.webp 150w, https:\/\/www.xhplasticlife.com\/wp-content\/uploads\/2025\/07\/Bulk-Freezer-Storage-Containers-Manufacturer-4-768x768.webp 768w, https:\/\/www.xhplasticlife.com\/wp-content\/uploads\/2025\/07\/Bulk-Freezer-Storage-Containers-Manufacturer-4-600x600.webp 600w, https:\/\/www.xhplasticlife.com\/wp-content\/uploads\/2025\/07\/Bulk-Freezer-Storage-Containers-Manufacturer-4-100x100.webp 100w\" sizes=\"(max-width: 800px) 100vw, 800px\" \/><\/figure>\n<\/div>\n<\/div>\n\n\n\n<h2 class=\"wp-block-heading\">Bulk Freezer Storage Containers Gr\u00f6\u00dfe:<\/h2>\n\n\n\n<figure class=\"wp-block-table is-style-stripes\"><table class=\"has-fixed-layout\"><tbody><tr><td>Modell<\/td><td>Strukturen<\/td><td>N.W.\/PCS<\/td><td>G.W.\/Fall<\/td><\/tr><tr><td>BX1094<\/td><td>2 Fach<\/td><td>195G<\/td><td>15.5KG<\/td><\/tr><tr><td>BX1095<\/td><td>3 Fach<\/td><td>203G<\/td><td>16KG<\/td><\/tr><tr><td>BX1096<\/td><td>4 Fach<\/td><td>212G<\/td><td>16.6KG<\/td><\/tr><tr><td>BX1097<\/td><td>2 F\u00e4cher mit Abflussl\u00f6chern<\/td><td>185G<\/td><td>14.7KG<\/td><\/tr><tr><td>BX1098<\/td><td>3 F\u00e4cher mit Abflussloch<\/td><td>192G<\/td><td>15.2KG<\/td><\/tr><tr><td>BX1099<\/td><td>4 F\u00e4cher mit Abflussloch<\/td><td>199G<\/td><td>15.6KG<\/td><\/tr><\/tbody><\/table><\/figure>\n\n\n\n<div class=\"wp-block-columns is-layout-flex wp-container-core-columns-is-layout-9d6595d7 wp-block-columns-is-layout-flex\">\n<div class=\"wp-block-column is-layout-flow wp-block-column-is-layout-flow\"><div class=\"wp-block-image\">\n<figure class=\"aligncenter size-full\"><img decoding=\"async\" width=\"800\" height=\"800\" src=\"https:\/\/www.xhplasticlife.com\/wp-content\/uploads\/2025\/07\/2-compartment-food-containers-Wholesale.webp\" alt=\"2-Fach-Lebensmittelbeh\u00e4lter Gro\u00dfhandel\" class=\"wp-image-623\" srcset=\"https:\/\/www.xhplasticlife.com\/wp-content\/uploads\/2025\/07\/2-compartment-food-containers-Wholesale.webp 800w, https:\/\/www.xhplasticlife.com\/wp-content\/uploads\/2025\/07\/2-compartment-food-containers-Wholesale-300x300.webp 300w, https:\/\/www.xhplasticlife.com\/wp-content\/uploads\/2025\/07\/2-compartment-food-containers-Wholesale-150x150.webp 150w, https:\/\/www.xhplasticlife.com\/wp-content\/uploads\/2025\/07\/2-compartment-food-containers-Wholesale-768x768.webp 768w, https:\/\/www.xhplasticlife.com\/wp-content\/uploads\/2025\/07\/2-compartment-food-containers-Wholesale-600x600.webp 600w, https:\/\/www.xhplasticlife.com\/wp-content\/uploads\/2025\/07\/2-compartment-food-containers-Wholesale-100x100.webp 100w\" sizes=\"(max-width: 800px) 100vw, 800px\" \/><figcaption class=\"wp-element-caption\">BX1094<\/figcaption><\/figure>\n<\/div><\/div>\n\n\n\n<div class=\"wp-block-column is-layout-flow wp-block-column-is-layout-flow\"><div class=\"wp-block-image\">\n<figure class=\"aligncenter size-full\"><img decoding=\"async\" width=\"800\" height=\"800\" src=\"https:\/\/www.xhplasticlife.com\/wp-content\/uploads\/2025\/07\/3compartment-food-containers-wholesale-2.webp\" alt=\"3Kammer-Lebensmittelbeh\u00e4lter Gro\u00dfhandel-2\" class=\"wp-image-626\" srcset=\"https:\/\/www.xhplasticlife.com\/wp-content\/uploads\/2025\/07\/3compartment-food-containers-wholesale-2.webp 800w, https:\/\/www.xhplasticlife.com\/wp-content\/uploads\/2025\/07\/3compartment-food-containers-wholesale-2-300x300.webp 300w, https:\/\/www.xhplasticlife.com\/wp-content\/uploads\/2025\/07\/3compartment-food-containers-wholesale-2-150x150.webp 150w, https:\/\/www.xhplasticlife.com\/wp-content\/uploads\/2025\/07\/3compartment-food-containers-wholesale-2-768x768.webp 768w, https:\/\/www.xhplasticlife.com\/wp-content\/uploads\/2025\/07\/3compartment-food-containers-wholesale-2-600x600.webp 600w, https:\/\/www.xhplasticlife.com\/wp-content\/uploads\/2025\/07\/3compartment-food-containers-wholesale-2-100x100.webp 100w\" sizes=\"(max-width: 800px) 100vw, 800px\" \/><figcaption class=\"wp-element-caption\">BX1095<\/figcaption><\/figure>\n<\/div><\/div>\n\n\n\n<div class=\"wp-block-column is-layout-flow wp-block-column-is-layout-flow\"><div class=\"wp-block-image\">\n<figure class=\"aligncenter size-full\"><img decoding=\"async\" width=\"800\" height=\"800\" src=\"https:\/\/www.xhplasticlife.com\/wp-content\/uploads\/2025\/07\/4-compartment-food-containers-wholesale.webp\" alt=\"4-Fach-Lebensmittelbeh\u00e4lter im Gro\u00dfhandel\" class=\"wp-image-627\" srcset=\"https:\/\/www.xhplasticlife.com\/wp-content\/uploads\/2025\/07\/4-compartment-food-containers-wholesale.webp 800w, https:\/\/www.xhplasticlife.com\/wp-content\/uploads\/2025\/07\/4-compartment-food-containers-wholesale-300x300.webp 300w, https:\/\/www.xhplasticlife.com\/wp-content\/uploads\/2025\/07\/4-compartment-food-containers-wholesale-150x150.webp 150w, https:\/\/www.xhplasticlife.com\/wp-content\/uploads\/2025\/07\/4-compartment-food-containers-wholesale-768x768.webp 768w, https:\/\/www.xhplasticlife.com\/wp-content\/uploads\/2025\/07\/4-compartment-food-containers-wholesale-600x600.webp 600w, https:\/\/www.xhplasticlife.com\/wp-content\/uploads\/2025\/07\/4-compartment-food-containers-wholesale-100x100.webp 100w\" sizes=\"(max-width: 800px) 100vw, 800px\" \/><figcaption class=\"wp-element-caption\">BX1096<\/figcaption><\/figure>\n<\/div><\/div>\n<\/div>\n\n\n\n<div class=\"wp-block-columns is-layout-flex wp-container-core-columns-is-layout-9d6595d7 wp-block-columns-is-layout-flex\">\n<div class=\"wp-block-column is-layout-flow wp-block-column-is-layout-flow\"><div class=\"wp-block-image\">\n<figure class=\"aligncenter size-full\"><img decoding=\"async\" width=\"800\" height=\"800\" src=\"https:\/\/www.xhplasticlife.com\/wp-content\/uploads\/2025\/07\/2-compartment-food-containers-with-Drain-Hole-wholesale.webp\" alt=\"2-Fach-Lebensmittelbeh\u00e4lter mit Abflussloch im Gro\u00dfhandel\" class=\"wp-image-624\" srcset=\"https:\/\/www.xhplasticlife.com\/wp-content\/uploads\/2025\/07\/2-compartment-food-containers-with-Drain-Hole-wholesale.webp 800w, https:\/\/www.xhplasticlife.com\/wp-content\/uploads\/2025\/07\/2-compartment-food-containers-with-Drain-Hole-wholesale-300x300.webp 300w, https:\/\/www.xhplasticlife.com\/wp-content\/uploads\/2025\/07\/2-compartment-food-containers-with-Drain-Hole-wholesale-150x150.webp 150w, https:\/\/www.xhplasticlife.com\/wp-content\/uploads\/2025\/07\/2-compartment-food-containers-with-Drain-Hole-wholesale-768x768.webp 768w, https:\/\/www.xhplasticlife.com\/wp-content\/uploads\/2025\/07\/2-compartment-food-containers-with-Drain-Hole-wholesale-600x600.webp 600w, https:\/\/www.xhplasticlife.com\/wp-content\/uploads\/2025\/07\/2-compartment-food-containers-with-Drain-Hole-wholesale-100x100.webp 100w\" sizes=\"(max-width: 800px) 100vw, 800px\" \/><figcaption class=\"wp-element-caption\">BX1097<\/figcaption><\/figure>\n<\/div><\/div>\n\n\n\n<div class=\"wp-block-column is-layout-flow wp-block-column-is-layout-flow\"><div class=\"wp-block-image\">\n<figure class=\"aligncenter size-full\"><img decoding=\"async\" width=\"800\" height=\"800\" src=\"https:\/\/www.xhplasticlife.com\/wp-content\/uploads\/2025\/07\/3-compartment-food-containers-with-Drain-Hole.webp\" alt=\"3-Fach-Lebensmittelbeh\u00e4lter mit Abflussloch\" class=\"wp-image-625\" srcset=\"https:\/\/www.xhplasticlife.com\/wp-content\/uploads\/2025\/07\/3-compartment-food-containers-with-Drain-Hole.webp 800w, https:\/\/www.xhplasticlife.com\/wp-content\/uploads\/2025\/07\/3-compartment-food-containers-with-Drain-Hole-300x300.webp 300w, https:\/\/www.xhplasticlife.com\/wp-content\/uploads\/2025\/07\/3-compartment-food-containers-with-Drain-Hole-150x150.webp 150w, https:\/\/www.xhplasticlife.com\/wp-content\/uploads\/2025\/07\/3-compartment-food-containers-with-Drain-Hole-768x768.webp 768w, https:\/\/www.xhplasticlife.com\/wp-content\/uploads\/2025\/07\/3-compartment-food-containers-with-Drain-Hole-600x600.webp 600w, https:\/\/www.xhplasticlife.com\/wp-content\/uploads\/2025\/07\/3-compartment-food-containers-with-Drain-Hole-100x100.webp 100w\" sizes=\"(max-width: 800px) 100vw, 800px\" \/><figcaption class=\"wp-element-caption\">BX1098<\/figcaption><\/figure>\n<\/div><\/div>\n\n\n\n<div class=\"wp-block-column is-layout-flow wp-block-column-is-layout-flow\"><div class=\"wp-block-image\">\n<figure class=\"aligncenter size-full\"><img decoding=\"async\" width=\"800\" height=\"800\" src=\"https:\/\/www.xhplasticlife.com\/wp-content\/uploads\/2025\/07\/4-compartment-food-containers-with-Drain-Hole.webp\" alt=\"4-Fach-Lebensmittelbeh\u00e4lter mit Abflussloch\" class=\"wp-image-628\" srcset=\"https:\/\/www.xhplasticlife.com\/wp-content\/uploads\/2025\/07\/4-compartment-food-containers-with-Drain-Hole.webp 800w, https:\/\/www.xhplasticlife.com\/wp-content\/uploads\/2025\/07\/4-compartment-food-containers-with-Drain-Hole-300x300.webp 300w, https:\/\/www.xhplasticlife.com\/wp-content\/uploads\/2025\/07\/4-compartment-food-containers-with-Drain-Hole-150x150.webp 150w, https:\/\/www.xhplasticlife.com\/wp-content\/uploads\/2025\/07\/4-compartment-food-containers-with-Drain-Hole-768x768.webp 768w, https:\/\/www.xhplasticlife.com\/wp-content\/uploads\/2025\/07\/4-compartment-food-containers-with-Drain-Hole-600x600.webp 600w, https:\/\/www.xhplasticlife.com\/wp-content\/uploads\/2025\/07\/4-compartment-food-containers-with-Drain-Hole-100x100.webp 100w\" sizes=\"(max-width: 800px) 100vw, 800px\" \/><figcaption class=\"wp-element-caption\">BX1099<\/figcaption><\/figure>\n<\/div><\/div>\n<\/div>","protected":false},"excerpt":{"rendered":"<p>Willkommen zum Kauf von gro\u00dfen Gefrierschrank Lagerbeh\u00e4lter. Unsere Kunststoff-K\u00fchlschrank Aufbewahrungsboxen Gro\u00dfhandel sind aus BPA-freiem Material, mit herausnehmbaren F\u00e4chern und Abtropfschalen gemacht. Sie wurden f\u00fcr eine effiziente K\u00fcchenorganisation entwickelt, sind stapelbar, mikrowellengeeignet, gefrierfest und perfekt f\u00fcr den Heimgebrauch oder die gewerbliche Gro\u00dflagerung.<\/p>\n<h2>Gro\u00dfhandel Gefrierschrank Lagerung Container Parameter<\/h2>\n<p><strong>Modell<\/strong>: BX1094-BX1099<br \/><strong>Markenname<\/strong>: Xinghui<br \/><strong>Material<\/strong>: PP<br \/><strong>Dimension<\/strong>: 1.4L<br \/><strong>Farbe<\/strong>: Cremefarbe oder kundenspezifisch<br \/><strong>Gr\u00f6\u00dfe<\/strong>: 20.3cm*15cm*6.5cm\u00a0<br \/><strong>Box Gr\u00f6\u00dfe<\/strong>: 59,5\u00d743,5\u00d753,5cm<br \/><strong>Verpacken<\/strong>: 72St\u00fcck<br \/><strong>OEM\/ODM<\/strong>: Verf\u00fcgbar<br \/><strong>Kundenspezifische Option<\/strong>: Farbe\/Gr\u00f6\u00dfe\/Logo\/Verpackung<\/p>\n<h2>Von Lebensmittel Lagerung Container Hersteller :<\/h2>\n<p>Gegr\u00fcndet im Jahr 2000,<a href=\"https:\/\/www.xhplasticlife.com\/de\/\">\u00a0<strong>Xinghui<\/strong><\/a>\u00a0ist auf die Herstellung und den Gro\u00dfhandel von Lunchboxen, Lebensmittelbeh\u00e4ltern, Trinkgef\u00e4\u00dfen, Haushaltsbeh\u00e4ltern und anderen Kunststoffprodukten des t\u00e4glichen Bedarfs spezialisiert. Wir bieten OEM- &amp; ODM- und E-Commerce-Beschaffungsdienste f\u00fcr Kunden aus einer Hand.<\/p>","protected":false},"featured_media":633,"comment_status":"closed","ping_status":"closed","template":"","meta":{"_acf_changed":false},"product_brand":[],"product_cat":[18],"product_tag":[],"class_list":{"0":"post-622","1":"product","2":"type-product","3":"status-publish","4":"has-post-thumbnail","6":"product_cat-bulk-food-storage-container","8":"first","9":"instock","10":"shipping-taxable","11":"product-type-simple"},"acf":[],"_links":{"self":[{"href":"https:\/\/www.xhplasticlife.com\/de\/wp-json\/wp\/v2\/product\/622","targetHints":{"allow":["GET"]}}],"collection":[{"href":"https:\/\/www.xhplasticlife.com\/de\/wp-json\/wp\/v2\/product"}],"about":[{"href":"https:\/\/www.xhplasticlife.com\/de\/wp-json\/wp\/v2\/types\/product"}],"replies":[{"embeddable":true,"href":"https:\/\/www.xhplasticlife.com\/de\/wp-json\/wp\/v2\/comments?post=622"}],"wp:featuredmedia":[{"embeddable":true,"href":"https:\/\/www.xhplasticlife.com\/de\/wp-json\/wp\/v2\/media\/633"}],"wp:attachment":[{"href":"https:\/\/www.xhplasticlife.com\/de\/wp-json\/wp\/v2\/media?parent=622"}],"wp:term":[{"taxonomy":"product_brand","embeddable":true,"href":"https:\/\/www.xhplasticlife.com\/de\/wp-json\/wp\/v2\/product_brand?post=622"},{"taxonomy":"product_cat","embeddable":true,"href":"https:\/\/www.xhplasticlife.com\/de\/wp-json\/wp\/v2\/product_cat?post=622"},{"taxonomy":"product_tag","embeddable":true,"href":"https:\/\/www.xhplasticlife.com\/de\/wp-json\/wp\/v2\/product_tag?post=622"}],"curies":[{"name":"wp","href":"https:\/\/api.w.org\/{rel}","templated":true}]}}