{"id":609,"date":"2025-07-23T09:51:33","date_gmt":"2025-07-23T09:51:33","guid":{"rendered":"https:\/\/www.xhplasticlife.com\/?post_type=product&#038;p=609"},"modified":"2026-04-02T10:02:58","modified_gmt":"2026-04-02T10:02:58","slug":"bulk-microwavable-ramen-bowl","status":"publish","type":"product","link":"https:\/\/www.xhplasticlife.com\/de\/produkt\/bulk-microwavable-ramen-bowl\/","title":{"rendered":"Gro\u00dfe mikrowellengeeignete Ramensch\u00fcssel mit rundem, luftdichtem Deckel und Griffdesign \u00a0"},"content":{"rendered":"<div class=\"wp-block-columns is-layout-flex wp-container-core-columns-is-layout-9d6595d7 wp-block-columns-is-layout-flex\">\n<div class=\"wp-block-column is-layout-flow wp-block-column-is-layout-flow\">\n<h2 class=\"wp-block-heading\">Bulk Microwavable Ramen Bowl Eigenschaften:<\/h2>\n\n\n\n<ul class=\"wp-block-list\">\n<li><strong>mikrowellengeeignet<\/strong>Aus hitzebest\u00e4ndigem Material hergestellt, kann sie direkt in der Mikrowelle aufgew\u00e4rmt werden, bequem und schnell, die ideale Wahl f\u00fcr mikrowellengeeignete Ramensch\u00fcsseln.<\/li>\n\n\n\n<li><strong>Versiegelte Konstruktion<\/strong>: runde Deckelform, wirksamer Schutz vor Auslaufen und Frischhaltung, geeignet f\u00fcr die Entnahme von hei\u00dfen Suppen und Nudeln.<\/li>\n\n\n\n<li><strong>Tragbarer Handgriff<\/strong>: Humanisierte Griff Design, nicht hei\u00df zu halten, geeignet f\u00fcr die Gastronomie zum Mitnehmen und zu Hause verwenden.<\/li>\n\n\n\n<li><strong>Breite Verwendung<\/strong>Nicht nur f\u00fcr Ramen geeignet, sondern auch f\u00fcr alle Arten von hei\u00dfer Suppe, ist es ein beliebtes Kunststoff-Suppenbeh\u00e4lter Gro\u00dfhandel Produkt.<\/li>\n\n\n\n<li><strong>Unterst\u00fctzung von Gro\u00dfeink\u00e4ufen<\/strong>: bieten stabile Versorgung und ma\u00dfgeschneiderten Service, geeignet f\u00fcr Gesch\u00e4ftsleute, die f\u00fcr Bulk-microwavable Ramen Sch\u00fcssel und Kunststoff-Suppe Container Gro\u00dfhandel suchen.<\/li>\n\n\n\n<li><strong>Gesund und sicher<\/strong>: aus lebensmittelechtem Kunststoff, BPA-frei, sicherer im Gebrauch, geeignet f\u00fcr den t\u00e4glichen h\u00e4ufigen Gebrauch.<\/li>\n<\/ul>\n<\/div>\n\n\n\n<div class=\"wp-block-column is-layout-flow wp-block-column-is-layout-flow\">\n<figure class=\"wp-block-image size-full\"><img decoding=\"async\" width=\"800\" height=\"800\" src=\"https:\/\/www.xhplasticlife.com\/wp-content\/uploads\/2025\/07\/Bulk-Microwavable-Ramen-Bowl-Wholesaler-4.webp\" alt=\"Gro\u00dfh\u00e4ndler f\u00fcr mikrowellengeeignete Ramensch\u00fcsseln (4)\" class=\"wp-image-614\" srcset=\"https:\/\/www.xhplasticlife.com\/wp-content\/uploads\/2025\/07\/Bulk-Microwavable-Ramen-Bowl-Wholesaler-4.webp 800w, https:\/\/www.xhplasticlife.com\/wp-content\/uploads\/2025\/07\/Bulk-Microwavable-Ramen-Bowl-Wholesaler-4-300x300.webp 300w, https:\/\/www.xhplasticlife.com\/wp-content\/uploads\/2025\/07\/Bulk-Microwavable-Ramen-Bowl-Wholesaler-4-150x150.webp 150w, https:\/\/www.xhplasticlife.com\/wp-content\/uploads\/2025\/07\/Bulk-Microwavable-Ramen-Bowl-Wholesaler-4-768x768.webp 768w, https:\/\/www.xhplasticlife.com\/wp-content\/uploads\/2025\/07\/Bulk-Microwavable-Ramen-Bowl-Wholesaler-4-600x600.webp 600w, https:\/\/www.xhplasticlife.com\/wp-content\/uploads\/2025\/07\/Bulk-Microwavable-Ramen-Bowl-Wholesaler-4-100x100.webp 100w\" sizes=\"(max-width: 800px) 100vw, 800px\" \/><\/figure>\n<\/div>\n<\/div>\n\n\n\n<div class=\"wp-block-columns is-layout-flex wp-container-core-columns-is-layout-9d6595d7 wp-block-columns-is-layout-flex\">\n<div class=\"wp-block-column is-layout-flow wp-block-column-is-layout-flow\">\n<figure class=\"wp-block-image size-full\"><img decoding=\"async\" width=\"800\" height=\"800\" src=\"https:\/\/www.xhplasticlife.com\/wp-content\/uploads\/2025\/07\/Bulk-Microwavable-Ramen-Bowl-Green.webp\" alt=\"Gro\u00dfe mikrowellengeeignete Ramen-Schale - gr\u00fcn\" class=\"wp-image-618\" srcset=\"https:\/\/www.xhplasticlife.com\/wp-content\/uploads\/2025\/07\/Bulk-Microwavable-Ramen-Bowl-Green.webp 800w, https:\/\/www.xhplasticlife.com\/wp-content\/uploads\/2025\/07\/Bulk-Microwavable-Ramen-Bowl-Green-300x300.webp 300w, https:\/\/www.xhplasticlife.com\/wp-content\/uploads\/2025\/07\/Bulk-Microwavable-Ramen-Bowl-Green-150x150.webp 150w, https:\/\/www.xhplasticlife.com\/wp-content\/uploads\/2025\/07\/Bulk-Microwavable-Ramen-Bowl-Green-768x768.webp 768w, https:\/\/www.xhplasticlife.com\/wp-content\/uploads\/2025\/07\/Bulk-Microwavable-Ramen-Bowl-Green-600x600.webp 600w, https:\/\/www.xhplasticlife.com\/wp-content\/uploads\/2025\/07\/Bulk-Microwavable-Ramen-Bowl-Green-100x100.webp 100w\" sizes=\"(max-width: 800px) 100vw, 800px\" \/><\/figure>\n<\/div>\n\n\n\n<div class=\"wp-block-column is-layout-flow wp-block-column-is-layout-flow\">\n<figure class=\"wp-block-image size-full\"><img decoding=\"async\" width=\"800\" height=\"800\" src=\"https:\/\/www.xhplasticlife.com\/wp-content\/uploads\/2025\/07\/Bulk-Microwavable-Ramen-Bowl-Bule.webp\" alt=\"Gro\u00dfe mikrowellengeeignete Ramen-Schale-Bule\" class=\"wp-image-617\" srcset=\"https:\/\/www.xhplasticlife.com\/wp-content\/uploads\/2025\/07\/Bulk-Microwavable-Ramen-Bowl-Bule.webp 800w, https:\/\/www.xhplasticlife.com\/wp-content\/uploads\/2025\/07\/Bulk-Microwavable-Ramen-Bowl-Bule-300x300.webp 300w, https:\/\/www.xhplasticlife.com\/wp-content\/uploads\/2025\/07\/Bulk-Microwavable-Ramen-Bowl-Bule-150x150.webp 150w, https:\/\/www.xhplasticlife.com\/wp-content\/uploads\/2025\/07\/Bulk-Microwavable-Ramen-Bowl-Bule-768x768.webp 768w, https:\/\/www.xhplasticlife.com\/wp-content\/uploads\/2025\/07\/Bulk-Microwavable-Ramen-Bowl-Bule-600x600.webp 600w, https:\/\/www.xhplasticlife.com\/wp-content\/uploads\/2025\/07\/Bulk-Microwavable-Ramen-Bowl-Bule-100x100.webp 100w\" sizes=\"(max-width: 800px) 100vw, 800px\" \/><\/figure>\n<\/div>\n\n\n\n<div class=\"wp-block-column is-layout-flow wp-block-column-is-layout-flow\">\n<figure class=\"wp-block-image size-full\"><img decoding=\"async\" width=\"800\" height=\"800\" src=\"https:\/\/www.xhplasticlife.com\/wp-content\/uploads\/2025\/07\/Bulk-Microwavable-Ramen-Bowl-Pink.webp\" alt=\"Gro\u00dfe mikrowellengeeignete Ramen-Sch\u00fcssel - Rosa\" class=\"wp-image-610\" srcset=\"https:\/\/www.xhplasticlife.com\/wp-content\/uploads\/2025\/07\/Bulk-Microwavable-Ramen-Bowl-Pink.webp 800w, https:\/\/www.xhplasticlife.com\/wp-content\/uploads\/2025\/07\/Bulk-Microwavable-Ramen-Bowl-Pink-300x300.webp 300w, https:\/\/www.xhplasticlife.com\/wp-content\/uploads\/2025\/07\/Bulk-Microwavable-Ramen-Bowl-Pink-150x150.webp 150w, https:\/\/www.xhplasticlife.com\/wp-content\/uploads\/2025\/07\/Bulk-Microwavable-Ramen-Bowl-Pink-768x768.webp 768w, https:\/\/www.xhplasticlife.com\/wp-content\/uploads\/2025\/07\/Bulk-Microwavable-Ramen-Bowl-Pink-600x600.webp 600w, https:\/\/www.xhplasticlife.com\/wp-content\/uploads\/2025\/07\/Bulk-Microwavable-Ramen-Bowl-Pink-100x100.webp 100w\" sizes=\"(max-width: 800px) 100vw, 800px\" \/><\/figure>\n<\/div>\n<\/div>\n\n\n\n<p><\/p>","protected":false},"excerpt":{"rendered":"<p>Willkommen beim Kauf von mikrowellengeeigneten Ramensch\u00fcsseln in gro\u00dfen Mengen. Unsere Kunststoff-Suppenbeh\u00e4lter Gro\u00dfhandel Optionen verf\u00fcgen \u00fcber einen runden luftdichten Deckel und hitzebest\u00e4ndigen Griff, ideal f\u00fcr Ramen, Suppen und Nudeln. Hergestellt aus BPA-freien Materialien, sicher f\u00fcr die Mikrowelle, wiederverwendbar und umweltfreundlich - perfekt f\u00fcr Essenslieferungen, zum Mitnehmen oder f\u00fcr zu Hause.<\/p>\n<h2>1200ML mikrowellengeeignete Ramen-Sch\u00fcssel Parameter<\/h2>\n<p><strong>Modell<\/strong>: BX1069<br \/>\n<strong>Markenname<\/strong>: Xinghui<br \/>\n<strong>Material<\/strong>: PP+Silikon<br \/>\n<strong>Dimension<\/strong>: 1200ML<br \/>\n<strong>Farbe<\/strong>: Gr\u00fcn, Blau und Rosa<br \/>\n<strong>Grammatur<\/strong>: 135G<br \/>\n<strong>Verpackung<\/strong>: Kraftpapier-Box<br \/>\n<strong>Verpacken<\/strong>: 60St\u00fcck<br \/>\n<strong>OEM\/ODM<\/strong>: Verf\u00fcgbar<br \/>\n<strong>Kundenspezifische Option<\/strong>: Farbe\/Gr\u00f6\u00dfe\/Logo\/Verpackung<\/p>\n<h2>von Kunststoff-Lunchboxen Hersteller :<\/h2>\n<p>Gegr\u00fcndet im Jahr 2000,\u00a0<a href=\"https:\/\/www.xhplasticlife.com\/de\/\"><strong>Xinghui<\/strong>\u00a0<\/a>ist auf die Herstellung und den Gro\u00dfhandel von Lunchboxen, Lebensmittelbeh\u00e4ltern, Trinkgef\u00e4\u00dfen, Haushaltsbeh\u00e4ltern und anderen Kunststoffprodukten des t\u00e4glichen Bedarfs spezialisiert. Wir bieten OEM- &amp; ODM- und E-Commerce-Beschaffungsdienste f\u00fcr Kunden aus einer Hand.<\/p>","protected":false},"featured_media":612,"comment_status":"closed","ping_status":"closed","template":"","meta":{"_acf_changed":false},"product_brand":[],"product_cat":[17,34],"product_tag":[],"class_list":{"0":"post-609","1":"product","2":"type-product","3":"status-publish","4":"has-post-thumbnail","6":"product_cat-wholesale-lunch-boxes","7":"product_cat-plastic-lunch-box-manufacturer","9":"first","10":"instock","11":"shipping-taxable","12":"product-type-simple"},"acf":[],"_links":{"self":[{"href":"https:\/\/www.xhplasticlife.com\/de\/wp-json\/wp\/v2\/product\/609","targetHints":{"allow":["GET"]}}],"collection":[{"href":"https:\/\/www.xhplasticlife.com\/de\/wp-json\/wp\/v2\/product"}],"about":[{"href":"https:\/\/www.xhplasticlife.com\/de\/wp-json\/wp\/v2\/types\/product"}],"replies":[{"embeddable":true,"href":"https:\/\/www.xhplasticlife.com\/de\/wp-json\/wp\/v2\/comments?post=609"}],"wp:featuredmedia":[{"embeddable":true,"href":"https:\/\/www.xhplasticlife.com\/de\/wp-json\/wp\/v2\/media\/612"}],"wp:attachment":[{"href":"https:\/\/www.xhplasticlife.com\/de\/wp-json\/wp\/v2\/media?parent=609"}],"wp:term":[{"taxonomy":"product_brand","embeddable":true,"href":"https:\/\/www.xhplasticlife.com\/de\/wp-json\/wp\/v2\/product_brand?post=609"},{"taxonomy":"product_cat","embeddable":true,"href":"https:\/\/www.xhplasticlife.com\/de\/wp-json\/wp\/v2\/product_cat?post=609"},{"taxonomy":"product_tag","embeddable":true,"href":"https:\/\/www.xhplasticlife.com\/de\/wp-json\/wp\/v2\/product_tag?post=609"}],"curies":[{"name":"wp","href":"https:\/\/api.w.org\/{rel}","templated":true}]}}