{"id":590,"date":"2025-07-22T16:06:10","date_gmt":"2025-07-22T16:06:10","guid":{"rendered":"https:\/\/www.xhplasticlife.com\/?post_type=product&#038;p=590"},"modified":"2026-04-02T10:03:05","modified_gmt":"2026-04-02T10:03:05","slug":"wholesale-lunch-boxes-in-bulk","status":"publish","type":"product","link":"https:\/\/www.xhplasticlife.com\/de\/produkt\/wholesale-lunch-boxes-in-bulk\/","title":{"rendered":"Gro\u00dfhandel Lunch-Boxen 1.3L BPA-frei Kunststoff Lebensmittel Lagerung Container in Bulk"},"content":{"rendered":"<div class=\"wp-block-columns is-layout-flex wp-container-core-columns-is-layout-9d6595d7 wp-block-columns-is-layout-flex\">\n<div class=\"wp-block-column is-layout-flow wp-block-column-is-layout-flow\">\n<h2 class=\"wp-block-heading\">Gro\u00dfhandel Plastik Mittagessen Boxen Merkmale:<\/h2>\n\n\n\n<ul class=\"wp-block-list\">\n<li><strong>Sicher und gesund:<\/strong> Unsere aus BPA-freien, umweltfreundlichen Materialien hergestellten Lunchboxen f\u00fcr den Gro\u00dfhandel erf\u00fcllen die Sicherheitsstandards f\u00fcr den Kontakt mit Lebensmitteln und gew\u00e4hrleisten Gesundheit und keinen unangenehmen Geruch.<\/li>\n\n\n\n<li><strong>Angemessene Trennung<\/strong>: 3 F\u00e4cher Design, leicht zu kategorisieren und speichern verschiedene Lebensmittel, erf\u00fcllen die Bed\u00fcrfnisse der t\u00e4glichen oder unterwegs Vielzahl von passenden.<\/li>\n\n\n\n<li><strong>Versiegelt und auslaufsicher<\/strong>: Dichtes und auslaufsicheres Design, PP-Kunststoffdeckel sitzt fest, geeignet f\u00fcr den Transport unterwegs, ohne zu kleckern, um die Frische der Lebensmittel zu sch\u00fctzen.<\/li>\n\n\n\n<li><strong>Platzsparend<\/strong>: stapelbare Aufbewahrung, volle Nutzung des Platzes in der K\u00fcche, geeignet f\u00fcr Familie, Restaurant und andere Szenarien.<\/li>\n\n\n\n<li><strong>Bequem und umweltfreundlich<\/strong>: wiederverwendbar und leicht zu reinigen, unterst\u00fctzt die Reinigung in der Sp\u00fclmaschine, reduziert die Verwendung von Einwegartikeln, ist umweltfreundlich und m\u00fchelos.<\/li>\n\n\n\n<li><strong>Option f\u00fcr Massenspeicher<\/strong>Die Kunststoffbeh\u00e4lter sind ideal f\u00fcr die Aufbewahrung von Lebensmitteln in der K\u00fcche oder f\u00fcr Mittagessen zum Mitnehmen.<\/li>\n\n\n\n<li><strong>Unterst\u00fctzung des Gro\u00dfhandelskaufs<\/strong>Wir bieten einen Gro\u00dfhandelsservice f\u00fcr Lunchboxen an, der sich f\u00fcr Einzelh\u00e4ndler, Marken und Gruppen eignet, die individuell einkaufen.<\/li>\n<\/ul>\n<\/div>\n\n\n\n<div class=\"wp-block-column is-layout-flow wp-block-column-is-layout-flow\">\n<figure class=\"wp-block-image size-full\"><img decoding=\"async\" width=\"800\" height=\"800\" src=\"https:\/\/www.xhplasticlife.com\/wp-content\/uploads\/2025\/07\/Wholesale-Lunch-Boxes-in-Bulk-4.webp\" alt=\"Gro\u00dfhandel Lunch-Boxen in Bulk (4)\" class=\"wp-image-599\" srcset=\"https:\/\/www.xhplasticlife.com\/wp-content\/uploads\/2025\/07\/Wholesale-Lunch-Boxes-in-Bulk-4.webp 800w, https:\/\/www.xhplasticlife.com\/wp-content\/uploads\/2025\/07\/Wholesale-Lunch-Boxes-in-Bulk-4-300x300.webp 300w, https:\/\/www.xhplasticlife.com\/wp-content\/uploads\/2025\/07\/Wholesale-Lunch-Boxes-in-Bulk-4-150x150.webp 150w, https:\/\/www.xhplasticlife.com\/wp-content\/uploads\/2025\/07\/Wholesale-Lunch-Boxes-in-Bulk-4-768x768.webp 768w, https:\/\/www.xhplasticlife.com\/wp-content\/uploads\/2025\/07\/Wholesale-Lunch-Boxes-in-Bulk-4-600x600.webp 600w, https:\/\/www.xhplasticlife.com\/wp-content\/uploads\/2025\/07\/Wholesale-Lunch-Boxes-in-Bulk-4-100x100.webp 100w\" sizes=\"(max-width: 800px) 100vw, 800px\" \/><\/figure>\n<\/div>\n<\/div>\n\n\n\n<div class=\"wp-block-columns is-layout-flex wp-container-core-columns-is-layout-9d6595d7 wp-block-columns-is-layout-flex\">\n<div class=\"wp-block-column is-layout-flow wp-block-column-is-layout-flow\">\n<figure class=\"wp-block-image size-full\"><img decoding=\"async\" width=\"800\" height=\"800\" src=\"https:\/\/www.xhplasticlife.com\/wp-content\/uploads\/2025\/07\/Transparent-black-lunch-box-wholesaler.webp\" alt=\"Transparente schwarze Brotdose f\u00fcr den Gro\u00dfhandel\" class=\"wp-image-591\" srcset=\"https:\/\/www.xhplasticlife.com\/wp-content\/uploads\/2025\/07\/Transparent-black-lunch-box-wholesaler.webp 800w, https:\/\/www.xhplasticlife.com\/wp-content\/uploads\/2025\/07\/Transparent-black-lunch-box-wholesaler-300x300.webp 300w, https:\/\/www.xhplasticlife.com\/wp-content\/uploads\/2025\/07\/Transparent-black-lunch-box-wholesaler-150x150.webp 150w, https:\/\/www.xhplasticlife.com\/wp-content\/uploads\/2025\/07\/Transparent-black-lunch-box-wholesaler-768x768.webp 768w, https:\/\/www.xhplasticlife.com\/wp-content\/uploads\/2025\/07\/Transparent-black-lunch-box-wholesaler-600x600.webp 600w, https:\/\/www.xhplasticlife.com\/wp-content\/uploads\/2025\/07\/Transparent-black-lunch-box-wholesaler-100x100.webp 100w\" sizes=\"(max-width: 800px) 100vw, 800px\" \/><\/figure>\n<\/div>\n\n\n\n<div class=\"wp-block-column is-layout-flow wp-block-column-is-layout-flow\">\n<figure class=\"wp-block-image size-full\"><img decoding=\"async\" width=\"800\" height=\"800\" src=\"https:\/\/www.xhplasticlife.com\/wp-content\/uploads\/2025\/07\/Transparent-red-lunch-box-wholesaler.webp\" alt=\"Transparente rote Brotdose f\u00fcr den Gro\u00dfhandel\" class=\"wp-image-593\" srcset=\"https:\/\/www.xhplasticlife.com\/wp-content\/uploads\/2025\/07\/Transparent-red-lunch-box-wholesaler.webp 800w, https:\/\/www.xhplasticlife.com\/wp-content\/uploads\/2025\/07\/Transparent-red-lunch-box-wholesaler-300x300.webp 300w, https:\/\/www.xhplasticlife.com\/wp-content\/uploads\/2025\/07\/Transparent-red-lunch-box-wholesaler-150x150.webp 150w, https:\/\/www.xhplasticlife.com\/wp-content\/uploads\/2025\/07\/Transparent-red-lunch-box-wholesaler-768x768.webp 768w, https:\/\/www.xhplasticlife.com\/wp-content\/uploads\/2025\/07\/Transparent-red-lunch-box-wholesaler-600x600.webp 600w, https:\/\/www.xhplasticlife.com\/wp-content\/uploads\/2025\/07\/Transparent-red-lunch-box-wholesaler-100x100.webp 100w\" sizes=\"(max-width: 800px) 100vw, 800px\" \/><\/figure>\n<\/div>\n\n\n\n<div class=\"wp-block-column is-layout-flow wp-block-column-is-layout-flow\">\n<figure class=\"wp-block-image size-full\"><img decoding=\"async\" width=\"800\" height=\"800\" src=\"https:\/\/www.xhplasticlife.com\/wp-content\/uploads\/2025\/07\/Transparent-khaki-lunch-box-wholesaler.webp\" alt=\"Transparente khakifarbene Brotdose f\u00fcr den Gro\u00dfhandel\" class=\"wp-image-592\" srcset=\"https:\/\/www.xhplasticlife.com\/wp-content\/uploads\/2025\/07\/Transparent-khaki-lunch-box-wholesaler.webp 800w, https:\/\/www.xhplasticlife.com\/wp-content\/uploads\/2025\/07\/Transparent-khaki-lunch-box-wholesaler-300x300.webp 300w, https:\/\/www.xhplasticlife.com\/wp-content\/uploads\/2025\/07\/Transparent-khaki-lunch-box-wholesaler-150x150.webp 150w, https:\/\/www.xhplasticlife.com\/wp-content\/uploads\/2025\/07\/Transparent-khaki-lunch-box-wholesaler-768x768.webp 768w, https:\/\/www.xhplasticlife.com\/wp-content\/uploads\/2025\/07\/Transparent-khaki-lunch-box-wholesaler-600x600.webp 600w, https:\/\/www.xhplasticlife.com\/wp-content\/uploads\/2025\/07\/Transparent-khaki-lunch-box-wholesaler-100x100.webp 100w\" sizes=\"(max-width: 800px) 100vw, 800px\" \/><\/figure>\n<\/div>\n<\/div>\n\n\n\n<p><\/p>","protected":false},"excerpt":{"rendered":"<p>Willkommen zum Kauf von Lebensmittelbeh\u00e4ltern aus Kunststoff in gro\u00dfen Mengen. Unsere Gro\u00dfhandels-Lunchboxen verf\u00fcgen \u00fcber ein Fassungsverm\u00f6gen von 1,3 Litern, einen luftdichten Verschluss und ein Design mit 3 F\u00e4chern, um Mahlzeiten organisiert und frisch zu halten. Hergestellt aus BPA-freien und umweltfreundlichen Materialien, sind sie wiederverwendbar, sp\u00fclmaschinenfest und perfekt f\u00fcr die K\u00fcche, Mahlzeit Vorbereitung und zum Mitnehmen.<\/p>\n<h2>1.3L Kunststoff-Lunchboxen Parameter<\/h2>\n<p><strong>Modell<\/strong>: BX1051<br \/>\n<strong>Markenname<\/strong>: Xinghui<br \/>\n<strong>Material<\/strong>: PP+Silikon<br \/>\n<strong>Dimension<\/strong>: 1.3L<br \/>\n<strong>Farbe<\/strong>: Schwarz, Rot und Khaki\/Transparent<br \/>\n<strong>Bruttogewicht<\/strong>: 14.3kg<br \/>\n<strong>Grammatur<\/strong>: 182G<br \/>\n<strong>Box Gr\u00f6\u00dfe<\/strong>: 62\u00d747,5\u00d758,5cm<br \/>\n<strong>Verpacken<\/strong>: 72St\u00fcck<br \/>\n<strong>Vorlaufzeit f\u00fcr Muster<\/strong>: Innerhalb von 3 Tagen<br \/>\n<strong>OEM\/ODM<\/strong>: Verf\u00fcgbar<br \/>\n<strong>Kundenspezifische Option<\/strong>: Farbe\/Gr\u00f6\u00dfe\/Logo\/Verpackung<\/p>\n<h2>von Kunststoff-Lunchboxen Hersteller :<\/h2>\n<p>Gegr\u00fcndet im Jahr 2000, <strong>Xinghui<\/strong> ist auf die Herstellung und den Gro\u00dfhandel von Lunchboxen, Lebensmittelbeh\u00e4ltern, Trinkgef\u00e4\u00dfen, Haushaltsbeh\u00e4ltern und anderen Kunststoffprodukten des t\u00e4glichen Bedarfs spezialisiert. Wir bieten OEM- &amp; ODM- und E-Commerce-Beschaffungsdienste f\u00fcr Kunden aus einer Hand.<\/p>","protected":false},"featured_media":600,"comment_status":"closed","ping_status":"closed","template":"","meta":{"_acf_changed":false},"product_brand":[],"product_cat":[17,34],"product_tag":[],"class_list":{"0":"post-590","1":"product","2":"type-product","3":"status-publish","4":"has-post-thumbnail","6":"product_cat-wholesale-lunch-boxes","7":"product_cat-plastic-lunch-box-manufacturer","9":"first","10":"instock","11":"shipping-taxable","12":"product-type-simple"},"acf":[],"_links":{"self":[{"href":"https:\/\/www.xhplasticlife.com\/de\/wp-json\/wp\/v2\/product\/590","targetHints":{"allow":["GET"]}}],"collection":[{"href":"https:\/\/www.xhplasticlife.com\/de\/wp-json\/wp\/v2\/product"}],"about":[{"href":"https:\/\/www.xhplasticlife.com\/de\/wp-json\/wp\/v2\/types\/product"}],"replies":[{"embeddable":true,"href":"https:\/\/www.xhplasticlife.com\/de\/wp-json\/wp\/v2\/comments?post=590"}],"wp:featuredmedia":[{"embeddable":true,"href":"https:\/\/www.xhplasticlife.com\/de\/wp-json\/wp\/v2\/media\/600"}],"wp:attachment":[{"href":"https:\/\/www.xhplasticlife.com\/de\/wp-json\/wp\/v2\/media?parent=590"}],"wp:term":[{"taxonomy":"product_brand","embeddable":true,"href":"https:\/\/www.xhplasticlife.com\/de\/wp-json\/wp\/v2\/product_brand?post=590"},{"taxonomy":"product_cat","embeddable":true,"href":"https:\/\/www.xhplasticlife.com\/de\/wp-json\/wp\/v2\/product_cat?post=590"},{"taxonomy":"product_tag","embeddable":true,"href":"https:\/\/www.xhplasticlife.com\/de\/wp-json\/wp\/v2\/product_tag?post=590"}],"curies":[{"name":"wp","href":"https:\/\/api.w.org\/{rel}","templated":true}]}}