{"id":2130,"date":"2026-01-27T02:39:02","date_gmt":"2026-01-27T02:39:02","guid":{"rendered":"https:\/\/www.xhplasticlife.com\/?post_type=product&#038;p=2130"},"modified":"2026-01-27T02:53:45","modified_gmt":"2026-01-27T02:53:45","slug":"custom-pill-boxes-manufacturer","status":"publish","type":"product","link":"https:\/\/www.xhplasticlife.com\/de\/produkt\/custom-pill-boxes-manufacturer\/","title":{"rendered":"Benutzerdefinierte Pillenboxen Hersteller, Kunststoff personalisierte Pille Organizer Bulk"},"content":{"rendered":"<div class=\"wp-block-columns is-layout-flex wp-container-core-columns-is-layout-9d6595d7 wp-block-columns-is-layout-flex\">\n<div class=\"wp-block-column is-layout-flow wp-block-column-is-layout-flow\">\n<h2 class=\"wp-block-heading\">Kundenspezifische Pillenboxen Merkmale:<\/h2>\n\n\n\n<ul class=\"wp-block-list\">\n<li><strong>Das Design mit mehreren F\u00e4chern erh\u00f6ht den Komfort bei der t\u00e4glichen Einnahme von Medikamenten<\/strong>: Wissenschaftlich unterteilte F\u00e4cher erm\u00f6glichen eine einfache Aufbewahrung und Organisation verschiedener Pillen oder Nahrungserg\u00e4nzungsmittel, geeignet f\u00fcr den t\u00e4glichen Gebrauch, Reisen oder als Werbegeschenke. Dies ist eine sehr praktische benutzerdefinierte Pillenbox Produkt.<\/li>\n\n\n\n<li><strong>Sicheres Kunststoffmaterial, leicht und langlebig: <\/strong>Er besteht aus hochwertigem Kunststoff, ist leicht und nicht leicht zu besch\u00e4digen und eignet sich f\u00fcr eine langfristige, wiederholte Verwendung, die den Anforderungen des Massenabsatzes und der langfristigen Marktnachfrage gerecht wird.<\/li>\n\n\n\n<li><strong>Unterst\u00fctzt die personalisierte Anpassung und f\u00f6rdert die Markendifferenzierung: <\/strong>Individuell anpassbare Farben, Logos, Textaufdrucke und Verpackungsoptionen erm\u00f6glichen die einfache Erstellung exklusiver Stile, die den Wiedererkennungswert individueller Pillenboxen auf dem Endmarkt erh\u00f6hen.<\/li>\n\n\n\n<li><strong>Benutzerfreundlicher \u00d6ffnungs- und Schlie\u00dfmechanismus f\u00fcr eine einfachere Handhabung:<\/strong> Der Deckel l\u00e4sst sich leichtg\u00e4ngig \u00f6ffnen und schlie\u00dfen und dichtet gut ab, so dass ein versehentliches \u00d6ffnen verhindert wird; geeignet f\u00fcr \u00e4ltere Menschen und Vielnutzer.<\/li>\n\n\n\n<li><strong>Mehrere Gr\u00f6\u00dfen verf\u00fcgbar, um verschiedene Kaufszenarien abzudecken:<\/strong> Unterst\u00fctzt eint\u00e4gige, mehrt\u00e4gige und mehrteilige Designs, um die unterschiedlichen Anforderungen von Apotheken, Geschenkel\u00e4den, E-Commerce-Plattformen und Werbekan\u00e4len zu erf\u00fcllen.<\/li>\n\n\n\n<li><strong>Fabrik direkt liefern Modell, mehr wettbewerbsf\u00e4hige Gro\u00dfhandelspreise: <\/strong>Unsere eigene Produktionsst\u00e4tte macht Zwischenh\u00e4ndler \u00fcberfl\u00fcssig und hilft den Kunden, wettbewerbsf\u00e4higere Gro\u00dfhandelspreise und eine stabile Versorgung zu erhalten.<\/li>\n\n\n\n<li><strong>Die Unterst\u00fctzung durch kostenlose Muster verringert das Risiko einer Kaufentscheidung:<\/strong> Kostenlose Muster stehen zum Testen zur Verf\u00fcgung, so dass sich die Kunden von Qualit\u00e4t und Design \u00fcberzeugen k\u00f6nnen, was Anfragen und Auftragsvergabe beschleunigt.<\/li>\n<\/ul>\n<\/div>\n\n\n\n<div class=\"wp-block-column is-layout-flow wp-block-column-is-layout-flow\">\n<figure class=\"wp-block-image size-full\"><img decoding=\"async\" width=\"712\" height=\"712\" src=\"https:\/\/www.xhplasticlife.com\/wp-content\/uploads\/2026\/01\/Custom-Pill-Boxes-Manufacturer-1.webp\" alt=\"Kundenspezifische Pillenboxen Hersteller (1)\" class=\"wp-image-2131\" srcset=\"https:\/\/www.xhplasticlife.com\/wp-content\/uploads\/2026\/01\/Custom-Pill-Boxes-Manufacturer-1.webp 712w, https:\/\/www.xhplasticlife.com\/wp-content\/uploads\/2026\/01\/Custom-Pill-Boxes-Manufacturer-1-300x300.webp 300w, https:\/\/www.xhplasticlife.com\/wp-content\/uploads\/2026\/01\/Custom-Pill-Boxes-Manufacturer-1-150x150.webp 150w, https:\/\/www.xhplasticlife.com\/wp-content\/uploads\/2026\/01\/Custom-Pill-Boxes-Manufacturer-1-12x12.webp 12w, https:\/\/www.xhplasticlife.com\/wp-content\/uploads\/2026\/01\/Custom-Pill-Boxes-Manufacturer-1-600x600.webp 600w, https:\/\/www.xhplasticlife.com\/wp-content\/uploads\/2026\/01\/Custom-Pill-Boxes-Manufacturer-1-100x100.webp 100w\" sizes=\"(max-width: 712px) 100vw, 712px\" \/><\/figure>\n<\/div>\n<\/div>\n\n\n\n<figure class=\"wp-block-table is-style-stripes\"><table class=\"has-fixed-layout\"><tbody><tr><td>Modell<\/td><td>Gr\u00f6\u00dfe des Produkts<\/td><td>Gr\u00f6\u00dfe des Kartons<\/td><td>Bruttogewicht<\/td><td>Basisgewicht<\/td><td>Verpacken<\/td><\/tr><tr><td>BX398<\/td><td>7,8*7,2*3,5cm<\/td><td>26*32*56cm<\/td><td>9kg<\/td><td>50g<\/td><td>168 St\u00fcck\/ctn<\/td><\/tr><tr><td>BX399<\/td><td>11*7.2*3.5cm<\/td><td>35*33*45cm<\/td><td>10kg<\/td><td>67g<\/td><td>144 St\u00fcck\/ctn<\/td><\/tr><\/tbody><\/table><\/figure>\n\n\n\n<div class=\"wp-block-columns is-layout-flex wp-container-core-columns-is-layout-9d6595d7 wp-block-columns-is-layout-flex\">\n<div class=\"wp-block-column is-layout-flow wp-block-column-is-layout-flow\"><div class=\"wp-block-image\">\n<figure class=\"aligncenter size-full\"><img decoding=\"async\" width=\"800\" height=\"800\" src=\"https:\/\/www.xhplasticlife.com\/wp-content\/uploads\/2025\/10\/Large-white-Pill-Boxes-Supplier.webp\" alt=\"Gro\u00df wei\u00df - Pillendosen Lieferant\" class=\"wp-image-1510\" srcset=\"https:\/\/www.xhplasticlife.com\/wp-content\/uploads\/2025\/10\/Large-white-Pill-Boxes-Supplier.webp 800w, https:\/\/www.xhplasticlife.com\/wp-content\/uploads\/2025\/10\/Large-white-Pill-Boxes-Supplier-300x300.webp 300w, https:\/\/www.xhplasticlife.com\/wp-content\/uploads\/2025\/10\/Large-white-Pill-Boxes-Supplier-150x150.webp 150w, https:\/\/www.xhplasticlife.com\/wp-content\/uploads\/2025\/10\/Large-white-Pill-Boxes-Supplier-768x768.webp 768w, https:\/\/www.xhplasticlife.com\/wp-content\/uploads\/2025\/10\/Large-white-Pill-Boxes-Supplier-12x12.webp 12w, https:\/\/www.xhplasticlife.com\/wp-content\/uploads\/2025\/10\/Large-white-Pill-Boxes-Supplier-600x600.webp 600w, https:\/\/www.xhplasticlife.com\/wp-content\/uploads\/2025\/10\/Large-white-Pill-Boxes-Supplier-100x100.webp 100w\" sizes=\"(max-width: 800px) 100vw, 800px\" \/><figcaption class=\"wp-element-caption\">Gro\u00dfe wei\u00dfe Pillendose<\/figcaption><\/figure>\n<\/div><\/div>\n\n\n\n<div class=\"wp-block-column is-layout-flow wp-block-column-is-layout-flow\"><div class=\"wp-block-image\">\n<figure class=\"aligncenter size-full\"><img decoding=\"async\" width=\"800\" height=\"800\" src=\"https:\/\/www.xhplasticlife.com\/wp-content\/uploads\/2025\/10\/Large-purple-Pill-Boxes-Supplier.webp\" alt=\"Gro\u00df lila - Pillendosen Lieferant\" class=\"wp-image-1509\" srcset=\"https:\/\/www.xhplasticlife.com\/wp-content\/uploads\/2025\/10\/Large-purple-Pill-Boxes-Supplier.webp 800w, https:\/\/www.xhplasticlife.com\/wp-content\/uploads\/2025\/10\/Large-purple-Pill-Boxes-Supplier-300x300.webp 300w, https:\/\/www.xhplasticlife.com\/wp-content\/uploads\/2025\/10\/Large-purple-Pill-Boxes-Supplier-150x150.webp 150w, https:\/\/www.xhplasticlife.com\/wp-content\/uploads\/2025\/10\/Large-purple-Pill-Boxes-Supplier-768x768.webp 768w, https:\/\/www.xhplasticlife.com\/wp-content\/uploads\/2025\/10\/Large-purple-Pill-Boxes-Supplier-12x12.webp 12w, https:\/\/www.xhplasticlife.com\/wp-content\/uploads\/2025\/10\/Large-purple-Pill-Boxes-Supplier-600x600.webp 600w, https:\/\/www.xhplasticlife.com\/wp-content\/uploads\/2025\/10\/Large-purple-Pill-Boxes-Supplier-100x100.webp 100w\" sizes=\"(max-width: 800px) 100vw, 800px\" \/><figcaption class=\"wp-element-caption\">Gro\u00dfe lila Pillenbox<\/figcaption><\/figure>\n<\/div><\/div>\n\n\n\n<div class=\"wp-block-column is-layout-flow wp-block-column-is-layout-flow\"><div class=\"wp-block-image\">\n<figure class=\"aligncenter size-full\"><img decoding=\"async\" width=\"800\" height=\"800\" src=\"https:\/\/www.xhplasticlife.com\/wp-content\/uploads\/2025\/10\/Large-pink-Pill-Boxes-Supplier.webp\" alt=\"Gro\u00dfe rosa - Pillendosen Lieferant\" class=\"wp-image-1508\" srcset=\"https:\/\/www.xhplasticlife.com\/wp-content\/uploads\/2025\/10\/Large-pink-Pill-Boxes-Supplier.webp 800w, https:\/\/www.xhplasticlife.com\/wp-content\/uploads\/2025\/10\/Large-pink-Pill-Boxes-Supplier-300x300.webp 300w, https:\/\/www.xhplasticlife.com\/wp-content\/uploads\/2025\/10\/Large-pink-Pill-Boxes-Supplier-150x150.webp 150w, https:\/\/www.xhplasticlife.com\/wp-content\/uploads\/2025\/10\/Large-pink-Pill-Boxes-Supplier-768x768.webp 768w, https:\/\/www.xhplasticlife.com\/wp-content\/uploads\/2025\/10\/Large-pink-Pill-Boxes-Supplier-12x12.webp 12w, https:\/\/www.xhplasticlife.com\/wp-content\/uploads\/2025\/10\/Large-pink-Pill-Boxes-Supplier-600x600.webp 600w, https:\/\/www.xhplasticlife.com\/wp-content\/uploads\/2025\/10\/Large-pink-Pill-Boxes-Supplier-100x100.webp 100w\" sizes=\"(max-width: 800px) 100vw, 800px\" \/><figcaption class=\"wp-element-caption\">Gro\u00dfe rosa Pillenbox<\/figcaption><\/figure>\n<\/div><\/div>\n<\/div>\n\n\n\n<div class=\"wp-block-columns is-layout-flex wp-container-core-columns-is-layout-9d6595d7 wp-block-columns-is-layout-flex\">\n<div class=\"wp-block-column is-layout-flow wp-block-column-is-layout-flow\"><div class=\"wp-block-image\">\n<figure class=\"aligncenter size-full\"><img decoding=\"async\" width=\"800\" height=\"800\" src=\"https:\/\/www.xhplasticlife.com\/wp-content\/uploads\/2025\/10\/Small-white-Pill-Boxes-Manufacturer.webp\" alt=\"Kleine wei\u00dfe - Pillenboxen Hersteller\" class=\"wp-image-1516\" srcset=\"https:\/\/www.xhplasticlife.com\/wp-content\/uploads\/2025\/10\/Small-white-Pill-Boxes-Manufacturer.webp 800w, https:\/\/www.xhplasticlife.com\/wp-content\/uploads\/2025\/10\/Small-white-Pill-Boxes-Manufacturer-300x300.webp 300w, https:\/\/www.xhplasticlife.com\/wp-content\/uploads\/2025\/10\/Small-white-Pill-Boxes-Manufacturer-150x150.webp 150w, https:\/\/www.xhplasticlife.com\/wp-content\/uploads\/2025\/10\/Small-white-Pill-Boxes-Manufacturer-768x768.webp 768w, https:\/\/www.xhplasticlife.com\/wp-content\/uploads\/2025\/10\/Small-white-Pill-Boxes-Manufacturer-12x12.webp 12w, https:\/\/www.xhplasticlife.com\/wp-content\/uploads\/2025\/10\/Small-white-Pill-Boxes-Manufacturer-600x600.webp 600w, https:\/\/www.xhplasticlife.com\/wp-content\/uploads\/2025\/10\/Small-white-Pill-Boxes-Manufacturer-100x100.webp 100w\" sizes=\"(max-width: 800px) 100vw, 800px\" \/><figcaption class=\"wp-element-caption\">Kleine wei\u00dfe Pillendose<\/figcaption><\/figure>\n<\/div><\/div>\n\n\n\n<div class=\"wp-block-column is-layout-flow wp-block-column-is-layout-flow\"><div class=\"wp-block-image\">\n<figure class=\"aligncenter size-full\"><img decoding=\"async\" width=\"800\" height=\"800\" src=\"https:\/\/www.xhplasticlife.com\/wp-content\/uploads\/2025\/10\/Small-purple-Pill-Boxes-Manufacturer.webp\" alt=\"Kleine lila - Pillenboxen Hersteller\" class=\"wp-image-1515\" srcset=\"https:\/\/www.xhplasticlife.com\/wp-content\/uploads\/2025\/10\/Small-purple-Pill-Boxes-Manufacturer.webp 800w, https:\/\/www.xhplasticlife.com\/wp-content\/uploads\/2025\/10\/Small-purple-Pill-Boxes-Manufacturer-300x300.webp 300w, https:\/\/www.xhplasticlife.com\/wp-content\/uploads\/2025\/10\/Small-purple-Pill-Boxes-Manufacturer-150x150.webp 150w, https:\/\/www.xhplasticlife.com\/wp-content\/uploads\/2025\/10\/Small-purple-Pill-Boxes-Manufacturer-768x768.webp 768w, https:\/\/www.xhplasticlife.com\/wp-content\/uploads\/2025\/10\/Small-purple-Pill-Boxes-Manufacturer-12x12.webp 12w, https:\/\/www.xhplasticlife.com\/wp-content\/uploads\/2025\/10\/Small-purple-Pill-Boxes-Manufacturer-600x600.webp 600w, https:\/\/www.xhplasticlife.com\/wp-content\/uploads\/2025\/10\/Small-purple-Pill-Boxes-Manufacturer-100x100.webp 100w\" sizes=\"(max-width: 800px) 100vw, 800px\" \/><figcaption class=\"wp-element-caption\">Kleine lila Pillenbox<\/figcaption><\/figure>\n<\/div><\/div>\n\n\n\n<div class=\"wp-block-column is-layout-flow wp-block-column-is-layout-flow\"><div class=\"wp-block-image\">\n<figure class=\"aligncenter size-full\"><img decoding=\"async\" width=\"800\" height=\"800\" src=\"https:\/\/www.xhplasticlife.com\/wp-content\/uploads\/2025\/10\/Small-pink-Pill-Boxes-Manufacturer.webp\" alt=\"Kleine rosa - Pillenboxen Hersteller\" class=\"wp-image-1514\" srcset=\"https:\/\/www.xhplasticlife.com\/wp-content\/uploads\/2025\/10\/Small-pink-Pill-Boxes-Manufacturer.webp 800w, https:\/\/www.xhplasticlife.com\/wp-content\/uploads\/2025\/10\/Small-pink-Pill-Boxes-Manufacturer-300x300.webp 300w, https:\/\/www.xhplasticlife.com\/wp-content\/uploads\/2025\/10\/Small-pink-Pill-Boxes-Manufacturer-150x150.webp 150w, https:\/\/www.xhplasticlife.com\/wp-content\/uploads\/2025\/10\/Small-pink-Pill-Boxes-Manufacturer-768x768.webp 768w, https:\/\/www.xhplasticlife.com\/wp-content\/uploads\/2025\/10\/Small-pink-Pill-Boxes-Manufacturer-12x12.webp 12w, https:\/\/www.xhplasticlife.com\/wp-content\/uploads\/2025\/10\/Small-pink-Pill-Boxes-Manufacturer-600x600.webp 600w, https:\/\/www.xhplasticlife.com\/wp-content\/uploads\/2025\/10\/Small-pink-Pill-Boxes-Manufacturer-100x100.webp 100w\" sizes=\"(max-width: 800px) 100vw, 800px\" \/><figcaption class=\"wp-element-caption\">Kleine rosa Pillenbox<\/figcaption><\/figure>\n<\/div><\/div>\n<\/div>","protected":false},"excerpt":{"rendered":"<p>Willkommen zu kaufen benutzerdefinierte Pille Boxen. Kunststoff personalisierte Pille Organisator Bulk-Versorgung f\u00fcr Apotheken und Marken. Fabrik direkt Gro\u00dfhandelspreis Vorteil, OEM-Anpassung unterst\u00fctzt, und kostenlose Proben zur Verf\u00fcgung.<\/p>\n<h2>Kundenspezifische Pillenboxen Parameter:<\/h2>\n<ul>\n<li><strong>Modell<\/strong>: BX398-BX399<\/li>\n<li><strong>Markenname<\/strong>: Xinghui<\/li>\n<li><strong>Material<\/strong>: PP+Silikon<\/li>\n<li><strong>Farbe<\/strong>: wei\u00df, lila, rosa<\/li>\n<li><strong>Verpacken<\/strong>: Farbe Karton<\/li>\n<li><strong>OEM\/ODM<\/strong>: Verf\u00fcgbar<\/li>\n<li><strong>MOQ:\u00a0<\/strong>2000 St\u00fcck<\/li>\n<li><strong>Kundenspezifische Option<\/strong>: Farbe\/Gr\u00f6\u00dfe\/Logo\/Verpackung<\/li>\n<\/ul>\n<h2>Von Daily Plasticware Hersteller :<\/h2>\n<p>Gegr\u00fcndet im Jahr 2000,\u00a0<a href=\"https:\/\/www.xhplasticlife.com\/de\/\"><strong>Xinghui<\/strong><\/a>\u00a0ist spezialisiert auf die Herstellung und den Gro\u00dfhandel von Brotdosen, Lebensmittelbeh\u00e4ltern, Trinkgef\u00e4\u00dfen, Haushaltsbeh\u00e4ltern und anderen Kunststoffprodukten des t\u00e4glichen Bedarfs. Wir bieten alles aus einer Hand <a href=\"https:\/\/www.xhplasticlife.com\/de\/custom-food-storage-containers\/\">OEM &amp; ODM<\/a> und e<a href=\"https:\/\/www.xhplasticlife.com\/de\/e-commerce-service\/\"><strong>-Gesch\u00e4ftsverkehr Beschaffungsdienstleistungen<\/strong><\/a> f\u00fcr Kunden.<\/p>","protected":false},"featured_media":2135,"comment_status":"closed","ping_status":"closed","template":"","meta":{"_acf_changed":false},"product_brand":[],"product_cat":[22],"product_tag":[],"class_list":{"0":"post-2130","1":"product","2":"type-product","3":"status-publish","4":"has-post-thumbnail","6":"product_cat-portable-organizers-wholesale","8":"first","9":"instock","10":"shipping-taxable","11":"product-type-simple"},"acf":[],"_links":{"self":[{"href":"https:\/\/www.xhplasticlife.com\/de\/wp-json\/wp\/v2\/product\/2130","targetHints":{"allow":["GET"]}}],"collection":[{"href":"https:\/\/www.xhplasticlife.com\/de\/wp-json\/wp\/v2\/product"}],"about":[{"href":"https:\/\/www.xhplasticlife.com\/de\/wp-json\/wp\/v2\/types\/product"}],"replies":[{"embeddable":true,"href":"https:\/\/www.xhplasticlife.com\/de\/wp-json\/wp\/v2\/comments?post=2130"}],"wp:featuredmedia":[{"embeddable":true,"href":"https:\/\/www.xhplasticlife.com\/de\/wp-json\/wp\/v2\/media\/2135"}],"wp:attachment":[{"href":"https:\/\/www.xhplasticlife.com\/de\/wp-json\/wp\/v2\/media?parent=2130"}],"wp:term":[{"taxonomy":"product_brand","embeddable":true,"href":"https:\/\/www.xhplasticlife.com\/de\/wp-json\/wp\/v2\/product_brand?post=2130"},{"taxonomy":"product_cat","embeddable":true,"href":"https:\/\/www.xhplasticlife.com\/de\/wp-json\/wp\/v2\/product_cat?post=2130"},{"taxonomy":"product_tag","embeddable":true,"href":"https:\/\/www.xhplasticlife.com\/de\/wp-json\/wp\/v2\/product_tag?post=2130"}],"curies":[{"name":"wp","href":"https:\/\/api.w.org\/{rel}","templated":true}]}}