{"id":2122,"date":"2026-01-27T01:49:57","date_gmt":"2026-01-27T01:49:57","guid":{"rendered":"https:\/\/www.xhplasticlife.com\/?post_type=product&#038;p=2122"},"modified":"2026-01-27T02:33:54","modified_gmt":"2026-01-27T02:33:54","slug":"custom-glass-pitcher-factory","status":"publish","type":"product","link":"https:\/\/www.xhplasticlife.com\/de\/produkt\/custom-glass-pitcher-factory\/","title":{"rendered":"Benutzerdefinierte Glas Krug mit Kunststoff-Deckel, 2200ML Wasserkocher Fabrik Direktvertrieb"},"content":{"rendered":"<div class=\"wp-block-columns is-layout-flex wp-container-core-columns-is-layout-9d6595d7 wp-block-columns-is-layout-flex\">\n<div class=\"wp-block-column is-layout-flow wp-block-column-is-layout-flow\">\n<h2 class=\"wp-block-heading\">Benutzerdefinierte Glas Krug Merkmale:<\/h2>\n\n\n\n<ul class=\"wp-block-list\">\n<li><strong>2200ML Gro\u00dfes Fassungsverm\u00f6gen f\u00fcr verschiedene Einsatzszenarien:<\/strong> Befriedigt die Trinkbed\u00fcrfnisse mehrerer Benutzer auf einmal, geeignet f\u00fcr zu Hause, im B\u00fcro, in der Gastronomie und in Hotels. Dieser individuelle Glaskrug mit Kunststoffdeckel hat ein hohes Wiederkaufpotenzial.<\/li>\n\n\n\n<li><strong>Das hochtransparente Glasgeh\u00e4use gew\u00e4hrleistet Sicherheit, Haltbarkeit und ein erstklassiges Gef\u00fchl: <\/strong>Das klare Glas erm\u00f6glicht eine gute Sicht auf den Wasserstand und ist ideal f\u00fcr kaltes Wasser, Saft, Tee und t\u00e4gliche Getr\u00e4nke. Das elegante Aussehen entspricht der \u00c4sthetik des internationalen Marktes.<\/li>\n\n\n\n<li><strong>Das Design des Kunststoffdeckels verhindert das Eindringen von Staub und das Versch\u00fctten von Fl\u00fcssigkeiten und ist daher besonders praktisch:<\/strong> Der eng anliegende Deckel h\u00e4lt Staub ab und sorgt f\u00fcr ein gleichm\u00e4\u00dfiges, auslaufsicheres Ausgie\u00dfen, was das Nutzungserlebnis insgesamt verbessert.<\/li>\n\n\n\n<li><strong>Vielseitig einsetzbar f\u00fcr Hei\u00df- und Kaltgetr\u00e4nke: <\/strong>Er eignet sich zum Servieren von gek\u00fchlten oder warmen Getr\u00e4nken und ist somit ein vielseitiger Wasserkocher oder Getr\u00e4nkekrug, der den unterschiedlichen Beschaffungsanforderungen der Vertriebskan\u00e4le gerecht wird.<\/li>\n\n\n\n<li><strong>Ergonomisches Griffdesign f\u00fcr m\u00fcheloses Ausgie\u00dfen:<\/strong> Der bequeme Griff und das stabile Gie\u00dfen machen ihn ideal f\u00fcr den h\u00e4ufigen Gebrauch und verringern die Erm\u00fcdung.<\/li>\n\n\n\n<li><strong>OEM-\/Anpassungsdienste zur St\u00e4rkung der Markenbildung:<\/strong> Das Fassungsverm\u00f6gen, die Farbe des Deckels, das Logo und die Verpackungsl\u00f6sungen sind anpassbar und erf\u00fcllen flexibel die Anforderungen von Marken und Vertriebskan\u00e4len f\u00fcr individuelle Glaskr\u00fcge mit Kunststoffdeckeln.<\/li>\n\n\n\n<li><strong>Fabrikdirektlieferung mit wettbewerbsf\u00e4higen Gro\u00dfhandelspreisen<\/strong>: Unsere hauseigene Produktionslinie gew\u00e4hrleistet stabile Liefertermine, ideal f\u00fcr Gro\u00dfeink\u00e4ufe, und hilft unseren Kunden, wettbewerbsf\u00e4hige Preise und Liefersicherheit zu erhalten.<\/li>\n\n\n\n<li><strong>Kostenlose Muster zur Senkung der Kosten f\u00fcr Beschaffungsentscheidungen<\/strong>: Wir stellen kostenlose Muster f\u00fcr Qualit\u00e4tstests und Marktfeedback zur Verf\u00fcgung und beschleunigen so den Anfrage- und Bestellprozess.<\/li>\n<\/ul>\n<\/div>\n\n\n\n<div class=\"wp-block-column is-layout-flow wp-block-column-is-layout-flow\">\n<figure class=\"wp-block-image size-full\"><img decoding=\"async\" width=\"800\" height=\"800\" src=\"https:\/\/www.xhplasticlife.com\/wp-content\/uploads\/2026\/01\/Custom-Glass-Pitcher-with-Plastic-Lid-5.webp\" alt=\"Individueller Glaskrug mit Plastikdeckel (5)\" class=\"wp-image-2128\" srcset=\"https:\/\/www.xhplasticlife.com\/wp-content\/uploads\/2026\/01\/Custom-Glass-Pitcher-with-Plastic-Lid-5.webp 800w, https:\/\/www.xhplasticlife.com\/wp-content\/uploads\/2026\/01\/Custom-Glass-Pitcher-with-Plastic-Lid-5-300x300.webp 300w, https:\/\/www.xhplasticlife.com\/wp-content\/uploads\/2026\/01\/Custom-Glass-Pitcher-with-Plastic-Lid-5-150x150.webp 150w, https:\/\/www.xhplasticlife.com\/wp-content\/uploads\/2026\/01\/Custom-Glass-Pitcher-with-Plastic-Lid-5-768x768.webp 768w, https:\/\/www.xhplasticlife.com\/wp-content\/uploads\/2026\/01\/Custom-Glass-Pitcher-with-Plastic-Lid-5-12x12.webp 12w, https:\/\/www.xhplasticlife.com\/wp-content\/uploads\/2026\/01\/Custom-Glass-Pitcher-with-Plastic-Lid-5-600x600.webp 600w, https:\/\/www.xhplasticlife.com\/wp-content\/uploads\/2026\/01\/Custom-Glass-Pitcher-with-Plastic-Lid-5-100x100.webp 100w\" sizes=\"(max-width: 800px) 100vw, 800px\" \/><\/figure>\n<\/div>\n<\/div>\n\n\n<div class=\"wp-block-image\">\n<figure class=\"aligncenter size-full\"><img decoding=\"async\" width=\"690\" height=\"345\" src=\"https:\/\/www.xhplasticlife.com\/wp-content\/uploads\/2026\/01\/Custom-Glass-Pitcher-2200ML.webp\" alt=\"Benutzerdefinierte Glas Krug 2200ML\" class=\"wp-image-2123\" srcset=\"https:\/\/www.xhplasticlife.com\/wp-content\/uploads\/2026\/01\/Custom-Glass-Pitcher-2200ML.webp 690w, https:\/\/www.xhplasticlife.com\/wp-content\/uploads\/2026\/01\/Custom-Glass-Pitcher-2200ML-300x150.webp 300w, https:\/\/www.xhplasticlife.com\/wp-content\/uploads\/2026\/01\/Custom-Glass-Pitcher-2200ML-18x9.webp 18w, https:\/\/www.xhplasticlife.com\/wp-content\/uploads\/2026\/01\/Custom-Glass-Pitcher-2200ML-600x300.webp 600w\" sizes=\"(max-width: 690px) 100vw, 690px\" \/><\/figure>\n<\/div>","protected":false},"excerpt":{"rendered":"<p>Willkommen zu kaufen benutzerdefinierte Glas Krug mit Kunststoffdeckel. 2200ML gro\u00dfe Kapazit\u00e4t Wasserkocher f\u00fcr den t\u00e4glichen Gebrauch von Getr\u00e4nken. Fabrik direkt Gro\u00dfhandelspreis, stabile Versorgung und kostenlose Proben f\u00fcr Gro\u00dfabnehmer.<\/p>\n<h2>Benutzerdefinierte Glas Krug Parameter:<\/h2>\n<p><strong>Modell<\/strong>: <strong><span data-spm-anchor-id=\"a2700.details-description.0.i4.67b0zO51zO51nR\">SH3185<\/span><\/strong><br \/><strong>Markenname<\/strong>: Xinghui<br \/><strong>Material<\/strong>: PP+Glas<br \/><strong>Farbe<\/strong>gr\u00fcn\/rosa\/violett\/khaki<br \/><strong>Kapazit\u00e4t: <\/strong>2200m<strong>l<br \/>Produktgr\u00f6\u00dfe: <\/strong>14.5*11.5*22cm<br \/><strong>Gr\u00f6\u00dfe des Kartons: <\/strong>62.5*39*74cm<br \/><strong>Bruttogewicht: <\/strong>13kg<br \/><strong>Verpacken:<\/strong>1 St\u00fcck in einer Schachtel, 24 St\u00fcck\/ctn<br \/><strong>OEM\/ODM<\/strong>: Verf\u00fcgbar<br \/><strong>Beispiel: <\/strong>Kostenlose Proben<br \/><strong>Kundenspezifische Option<\/strong>: Farbe\/Gr\u00f6\u00dfe\/Logo\/Verpackung<\/p>\n<h2>Von <a href=\"https:\/\/www.xhplasticlife.com\/de\/produkt-kategorie\/custom-drinkware-wholesaler\/\">Trinkgeschirr aus Plastik<\/a> Hersteller :<\/h2>\n<p>Gegr\u00fcndet im Jahr 2000,<a href=\"https:\/\/www.xhplasticlife.com\/de\/\">\u00a0<strong>Xinghui<\/strong><\/a>\u00a0ist auf die Herstellung und den Gro\u00dfhandel von Lunchboxen, Lebensmittelbeh\u00e4ltern, Trinkgef\u00e4\u00dfen, Haushaltsbeh\u00e4ltern und anderen Kunststoffprodukten des t\u00e4glichen Bedarfs spezialisiert. Wir bieten OEM- &amp; ODM- und E-Commerce-Beschaffungsdienste f\u00fcr Kunden aus einer Hand.<\/p>","protected":false},"featured_media":2126,"comment_status":"closed","ping_status":"closed","template":"","meta":{"_acf_changed":false},"product_brand":[],"product_cat":[20],"product_tag":[],"class_list":{"0":"post-2122","1":"product","2":"type-product","3":"status-publish","4":"has-post-thumbnail","6":"product_cat-custom-drinkware-wholesaler","8":"first","9":"instock","10":"shipping-taxable","11":"product-type-simple"},"acf":[],"_links":{"self":[{"href":"https:\/\/www.xhplasticlife.com\/de\/wp-json\/wp\/v2\/product\/2122","targetHints":{"allow":["GET"]}}],"collection":[{"href":"https:\/\/www.xhplasticlife.com\/de\/wp-json\/wp\/v2\/product"}],"about":[{"href":"https:\/\/www.xhplasticlife.com\/de\/wp-json\/wp\/v2\/types\/product"}],"replies":[{"embeddable":true,"href":"https:\/\/www.xhplasticlife.com\/de\/wp-json\/wp\/v2\/comments?post=2122"}],"wp:featuredmedia":[{"embeddable":true,"href":"https:\/\/www.xhplasticlife.com\/de\/wp-json\/wp\/v2\/media\/2126"}],"wp:attachment":[{"href":"https:\/\/www.xhplasticlife.com\/de\/wp-json\/wp\/v2\/media?parent=2122"}],"wp:term":[{"taxonomy":"product_brand","embeddable":true,"href":"https:\/\/www.xhplasticlife.com\/de\/wp-json\/wp\/v2\/product_brand?post=2122"},{"taxonomy":"product_cat","embeddable":true,"href":"https:\/\/www.xhplasticlife.com\/de\/wp-json\/wp\/v2\/product_cat?post=2122"},{"taxonomy":"product_tag","embeddable":true,"href":"https:\/\/www.xhplasticlife.com\/de\/wp-json\/wp\/v2\/product_tag?post=2122"}],"curies":[{"name":"wp","href":"https:\/\/api.w.org\/{rel}","templated":true}]}}