{"id":2114,"date":"2026-01-25T06:43:51","date_gmt":"2026-01-25T06:43:51","guid":{"rendered":"https:\/\/www.xhplasticlife.com\/?post_type=product&#038;p=2114"},"modified":"2026-01-25T06:56:56","modified_gmt":"2026-01-25T06:56:56","slug":"bulk-plastic-water-pitcher-set-oem","status":"publish","type":"product","link":"https:\/\/www.xhplasticlife.com\/de\/produkt\/bulk-plastic-water-pitcher-set-oem\/","title":{"rendered":"Bulk Plastic Water Pitcher Set, BPA-Free Water Jug Set mit Deckel 4 Tassen f\u00fcr Teekannen &amp; Wasserkocher"},"content":{"rendered":"<div class=\"wp-block-columns is-layout-flex wp-container-core-columns-is-layout-9d6595d7 wp-block-columns-is-layout-flex\">\n<div class=\"wp-block-column is-layout-flow wp-block-column-is-layout-flow\">\n<h2 class=\"wp-block-heading\">Factory Bulk Plastic Water Pitcher Set Eigenschaften:<\/h2>\n\n\n\n<ul class=\"wp-block-list\">\n<li><strong>Komplettes Set-Design steigert den Gesamtwert des Verkaufs:<\/strong> Der Wasserkocher wird mit vier Bechern geliefert und eignet sich daher f\u00fcr gro\u00dfe Wasserkocher-Sets aus Kunststoff, die in Privathaushalten, Hotels, B\u00fcros oder als Geschenk verkauft werden, was den Verkaufswert und den durchschnittlichen Bestellwert erh\u00f6ht.<\/li>\n\n\n\n<li><strong>Lebensmittelgeeignetes BPA-freies Material erf\u00fcllt internationale Beschaffungsstandards<\/strong>: Aus sicherem, BPA-freiem Kunststoff hergestellt, eignet er sich f\u00fcr das t\u00e4gliche Trinken, das Aufbr\u00fchen von Tee und den Gebrauch von kalten Getr\u00e4nken und erf\u00fcllt die grundlegenden Gesundheits- und Umweltanforderungen der \u00dcberseem\u00e4rkte.<\/li>\n\n\n\n<li><strong>Passendes Deckeldesign f\u00fcr Staub- und Spill Prevention<\/strong>: Der Deckel verhindert wirksam das Eindringen von Staub und sorgt f\u00fcr ein stabiles Ausgie\u00dfen ohne \u00dcberlaufen, geeignet f\u00fcr verschiedene Anwendungen wie Teekannen und Wasserkocher.<\/li>\n\n\n\n<li><strong>Leicht und langlebig, geeignet f\u00fcr hohe Frequenzen:<\/strong> Es ist leichter und bruchsicherer als Glasprodukte und eignet sich f\u00fcr den langfristigen Einsatz in der Gastronomie, in B\u00fcros und zu Hause, da es Sch\u00e4den w\u00e4hrend des Transports und der Nutzung reduziert.<\/li>\n\n\n\n<li><strong>Einfaches Erscheinungsbild passt sich an verschiedene Marktstile an: <\/strong>Das schlichte und elegante Design eignet sich f\u00fcr den Verkauf in verschiedenen L\u00e4ndern und Kan\u00e4len und l\u00e4sst sich leicht in den Heim-, Gastronomie- und Werbemarkt integrieren.<\/li>\n\n\n\n<li><strong>Unterst\u00fctzte OEM-\/Kundenanpassungsdienste, Schaffung differenzierter Produkte:<\/strong> Individuell anpassbare Farben, Fassungsverm\u00f6gen, Logos und Verpackungsoptionen erf\u00fcllen die unterschiedlichen Anforderungen von Markeninhabern und Gro\u00dfh\u00e4ndlern an gro\u00dfe Kunststoff-Wasserkanister-Sets.<\/li>\n\n\n\n<li><strong>Factory Direct Supply, mehr wettbewerbsf\u00e4hige Gro\u00dfhandelspreise:<\/strong> Unser eigenes Produktionssystem macht Zwischenh\u00e4ndler \u00fcberfl\u00fcssig und bietet eine stabile Versorgung und g\u00fcnstigere Gro\u00dfhandelspreise f\u00fcr Gro\u00dfeink\u00e4ufe.<\/li>\n\n\n\n<li><strong>Unterst\u00fctzung f\u00fcr kostenlose Proben, Verringerung des Risikos von Gerichtsbeschl\u00fcssen: <\/strong>Die Bereitstellung von kostenlosen Mustern erm\u00f6glicht es den Kunden, die Qualit\u00e4t, die Produktkombinationen und das Feedback des Marktes zu testen, was die Entscheidungsfindung und die Effizienz der Auftragsvergabe beschleunigt.<\/li>\n<\/ul>\n<\/div>\n\n\n\n<div class=\"wp-block-column is-layout-flow wp-block-column-is-layout-flow\">\n<figure class=\"wp-block-image size-full\"><img decoding=\"async\" width=\"800\" height=\"800\" src=\"https:\/\/www.xhplasticlife.com\/wp-content\/uploads\/2026\/01\/Bulk-Plastic-Water-Pitcher-Set-Factory-xinghui-3.webp\" alt=\"Bulk Kunststoff Wasserkocher Set Fabrik - xinghui (3)\" class=\"wp-image-2117\" srcset=\"https:\/\/www.xhplasticlife.com\/wp-content\/uploads\/2026\/01\/Bulk-Plastic-Water-Pitcher-Set-Factory-xinghui-3.webp 800w, https:\/\/www.xhplasticlife.com\/wp-content\/uploads\/2026\/01\/Bulk-Plastic-Water-Pitcher-Set-Factory-xinghui-3-300x300.webp 300w, https:\/\/www.xhplasticlife.com\/wp-content\/uploads\/2026\/01\/Bulk-Plastic-Water-Pitcher-Set-Factory-xinghui-3-150x150.webp 150w, https:\/\/www.xhplasticlife.com\/wp-content\/uploads\/2026\/01\/Bulk-Plastic-Water-Pitcher-Set-Factory-xinghui-3-768x768.webp 768w, https:\/\/www.xhplasticlife.com\/wp-content\/uploads\/2026\/01\/Bulk-Plastic-Water-Pitcher-Set-Factory-xinghui-3-12x12.webp 12w, https:\/\/www.xhplasticlife.com\/wp-content\/uploads\/2026\/01\/Bulk-Plastic-Water-Pitcher-Set-Factory-xinghui-3-600x600.webp 600w, https:\/\/www.xhplasticlife.com\/wp-content\/uploads\/2026\/01\/Bulk-Plastic-Water-Pitcher-Set-Factory-xinghui-3-100x100.webp 100w\" sizes=\"(max-width: 800px) 100vw, 800px\" \/><\/figure>\n<\/div>\n<\/div>\n\n\n\n<h2 class=\"wp-block-heading\">Gro\u00dfhandel Plastik Wasserkrug mit Deckel Gr\u00f6\u00dfe:<\/h2>\n\n\n\n<figure class=\"wp-block-table is-style-stripes\"><table class=\"has-fixed-layout\"><tbody><tr><td>Modell<\/td><td>Kapazit\u00e4t<\/td><td>Gr\u00f6\u00dfe des Kartons<\/td><td>Bruttogewicht<\/td><td>Basisgewicht<\/td><\/tr><tr><td>SH3139<\/td><td>2200ML<\/td><td>67X40X74cm<\/td><td>12,4 kg<\/td><td>240G<\/td><\/tr><tr><td>SH3141<\/td><td>2600ML<\/td><td>67X40X74cm<\/td><td>16,3 kg<\/td><td>344G<\/td><\/tr><\/tbody><\/table><\/figure>\n\n\n<div class=\"wp-block-image\">\n<figure class=\"aligncenter size-full\"><img decoding=\"async\" width=\"750\" height=\"377\" src=\"https:\/\/www.xhplasticlife.com\/wp-content\/uploads\/2026\/01\/Sizes-OEM-Plastic-Water-Pitcher-with-Lid.webp\" alt=\"Gr\u00f6\u00dfen - OEM-Kunststoff-Wasserkanister mit Deckel\" class=\"wp-image-2111\" srcset=\"https:\/\/www.xhplasticlife.com\/wp-content\/uploads\/2026\/01\/Sizes-OEM-Plastic-Water-Pitcher-with-Lid.webp 750w, https:\/\/www.xhplasticlife.com\/wp-content\/uploads\/2026\/01\/Sizes-OEM-Plastic-Water-Pitcher-with-Lid-300x151.webp 300w, https:\/\/www.xhplasticlife.com\/wp-content\/uploads\/2026\/01\/Sizes-OEM-Plastic-Water-Pitcher-with-Lid-18x9.webp 18w, https:\/\/www.xhplasticlife.com\/wp-content\/uploads\/2026\/01\/Sizes-OEM-Plastic-Water-Pitcher-with-Lid-600x302.webp 600w\" sizes=\"(max-width: 750px) 100vw, 750px\" \/><\/figure>\n<\/div>\n\n<div class=\"wp-block-image\">\n<figure class=\"aligncenter size-full\"><img decoding=\"async\" width=\"750\" height=\"449\" src=\"https:\/\/www.xhplasticlife.com\/wp-content\/uploads\/2026\/01\/Factory-Bulk-Plastic-Water-Pitcher-Set-Supplier.webp\" alt=\"Fabrik Bulk Kunststoff Wasserkr\u00fcge Set Lieferant\" class=\"wp-image-2121\" srcset=\"https:\/\/www.xhplasticlife.com\/wp-content\/uploads\/2026\/01\/Factory-Bulk-Plastic-Water-Pitcher-Set-Supplier.webp 750w, https:\/\/www.xhplasticlife.com\/wp-content\/uploads\/2026\/01\/Factory-Bulk-Plastic-Water-Pitcher-Set-Supplier-300x180.webp 300w, https:\/\/www.xhplasticlife.com\/wp-content\/uploads\/2026\/01\/Factory-Bulk-Plastic-Water-Pitcher-Set-Supplier-18x12.webp 18w, https:\/\/www.xhplasticlife.com\/wp-content\/uploads\/2026\/01\/Factory-Bulk-Plastic-Water-Pitcher-Set-Supplier-600x359.webp 600w\" sizes=\"(max-width: 750px) 100vw, 750px\" \/><\/figure>\n<\/div>","protected":false},"excerpt":{"rendered":"<p>Willkommen beim Kauf eines Wasserkrug-Sets aus Kunststoff. BPA-freies Wasserkaraffen-Set mit Deckel und 4 Tassen, ideal f\u00fcr Teekannen und Wasserkocher. Factory-direct Gro\u00dfhandelspreis, stabile Versorgung und kostenlose Proben f\u00fcr Gro\u00dfabnehmer.<\/p>\n<h2>Kunststoff-Wasserkanister-Set Parameter:<\/h2>\n<p><strong>Modell<\/strong>: <strong><span data-spm-anchor-id=\"a2700.details-description.0.i4.67b0zO51zO51nR\">SH3139, SH3141<\/span><\/strong><br \/><strong>Markenname<\/strong>: Xinghui<br \/><strong>Material<\/strong>: PP\u00a0<br \/><strong>Farbe<\/strong>: rosa\/gr\u00fcn\/blau<br \/><strong>Verpacken: <\/strong>OPP-Tasche<br \/><strong>OEM\/ODM<\/strong>: Verf\u00fcgbar<br \/><strong>Beispiel: <\/strong>Kostenlose Proben<br \/><strong>Kundenspezifische Option<\/strong>: Farbe\/Gr\u00f6\u00dfe\/Logo\/Verpackung<\/p>\n<h2>Von <a href=\"https:\/\/www.xhplasticlife.com\/de\/produkt-kategorie\/custom-drinkware-wholesaler\/\">Trinkgeschirr aus Plastik<\/a> Hersteller :<\/h2>\n<p>Gegr\u00fcndet im Jahr 2000,<a href=\"https:\/\/www.xhplasticlife.com\/de\/\">\u00a0<strong>Xinghui<\/strong><\/a>\u00a0ist auf die Herstellung und den Gro\u00dfhandel von Lunchboxen, Lebensmittelbeh\u00e4ltern, Trinkgef\u00e4\u00dfen, Haushaltsbeh\u00e4ltern und anderen Kunststoffprodukten des t\u00e4glichen Bedarfs spezialisiert. Wir bieten OEM- &amp; ODM- und E-Commerce-Beschaffungsdienste f\u00fcr Kunden aus einer Hand.<\/p>","protected":false},"featured_media":2120,"comment_status":"closed","ping_status":"closed","template":"","meta":{"_acf_changed":false},"product_brand":[],"product_cat":[20],"product_tag":[],"class_list":{"0":"post-2114","1":"product","2":"type-product","3":"status-publish","4":"has-post-thumbnail","6":"product_cat-custom-drinkware-wholesaler","8":"first","9":"instock","10":"shipping-taxable","11":"product-type-simple"},"acf":[],"_links":{"self":[{"href":"https:\/\/www.xhplasticlife.com\/de\/wp-json\/wp\/v2\/product\/2114","targetHints":{"allow":["GET"]}}],"collection":[{"href":"https:\/\/www.xhplasticlife.com\/de\/wp-json\/wp\/v2\/product"}],"about":[{"href":"https:\/\/www.xhplasticlife.com\/de\/wp-json\/wp\/v2\/types\/product"}],"replies":[{"embeddable":true,"href":"https:\/\/www.xhplasticlife.com\/de\/wp-json\/wp\/v2\/comments?post=2114"}],"wp:featuredmedia":[{"embeddable":true,"href":"https:\/\/www.xhplasticlife.com\/de\/wp-json\/wp\/v2\/media\/2120"}],"wp:attachment":[{"href":"https:\/\/www.xhplasticlife.com\/de\/wp-json\/wp\/v2\/media?parent=2114"}],"wp:term":[{"taxonomy":"product_brand","embeddable":true,"href":"https:\/\/www.xhplasticlife.com\/de\/wp-json\/wp\/v2\/product_brand?post=2114"},{"taxonomy":"product_cat","embeddable":true,"href":"https:\/\/www.xhplasticlife.com\/de\/wp-json\/wp\/v2\/product_cat?post=2114"},{"taxonomy":"product_tag","embeddable":true,"href":"https:\/\/www.xhplasticlife.com\/de\/wp-json\/wp\/v2\/product_tag?post=2114"}],"curies":[{"name":"wp","href":"https:\/\/api.w.org\/{rel}","templated":true}]}}