{"id":2088,"date":"2026-01-24T18:17:09","date_gmt":"2026-01-21T19:05:05","guid":{"rendered":"https:\/\/www.xhplasticlife.com\/?post_type=product&#038;p=2088"},"modified":"2026-01-25T06:28:04","modified_gmt":"2026-01-25T06:28:04","slug":"oem-plastic-water-pitcher-with-lid","status":"publish","type":"product","link":"https:\/\/www.xhplasticlife.com\/de\/produkt\/oem-plastic-water-pitcher-with-lid\/","title":{"rendered":"OEM-Kunststoff-Wasserkrug mit Deckel, transparent 2600ml BPA-frei gro\u00dfe Kapazit\u00e4t"},"content":{"rendered":"<div class=\"wp-block-columns is-layout-flex wp-container-core-columns-is-layout-9d6595d7 wp-block-columns-is-layout-flex\">\n<div class=\"wp-block-column is-layout-flow wp-block-column-is-layout-flow\">\n<h2 class=\"wp-block-heading\">Kundenspezifischer OEM-Kunststoff-Wasserkrug mit Deckel Merkmale:<\/h2>\n\n\n\n<ul class=\"wp-block-list\">\n<li><strong>2600ml gro\u00dfes Fassungsverm\u00f6gen f\u00fcr h\u00e4ufigen Gebrauch:<\/strong> Das gro\u00dfe Fassungsverm\u00f6gen eignet sich f\u00fcr den Einsatz zu Hause, in Restaurants, Hotels und B\u00fcros. Es reduziert die H\u00e4ufigkeit des Nachf\u00fcllens und ist die ideale Wahl f\u00fcr praktische OEM-Kunststoff-Wasserkr\u00fcge mit Deckeln.<\/li>\n\n\n\n<li><strong>Transparentes Geh\u00e4use f\u00fcr klare Wasserstandsanzeige: <\/strong>Das hochtransparente Kunststoffmaterial erm\u00f6glicht eine einfache Beobachtung des verbleibenden Wasserstandes und des Getr\u00e4nkestatus, was die Benutzerfreundlichkeit erh\u00f6ht und die Pr\u00e4sentation im Einzelhandel erleichtert.<\/li>\n\n\n\n<li><strong>Lebensmittelechtes BPA-freies Material f\u00fcr Sicherheit und Verl\u00e4sslichkeit<\/strong>: Hergestellt aus BPA-freiem, lebensmittelechtem Kunststoff, geeignet f\u00fcr Alltagsgetr\u00e4nke wie kaltes Wasser und Saft, entspricht den internationalen Marktstandards f\u00fcr Gesundheit und Sicherheit.<\/li>\n\n\n\n<li><strong>Abgedichteter Deckel zur Vermeidung von Staub und Versch\u00fcttungen: <\/strong>Der mitgelieferte Deckel verhindert effektiv das Eindringen von Staub und sorgt f\u00fcr mehr Stabilit\u00e4t beim Ausgie\u00dfen. Er eignet sich f\u00fcr den t\u00e4glichen Gebrauch im K\u00fchlschrank und auf dem Schreibtisch und erh\u00f6ht den praktischen Nutzen des OEM-Kunststoff-Wasserkruges mit Deckel.<\/li>\n\n\n\n<li><strong>Ergonomische Griffstruktur: <\/strong>Der bequeme Griff erleichtert das Ausgie\u00dfen und ist f\u00fcr Benutzer aller Altersgruppen geeignet, da er die Erm\u00fcdung bei l\u00e4ngerem Gebrauch verringert.<\/li>\n\n\n\n<li><strong>Unterst\u00fctzt OEM\/ODM-Anpassung zum Aufbau Ihrer eigenen Marke:<\/strong> Als professioneller Hersteller von OEM-Kunststoff-Wasserkr\u00fcgen mit Deckel k\u00f6nnen wir die Kapazit\u00e4t, die Farbe, das Logo und die Verpackungsl\u00f6sungen an die Bed\u00fcrfnisse der verschiedenen Marktpositionen anpassen.<\/li>\n\n\n\n<li><strong>Fabrikdirektlieferung, signifikanter Gro\u00dfhandelspreisvorteil<\/strong>: Mit unserer eigenen Produktionslinie gew\u00e4hrleisten wir eine stabile Versorgung, eliminieren Zwischenkosten und bieten Gro\u00dfabnehmern wettbewerbsf\u00e4higere Gro\u00dfhandelspreise.<\/li>\n\n\n\n<li><strong>Kostenlose Musterunterst\u00fctzung, Verringerung des Risikos bei Kaufentscheidungen:<\/strong> Wir stellen kostenlose Muster zur Verf\u00fcgung, um den Kunden die Qualit\u00e4tspr\u00fcfung und das Marktfeedback zu erleichtern und den Produktauswahl- und Bestellprozess zu beschleunigen.<\/li>\n<\/ul>\n<\/div>\n\n\n\n<div class=\"wp-block-column is-layout-flow wp-block-column-is-layout-flow\">\n<figure class=\"wp-block-image size-full\"><img decoding=\"async\" width=\"800\" height=\"800\" src=\"https:\/\/www.xhplasticlife.com\/wp-content\/uploads\/2026\/01\/OEM-Plastic-Water-Pitcher-with-Lid-4.webp\" alt=\"OEM-Kunststoff-Wasserkanister mit Deckel (4)\" class=\"wp-image-2110\" srcset=\"https:\/\/www.xhplasticlife.com\/wp-content\/uploads\/2026\/01\/OEM-Plastic-Water-Pitcher-with-Lid-4.webp 800w, https:\/\/www.xhplasticlife.com\/wp-content\/uploads\/2026\/01\/OEM-Plastic-Water-Pitcher-with-Lid-4-300x300.webp 300w, https:\/\/www.xhplasticlife.com\/wp-content\/uploads\/2026\/01\/OEM-Plastic-Water-Pitcher-with-Lid-4-150x150.webp 150w, https:\/\/www.xhplasticlife.com\/wp-content\/uploads\/2026\/01\/OEM-Plastic-Water-Pitcher-with-Lid-4-768x768.webp 768w, https:\/\/www.xhplasticlife.com\/wp-content\/uploads\/2026\/01\/OEM-Plastic-Water-Pitcher-with-Lid-4-12x12.webp 12w, https:\/\/www.xhplasticlife.com\/wp-content\/uploads\/2026\/01\/OEM-Plastic-Water-Pitcher-with-Lid-4-600x600.webp 600w, https:\/\/www.xhplasticlife.com\/wp-content\/uploads\/2026\/01\/OEM-Plastic-Water-Pitcher-with-Lid-4-100x100.webp 100w\" sizes=\"(max-width: 800px) 100vw, 800px\" \/><\/figure>\n<\/div>\n<\/div>\n\n\n\n<h2 class=\"wp-block-heading\">Gro\u00dfhandel Plastik Wasserkrug mit Deckel Gr\u00f6\u00dfe:<\/h2>\n\n\n\n<figure class=\"wp-block-table is-style-stripes\"><table class=\"has-fixed-layout\"><tbody><tr><td>Modell<\/td><td>Kapazit\u00e4t<\/td><td>Gr\u00f6\u00dfe des Kartons<\/td><td>Bruttogewicht<\/td><td>Basisgewicht<\/td><\/tr><tr><td>SH3139<\/td><td>2200ML<\/td><td>67X40X74cm<\/td><td>12,4 kg<\/td><td>240G<\/td><\/tr><tr><td>SH3141<\/td><td>2600ML<\/td><td>67X40X74cm<\/td><td>16,3 kg<\/td><td>344G<\/td><\/tr><\/tbody><\/table><\/figure>\n\n\n\n<div class=\"wp-block-columns is-layout-flex wp-container-core-columns-is-layout-9d6595d7 wp-block-columns-is-layout-flex\">\n<div class=\"wp-block-column is-layout-flow wp-block-column-is-layout-flow\">\n<figure class=\"wp-block-image size-full\"><img decoding=\"async\" width=\"750\" height=\"586\" src=\"https:\/\/www.xhplasticlife.com\/wp-content\/uploads\/2026\/01\/Custom-Plastic-Water-Pitcher-with-Lid.webp\" alt=\"Individueller Plastik-Wasserkrug mit Deckel\" class=\"wp-image-2106\" srcset=\"https:\/\/www.xhplasticlife.com\/wp-content\/uploads\/2026\/01\/Custom-Plastic-Water-Pitcher-with-Lid.webp 750w, https:\/\/www.xhplasticlife.com\/wp-content\/uploads\/2026\/01\/Custom-Plastic-Water-Pitcher-with-Lid-300x234.webp 300w, https:\/\/www.xhplasticlife.com\/wp-content\/uploads\/2026\/01\/Custom-Plastic-Water-Pitcher-with-Lid-15x12.webp 15w, https:\/\/www.xhplasticlife.com\/wp-content\/uploads\/2026\/01\/Custom-Plastic-Water-Pitcher-with-Lid-600x469.webp 600w\" sizes=\"(max-width: 750px) 100vw, 750px\" \/><\/figure>\n<\/div>\n\n\n\n<div class=\"wp-block-column is-layout-flow wp-block-column-is-layout-flow\">\n<figure class=\"wp-block-image size-full\"><img decoding=\"async\" width=\"750\" height=\"546\" src=\"https:\/\/www.xhplasticlife.com\/wp-content\/uploads\/2026\/01\/Custom-Plastic-Water-Pitcher-with-Lid-2.webp\" alt=\"Individueller Plastik-Wasserkrug mit Deckel (2)\" class=\"wp-image-2104\" srcset=\"https:\/\/www.xhplasticlife.com\/wp-content\/uploads\/2026\/01\/Custom-Plastic-Water-Pitcher-with-Lid-2.webp 750w, https:\/\/www.xhplasticlife.com\/wp-content\/uploads\/2026\/01\/Custom-Plastic-Water-Pitcher-with-Lid-2-300x218.webp 300w, https:\/\/www.xhplasticlife.com\/wp-content\/uploads\/2026\/01\/Custom-Plastic-Water-Pitcher-with-Lid-2-16x12.webp 16w, https:\/\/www.xhplasticlife.com\/wp-content\/uploads\/2026\/01\/Custom-Plastic-Water-Pitcher-with-Lid-2-600x437.webp 600w\" sizes=\"(max-width: 750px) 100vw, 750px\" \/><\/figure>\n<\/div>\n<\/div>\n\n\n<div class=\"wp-block-image\">\n<figure class=\"aligncenter size-full\"><img decoding=\"async\" width=\"750\" height=\"449\" src=\"https:\/\/www.xhplasticlife.com\/wp-content\/uploads\/2025\/11\/Custom-Plastic-Water-Pitcher.webp\" alt=\"Individueller Plastik-Wasserkrug\" class=\"wp-image-1642\" srcset=\"https:\/\/www.xhplasticlife.com\/wp-content\/uploads\/2025\/11\/Custom-Plastic-Water-Pitcher.webp 750w, https:\/\/www.xhplasticlife.com\/wp-content\/uploads\/2025\/11\/Custom-Plastic-Water-Pitcher-300x180.webp 300w, https:\/\/www.xhplasticlife.com\/wp-content\/uploads\/2025\/11\/Custom-Plastic-Water-Pitcher-18x12.webp 18w, https:\/\/www.xhplasticlife.com\/wp-content\/uploads\/2025\/11\/Custom-Plastic-Water-Pitcher-600x359.webp 600w\" sizes=\"(max-width: 750px) 100vw, 750px\" \/><\/figure>\n<\/div>","protected":false},"excerpt":{"rendered":"<p>Willkommen zum Kauf von OEM-Kunststoff-Wasserkr\u00fcge mit Deckel. Transparent 2600ml BPA-frei gro\u00dfe Kapazit\u00e4t Design f\u00fcr private und gewerbliche Nutzung. Factory-direct Gro\u00dfhandelspreis, OEM-Anpassung Unterst\u00fctzung und kostenlose Proben zur Verf\u00fcgung.<\/p>\n<h2>Kunststoff-Wasserkrug mit Deckel Parameter:<\/h2>\n<p><strong>Modell<\/strong>: <strong><span data-spm-anchor-id=\"a2700.details-description.0.i4.67b0zO51zO51nR\">SH3139, SH3141<\/span><\/strong><br \/><strong>Markenname<\/strong>: Xinghui<br \/><strong>Material<\/strong>: PP\u00a0<br \/><strong>Farbe<\/strong>: rosa\/gr\u00fcn\/blau<br \/><strong>Verpacken: <\/strong>OPP-Tasche<br \/><strong>OEM\/ODM<\/strong>: Verf\u00fcgbar<br \/><strong>Beispiel: <\/strong>Kostenlose Proben<br \/><strong>Kundenspezifische Option<\/strong>: Farbe\/Gr\u00f6\u00dfe\/Logo\/Verpackung<\/p>\n<h2>Von <a href=\"https:\/\/www.xhplasticlife.com\/de\/produkt-kategorie\/custom-drinkware-wholesaler\/\">Trinkgeschirr aus Plastik<\/a> Hersteller :<\/h2>\n<p>Gegr\u00fcndet im Jahr 2000,<a href=\"https:\/\/www.xhplasticlife.com\/de\/\">\u00a0<strong>Xinghui<\/strong><\/a>\u00a0ist auf die Herstellung und den Gro\u00dfhandel von Lunchboxen, Lebensmittelbeh\u00e4ltern, Trinkgef\u00e4\u00dfen, Haushaltsbeh\u00e4ltern und anderen Kunststoffprodukten des t\u00e4glichen Bedarfs spezialisiert. Wir bieten OEM- &amp; ODM- und E-Commerce-Beschaffungsdienste f\u00fcr Kunden aus einer Hand.<\/p>","protected":false},"featured_media":2107,"comment_status":"closed","ping_status":"closed","template":"","meta":{"_acf_changed":false},"product_brand":[],"product_cat":[20],"product_tag":[],"class_list":{"0":"post-2088","1":"product","2":"type-product","3":"status-publish","4":"has-post-thumbnail","6":"product_cat-custom-drinkware-wholesaler","8":"first","9":"instock","10":"shipping-taxable","11":"product-type-simple"},"acf":[],"_links":{"self":[{"href":"https:\/\/www.xhplasticlife.com\/de\/wp-json\/wp\/v2\/product\/2088","targetHints":{"allow":["GET"]}}],"collection":[{"href":"https:\/\/www.xhplasticlife.com\/de\/wp-json\/wp\/v2\/product"}],"about":[{"href":"https:\/\/www.xhplasticlife.com\/de\/wp-json\/wp\/v2\/types\/product"}],"replies":[{"embeddable":true,"href":"https:\/\/www.xhplasticlife.com\/de\/wp-json\/wp\/v2\/comments?post=2088"}],"wp:featuredmedia":[{"embeddable":true,"href":"https:\/\/www.xhplasticlife.com\/de\/wp-json\/wp\/v2\/media\/2107"}],"wp:attachment":[{"href":"https:\/\/www.xhplasticlife.com\/de\/wp-json\/wp\/v2\/media?parent=2088"}],"wp:term":[{"taxonomy":"product_brand","embeddable":true,"href":"https:\/\/www.xhplasticlife.com\/de\/wp-json\/wp\/v2\/product_brand?post=2088"},{"taxonomy":"product_cat","embeddable":true,"href":"https:\/\/www.xhplasticlife.com\/de\/wp-json\/wp\/v2\/product_cat?post=2088"},{"taxonomy":"product_tag","embeddable":true,"href":"https:\/\/www.xhplasticlife.com\/de\/wp-json\/wp\/v2\/product_tag?post=2088"}],"curies":[{"name":"wp","href":"https:\/\/api.w.org\/{rel}","templated":true}]}}