{"id":2065,"date":"2026-01-21T01:18:43","date_gmt":"2026-01-21T01:18:43","guid":{"rendered":"https:\/\/www.xhplasticlife.com\/?post_type=product&#038;p=2065"},"modified":"2026-01-21T02:01:55","modified_gmt":"2026-01-21T02:01:55","slug":"airtight-grain-storage-containers-wholesale","status":"publish","type":"product","link":"https:\/\/www.xhplasticlife.com\/de\/produkt\/airtight-grain-storage-containers-wholesale\/","title":{"rendered":"Luftdichtes Getreide Lagerung Container Gro\u00dfhandel, Kunststoff Lebensmittel Lagerung Jars Hersteller"},"content":{"rendered":"<div class=\"wp-block-columns is-layout-flex wp-container-core-columns-is-layout-9d6595d7 wp-block-columns-is-layout-flex\">\n<div class=\"wp-block-column is-layout-flow wp-block-column-is-layout-flow\">\n<h2 class=\"wp-block-heading\">Luftdichtes Getreide Lagerung Container Gro\u00dfhandel Merkmale:<\/h2>\n\n\n\n<ul class=\"wp-block-list\">\n<li><strong>Luftdichtes Design f\u00fcr lang anhaltenden Feuchtigkeitsschutz und Frische:<\/strong> Der luftdichte Deckel sperrt Luft und Feuchtigkeit effektiv aus, wodurch Feuchtigkeit und Sch\u00e4dlingsprobleme reduziert werden und Trockeng\u00fcter wie Reis, Mehl, K\u00f6rner und Bohnen ihren frischen Geschmack f\u00fcr lange Zeit behalten. Ideal f\u00fcr laufende luftdichte Getreidelagerbeh\u00e4lter Gro\u00dfhandelsprojekte.<\/li>\n\n\n\n<li><strong>Lebensmittelgeeignetes Kunststoffmaterial, sicher f\u00fcr den t\u00e4glichen Gebrauch:<\/strong> Hergestellt aus lebensmittelechtem Kunststoff, geruchsneutral und nicht leicht verformbar, geeignet f\u00fcr private K\u00fcchen und gewerbliche Lebensmittelaufbewahrung, st\u00e4rkt das Vertrauen der Endverbraucher.<\/li>\n\n\n\n<li><strong>Transparentes Beh\u00e4lterdesign, Inhalt deutlich sichtbar:<\/strong> Das hochtransparente Erscheinungsbild erm\u00f6glicht eine schnelle Identifizierung des Inhalts und der Menge, was die Effizienz des K\u00fcchenmanagements verbessert und die Auslage im Einzelhandel unterst\u00fctzt, was den Kaufanreiz erh\u00f6ht.<\/li>\n\n\n\n<li><strong>Mehrere Kapazit\u00e4tsoptionen f\u00fcr unterschiedliche Speicheranforderungen:<\/strong> Erh\u00e4ltlich in verschiedenen Kapazit\u00e4ten, geeignet f\u00fcr die getrennte Lagerung verschiedener Getreidesorten, was die Zusammenstellung von Sets f\u00fcr Markeninhaber und Gro\u00dfh\u00e4ndler erleichtert.<\/li>\n\n\n\n<li><strong>Unterst\u00fctzt OEM\/ODM-Anpassungsdienste: <\/strong>Kapazit\u00e4t, Farbe, Logo und Verpackungsoptionen sind anpassbar und helfen den Kunden, differenzierte Produktlinien f\u00fcr die Getreidelagerung zu schaffen und den Wiedererkennungswert der Marke zu erh\u00f6hen.<\/li>\n\n\n\n<li><strong>Geeignet f\u00fcr Gro\u00dfeink\u00e4ufe, stabile und zuverl\u00e4ssige Versorgung<\/strong>: Die Produktstruktur ist ausgereift und die Produktion ist stabil, so dass es ideal f\u00fcr langfristige Sch\u00fcttgutversorgung in luftdichten Getreidelagerbeh\u00e4ltern Gro\u00dfhandel.<\/li>\n\n\n\n<li><strong>Fabrik direkt liefern, erhebliche Gro\u00dfhandelspreis Vorteil<\/strong>: Unser eigenes Produktionssystem und unsere stabile Kapazit\u00e4t erm\u00f6glichen wettbewerbsf\u00e4hige Gro\u00dfhandelspreise, die den K\u00e4ufern helfen, die Kosten zu kontrollieren.<\/li>\n<\/ul>\n<\/div>\n\n\n\n<div class=\"wp-block-column is-layout-flow wp-block-column-is-layout-flow\">\n<figure class=\"wp-block-image size-full\"><img decoding=\"async\" width=\"800\" height=\"800\" src=\"https:\/\/www.xhplasticlife.com\/wp-content\/uploads\/2026\/01\/Airtight-Grain-Storage-Containers-Wholesale-Supplier-5.webp\" alt=\"Luftdichte Getreidelagerungsbeh\u00e4lter Gro\u00dfh\u00e4ndler Lieferant (5)\" class=\"wp-image-2074\" srcset=\"https:\/\/www.xhplasticlife.com\/wp-content\/uploads\/2026\/01\/Airtight-Grain-Storage-Containers-Wholesale-Supplier-5.webp 800w, https:\/\/www.xhplasticlife.com\/wp-content\/uploads\/2026\/01\/Airtight-Grain-Storage-Containers-Wholesale-Supplier-5-300x300.webp 300w, https:\/\/www.xhplasticlife.com\/wp-content\/uploads\/2026\/01\/Airtight-Grain-Storage-Containers-Wholesale-Supplier-5-150x150.webp 150w, https:\/\/www.xhplasticlife.com\/wp-content\/uploads\/2026\/01\/Airtight-Grain-Storage-Containers-Wholesale-Supplier-5-768x768.webp 768w, https:\/\/www.xhplasticlife.com\/wp-content\/uploads\/2026\/01\/Airtight-Grain-Storage-Containers-Wholesale-Supplier-5-12x12.webp 12w, https:\/\/www.xhplasticlife.com\/wp-content\/uploads\/2026\/01\/Airtight-Grain-Storage-Containers-Wholesale-Supplier-5-600x600.webp 600w, https:\/\/www.xhplasticlife.com\/wp-content\/uploads\/2026\/01\/Airtight-Grain-Storage-Containers-Wholesale-Supplier-5-100x100.webp 100w\" sizes=\"(max-width: 800px) 100vw, 800px\" \/><\/figure>\n<\/div>\n<\/div>\n\n\n\n<h2 class=\"wp-block-heading\">Luftdichte Getreidelagerbeh\u00e4lter Gr\u00f6\u00dfe:<\/h2>\n\n\n\n<figure class=\"wp-block-table is-style-stripes\"><table class=\"has-fixed-layout\"><tbody><tr><td>Modell<\/td><td>Kapazit\u00e4t<\/td><td>Packungsvolumen<\/td><td>G.W.\/Fall<\/td><td>Produkt Abmessungen<\/td><td>\u00c4u\u00dfere Gr\u00f6\u00dfe der Box<\/td><\/tr><tr><td>3040<\/td><td>1700ML<\/td><td>60<\/td><td>11KG<\/td><td>10.3\u00d710.3\u00d720.4cm<\/td><td>53x43x63cm<\/td><\/tr><tr><td>3041<\/td><td>1300ML<\/td><td>80<\/td><td>11KG<\/td><td>10,3\u00d710,3\u00d716,3 cm<\/td><td>53\u00d745,5x56cm<\/td><\/tr><tr><td>3042<\/td><td>800ML<\/td><td>100<\/td><td>11KG<\/td><td>10.3\u00d710.3\u00d720.4cm<\/td><td>65x36x66cm<\/td><\/tr><tr><td>3043<\/td><td>400ML<\/td><td>120<\/td><td>10KG<\/td><td>10.3\u00d710.3\u00d76.2cm<\/td><td>57.5x41x75.5cm<\/td><\/tr><\/tbody><\/table><\/figure>\n\n\n\n<div class=\"wp-block-columns is-layout-flex wp-container-core-columns-is-layout-9d6595d7 wp-block-columns-is-layout-flex\">\n<div class=\"wp-block-column is-layout-flow wp-block-column-is-layout-flow\">\n<figure class=\"wp-block-image size-full\"><img decoding=\"async\" width=\"630\" height=\"664\" src=\"https:\/\/www.xhplasticlife.com\/wp-content\/uploads\/2026\/01\/1700ML-Airtight-Grain-Storage-Containers-3040.webp\" alt=\"1700ML luftdicht Getreide Lagerung Container - 3040\" class=\"wp-image-2069\" srcset=\"https:\/\/www.xhplasticlife.com\/wp-content\/uploads\/2026\/01\/1700ML-Airtight-Grain-Storage-Containers-3040.webp 630w, https:\/\/www.xhplasticlife.com\/wp-content\/uploads\/2026\/01\/1700ML-Airtight-Grain-Storage-Containers-3040-285x300.webp 285w, https:\/\/www.xhplasticlife.com\/wp-content\/uploads\/2026\/01\/1700ML-Airtight-Grain-Storage-Containers-3040-11x12.webp 11w, https:\/\/www.xhplasticlife.com\/wp-content\/uploads\/2026\/01\/1700ML-Airtight-Grain-Storage-Containers-3040-600x632.webp 600w\" sizes=\"(max-width: 630px) 100vw, 630px\" \/><\/figure>\n<\/div>\n\n\n\n<div class=\"wp-block-column is-layout-flow wp-block-column-is-layout-flow\">\n<figure class=\"wp-block-image size-full\"><img decoding=\"async\" width=\"734\" height=\"630\" src=\"https:\/\/www.xhplasticlife.com\/wp-content\/uploads\/2026\/01\/1300ML-Airtight-Grain-Storage-Containers-3041.webp\" alt=\"1300ML luftdicht Getreide Lagerung Container -3041\" class=\"wp-image-2068\" srcset=\"https:\/\/www.xhplasticlife.com\/wp-content\/uploads\/2026\/01\/1300ML-Airtight-Grain-Storage-Containers-3041.webp 734w, https:\/\/www.xhplasticlife.com\/wp-content\/uploads\/2026\/01\/1300ML-Airtight-Grain-Storage-Containers-3041-300x257.webp 300w, https:\/\/www.xhplasticlife.com\/wp-content\/uploads\/2026\/01\/1300ML-Airtight-Grain-Storage-Containers-3041-14x12.webp 14w, https:\/\/www.xhplasticlife.com\/wp-content\/uploads\/2026\/01\/1300ML-Airtight-Grain-Storage-Containers-3041-600x515.webp 600w\" sizes=\"(max-width: 734px) 100vw, 734px\" \/><\/figure>\n<\/div>\n\n\n\n<div class=\"wp-block-column is-layout-flow wp-block-column-is-layout-flow\">\n<figure class=\"wp-block-image size-full\"><img decoding=\"async\" width=\"644\" height=\"548\" src=\"https:\/\/www.xhplasticlife.com\/wp-content\/uploads\/2026\/01\/800ML-Airtight-Grain-Storage-Containers-3042.webp\" alt=\"800ML luftdicht Getreide Lagerung Container - 3042\" class=\"wp-image-2067\" srcset=\"https:\/\/www.xhplasticlife.com\/wp-content\/uploads\/2026\/01\/800ML-Airtight-Grain-Storage-Containers-3042.webp 644w, https:\/\/www.xhplasticlife.com\/wp-content\/uploads\/2026\/01\/800ML-Airtight-Grain-Storage-Containers-3042-300x255.webp 300w, https:\/\/www.xhplasticlife.com\/wp-content\/uploads\/2026\/01\/800ML-Airtight-Grain-Storage-Containers-3042-14x12.webp 14w, https:\/\/www.xhplasticlife.com\/wp-content\/uploads\/2026\/01\/800ML-Airtight-Grain-Storage-Containers-3042-600x511.webp 600w\" sizes=\"(max-width: 644px) 100vw, 644px\" \/><\/figure>\n<\/div>\n\n\n\n<div class=\"wp-block-column is-layout-flow wp-block-column-is-layout-flow\">\n<figure class=\"wp-block-image size-full\"><img decoding=\"async\" width=\"664\" height=\"532\" src=\"https:\/\/www.xhplasticlife.com\/wp-content\/uploads\/2026\/01\/400ML-Airtight-Grain-Storage-Containers-3043.webp\" alt=\"400ML luftdicht Getreide Lagerung Container - 3043\" class=\"wp-image-2066\" srcset=\"https:\/\/www.xhplasticlife.com\/wp-content\/uploads\/2026\/01\/400ML-Airtight-Grain-Storage-Containers-3043.webp 664w, https:\/\/www.xhplasticlife.com\/wp-content\/uploads\/2026\/01\/400ML-Airtight-Grain-Storage-Containers-3043-300x240.webp 300w, https:\/\/www.xhplasticlife.com\/wp-content\/uploads\/2026\/01\/400ML-Airtight-Grain-Storage-Containers-3043-15x12.webp 15w, https:\/\/www.xhplasticlife.com\/wp-content\/uploads\/2026\/01\/400ML-Airtight-Grain-Storage-Containers-3043-600x481.webp 600w\" sizes=\"(max-width: 664px) 100vw, 664px\" \/><\/figure>\n<\/div>\n<\/div>","protected":false},"excerpt":{"rendered":"<p>Willkommen zum Kauf von luftdichten Getreidelagerbeh\u00e4ltern im Gro\u00dfhandel. Als professioneller Hersteller von Lebensmittelbeh\u00e4ltern aus Kunststoff liefern wir langlebige, luftdichte Beh\u00e4lter f\u00fcr die Lagerung von Getreide und trockenen Lebensmitteln. Factory-direct Gro\u00dfhandelspreise, OEM \/ ODM-Unterst\u00fctzung und kostenlose Proben helfen K\u00e4ufer Quelle effizient.<\/p>\n<h2>Luftdichte Getreidelagerbeh\u00e4lter Parameter<\/h2>\n<p><strong>Modell<\/strong>: 3040-3043<br \/><strong>Markenname<\/strong>: Xinghui<br \/><strong>Material<\/strong>: PP\u00a0<br \/><strong>Farbe<\/strong>: Rosa, Blau<br \/><strong>Verpacken: <\/strong>OPP-Tasche<br \/><strong>OEM\/ODM<\/strong>: Verf\u00fcgbar<br \/><strong>Kundenspezifische Option<\/strong>: Farbe\/Gr\u00f6\u00dfe\/Logo\/Verpackung<\/p>\n<h2>Von Lebensmittel Lagerung Container Hersteller :<\/h2>\n<p>Gegr\u00fcndet im Jahr 2000,<a href=\"https:\/\/www.xhplasticlife.com\/de\/\">\u00a0<strong>Xinghui<\/strong><\/a>\u00a0ist auf die Herstellung und den Gro\u00dfhandel von Lunchboxen, Lebensmittelbeh\u00e4ltern, Trinkgef\u00e4\u00dfen, Haushaltsbeh\u00e4ltern und anderen Kunststoffprodukten des t\u00e4glichen Bedarfs spezialisiert. Wir bieten OEM- &amp; ODM- und E-Commerce-Beschaffungsdienste f\u00fcr Kunden aus einer Hand.<\/p>","protected":false},"featured_media":2072,"comment_status":"closed","ping_status":"closed","template":"","meta":{"_acf_changed":false},"product_brand":[],"product_cat":[18],"product_tag":[],"class_list":{"0":"post-2065","1":"product","2":"type-product","3":"status-publish","4":"has-post-thumbnail","6":"product_cat-bulk-food-storage-container","8":"first","9":"instock","10":"shipping-taxable","11":"product-type-simple"},"acf":[],"_links":{"self":[{"href":"https:\/\/www.xhplasticlife.com\/de\/wp-json\/wp\/v2\/product\/2065","targetHints":{"allow":["GET"]}}],"collection":[{"href":"https:\/\/www.xhplasticlife.com\/de\/wp-json\/wp\/v2\/product"}],"about":[{"href":"https:\/\/www.xhplasticlife.com\/de\/wp-json\/wp\/v2\/types\/product"}],"replies":[{"embeddable":true,"href":"https:\/\/www.xhplasticlife.com\/de\/wp-json\/wp\/v2\/comments?post=2065"}],"wp:featuredmedia":[{"embeddable":true,"href":"https:\/\/www.xhplasticlife.com\/de\/wp-json\/wp\/v2\/media\/2072"}],"wp:attachment":[{"href":"https:\/\/www.xhplasticlife.com\/de\/wp-json\/wp\/v2\/media?parent=2065"}],"wp:term":[{"taxonomy":"product_brand","embeddable":true,"href":"https:\/\/www.xhplasticlife.com\/de\/wp-json\/wp\/v2\/product_brand?post=2065"},{"taxonomy":"product_cat","embeddable":true,"href":"https:\/\/www.xhplasticlife.com\/de\/wp-json\/wp\/v2\/product_cat?post=2065"},{"taxonomy":"product_tag","embeddable":true,"href":"https:\/\/www.xhplasticlife.com\/de\/wp-json\/wp\/v2\/product_tag?post=2065"}],"curies":[{"name":"wp","href":"https:\/\/api.w.org\/{rel}","templated":true}]}}