{"id":2055,"date":"2026-01-20T10:46:03","date_gmt":"2026-01-20T10:46:03","guid":{"rendered":"https:\/\/www.xhplasticlife.com\/?post_type=product&#038;p=2055"},"modified":"2026-01-20T11:04:05","modified_gmt":"2026-01-20T11:04:05","slug":"tall-food-storage-containers-bulk","status":"publish","type":"product","link":"https:\/\/www.xhplasticlife.com\/de\/produkt\/tall-food-storage-containers-bulk\/","title":{"rendered":"Gro\u00dfhandel hohe Lebensmittel Lagerung Container, OEM Kunststoff Lebensmittel Container Set Lieferant"},"content":{"rendered":"<div class=\"wp-block-columns is-layout-flex wp-container-core-columns-is-layout-9d6595d7 wp-block-columns-is-layout-flex\">\n<div class=\"wp-block-column is-layout-flow wp-block-column-is-layout-flow\">\n<h2 class=\"wp-block-heading\">Gro\u00dfhandel Tall Food Storage Containers Merkmale:<\/h2>\n\n\n\n<ul class=\"wp-block-list\">\n<li><strong>Hohe Designstruktur, die die Effizienz der K\u00fcchenlagerung erh\u00f6ht<\/strong>: Das hohe Design nutzt den vertikalen Platz in der K\u00fcche voll aus und ist ideal f\u00fcr die Aufbewahrung von Nudeln, K\u00f6rnern, Kaffeebohnen, Tierfutter und Trockenwaren, was die Benutzerfreundlichkeit erh\u00f6ht.<\/li>\n\n\n\n<li><strong>Lebensmittelgeeignetes Kunststoffmaterial, sicher und langlebig: <\/strong>Hergestellt aus lebensmittelechtem Kunststoff, geruchsneutral und alterungsbest\u00e4ndig, geeignet f\u00fcr den t\u00e4glichen, wiederholten Gebrauch, erf\u00fcllt die Sicherheitsanforderungen an Lebensmittelbeh\u00e4lter in verschiedenen M\u00e4rkten.<\/li>\n\n\n\n<li><strong>Versiegelte Deckelkonstruktion zum Schutz vor Feuchtigkeit und Staub: <\/strong>Der Deckel liegt dicht an, wodurch das Eindringen von Luft und Feuchtigkeit wirksam verhindert wird. So bleiben die Inhaltsstoffe frisch und das Produkt wird praktischer und kann leichter wieder gekauft werden.<\/li>\n\n\n\n<li><strong>Transparentes oder transluzentes Aussehen f\u00fcr eine einfache Sicht auf den Inhalt: <\/strong>Das \u00fcbersichtliche Design erm\u00f6glicht es den Nutzern, die verbleibende Menge schnell zu bestimmen, und ist auch f\u00fcr die Auslage im Einzelhandel geeignet, was die Umsatzraten erh\u00f6ht.<\/li>\n\n\n\n<li><strong>Unterst\u00fctzt OEM\/ODM-Anpassungsdienste: <\/strong>Als Gro\u00dfhandelslieferant von hohen Lebensmittelbeh\u00e4ltern k\u00f6nnen wir die H\u00f6he, das Fassungsverm\u00f6gen, die Farbe, das LOGO und die Verpackung individuell anpassen, um die differenzierten Bed\u00fcrfnisse von Marken- und Vertriebskanalkunden zu erf\u00fcllen.<\/li>\n\n\n\n<li>Geeignet f\u00fcr Gro\u00dfeinkauf, stabile Lieferkapazit\u00e4t: Die Produktstruktur ist ausgereift, und die Produktion ist stabil, so dass es ideal f\u00fcr langfristige Gro\u00dfhandel hohe Lebensmittel Lagerung Container Gro\u00dfeinkauf und kontinuierliche Versorgung Projekte.<\/li>\n\n\n\n<li><strong>Direkte Lieferung ab Werk, erheblicher Preisvorteil:<\/strong> Unser eigenes Produktionssystem und unsere ausgereiften Produktionslinien erm\u00f6glichen wettbewerbsf\u00e4hige Gro\u00dfhandelspreise, die den K\u00e4ufern helfen, ihre Kosten zu kontrollieren und ihre Gewinnspannen zu erh\u00f6hen.<\/li>\n\n\n\n<li><strong>Kostenlose Musterunterst\u00fctzung zur Verringerung der Risiken bei Beschaffungsentscheidungen: <\/strong>Kostenlose Muster werden zur Verf\u00fcgung gestellt, um Qualit\u00e4tstests und Markt\u00fcberpr\u00fcfungen zu erleichtern, bevor ein formeller Auftrag erteilt wird, was den Prozess der Zusammenarbeit beschleunigt.<\/li>\n<\/ul>\n<\/div>\n\n\n\n<div class=\"wp-block-column is-layout-flow wp-block-column-is-layout-flow\">\n<figure class=\"wp-block-image size-full\"><img decoding=\"async\" width=\"800\" height=\"800\" src=\"https:\/\/www.xhplasticlife.com\/wp-content\/uploads\/2026\/01\/Wholesale-Tall-Food-Storage-Containers-Supplier-1.webp\" alt=\"Gro\u00dfhandel gro\u00dfe Lebensmittel Lagerung Container Lieferant (1)\" class=\"wp-image-2060\" srcset=\"https:\/\/www.xhplasticlife.com\/wp-content\/uploads\/2026\/01\/Wholesale-Tall-Food-Storage-Containers-Supplier-1.webp 800w, https:\/\/www.xhplasticlife.com\/wp-content\/uploads\/2026\/01\/Wholesale-Tall-Food-Storage-Containers-Supplier-1-300x300.webp 300w, https:\/\/www.xhplasticlife.com\/wp-content\/uploads\/2026\/01\/Wholesale-Tall-Food-Storage-Containers-Supplier-1-150x150.webp 150w, https:\/\/www.xhplasticlife.com\/wp-content\/uploads\/2026\/01\/Wholesale-Tall-Food-Storage-Containers-Supplier-1-768x768.webp 768w, https:\/\/www.xhplasticlife.com\/wp-content\/uploads\/2026\/01\/Wholesale-Tall-Food-Storage-Containers-Supplier-1-12x12.webp 12w, https:\/\/www.xhplasticlife.com\/wp-content\/uploads\/2026\/01\/Wholesale-Tall-Food-Storage-Containers-Supplier-1-600x600.webp 600w, https:\/\/www.xhplasticlife.com\/wp-content\/uploads\/2026\/01\/Wholesale-Tall-Food-Storage-Containers-Supplier-1-100x100.webp 100w\" sizes=\"(max-width: 800px) 100vw, 800px\" \/><\/figure>\n<\/div>\n<\/div>\n\n\n\n<h2 class=\"wp-block-heading\">Gro\u00dfe Kunststoffbeh\u00e4lter f\u00fcr Lebensmittel Gr\u00f6\u00dfe:<\/h2>\n\n\n\n<figure class=\"wp-block-table is-style-stripes\"><table class=\"has-fixed-layout\"><tbody><tr><td>Modell<\/td><td>Gr\u00f6\u00dfen<\/td><td>Kapazit\u00e4t<\/td><td>Spezifikation<\/td><td>Verpacken<\/td><td>Box Gr\u00f6\u00dfe<\/td><td>Bruttogewicht<\/td><\/tr><tr><td>3335<\/td><td>Gro\u00df<\/td><td>1900ML\/3PCS<\/td><td>13.5*13.5*20.5<\/td><td>60<\/td><td>69*56*63<\/td><td>18.3<\/td><\/tr><tr><td>3336<\/td><td>Klein<\/td><td>1900ML\/4PCS<\/td><td>13.5*13.5*22.5<\/td><td>48<\/td><td>56*56*68<\/td><td>19.3<\/td><\/tr><tr><td>3337<\/td><td>Gro\u00df<\/td><td>1170ML\/3PCS<\/td><td>12*12*17.5<\/td><td>80<\/td><td>62*50*72<\/td><td>18.4<\/td><\/tr><tr><td>3338<\/td><td>Klein<\/td><td>1170ML\/4PCS<\/td><td>12*12*19.5<\/td><td>60<\/td><td>62*50*61<\/td><td>18.2<\/td><\/tr><\/tbody><\/table><\/figure>\n\n\n\n<div class=\"wp-block-columns is-layout-flex wp-container-core-columns-is-layout-9d6595d7 wp-block-columns-is-layout-flex\">\n<div class=\"wp-block-column is-layout-flow wp-block-column-is-layout-flow\">\n<figure class=\"wp-block-image size-full\"><img decoding=\"async\" width=\"800\" height=\"800\" src=\"https:\/\/www.xhplasticlife.com\/wp-content\/uploads\/2026\/01\/SKU-04-1900ML-4.webp\" alt=\"SKU-04-1900ML - 4\" class=\"wp-image-2059\" srcset=\"https:\/\/www.xhplasticlife.com\/wp-content\/uploads\/2026\/01\/SKU-04-1900ML-4.webp 800w, https:\/\/www.xhplasticlife.com\/wp-content\/uploads\/2026\/01\/SKU-04-1900ML-4-300x300.webp 300w, https:\/\/www.xhplasticlife.com\/wp-content\/uploads\/2026\/01\/SKU-04-1900ML-4-150x150.webp 150w, https:\/\/www.xhplasticlife.com\/wp-content\/uploads\/2026\/01\/SKU-04-1900ML-4-768x768.webp 768w, https:\/\/www.xhplasticlife.com\/wp-content\/uploads\/2026\/01\/SKU-04-1900ML-4-12x12.webp 12w, https:\/\/www.xhplasticlife.com\/wp-content\/uploads\/2026\/01\/SKU-04-1900ML-4-600x600.webp 600w, https:\/\/www.xhplasticlife.com\/wp-content\/uploads\/2026\/01\/SKU-04-1900ML-4-100x100.webp 100w\" sizes=\"(max-width: 800px) 100vw, 800px\" \/><\/figure>\n<\/div>\n\n\n\n<div class=\"wp-block-column is-layout-flow wp-block-column-is-layout-flow\">\n<figure class=\"wp-block-image size-full\"><img decoding=\"async\" width=\"800\" height=\"800\" src=\"https:\/\/www.xhplasticlife.com\/wp-content\/uploads\/2026\/01\/SKU-03-1900ML-3.webp\" alt=\"SKU-03-1900ML -3\" class=\"wp-image-2058\" srcset=\"https:\/\/www.xhplasticlife.com\/wp-content\/uploads\/2026\/01\/SKU-03-1900ML-3.webp 800w, https:\/\/www.xhplasticlife.com\/wp-content\/uploads\/2026\/01\/SKU-03-1900ML-3-300x300.webp 300w, https:\/\/www.xhplasticlife.com\/wp-content\/uploads\/2026\/01\/SKU-03-1900ML-3-150x150.webp 150w, https:\/\/www.xhplasticlife.com\/wp-content\/uploads\/2026\/01\/SKU-03-1900ML-3-768x768.webp 768w, https:\/\/www.xhplasticlife.com\/wp-content\/uploads\/2026\/01\/SKU-03-1900ML-3-12x12.webp 12w, https:\/\/www.xhplasticlife.com\/wp-content\/uploads\/2026\/01\/SKU-03-1900ML-3-600x600.webp 600w, https:\/\/www.xhplasticlife.com\/wp-content\/uploads\/2026\/01\/SKU-03-1900ML-3-100x100.webp 100w\" sizes=\"(max-width: 800px) 100vw, 800px\" \/><\/figure>\n<\/div>\n\n\n\n<div class=\"wp-block-column is-layout-flow wp-block-column-is-layout-flow\">\n<figure class=\"wp-block-image size-full\"><img decoding=\"async\" width=\"800\" height=\"800\" src=\"https:\/\/www.xhplasticlife.com\/wp-content\/uploads\/2026\/01\/SKU-02-1170ML-4.webp\" alt=\"SKU-02-1170ML - 4\" class=\"wp-image-2057\" srcset=\"https:\/\/www.xhplasticlife.com\/wp-content\/uploads\/2026\/01\/SKU-02-1170ML-4.webp 800w, https:\/\/www.xhplasticlife.com\/wp-content\/uploads\/2026\/01\/SKU-02-1170ML-4-300x300.webp 300w, https:\/\/www.xhplasticlife.com\/wp-content\/uploads\/2026\/01\/SKU-02-1170ML-4-150x150.webp 150w, https:\/\/www.xhplasticlife.com\/wp-content\/uploads\/2026\/01\/SKU-02-1170ML-4-768x768.webp 768w, https:\/\/www.xhplasticlife.com\/wp-content\/uploads\/2026\/01\/SKU-02-1170ML-4-12x12.webp 12w, https:\/\/www.xhplasticlife.com\/wp-content\/uploads\/2026\/01\/SKU-02-1170ML-4-600x600.webp 600w, https:\/\/www.xhplasticlife.com\/wp-content\/uploads\/2026\/01\/SKU-02-1170ML-4-100x100.webp 100w\" sizes=\"(max-width: 800px) 100vw, 800px\" \/><\/figure>\n<\/div>\n\n\n\n<div class=\"wp-block-column is-layout-flow wp-block-column-is-layout-flow\">\n<figure class=\"wp-block-image size-full\"><img decoding=\"async\" width=\"800\" height=\"800\" src=\"https:\/\/www.xhplasticlife.com\/wp-content\/uploads\/2026\/01\/SKU-01-1170ML-3.webp\" alt=\"SKU-01-1170ML -3\" class=\"wp-image-2056\" srcset=\"https:\/\/www.xhplasticlife.com\/wp-content\/uploads\/2026\/01\/SKU-01-1170ML-3.webp 800w, https:\/\/www.xhplasticlife.com\/wp-content\/uploads\/2026\/01\/SKU-01-1170ML-3-300x300.webp 300w, https:\/\/www.xhplasticlife.com\/wp-content\/uploads\/2026\/01\/SKU-01-1170ML-3-150x150.webp 150w, https:\/\/www.xhplasticlife.com\/wp-content\/uploads\/2026\/01\/SKU-01-1170ML-3-768x768.webp 768w, https:\/\/www.xhplasticlife.com\/wp-content\/uploads\/2026\/01\/SKU-01-1170ML-3-12x12.webp 12w, https:\/\/www.xhplasticlife.com\/wp-content\/uploads\/2026\/01\/SKU-01-1170ML-3-600x600.webp 600w, https:\/\/www.xhplasticlife.com\/wp-content\/uploads\/2026\/01\/SKU-01-1170ML-3-100x100.webp 100w\" sizes=\"(max-width: 800px) 100vw, 800px\" \/><\/figure>\n<\/div>\n<\/div>","protected":false},"excerpt":{"rendered":"<p data-start=\"403\" data-end=\"669\">Willkommen im Gro\u00dfhandel hohe Lebensmittelvorratsbeh\u00e4lter zu kaufen. Als OEM-Lieferant von Lebensmittelbeh\u00e4ltern aus Kunststoff bieten wir hohe Lebensmittelbeh\u00e4lter f\u00fcr die K\u00fcche an. Factory-direct Gro\u00dfhandelspreise, OEM \/ ODM-Unterst\u00fctzung und kostenlose Proben helfen K\u00e4ufer Quelle effizient.<\/p>\n<h2>Gro\u00dfhandel hoch Lebensmittel Lagerung Container Parameter<\/h2>\n<ul>\n<li><strong>Modell<\/strong>: 3335-3338<\/li>\n<li><strong>Markenname<\/strong>: <a href=\"https:\/\/www.xhplasticlife.com\/de\/\"><strong>Xinghui<\/strong><\/a><\/li>\n<li><strong>Material<\/strong>: PP\u00a0<\/li>\n<li><strong>Farbe<\/strong>: Wei\u00df+Transparent<\/li>\n<li><strong>Verpacken: <\/strong>Papierbasierte Ausschreibungen<\/li>\n<li><strong>OEM\/ODM<\/strong>: Verf\u00fcgbar<\/li>\n<li><strong>Kundenspezifische Option<\/strong>: Farbe\/Gr\u00f6\u00dfe\/Logo\/Verpackung<\/li>\n<\/ul>\n<h2>Von Lebensmittel Lagerung Container Hersteller :<\/h2>\n<p>Gegr\u00fcndet im Jahr 2000,<a href=\"https:\/\/www.xhplasticlife.com\/de\/\">\u00a0<strong>Xinghui<\/strong><\/a>\u00a0ist auf die Herstellung und den Gro\u00dfhandel von Lunchboxen, Lebensmittelbeh\u00e4ltern, Trinkgef\u00e4\u00dfen, Haushaltsbeh\u00e4ltern und anderen Kunststoffprodukten des t\u00e4glichen Bedarfs spezialisiert. Wir bieten OEM- &amp; ODM- und E-Commerce-Beschaffungsdienste f\u00fcr Kunden aus einer Hand.<\/p>","protected":false},"featured_media":2063,"comment_status":"closed","ping_status":"closed","template":"","meta":{"_acf_changed":false},"product_brand":[],"product_cat":[18],"product_tag":[],"class_list":{"0":"post-2055","1":"product","2":"type-product","3":"status-publish","4":"has-post-thumbnail","6":"product_cat-bulk-food-storage-container","8":"first","9":"instock","10":"shipping-taxable","11":"product-type-simple"},"acf":[],"_links":{"self":[{"href":"https:\/\/www.xhplasticlife.com\/de\/wp-json\/wp\/v2\/product\/2055","targetHints":{"allow":["GET"]}}],"collection":[{"href":"https:\/\/www.xhplasticlife.com\/de\/wp-json\/wp\/v2\/product"}],"about":[{"href":"https:\/\/www.xhplasticlife.com\/de\/wp-json\/wp\/v2\/types\/product"}],"replies":[{"embeddable":true,"href":"https:\/\/www.xhplasticlife.com\/de\/wp-json\/wp\/v2\/comments?post=2055"}],"wp:featuredmedia":[{"embeddable":true,"href":"https:\/\/www.xhplasticlife.com\/de\/wp-json\/wp\/v2\/media\/2063"}],"wp:attachment":[{"href":"https:\/\/www.xhplasticlife.com\/de\/wp-json\/wp\/v2\/media?parent=2055"}],"wp:term":[{"taxonomy":"product_brand","embeddable":true,"href":"https:\/\/www.xhplasticlife.com\/de\/wp-json\/wp\/v2\/product_brand?post=2055"},{"taxonomy":"product_cat","embeddable":true,"href":"https:\/\/www.xhplasticlife.com\/de\/wp-json\/wp\/v2\/product_cat?post=2055"},{"taxonomy":"product_tag","embeddable":true,"href":"https:\/\/www.xhplasticlife.com\/de\/wp-json\/wp\/v2\/product_tag?post=2055"}],"curies":[{"name":"wp","href":"https:\/\/api.w.org\/{rel}","templated":true}]}}