{"id":2042,"date":"2026-01-20T09:03:18","date_gmt":"2026-01-20T09:03:18","guid":{"rendered":"https:\/\/www.xhplasticlife.com\/?post_type=product&#038;p=2042"},"modified":"2026-01-20T09:42:59","modified_gmt":"2026-01-20T09:42:59","slug":"plastic-kitchen-food-container-bulk","status":"publish","type":"product","link":"https:\/\/www.xhplasticlife.com\/de\/produkt\/plastic-kitchen-food-container-bulk\/","title":{"rendered":"Plastic Kitchen Food Container Factory, Bulk Transparent Airtight Food Storage Container Set"},"content":{"rendered":"<div class=\"wp-block-columns is-layout-flex wp-container-core-columns-is-layout-9d6595d7 wp-block-columns-is-layout-flex\">\n<div class=\"wp-block-column is-layout-flow wp-block-column-is-layout-flow\">\n<h2 class=\"wp-block-heading\">Kunststoff K\u00fcche Lebensmittel Container Bulk Features:<\/h2>\n\n\n\n<ul class=\"wp-block-list\">\n<li><strong>Luftdichtes Deckeldesign f\u00fcr zuverl\u00e4ssigen Feuchtigkeitsschutz und Frischeerhaltung:<\/strong> Die luftdichte Struktur isoliert effektiv Luft und Feuchtigkeit und ist ideal f\u00fcr die Lagerung von Reis, Mehl, K\u00f6rnern, N\u00fcssen und Snacks. Sie hilft dem Endverbraucher, die Frische der Lebensmittel zu erhalten und erh\u00f6ht den praktischen Wert des Produkts.<\/li>\n\n\n\n<li><strong>Transparentes Geh\u00e4use f\u00fcr leichte Sichtbarkeit des Inhalts:<\/strong> Das hochtransparente Material erm\u00f6glicht eine schnelle Identifizierung des Inhalts und der verbleibenden Mengen, was die Effizienz in der K\u00fcche verbessert und die Pr\u00e4sentation im Einzelhandel erleichtert und somit die Kaufbereitschaft erh\u00f6ht.<\/li>\n\n\n\n<li><strong>Lebensmittelgerechtes Kunststoffmaterial, sicher f\u00fcr den t\u00e4glichen Gebrauch in der K\u00fcche:<\/strong> Hergestellt aus lebensmittelechtem Kunststoff, geruchsneutral und langlebig, geeignet f\u00fcr den langfristigen, wiederholten Einsatz in privaten und gewerblichen K\u00fcchen.<\/li>\n\n\n\n<li><strong>Mehrere Gr\u00f6\u00dfen und Kombinationen f\u00fcr unterschiedliche Lagerungsbed\u00fcrfnisse<\/strong>: Erh\u00e4ltlich in verschiedenen Fassungsverm\u00f6gen und Kombinationssets, praktisch f\u00fcr die Klassifizierung und Aufbewahrung verschiedener Zutaten, besonders geeignet f\u00fcr den Gro\u00dfeinkauf und den Verkauf von Lebensmittelbeh\u00e4ltern aus Kunststoff in Sets.<\/li>\n\n\n\n<li><strong>Das stapelbare Design spart Platz f\u00fcr Lagerung und Transport: <\/strong>Die stabile Struktur erm\u00f6glicht eine saubere Stapelung, wodurch die Lager- und Logistikkosten effektiv gesenkt werden, ideal f\u00fcr die langfristige Belieferung von Gro\u00dfh\u00e4ndlern und Vertriebskan\u00e4len.<\/li>\n\n\n\n<li><strong>Unterst\u00fctzt OEM\/ODM-Anpassungsdienste<\/strong>: Farben, Logos, Fassungsverh\u00e4ltnisse und Verpackungsl\u00f6sungen sind individuell anpassbar und helfen Marken, differenzierte Produktlinien f\u00fcr die K\u00fcchenaufbewahrung zu schaffen.<\/li>\n\n\n\n<li><strong>Fabrikdirektlieferung, signifikanter Preisvorteil: <\/strong>Mit unserem eigenen Produktionssystem und unserer stabilen Kapazit\u00e4t bieten wir Gro\u00dfhandelspreise an, die den K\u00e4ufern helfen, bei Gro\u00dfbestellungen eine h\u00f6here Kosteneffizienz zu erzielen.<\/li>\n<\/ul>\n<\/div>\n\n\n\n<div class=\"wp-block-column is-layout-flow wp-block-column-is-layout-flow\">\n<figure class=\"wp-block-image size-full\"><img decoding=\"async\" width=\"634\" height=\"588\" src=\"https:\/\/www.xhplasticlife.com\/wp-content\/uploads\/2026\/01\/Plastic-Kitchen-Food-Container-Bulk-Factory-5.webp\" alt=\"Kunststoff K\u00fcche Lebensmittel Container Bulk Fabrik (5)\" class=\"wp-image-2047\" srcset=\"https:\/\/www.xhplasticlife.com\/wp-content\/uploads\/2026\/01\/Plastic-Kitchen-Food-Container-Bulk-Factory-5.webp 634w, https:\/\/www.xhplasticlife.com\/wp-content\/uploads\/2026\/01\/Plastic-Kitchen-Food-Container-Bulk-Factory-5-300x278.webp 300w, https:\/\/www.xhplasticlife.com\/wp-content\/uploads\/2026\/01\/Plastic-Kitchen-Food-Container-Bulk-Factory-5-13x12.webp 13w, https:\/\/www.xhplasticlife.com\/wp-content\/uploads\/2026\/01\/Plastic-Kitchen-Food-Container-Bulk-Factory-5-600x556.webp 600w\" sizes=\"(max-width: 634px) 100vw, 634px\" \/><\/figure>\n<\/div>\n<\/div>\n\n\n\n<h2 class=\"wp-block-heading\">Kunststoffbeh\u00e4lter f\u00fcr Lebensmittel Gr\u00f6\u00dfe:<\/h2>\n\n\n\n<figure class=\"wp-block-table is-style-stripes\"><table class=\"has-fixed-layout\"><tbody><tr><td>Modell<\/td><td>Gr\u00f6\u00dfen<\/td><td>Kapazit\u00e4t<\/td><td>Spezifikation<\/td><\/tr><tr><td rowspan=\"3\">3332<\/td><td>Gro\u00df<\/td><td>2060ML<\/td><td>22.3*14.8*7.5<\/td><\/tr><tr><td>Mittel<\/td><td>1200ML<\/td><td>21.5*13.5*6.7<\/td><\/tr><tr><td>Klein<\/td><td>800ML<\/td><td>20*12*5.3<\/td><\/tr><\/tbody><\/table><\/figure>","protected":false},"excerpt":{"rendered":"<p>Willkommen zum Kauf von Lebensmittelbeh\u00e4ltern aus Kunststoff in gro\u00dfen Mengen. Wir liefern transparente, luftdichte Lebensmittelbeh\u00e4lter-Sets f\u00fcr die Lagerung von trockenen Lebensmitteln. Factory-direct Gro\u00dfhandelspreise, stabile Versorgung, und kostenlose Proben helfen K\u00e4ufern effizient zu beschaffen.<\/p>\n<h2>Kunststoffbeh\u00e4lter f\u00fcr Lebensmittel Parameter<\/h2>\n<ul>\n<li><strong>Modell<\/strong>: 3332<\/li>\n<li><strong>Markenname<\/strong>: <a href=\"https:\/\/www.xhplasticlife.com\/de\/\"><strong>Xinghui<\/strong><\/a><\/li>\n<li><strong>Material<\/strong>: PP\u00a0<\/li>\n<li><strong>Farbe<\/strong>: Wei\u00df+Transparent<\/li>\n<li><strong>Bruttogewicht<\/strong>: 16.1kg<\/li>\n<li><strong>Box Gr\u00f6\u00dfe<\/strong>: 64*49*56<\/li>\n<li><strong>Verpacken<\/strong>: 56St\u00fcck<\/li>\n<li><strong>Verpacken: <\/strong>Papierbasierte Ausschreibungen<\/li>\n<li><strong>OEM\/ODM<\/strong>: Verf\u00fcgbar<\/li>\n<li><strong>Kundenspezifische Option<\/strong>: Farbe\/Gr\u00f6\u00dfe\/Logo\/Verpackung<\/li>\n<\/ul>\n<h2>Von Lebensmittel Lagerung Container Hersteller :<\/h2>\n<p>Gegr\u00fcndet im Jahr 2000,<a href=\"https:\/\/www.xhplasticlife.com\/de\/\">\u00a0<strong>Xinghui<\/strong><\/a>\u00a0ist auf die Herstellung und den Gro\u00dfhandel von Lunchboxen, Lebensmittelbeh\u00e4ltern, Trinkgef\u00e4\u00dfen, Haushaltsbeh\u00e4ltern und anderen Kunststoffprodukten des t\u00e4glichen Bedarfs spezialisiert. Wir bieten OEM- &amp; ODM- und E-Commerce-Beschaffungsdienste f\u00fcr Kunden aus einer Hand.<\/p>","protected":false},"featured_media":2043,"comment_status":"closed","ping_status":"closed","template":"","meta":{"_acf_changed":false},"product_brand":[],"product_cat":[18],"product_tag":[],"class_list":{"0":"post-2042","1":"product","2":"type-product","3":"status-publish","4":"has-post-thumbnail","6":"product_cat-bulk-food-storage-container","8":"first","9":"instock","10":"shipping-taxable","11":"product-type-simple"},"acf":[],"_links":{"self":[{"href":"https:\/\/www.xhplasticlife.com\/de\/wp-json\/wp\/v2\/product\/2042","targetHints":{"allow":["GET"]}}],"collection":[{"href":"https:\/\/www.xhplasticlife.com\/de\/wp-json\/wp\/v2\/product"}],"about":[{"href":"https:\/\/www.xhplasticlife.com\/de\/wp-json\/wp\/v2\/types\/product"}],"replies":[{"embeddable":true,"href":"https:\/\/www.xhplasticlife.com\/de\/wp-json\/wp\/v2\/comments?post=2042"}],"wp:featuredmedia":[{"embeddable":true,"href":"https:\/\/www.xhplasticlife.com\/de\/wp-json\/wp\/v2\/media\/2043"}],"wp:attachment":[{"href":"https:\/\/www.xhplasticlife.com\/de\/wp-json\/wp\/v2\/media?parent=2042"}],"wp:term":[{"taxonomy":"product_brand","embeddable":true,"href":"https:\/\/www.xhplasticlife.com\/de\/wp-json\/wp\/v2\/product_brand?post=2042"},{"taxonomy":"product_cat","embeddable":true,"href":"https:\/\/www.xhplasticlife.com\/de\/wp-json\/wp\/v2\/product_cat?post=2042"},{"taxonomy":"product_tag","embeddable":true,"href":"https:\/\/www.xhplasticlife.com\/de\/wp-json\/wp\/v2\/product_tag?post=2042"}],"curies":[{"name":"wp","href":"https:\/\/api.w.org\/{rel}","templated":true}]}}