{"id":2035,"date":"2026-01-20T08:56:34","date_gmt":"2026-01-20T08:28:17","guid":{"rendered":"https:\/\/www.xhplasticlife.com\/?post_type=product&#038;p=2035"},"modified":"2026-01-20T09:00:09","modified_gmt":"2026-01-20T09:00:09","slug":"oem-frozen-food-containers-wholesale","status":"publish","type":"product","link":"https:\/\/www.xhplasticlife.com\/de\/produkt\/oem-frozen-food-containers-wholesale\/","title":{"rendered":"OEM gefrorene Lebensmittel-Container Gro\u00dfhandel, rechteckige Lagerung Box Set Lieferant"},"content":{"rendered":"<div class=\"wp-block-columns is-layout-flex wp-container-core-columns-is-layout-9d6595d7 wp-block-columns-is-layout-flex\">\n<div class=\"wp-block-column is-layout-flow wp-block-column-is-layout-flow\">\n<h2 class=\"wp-block-heading\">Tiefk\u00fchlkost-Container Gro\u00dfhandel Merkmale:<\/h2>\n\n\n\n<ul class=\"wp-block-list\">\n<li><strong>Speziell f\u00fcr die Tiefk\u00fchllagerung entwickelt, geeignet f\u00fcr verschiedene Lebensmittelanwendungen<\/strong>: Das Produkt ist ideal zum Einfrieren von Fleisch, Meeresfr\u00fcchten, Fertiggerichten und f\u00fcr die Zubereitung von Mahlzeiten zu Hause. Seine stabile Struktur widersteht Verformungen bei niedrigen Temperaturen, so dass es sich f\u00fcr den langfristigen Einsatz eignet und ideal f\u00fcr den Gro\u00dfhandel mit Tiefk\u00fchlkostbeh\u00e4ltern ist.<\/li>\n\n\n\n<li><strong>Rechteckiges, dreiteiliges Set-Design f\u00fcr effiziente Aufbewahrung:<\/strong> Die rechteckige Struktur maximiert den Platz im K\u00fchlschrank, und das dreiteilige Set erm\u00f6glicht eine einfache Klassifizierung und Aufbewahrung, wodurch das Durcheinander im Gefrierschrank reduziert und die Benutzerfreundlichkeit verbessert wird. Als professioneller Anbieter von rechteckigen Aufbewahrungsboxen legen wir gro\u00dfen Wert auf praktisches Design.<\/li>\n\n\n\n<li><strong>Lebensmittelgeeignete Materialien, sicher und langlebig:<\/strong> Hergestellt aus lebensmittelkonformen Kunststoffen, geruchlos und k\u00e4ltebest\u00e4ndig, geeignet f\u00fcr den wiederholten Gebrauch, erf\u00fcllt die Anforderungen an die Lebensmittelsicherheit in verschiedenen L\u00e4ndern.<\/li>\n\n\n\n<li><strong>Hervorragende Versiegelung, die Geschmacks\u00fcbertragung und Feuchtigkeitsverluste reduziert:<\/strong> Der dicht schlie\u00dfende Deckel isoliert effektiv die Luft und tr\u00e4gt dazu bei, dass Gefriergut seinen Geschmack und seine Qualit\u00e4t beh\u00e4lt und Gefrierverluste reduziert werden.<\/li>\n\n\n\n<li><strong>Unterst\u00fctzt OEM\/ODM-Anpassungsdienste<\/strong>: Wir k\u00f6nnen Abmessungen, Farben, Logos und Verpackungsl\u00f6sungen an die Kundenbed\u00fcrfnisse anpassen und Marken dabei helfen, differenzierte Produktlinien zur Lagerung von Tiefk\u00fchlkost zu schaffen.<\/li>\n\n\n\n<li><strong>Fabrik direkt liefern, erhebliche Vorteile Gro\u00dfhandelspreis: <\/strong>Mit unserem eigenen Produktionssystem und stabiler Kapazit\u00e4t bieten wir als ausgereifter Lieferant von rechteckigen Aufbewahrungsboxen wettbewerbsf\u00e4hige Gro\u00dfhandelspreise.<\/li>\n\n\n\n<li><strong>Kostenlose Musterunterst\u00fctzung zur Verringerung der Risiken bei Beschaffungsentscheidungen:<\/strong> Wir stellen kostenlose Muster zur Verf\u00fcgung, damit die K\u00e4ufer Qualit\u00e4tstests und Markt\u00fcberpr\u00fcfungen durchf\u00fchren k\u00f6nnen, bevor sie eine formelle Bestellung aufgeben, was den Prozess der Zusammenarbeit beschleunigt.<\/li>\n<\/ul>\n<\/div>\n\n\n\n<div class=\"wp-block-column is-layout-flow wp-block-column-is-layout-flow\">\n<figure class=\"wp-block-image size-full\"><img decoding=\"async\" width=\"750\" height=\"750\" src=\"https:\/\/www.xhplasticlife.com\/wp-content\/uploads\/2026\/01\/OEM-Frozen-Food-Containers-Wholesale.webp\" alt=\"OEM Gefriergutbeh\u00e4lter Gro\u00dfhandel\" class=\"wp-image-2041\" srcset=\"https:\/\/www.xhplasticlife.com\/wp-content\/uploads\/2026\/01\/OEM-Frozen-Food-Containers-Wholesale.webp 750w, https:\/\/www.xhplasticlife.com\/wp-content\/uploads\/2026\/01\/OEM-Frozen-Food-Containers-Wholesale-300x300.webp 300w, https:\/\/www.xhplasticlife.com\/wp-content\/uploads\/2026\/01\/OEM-Frozen-Food-Containers-Wholesale-150x150.webp 150w, https:\/\/www.xhplasticlife.com\/wp-content\/uploads\/2026\/01\/OEM-Frozen-Food-Containers-Wholesale-12x12.webp 12w, https:\/\/www.xhplasticlife.com\/wp-content\/uploads\/2026\/01\/OEM-Frozen-Food-Containers-Wholesale-600x600.webp 600w, https:\/\/www.xhplasticlife.com\/wp-content\/uploads\/2026\/01\/OEM-Frozen-Food-Containers-Wholesale-100x100.webp 100w\" sizes=\"(max-width: 750px) 100vw, 750px\" \/><\/figure>\n<\/div>\n<\/div>\n\n\n\n<h2 class=\"wp-block-heading\">Beh\u00e4lter f\u00fcr Tiefk\u00fchlkost Gr\u00f6\u00dfe:<\/h2>\n\n\n\n<figure class=\"wp-block-table is-style-stripes\"><table class=\"has-fixed-layout\"><tbody><tr><td>Modell<\/td><td>Gr\u00f6\u00dfen<\/td><td>Kapazit\u00e4t<\/td><td>Spezifikation<\/td><\/tr><tr><td rowspan=\"3\">3332<\/td><td>Gro\u00df<\/td><td>2060ML<\/td><td>22.3*14.8*7.5<\/td><\/tr><tr><td>Mittel<\/td><td>1200ML<\/td><td>21.5*13.5*6.7<\/td><\/tr><tr><td>Klein<\/td><td>800ML<\/td><td>20*12*5.3<\/td><\/tr><\/tbody><\/table><\/figure>\n\n\n\n<div class=\"wp-block-columns is-layout-flex wp-container-core-columns-is-layout-9d6595d7 wp-block-columns-is-layout-flex\">\n<div class=\"wp-block-column is-layout-flow wp-block-column-is-layout-flow\">\n<figure class=\"wp-block-image size-full\"><img decoding=\"async\" width=\"608\" height=\"405\" src=\"https:\/\/www.xhplasticlife.com\/wp-content\/uploads\/2026\/01\/OEM-Frozen-Food-Containers-Wholesale-Supplier-2.webp\" alt=\"OEM Gefriergutbeh\u00e4lter Gro\u00dfhandel Lieferant (2)\" class=\"wp-image-2040\" srcset=\"https:\/\/www.xhplasticlife.com\/wp-content\/uploads\/2026\/01\/OEM-Frozen-Food-Containers-Wholesale-Supplier-2.webp 608w, https:\/\/www.xhplasticlife.com\/wp-content\/uploads\/2026\/01\/OEM-Frozen-Food-Containers-Wholesale-Supplier-2-300x200.webp 300w, https:\/\/www.xhplasticlife.com\/wp-content\/uploads\/2026\/01\/OEM-Frozen-Food-Containers-Wholesale-Supplier-2-18x12.webp 18w, https:\/\/www.xhplasticlife.com\/wp-content\/uploads\/2026\/01\/OEM-Frozen-Food-Containers-Wholesale-Supplier-2-600x400.webp 600w\" sizes=\"(max-width: 608px) 100vw, 608px\" \/><\/figure>\n<\/div>\n\n\n\n<div class=\"wp-block-column is-layout-flow wp-block-column-is-layout-flow\">\n<figure class=\"wp-block-image size-full\"><img decoding=\"async\" width=\"928\" height=\"619\" src=\"https:\/\/www.xhplasticlife.com\/wp-content\/uploads\/2026\/01\/OEM-Frozen-Food-Containers-Wholesale-Supplier-1.webp\" alt=\"OEM Gefriergutbeh\u00e4lter Gro\u00dfhandel Lieferant (1)\" class=\"wp-image-2039\" srcset=\"https:\/\/www.xhplasticlife.com\/wp-content\/uploads\/2026\/01\/OEM-Frozen-Food-Containers-Wholesale-Supplier-1.webp 928w, https:\/\/www.xhplasticlife.com\/wp-content\/uploads\/2026\/01\/OEM-Frozen-Food-Containers-Wholesale-Supplier-1-300x200.webp 300w, https:\/\/www.xhplasticlife.com\/wp-content\/uploads\/2026\/01\/OEM-Frozen-Food-Containers-Wholesale-Supplier-1-768x512.webp 768w, https:\/\/www.xhplasticlife.com\/wp-content\/uploads\/2026\/01\/OEM-Frozen-Food-Containers-Wholesale-Supplier-1-18x12.webp 18w, https:\/\/www.xhplasticlife.com\/wp-content\/uploads\/2026\/01\/OEM-Frozen-Food-Containers-Wholesale-Supplier-1-600x400.webp 600w\" sizes=\"(max-width: 928px) 100vw, 928px\" \/><\/figure>\n<\/div>\n<\/div>","protected":false},"excerpt":{"rendered":"<p>Willkommen zum Kauf von Tiefk\u00fchlkostbeh\u00e4lter Gro\u00dfhandel. Als professioneller Anbieter von rechteckigen Aufbewahrungsboxen bieten wir OEM gefriersichere Kunststoffbeh\u00e4lter f\u00fcr die Lagerung von Tiefk\u00fchlkost an. Factory-direct Gro\u00dfhandelspreise, OEM \/ ODM-Unterst\u00fctzung und kostenlose Proben helfen K\u00e4ufer Quelle effizient.<\/p>\n<h2>Beh\u00e4lter f\u00fcr Tiefk\u00fchlkost Gro\u00dfhandel Parameter<\/h2>\n<ul>\n<li><strong>Modell<\/strong>: 3332<\/li>\n<li><strong>Markenname<\/strong>: <a href=\"https:\/\/www.xhplasticlife.com\/de\/\"><strong>Xinghui<\/strong><\/a><\/li>\n<li><strong>Material<\/strong>: PP\u00a0<\/li>\n<li><strong>Farbe<\/strong>: Wei\u00df+Transparent<\/li>\n<li><strong>Bruttogewicht<\/strong>: 16.1kg<\/li>\n<li><strong>Box Gr\u00f6\u00dfe<\/strong>: 64*49*56<\/li>\n<li><strong>Verpacken<\/strong>: 56St\u00fcck<\/li>\n<li><strong>Verpacken:<\/strong>Papierbasierte Ausschreibungen<\/li>\n<li><strong>OEM\/ODM<\/strong>: Verf\u00fcgbar<\/li>\n<li><strong>Kundenspezifische Option<\/strong>: Farbe\/Gr\u00f6\u00dfe\/Logo\/Verpackung<\/li>\n<\/ul>\n<h2>Von Lebensmittel Lagerung Container Hersteller :<\/h2>\n<p>Gegr\u00fcndet im Jahr 2000,<a href=\"https:\/\/www.xhplasticlife.com\/de\/\">\u00a0<strong>Xinghui<\/strong><\/a>\u00a0ist auf die Herstellung und den Gro\u00dfhandel von Lunchboxen, Lebensmittelbeh\u00e4ltern, Trinkgef\u00e4\u00dfen, Haushaltsbeh\u00e4ltern und anderen Kunststoffprodukten des t\u00e4glichen Bedarfs spezialisiert. Wir bieten OEM- &amp; ODM- und E-Commerce-Beschaffungsdienste f\u00fcr Kunden aus einer Hand.<\/p>","protected":false},"featured_media":2036,"comment_status":"closed","ping_status":"closed","template":"","meta":{"_acf_changed":false},"product_brand":[],"product_cat":[18],"product_tag":[],"class_list":{"0":"post-2035","1":"product","2":"type-product","3":"status-publish","4":"has-post-thumbnail","6":"product_cat-bulk-food-storage-container","8":"first","9":"instock","10":"shipping-taxable","11":"product-type-simple"},"acf":[],"_links":{"self":[{"href":"https:\/\/www.xhplasticlife.com\/de\/wp-json\/wp\/v2\/product\/2035","targetHints":{"allow":["GET"]}}],"collection":[{"href":"https:\/\/www.xhplasticlife.com\/de\/wp-json\/wp\/v2\/product"}],"about":[{"href":"https:\/\/www.xhplasticlife.com\/de\/wp-json\/wp\/v2\/types\/product"}],"replies":[{"embeddable":true,"href":"https:\/\/www.xhplasticlife.com\/de\/wp-json\/wp\/v2\/comments?post=2035"}],"wp:featuredmedia":[{"embeddable":true,"href":"https:\/\/www.xhplasticlife.com\/de\/wp-json\/wp\/v2\/media\/2036"}],"wp:attachment":[{"href":"https:\/\/www.xhplasticlife.com\/de\/wp-json\/wp\/v2\/media?parent=2035"}],"wp:term":[{"taxonomy":"product_brand","embeddable":true,"href":"https:\/\/www.xhplasticlife.com\/de\/wp-json\/wp\/v2\/product_brand?post=2035"},{"taxonomy":"product_cat","embeddable":true,"href":"https:\/\/www.xhplasticlife.com\/de\/wp-json\/wp\/v2\/product_cat?post=2035"},{"taxonomy":"product_tag","embeddable":true,"href":"https:\/\/www.xhplasticlife.com\/de\/wp-json\/wp\/v2\/product_tag?post=2035"}],"curies":[{"name":"wp","href":"https:\/\/api.w.org\/{rel}","templated":true}]}}