{"id":1996,"date":"2026-01-07T02:23:58","date_gmt":"2026-01-07T02:23:58","guid":{"rendered":"https:\/\/www.xhplasticlife.com\/?post_type=product&#038;p=1996"},"modified":"2026-01-07T03:04:20","modified_gmt":"2026-01-07T03:04:20","slug":"rectangular-food-storage-containers","status":"publish","type":"product","link":"https:\/\/www.xhplasticlife.com\/de\/produkt\/rectangular-food-storage-containers\/","title":{"rendered":"Rechteckige Lebensmittelbeh\u00e4lter, BPA-freie Kunststoffbeh\u00e4lter, Lieferant"},"content":{"rendered":"<div class=\"wp-block-columns is-layout-flex wp-container-core-columns-is-layout-9d6595d7 wp-block-columns-is-layout-flex\">\n<div class=\"wp-block-column is-layout-flow wp-block-column-is-layout-flow\">\n<h2 class=\"wp-block-heading\">Rechteckige Lebensmittelbeh\u00e4lter f\u00fcr die Lagerung von Lebensmitteln Merkmale:<\/h2>\n\n\n\n<ul class=\"wp-block-list\">\n<li><strong>BPA-freies, lebensmittelechtes Material f\u00fcr mehr Sicherheit: <\/strong>Hergestellt aus hochwertigem BPA-freiem Kunststoff, der die Anforderungen an die Lebensmittelqualit\u00e4t erf\u00fcllt und geruchsneutral ist, was ihn sicher macht. Als professioneller Anbieter von BPA-freien Lebensmittelbeh\u00e4ltern aus Kunststoff \u00fcben wir eine strenge Kontrolle \u00fcber unsere Rohstoffe und Herstellungsverfahren aus.<\/li>\n\n\n\n<li><strong>Mikrowellengeeignet und sp\u00fclmaschinenfest f\u00fcr eine einfache Verwendung: <\/strong>Er erf\u00fcllt die Anforderungen an Mikrowellen- und Sp\u00fclmaschinensicherheit und ist daher f\u00fcr viele Menschen leicht zu verwenden.<\/li>\n\n\n\n<li><strong>Rechteckige Form f\u00fcr bessere Raumausnutzung:<\/strong> Die rechteckige Batterie eignet sich am besten f\u00fcr die ordentliche Stapelung in K\u00fchlschr\u00e4nken und Vorratsbeh\u00e4ltern, wodurch der Abfall verringert wird. Sie eignet sich f\u00fcr den Gro\u00dfeinkauf und wird nur in Verbindung mit Aufbewahrungsbeh\u00e4ltern in rechteckiger Form verkauft.<\/li>\n\n\n\n<li><strong>Das stapelbare Design senkt die Kosten f\u00fcr Lagerhaltung und Transport:<\/strong> Die stapelbare Konstruktion erm\u00f6glicht eine stabile Stapelung. Dies f\u00fchrt direkt zu einer Senkung der Lager- und Transportkosten, und die K\u00e4ufer k\u00f6nnen die Kosten effizient regulieren.<\/li>\n\n\n\n<li><strong>Sets mit einem praktischen Fassungsverm\u00f6gen von 800 ml: <\/strong>Das Fassungsverm\u00f6gen erm\u00f6glicht es, Speisen in Form von kompletten Mahlzeiten, Bentos oder Einzelportionen zu servieren. Dies verleiht den Produkten ein gro\u00dfes Marktpotenzial.<\/li>\n\n\n\n<li><strong>Umweltfreundlich und wiederverwendbar, im Einklang mit den Markttrends:<\/strong> Langlebig und alterungsbest\u00e4ndig, wiederverwendbar, entspricht der aktuellen Marktnachfrage nach umweltfreundlichem Geschirr und nachhaltigen Produkten.<\/li>\n\n\n\n<li><strong>OEM\/ODM-Anpassungsdienste werden unterst\u00fctzt: <\/strong>Wir bieten kundenspezifische Optionen f\u00fcr Kombinationen von Fassungsverm\u00f6gen, Farben, Logos und Verpackungen und unterst\u00fctzen unsere Kunden bei der Erstellung differenzierter, kundenspezifischer Produktlinien f\u00fcr BPA-freie Kunststoffbeh\u00e4lter f\u00fcr Lebensmittel.<\/li>\n<\/ul>\n<\/div>\n\n\n\n<div class=\"wp-block-column is-layout-flow wp-block-column-is-layout-flow\">\n<figure class=\"wp-block-image size-full\"><img decoding=\"async\" width=\"800\" height=\"800\" src=\"https:\/\/www.xhplasticlife.com\/wp-content\/uploads\/2026\/01\/Custom-Rectangular-Food-Storage-Containers-Bulk.webp\" alt=\"Kundenspezifische rechteckige Lebensmittelbeh\u00e4lter Bulk\" class=\"wp-image-1997\" srcset=\"https:\/\/www.xhplasticlife.com\/wp-content\/uploads\/2026\/01\/Custom-Rectangular-Food-Storage-Containers-Bulk.webp 800w, https:\/\/www.xhplasticlife.com\/wp-content\/uploads\/2026\/01\/Custom-Rectangular-Food-Storage-Containers-Bulk-300x300.webp 300w, https:\/\/www.xhplasticlife.com\/wp-content\/uploads\/2026\/01\/Custom-Rectangular-Food-Storage-Containers-Bulk-150x150.webp 150w, https:\/\/www.xhplasticlife.com\/wp-content\/uploads\/2026\/01\/Custom-Rectangular-Food-Storage-Containers-Bulk-768x768.webp 768w, https:\/\/www.xhplasticlife.com\/wp-content\/uploads\/2026\/01\/Custom-Rectangular-Food-Storage-Containers-Bulk-12x12.webp 12w, https:\/\/www.xhplasticlife.com\/wp-content\/uploads\/2026\/01\/Custom-Rectangular-Food-Storage-Containers-Bulk-600x600.webp 600w, https:\/\/www.xhplasticlife.com\/wp-content\/uploads\/2026\/01\/Custom-Rectangular-Food-Storage-Containers-Bulk-100x100.webp 100w\" sizes=\"(max-width: 800px) 100vw, 800px\" \/><\/figure>\n<\/div>\n<\/div>\n\n\n\n<h2 class=\"wp-block-heading\">Bulk Freezer Storage Containers Gr\u00f6\u00dfe:<\/h2>\n\n\n\n<figure class=\"wp-block-table is-style-stripes\"><table class=\"has-fixed-layout\"><tbody><tr><td>Modell<\/td><td>Kapazit\u00e4t<\/td><td>Produkt Abmessungen<\/td><td>G.W.\/Fall<\/td><td>Menge pro Karton<\/td><td>\u00c4u\u00dfere Gr\u00f6\u00dfe der Box<\/td><\/tr><tr><td>3328<\/td><td>800ML\/1PCS<\/td><td>20x12x9,5cm<\/td><td>17KG<\/td><td>72St\u00fcck<\/td><td>63x52x60cm<\/td><\/tr><tr><td>3329<\/td><td>800ML\/1PCS<\/td><td>20x12x11,5cm<\/td><td>18KG<\/td><td>60St\u00fcck<\/td><td>63x52x60cm<\/td><\/tr><\/tbody><\/table><\/figure>\n\n\n\n<div class=\"wp-block-columns is-layout-flex wp-container-core-columns-is-layout-9d6595d7 wp-block-columns-is-layout-flex\">\n<div class=\"wp-block-column is-layout-flow wp-block-column-is-layout-flow\"><div class=\"wp-block-image\">\n<figure class=\"aligncenter size-full\"><img decoding=\"async\" width=\"800\" height=\"800\" src=\"https:\/\/www.xhplasticlife.com\/wp-content\/uploads\/2026\/01\/OEM-Rectangular-Food-Storage-Containers-3pcs-SKU-09.webp\" alt=\"OEM-Rechteckige Lebensmittel Lagerung Container - 3pcs -SKU-09\" class=\"wp-image-1998\" srcset=\"https:\/\/www.xhplasticlife.com\/wp-content\/uploads\/2026\/01\/OEM-Rectangular-Food-Storage-Containers-3pcs-SKU-09.webp 800w, https:\/\/www.xhplasticlife.com\/wp-content\/uploads\/2026\/01\/OEM-Rectangular-Food-Storage-Containers-3pcs-SKU-09-300x300.webp 300w, https:\/\/www.xhplasticlife.com\/wp-content\/uploads\/2026\/01\/OEM-Rectangular-Food-Storage-Containers-3pcs-SKU-09-150x150.webp 150w, https:\/\/www.xhplasticlife.com\/wp-content\/uploads\/2026\/01\/OEM-Rectangular-Food-Storage-Containers-3pcs-SKU-09-768x768.webp 768w, https:\/\/www.xhplasticlife.com\/wp-content\/uploads\/2026\/01\/OEM-Rectangular-Food-Storage-Containers-3pcs-SKU-09-12x12.webp 12w, https:\/\/www.xhplasticlife.com\/wp-content\/uploads\/2026\/01\/OEM-Rectangular-Food-Storage-Containers-3pcs-SKU-09-600x600.webp 600w, https:\/\/www.xhplasticlife.com\/wp-content\/uploads\/2026\/01\/OEM-Rectangular-Food-Storage-Containers-3pcs-SKU-09-100x100.webp 100w\" sizes=\"(max-width: 800px) 100vw, 800px\" \/><figcaption class=\"wp-element-caption\">3328<\/figcaption><\/figure>\n<\/div><\/div>\n\n\n\n<div class=\"wp-block-column is-layout-flow wp-block-column-is-layout-flow\"><div class=\"wp-block-image\">\n<figure class=\"aligncenter size-full\"><img decoding=\"async\" width=\"800\" height=\"800\" src=\"https:\/\/www.xhplasticlife.com\/wp-content\/uploads\/2026\/01\/OEM-Rectangular-Food-Storage-Containers-4pcs-SKU-10.webp\" alt=\"OEM-Rechteckige Lebensmittel Lagerung Container - 4pcs -SKU-10\" class=\"wp-image-1999\" srcset=\"https:\/\/www.xhplasticlife.com\/wp-content\/uploads\/2026\/01\/OEM-Rectangular-Food-Storage-Containers-4pcs-SKU-10.webp 800w, https:\/\/www.xhplasticlife.com\/wp-content\/uploads\/2026\/01\/OEM-Rectangular-Food-Storage-Containers-4pcs-SKU-10-300x300.webp 300w, https:\/\/www.xhplasticlife.com\/wp-content\/uploads\/2026\/01\/OEM-Rectangular-Food-Storage-Containers-4pcs-SKU-10-150x150.webp 150w, https:\/\/www.xhplasticlife.com\/wp-content\/uploads\/2026\/01\/OEM-Rectangular-Food-Storage-Containers-4pcs-SKU-10-768x768.webp 768w, https:\/\/www.xhplasticlife.com\/wp-content\/uploads\/2026\/01\/OEM-Rectangular-Food-Storage-Containers-4pcs-SKU-10-12x12.webp 12w, https:\/\/www.xhplasticlife.com\/wp-content\/uploads\/2026\/01\/OEM-Rectangular-Food-Storage-Containers-4pcs-SKU-10-600x600.webp 600w, https:\/\/www.xhplasticlife.com\/wp-content\/uploads\/2026\/01\/OEM-Rectangular-Food-Storage-Containers-4pcs-SKU-10-100x100.webp 100w\" sizes=\"(max-width: 800px) 100vw, 800px\" \/><figcaption class=\"wp-element-caption\">3329<\/figcaption><\/figure>\n<\/div><\/div>\n<\/div>","protected":false},"excerpt":{"rendered":"<p data-start=\"443\" data-end=\"722\">Willkommen zum Kauf von rechteckigen Lebensmittelbeh\u00e4ltern in gro\u00dfen Mengen. Wir liefern BPA frei, mikrowellengeeignet, stapelbar und sp\u00fclmaschinenfest Kunststoff Lebensmittel-Container-Sets in 3\/4 Pack 800ml Optionen. Als benutzerdefinierte BPA frei Kunststoff Lebensmittelbeh\u00e4lter Lieferant, bieten wir Fabrik-direkt Gro\u00dfhandelspreise und kostenlose Proben.<\/p>\n<h2>Rechteckige Lebensmittelbeh\u00e4lter Parameter<\/h2>\n<p><strong>Modell<\/strong>: 3328-3329<br \/><strong>Markenname<\/strong>: Xinghui<br \/><strong>Material<\/strong>: PP\u00a0<br \/><strong>Farbe<\/strong>: Gr\u00fcn+Transparent<br \/><strong>Verpacken: <\/strong>Papiergebot<br \/><strong>OEM\/ODM<\/strong>: Verf\u00fcgbar<br \/><strong>Kundenspezifische Option<\/strong>: Farbe\/Gr\u00f6\u00dfe\/Logo\/Verpackung<\/p>\n<h2>Von Lebensmittel Lagerung Container Hersteller :<\/h2>\n<p>Gegr\u00fcndet im Jahr 2000,<a href=\"https:\/\/www.xhplasticlife.com\/de\/\">\u00a0<strong>Xinghui<\/strong><\/a>\u00a0ist auf die Herstellung und den Gro\u00dfhandel von Lunchboxen, Lebensmittelbeh\u00e4ltern, Trinkgef\u00e4\u00dfen, Haushaltsbeh\u00e4ltern und anderen Kunststoffprodukten des t\u00e4glichen Bedarfs spezialisiert. Wir bieten OEM- &amp; ODM- und E-Commerce-Beschaffungsdienste f\u00fcr Kunden aus einer Hand.<\/p>","protected":false},"featured_media":2000,"comment_status":"closed","ping_status":"closed","template":"","meta":{"_acf_changed":false},"product_brand":[],"product_cat":[18],"product_tag":[],"class_list":{"0":"post-1996","1":"product","2":"type-product","3":"status-publish","4":"has-post-thumbnail","6":"product_cat-bulk-food-storage-container","8":"first","9":"instock","10":"shipping-taxable","11":"product-type-simple"},"acf":[],"_links":{"self":[{"href":"https:\/\/www.xhplasticlife.com\/de\/wp-json\/wp\/v2\/product\/1996","targetHints":{"allow":["GET"]}}],"collection":[{"href":"https:\/\/www.xhplasticlife.com\/de\/wp-json\/wp\/v2\/product"}],"about":[{"href":"https:\/\/www.xhplasticlife.com\/de\/wp-json\/wp\/v2\/types\/product"}],"replies":[{"embeddable":true,"href":"https:\/\/www.xhplasticlife.com\/de\/wp-json\/wp\/v2\/comments?post=1996"}],"wp:featuredmedia":[{"embeddable":true,"href":"https:\/\/www.xhplasticlife.com\/de\/wp-json\/wp\/v2\/media\/2000"}],"wp:attachment":[{"href":"https:\/\/www.xhplasticlife.com\/de\/wp-json\/wp\/v2\/media?parent=1996"}],"wp:term":[{"taxonomy":"product_brand","embeddable":true,"href":"https:\/\/www.xhplasticlife.com\/de\/wp-json\/wp\/v2\/product_brand?post=1996"},{"taxonomy":"product_cat","embeddable":true,"href":"https:\/\/www.xhplasticlife.com\/de\/wp-json\/wp\/v2\/product_cat?post=1996"},{"taxonomy":"product_tag","embeddable":true,"href":"https:\/\/www.xhplasticlife.com\/de\/wp-json\/wp\/v2\/product_tag?post=1996"}],"curies":[{"name":"wp","href":"https:\/\/api.w.org\/{rel}","templated":true}]}}