{"id":1988,"date":"2026-01-07T02:10:08","date_gmt":"2026-01-07T01:47:08","guid":{"rendered":"https:\/\/www.xhplasticlife.com\/?post_type=product&#038;p=1988"},"modified":"2026-01-07T03:05:59","modified_gmt":"2026-01-07T03:05:59","slug":"bulk-square-food-containers-supplier","status":"publish","type":"product","link":"https:\/\/www.xhplasticlife.com\/de\/produkt\/bulk-square-food-containers-supplier\/","title":{"rendered":"Bulk Square Food Containers Lieferant, Mahlzeit Prep BPA frei Lagerung Container Set"},"content":{"rendered":"<div class=\"wp-block-columns is-layout-flex wp-container-core-columns-is-layout-9d6595d7 wp-block-columns-is-layout-flex\">\n<div class=\"wp-block-column is-layout-flow wp-block-column-is-layout-flow\">\n<h2 class=\"wp-block-heading\">Bulk Square Food Containers Merkmale:<\/h2>\n\n\n\n<ul class=\"wp-block-list\">\n<li><strong>BPA-freier Kunststoff in Lebensmittelqualit\u00e4t, sicherer und zuverl\u00e4ssiger<\/strong>: Hergestellt aus BPA-freien Materialien, die die Normen f\u00fcr den Kontakt mit Lebensmitteln erf\u00fcllen, ist dieser Beh\u00e4lter geruchsneutral, langlebig und f\u00fcr den wiederholten Langzeitgebrauch geeignet. Als professioneller Anbieter von kundenspezifischen BPA-freien Lebensmittelbeh\u00e4ltern aus Kunststoff halten wir uns streng an die Lebensmittelsicherheitsstandards.<\/li>\n\n\n\n<li><strong>Quadratische Struktur f\u00fcr eine bessere Raumnutzung:<\/strong> Die quadratische Form erleichtert die Platzierung in K\u00fchlschr\u00e4nken und Vorratsbeh\u00e4ltern und spart mehr Platz als runde Beh\u00e4lter, wodurch sie sich f\u00fcr die Zubereitung von Mahlzeiten sowohl in privaten als auch in gewerblichen K\u00fcchen eignet.<\/li>\n\n\n\n<li><strong>Geeignet f\u00fcr die Zubereitung von Mahlzeiten, effizienteres Portionieren:<\/strong> Ein angemessenes Fassungsverm\u00f6gen erm\u00f6glicht die bequeme Zubereitung von Mahlzeiten im Voraus und die Kontrolle der Portionen, so dass die Bed\u00fcrfnisse von Fitness-Mahlzeiten, B\u00fcroangestellten und der Zubereitung von Mahlzeiten zum Mitnehmen erf\u00fcllt werden und die Erfahrung des Endverbrauchers verbessert wird.<\/li>\n\n\n\n<li><strong>Das stapelbare Design reduziert die Kosten f\u00fcr Lagerung und Logistik:<\/strong> Unterst\u00fctzt stabiles Stapeln, spart Lager- und Transportraum, ideal f\u00fcr Gro\u00dfeink\u00e4ufe und langfristige Liefermodelle f\u00fcr Lieferanten quadratischer Lebensmittelbeh\u00e4lter.<\/li>\n\n\n\n<li>Transparenter Boxenk\u00f6rper, Inhalt klar ersichtlich: Das klare und sichtbare Design erm\u00f6glicht eine schnelle Identifizierung von Lebensmitteltypen und Restmengen, was auch die Auslage im Einzelhandel und den Umsatz f\u00f6rdert.<\/li>\n\n\n\n<li><strong>OEM\/ODM-Anpassungsunterst\u00fctzung: <\/strong>Anpassbare Kombinationen von Fassungsverm\u00f6gen, Farben, Logos und Verpackungen helfen den Kunden bei der Erstellung individueller BPA-freier Kunststoffbeh\u00e4lter f\u00fcr Lebensmittel.<\/li>\n\n\n\n<li><strong>Fabrikdirektlieferung, stabile und wettbewerbsf\u00e4hige Preise<\/strong>: Mit einem ausgereiften Produktionssystem und stabilen Kapazit\u00e4ten bieten wir Gro\u00dfhandelspreise an, die den K\u00e4ufern helfen, die Kosten zu kontrollieren und die Wettbewerbsf\u00e4higkeit auf dem Markt zu verbessern.<\/li>\n<\/ul>\n<\/div>\n\n\n\n<div class=\"wp-block-column is-layout-flow wp-block-column-is-layout-flow\">\n<figure class=\"wp-block-image size-full\"><img decoding=\"async\" width=\"750\" height=\"750\" src=\"https:\/\/www.xhplasticlife.com\/wp-content\/uploads\/2026\/01\/Wholesale-Square-Food-Containers-Fctory-Supplier.webp\" alt=\"Gro\u00dfhandel Square Food Containers Fctory Lieferant\" class=\"wp-image-1995\" srcset=\"https:\/\/www.xhplasticlife.com\/wp-content\/uploads\/2026\/01\/Wholesale-Square-Food-Containers-Fctory-Supplier.webp 750w, https:\/\/www.xhplasticlife.com\/wp-content\/uploads\/2026\/01\/Wholesale-Square-Food-Containers-Fctory-Supplier-300x300.webp 300w, https:\/\/www.xhplasticlife.com\/wp-content\/uploads\/2026\/01\/Wholesale-Square-Food-Containers-Fctory-Supplier-150x150.webp 150w, https:\/\/www.xhplasticlife.com\/wp-content\/uploads\/2026\/01\/Wholesale-Square-Food-Containers-Fctory-Supplier-12x12.webp 12w, https:\/\/www.xhplasticlife.com\/wp-content\/uploads\/2026\/01\/Wholesale-Square-Food-Containers-Fctory-Supplier-600x600.webp 600w, https:\/\/www.xhplasticlife.com\/wp-content\/uploads\/2026\/01\/Wholesale-Square-Food-Containers-Fctory-Supplier-100x100.webp 100w\" sizes=\"(max-width: 750px) 100vw, 750px\" \/><\/figure>\n<\/div>\n<\/div>\n\n\n\n<h2 class=\"wp-block-heading\">Bulk Freezer Storage Containers Gr\u00f6\u00dfe:<\/h2>\n\n\n\n<figure class=\"wp-block-table is-style-stripes\"><table class=\"has-fixed-layout\"><tbody><tr><td>Modell<\/td><td>Kapazit\u00e4t<\/td><td>Produkt Abmessungen<\/td><td>G.W.\/Fall<\/td><td>Menge pro Karton<\/td><td>\u00c4u\u00dfere Gr\u00f6\u00dfe der Box<\/td><\/tr><tr><td>3323<\/td><td>650ML\/1PCS<\/td><td>13,5x13x8,5cm<\/td><td>15.4KG<\/td><td>120St\u00fcck<\/td><td>70x42x61cm<\/td><\/tr><tr><td>3324<\/td><td>650ML\/1PCS<\/td><td>13,5x13x10,5cm<\/td><td>16.6KG<\/td><td>90St\u00fcck<\/td><td>70x42x59cm<\/td><\/tr><tr><td>3325<\/td><td>650ML\/1PCS<\/td><td>13,5x13x12,5cm<\/td><td>16KG<\/td><td>75St\u00fcck<\/td><td>68x41x59cm<\/td><\/tr><\/tbody><\/table><\/figure>\n\n\n\n<div class=\"wp-block-columns is-layout-flex wp-container-core-columns-is-layout-9d6595d7 wp-block-columns-is-layout-flex\">\n<div class=\"wp-block-column is-layout-flow wp-block-column-is-layout-flow\">\n<figure class=\"wp-block-image size-full\"><img decoding=\"async\" width=\"800\" height=\"800\" src=\"https:\/\/www.xhplasticlife.com\/wp-content\/uploads\/2026\/01\/Wholesale-Square-Food-Containers-2pcs-SKU-04.webp\" alt=\"Gro\u00dfhandel quadratische Lebensmittel-Container - 2pcs - SKU-04\" class=\"wp-image-1992\" srcset=\"https:\/\/www.xhplasticlife.com\/wp-content\/uploads\/2026\/01\/Wholesale-Square-Food-Containers-2pcs-SKU-04.webp 800w, https:\/\/www.xhplasticlife.com\/wp-content\/uploads\/2026\/01\/Wholesale-Square-Food-Containers-2pcs-SKU-04-300x300.webp 300w, https:\/\/www.xhplasticlife.com\/wp-content\/uploads\/2026\/01\/Wholesale-Square-Food-Containers-2pcs-SKU-04-150x150.webp 150w, https:\/\/www.xhplasticlife.com\/wp-content\/uploads\/2026\/01\/Wholesale-Square-Food-Containers-2pcs-SKU-04-768x768.webp 768w, https:\/\/www.xhplasticlife.com\/wp-content\/uploads\/2026\/01\/Wholesale-Square-Food-Containers-2pcs-SKU-04-12x12.webp 12w, https:\/\/www.xhplasticlife.com\/wp-content\/uploads\/2026\/01\/Wholesale-Square-Food-Containers-2pcs-SKU-04-600x600.webp 600w, https:\/\/www.xhplasticlife.com\/wp-content\/uploads\/2026\/01\/Wholesale-Square-Food-Containers-2pcs-SKU-04-100x100.webp 100w\" sizes=\"(max-width: 800px) 100vw, 800px\" \/><figcaption class=\"wp-element-caption\">3323<\/figcaption><\/figure>\n<\/div>\n\n\n\n<div class=\"wp-block-column is-layout-flow wp-block-column-is-layout-flow\">\n<figure class=\"wp-block-image size-full\"><img decoding=\"async\" width=\"800\" height=\"800\" src=\"https:\/\/www.xhplasticlife.com\/wp-content\/uploads\/2026\/01\/Wholesale-Square-Food-Containers-3pcs-SKU-05.webp\" alt=\"Gro\u00dfhandel quadratische Lebensmittel-Container - 3pcs -SKU-05\" class=\"wp-image-1993\" srcset=\"https:\/\/www.xhplasticlife.com\/wp-content\/uploads\/2026\/01\/Wholesale-Square-Food-Containers-3pcs-SKU-05.webp 800w, https:\/\/www.xhplasticlife.com\/wp-content\/uploads\/2026\/01\/Wholesale-Square-Food-Containers-3pcs-SKU-05-300x300.webp 300w, https:\/\/www.xhplasticlife.com\/wp-content\/uploads\/2026\/01\/Wholesale-Square-Food-Containers-3pcs-SKU-05-150x150.webp 150w, https:\/\/www.xhplasticlife.com\/wp-content\/uploads\/2026\/01\/Wholesale-Square-Food-Containers-3pcs-SKU-05-768x768.webp 768w, https:\/\/www.xhplasticlife.com\/wp-content\/uploads\/2026\/01\/Wholesale-Square-Food-Containers-3pcs-SKU-05-12x12.webp 12w, https:\/\/www.xhplasticlife.com\/wp-content\/uploads\/2026\/01\/Wholesale-Square-Food-Containers-3pcs-SKU-05-600x600.webp 600w, https:\/\/www.xhplasticlife.com\/wp-content\/uploads\/2026\/01\/Wholesale-Square-Food-Containers-3pcs-SKU-05-100x100.webp 100w\" sizes=\"(max-width: 800px) 100vw, 800px\" \/><figcaption class=\"wp-element-caption\">3324<\/figcaption><\/figure>\n<\/div>\n\n\n\n<div class=\"wp-block-column is-layout-flow wp-block-column-is-layout-flow\"><div class=\"wp-block-image\">\n<figure class=\"aligncenter size-full\"><img decoding=\"async\" width=\"800\" height=\"800\" src=\"https:\/\/www.xhplasticlife.com\/wp-content\/uploads\/2026\/01\/Wholesale-Square-Food-Containers-4pcs-SKU-06.webp\" alt=\"Gro\u00dfhandel quadratische Lebensmittel-Container - 4pcs - SKU-06\" class=\"wp-image-1994\" srcset=\"https:\/\/www.xhplasticlife.com\/wp-content\/uploads\/2026\/01\/Wholesale-Square-Food-Containers-4pcs-SKU-06.webp 800w, https:\/\/www.xhplasticlife.com\/wp-content\/uploads\/2026\/01\/Wholesale-Square-Food-Containers-4pcs-SKU-06-300x300.webp 300w, https:\/\/www.xhplasticlife.com\/wp-content\/uploads\/2026\/01\/Wholesale-Square-Food-Containers-4pcs-SKU-06-150x150.webp 150w, https:\/\/www.xhplasticlife.com\/wp-content\/uploads\/2026\/01\/Wholesale-Square-Food-Containers-4pcs-SKU-06-768x768.webp 768w, https:\/\/www.xhplasticlife.com\/wp-content\/uploads\/2026\/01\/Wholesale-Square-Food-Containers-4pcs-SKU-06-12x12.webp 12w, https:\/\/www.xhplasticlife.com\/wp-content\/uploads\/2026\/01\/Wholesale-Square-Food-Containers-4pcs-SKU-06-600x600.webp 600w, https:\/\/www.xhplasticlife.com\/wp-content\/uploads\/2026\/01\/Wholesale-Square-Food-Containers-4pcs-SKU-06-100x100.webp 100w\" sizes=\"(max-width: 800px) 100vw, 800px\" \/><figcaption class=\"wp-element-caption\">3325<\/figcaption><\/figure>\n<\/div><\/div>\n<\/div>","protected":false},"excerpt":{"rendered":"<p data-start=\"443\" data-end=\"722\">Willkommen zum Kauf von gro\u00dfen quadratischen Lebensmittelbeh\u00e4ltern Lieferanten. Wir bieten BPA frei quadratische Kunststoff Lebensmittel Lagerung Container-Sets f\u00fcr Mahlzeit Vorbereitung. Als benutzerdefinierte Kunststoff Lebensmittel Lagerung Container Set Hersteller, bieten wir Fabrik-direkt Gro\u00dfhandelspreise und kostenlose Proben f\u00fcr K\u00e4ufer.<\/p>\n<h2>Quadratische Lebensmittelbeh\u00e4lter f\u00fcr Gro\u00dfgebinde Parameter<\/h2>\n<p><strong>Modell<\/strong>: 3323-3325<br \/><strong>Markenname<\/strong>: Xinghui<br \/><strong>Material<\/strong>: PP<br \/><strong>Farbe<\/strong>: gr\u00fcn+Transparent<br \/><strong>Verpacken: <\/strong>Papiergebot<br \/><strong>OEM\/ODM<\/strong>: Verf\u00fcgbar<br \/><strong>Kundenspezifische Option<\/strong>: Farbe\/Gr\u00f6\u00dfe\/Logo\/Verpackung<\/p>\n<h2>Von Lebensmittel Lagerung Container Hersteller :<\/h2>\n<p>Gegr\u00fcndet im Jahr 2000,<a href=\"https:\/\/www.xhplasticlife.com\/de\/\">\u00a0<strong>Xinghui<\/strong><\/a>\u00a0ist auf die Herstellung und den Gro\u00dfhandel von Lunchboxen, Lebensmittelbeh\u00e4ltern, Trinkgef\u00e4\u00dfen, Haushaltsbeh\u00e4ltern und anderen Kunststoffprodukten des t\u00e4glichen Bedarfs spezialisiert. Wir bieten OEM- &amp; ODM- und E-Commerce-Beschaffungsdienste f\u00fcr Kunden aus einer Hand.<\/p>","protected":false},"featured_media":1990,"comment_status":"closed","ping_status":"closed","template":"","meta":{"_acf_changed":false},"product_brand":[],"product_cat":[18],"product_tag":[],"class_list":{"0":"post-1988","1":"product","2":"type-product","3":"status-publish","4":"has-post-thumbnail","6":"product_cat-bulk-food-storage-container","8":"first","9":"instock","10":"shipping-taxable","11":"product-type-simple"},"acf":[],"_links":{"self":[{"href":"https:\/\/www.xhplasticlife.com\/de\/wp-json\/wp\/v2\/product\/1988","targetHints":{"allow":["GET"]}}],"collection":[{"href":"https:\/\/www.xhplasticlife.com\/de\/wp-json\/wp\/v2\/product"}],"about":[{"href":"https:\/\/www.xhplasticlife.com\/de\/wp-json\/wp\/v2\/types\/product"}],"replies":[{"embeddable":true,"href":"https:\/\/www.xhplasticlife.com\/de\/wp-json\/wp\/v2\/comments?post=1988"}],"wp:featuredmedia":[{"embeddable":true,"href":"https:\/\/www.xhplasticlife.com\/de\/wp-json\/wp\/v2\/media\/1990"}],"wp:attachment":[{"href":"https:\/\/www.xhplasticlife.com\/de\/wp-json\/wp\/v2\/media?parent=1988"}],"wp:term":[{"taxonomy":"product_brand","embeddable":true,"href":"https:\/\/www.xhplasticlife.com\/de\/wp-json\/wp\/v2\/product_brand?post=1988"},{"taxonomy":"product_cat","embeddable":true,"href":"https:\/\/www.xhplasticlife.com\/de\/wp-json\/wp\/v2\/product_cat?post=1988"},{"taxonomy":"product_tag","embeddable":true,"href":"https:\/\/www.xhplasticlife.com\/de\/wp-json\/wp\/v2\/product_tag?post=1988"}],"curies":[{"name":"wp","href":"https:\/\/api.w.org\/{rel}","templated":true}]}}