{"id":1970,"date":"2026-01-06T10:51:31","date_gmt":"2026-01-06T10:51:31","guid":{"rendered":"https:\/\/www.xhplasticlife.com\/?post_type=product&#038;p=1970"},"modified":"2026-01-06T10:51:34","modified_gmt":"2026-01-06T10:51:34","slug":"bulk-grain-storage-containers-custom","status":"publish","type":"product","link":"https:\/\/www.xhplasticlife.com\/de\/produkt\/bulk-grain-storage-containers-custom\/","title":{"rendered":"Bulk-Getreide Lagerung Container mit luftdichten Deckel, Kunststoff-Lebensmittel-Lagerung Gl\u00e4ser Lieferanten"},"content":{"rendered":"<div class=\"wp-block-columns is-layout-flex wp-container-core-columns-is-layout-9d6595d7 wp-block-columns-is-layout-flex\">\n<div class=\"wp-block-column is-layout-flow wp-block-column-is-layout-flow\">\n<h2 class=\"wp-block-heading\">Sch\u00fcttgutlagerbeh\u00e4lter f\u00fcr Getreide Merkmale:<\/h2>\n\n\n\n<ul class=\"wp-block-list\">\n<li><strong>Luftdichtes Deckeldesign f\u00fcr lang anhaltende Frische und Feuchtigkeitsschutz: <\/strong>Die luftdichte Deckelstruktur isoliert effektiv Luft und Feuchtigkeit und tr\u00e4gt dazu bei, trockene Waren wie Getreide, Reis, Mehl und Bohnen frisch zu halten, Probleme mit Feuchtigkeit und Sch\u00e4dlingen zu reduzieren und die Lagersicherheit zu verbessern.<\/li>\n\n\n\n<li><strong>Lebensmittelechtes Kunststoffmaterial f\u00fcr Sicherheit und Seelenfrieden:<\/strong> Sie werden aus Kunststoffen hergestellt, die den Normen f\u00fcr den Kontakt mit Lebensmitteln entsprechen, sind geruchsneutral, lassen sich nicht leicht verformen und eignen sich f\u00fcr den langfristigen Einsatz in Haushalten, Gro\u00dfk\u00fcchen und im Einzelhandel. Als professioneller Anbieter von kundenspezifischen Lebensmittelbeh\u00e4ltern kontrollieren wir streng die Qualit\u00e4t der Rohstoffe.<\/li>\n\n\n\n<li><strong>Mehrere Kapazit\u00e4tsoptionen f\u00fcr Massenverk\u00e4ufe:<\/strong> Es sind verschiedene Fassungsverm\u00f6gen und Formen erh\u00e4ltlich, um die kategorisierte Lagerung von verschiedenen Getreidesorten und Trockeng\u00fctern zu erm\u00f6glichen, wodurch sie sich besonders f\u00fcr den Gro\u00dfhandel und geb\u00fcndelte Verkaufsszenarien f\u00fcr lose Getreidelagerbeh\u00e4lter mit luftdichten Deckeln eignen.<\/li>\n\n\n\n<li><strong>Transparentes und sichtbares Design f\u00fcr ein verbessertes Endbenutzererlebnis: <\/strong>Der Inhalt ist deutlich sichtbar, was eine schnelle Identifizierung der verbleibenden Mengen erm\u00f6glicht und sowohl die Benutzerfreundlichkeit als auch die Pr\u00e4sentation im Einzelhandel verbessert.<\/li>\n\n\n\n<li><strong>OEM\/ODM-Anpassungsdienste verf\u00fcgbar<\/strong>: Die Anpassung von Farben, Logos, Kapazit\u00e4tskennzeichnungen und Au\u00dfenverpackungen wird angeboten, um Markeninhabern und Vertriebskanal-Kunden zu helfen, differenzierte Produktlinien f\u00fcr die Lebensmittellagerung zu schaffen.<\/li>\n\n\n\n<li><strong>Direkte Lieferung ab Werk, stabile und wettbewerbsf\u00e4hige Preise: <\/strong>Als ausgereifter Anbieter von kundenspezifischen Lebensmittelbeh\u00e4ltern verf\u00fcgen wir \u00fcber stabile Produktionskapazit\u00e4ten und Gro\u00dfhandelspreise, die unseren Kunden helfen, die Beschaffungskosten effektiv zu kontrollieren.<\/li>\n\n\n\n<li><strong>Kostenlose Musterunterst\u00fctzung zur Verringerung der Beschaffungsrisiken: <\/strong>Wir stellen kostenlose Muster zur Verf\u00fcgung, um den K\u00e4ufern die Qualit\u00e4tspr\u00fcfung und Marktvalidierung zu erleichtern, bevor sie Auftr\u00e4ge erteilen, und beschleunigen so den Entscheidungsprozess der Zusammenarbeit.<\/li>\n<\/ul>\n<\/div>\n\n\n\n<div class=\"wp-block-column is-layout-flow wp-block-column-is-layout-flow\">\n<figure class=\"wp-block-image size-full\"><img decoding=\"async\" width=\"800\" height=\"800\" src=\"https:\/\/www.xhplasticlife.com\/wp-content\/uploads\/2026\/01\/Bulk-Grain-Storage-Containers-Supplier-Xinghui-2.webp\" alt=\"Bulk-Getreide-Lagerung-Container Lieferanten -Xinghui (2)\" class=\"wp-image-1976\" srcset=\"https:\/\/www.xhplasticlife.com\/wp-content\/uploads\/2026\/01\/Bulk-Grain-Storage-Containers-Supplier-Xinghui-2.webp 800w, https:\/\/www.xhplasticlife.com\/wp-content\/uploads\/2026\/01\/Bulk-Grain-Storage-Containers-Supplier-Xinghui-2-300x300.webp 300w, https:\/\/www.xhplasticlife.com\/wp-content\/uploads\/2026\/01\/Bulk-Grain-Storage-Containers-Supplier-Xinghui-2-150x150.webp 150w, https:\/\/www.xhplasticlife.com\/wp-content\/uploads\/2026\/01\/Bulk-Grain-Storage-Containers-Supplier-Xinghui-2-768x768.webp 768w, https:\/\/www.xhplasticlife.com\/wp-content\/uploads\/2026\/01\/Bulk-Grain-Storage-Containers-Supplier-Xinghui-2-12x12.webp 12w, https:\/\/www.xhplasticlife.com\/wp-content\/uploads\/2026\/01\/Bulk-Grain-Storage-Containers-Supplier-Xinghui-2-600x600.webp 600w, https:\/\/www.xhplasticlife.com\/wp-content\/uploads\/2026\/01\/Bulk-Grain-Storage-Containers-Supplier-Xinghui-2-100x100.webp 100w\" sizes=\"(max-width: 800px) 100vw, 800px\" \/><\/figure>\n<\/div>\n<\/div>\n\n\n\n<h2 class=\"wp-block-heading\">Sch\u00fcttgutbeh\u00e4lter f\u00fcr Getreide mit luftdichtem Deckel Gr\u00f6\u00dfe:<\/h2>\n\n\n\n<figure class=\"wp-block-table is-style-stripes\"><table class=\"has-fixed-layout\"><tbody><tr><td>Modell<\/td><td>Kapazit\u00e4t<\/td><td>Packungsvolumen<\/td><td>G.W.\/Fall<\/td><td>Produkt Abmessungen<\/td><td>\u00c4u\u00dfere Gr\u00f6\u00dfe der Box<\/td><\/tr><tr><td>3040<\/td><td>1700ML<\/td><td>60<\/td><td>11KG<\/td><td>10.3\u00d710.3\u00d720.4cm<\/td><td>53x43x63cm<\/td><\/tr><tr><td>3041<\/td><td>1300ML<\/td><td>80<\/td><td>11KG<\/td><td>10,3\u00d710,3\u00d716,3 cm<\/td><td>53\u00d745,5x56cm<\/td><\/tr><tr><td>3042<\/td><td>800ML<\/td><td>100<\/td><td>11KG<\/td><td>10.3\u00d710.3\u00d720.4cm<\/td><td>65x36x66cm<\/td><\/tr><tr><td>3043<\/td><td>400ML<\/td><td>120<\/td><td>10KG<\/td><td>10.3\u00d710.3\u00d76.2cm<\/td><td>57.5x41x75.5cm<\/td><\/tr><\/tbody><\/table><\/figure>\n\n\n\n<div class=\"wp-block-columns is-layout-flex wp-container-core-columns-is-layout-9d6595d7 wp-block-columns-is-layout-flex\">\n<div class=\"wp-block-column is-layout-flow wp-block-column-is-layout-flow\">\n<figure class=\"wp-block-image size-full\"><img decoding=\"async\" width=\"680\" height=\"666\" src=\"https:\/\/www.xhplasticlife.com\/wp-content\/uploads\/2026\/01\/Bulk-Grain-Storage-Containers-3040.webp\" alt=\"Container f\u00fcr die Lagerung von Sch\u00fcttgut - 3040\" class=\"wp-image-1971\" srcset=\"https:\/\/www.xhplasticlife.com\/wp-content\/uploads\/2026\/01\/Bulk-Grain-Storage-Containers-3040.webp 680w, https:\/\/www.xhplasticlife.com\/wp-content\/uploads\/2026\/01\/Bulk-Grain-Storage-Containers-3040-300x294.webp 300w, https:\/\/www.xhplasticlife.com\/wp-content\/uploads\/2026\/01\/Bulk-Grain-Storage-Containers-3040-12x12.webp 12w, https:\/\/www.xhplasticlife.com\/wp-content\/uploads\/2026\/01\/Bulk-Grain-Storage-Containers-3040-600x588.webp 600w\" sizes=\"(max-width: 680px) 100vw, 680px\" \/><\/figure>\n<\/div>\n\n\n\n<div class=\"wp-block-column is-layout-flow wp-block-column-is-layout-flow\">\n<figure class=\"wp-block-image size-full\"><img decoding=\"async\" width=\"664\" height=\"594\" src=\"https:\/\/www.xhplasticlife.com\/wp-content\/uploads\/2026\/01\/Bulk-Grain-Storage-Containers-3041.webp\" alt=\"Container f\u00fcr die Lagerung von Sch\u00fcttgut - 3041\" class=\"wp-image-1972\" srcset=\"https:\/\/www.xhplasticlife.com\/wp-content\/uploads\/2026\/01\/Bulk-Grain-Storage-Containers-3041.webp 664w, https:\/\/www.xhplasticlife.com\/wp-content\/uploads\/2026\/01\/Bulk-Grain-Storage-Containers-3041-300x268.webp 300w, https:\/\/www.xhplasticlife.com\/wp-content\/uploads\/2026\/01\/Bulk-Grain-Storage-Containers-3041-13x12.webp 13w, https:\/\/www.xhplasticlife.com\/wp-content\/uploads\/2026\/01\/Bulk-Grain-Storage-Containers-3041-600x537.webp 600w\" sizes=\"(max-width: 664px) 100vw, 664px\" \/><\/figure>\n<\/div>\n\n\n\n<div class=\"wp-block-column is-layout-flow wp-block-column-is-layout-flow\">\n<figure class=\"wp-block-image size-full\"><img decoding=\"async\" width=\"640\" height=\"536\" src=\"https:\/\/www.xhplasticlife.com\/wp-content\/uploads\/2026\/01\/Bulk-Grain-Storage-Containers-3042.webp\" alt=\"Container f\u00fcr die Lagerung von Sch\u00fcttgut - 3042\" class=\"wp-image-1973\" srcset=\"https:\/\/www.xhplasticlife.com\/wp-content\/uploads\/2026\/01\/Bulk-Grain-Storage-Containers-3042.webp 640w, https:\/\/www.xhplasticlife.com\/wp-content\/uploads\/2026\/01\/Bulk-Grain-Storage-Containers-3042-300x251.webp 300w, https:\/\/www.xhplasticlife.com\/wp-content\/uploads\/2026\/01\/Bulk-Grain-Storage-Containers-3042-14x12.webp 14w, https:\/\/www.xhplasticlife.com\/wp-content\/uploads\/2026\/01\/Bulk-Grain-Storage-Containers-3042-600x503.webp 600w\" sizes=\"(max-width: 640px) 100vw, 640px\" \/><\/figure>\n<\/div>\n\n\n\n<div class=\"wp-block-column is-layout-flow wp-block-column-is-layout-flow\">\n<figure class=\"wp-block-image size-full\"><img decoding=\"async\" width=\"602\" height=\"414\" src=\"https:\/\/www.xhplasticlife.com\/wp-content\/uploads\/2026\/01\/Bulk-Grain-Storage-Containers-3043.webp\" alt=\"Container f\u00fcr die Lagerung von Sch\u00fcttgut - 3043\" class=\"wp-image-1974\" srcset=\"https:\/\/www.xhplasticlife.com\/wp-content\/uploads\/2026\/01\/Bulk-Grain-Storage-Containers-3043.webp 602w, https:\/\/www.xhplasticlife.com\/wp-content\/uploads\/2026\/01\/Bulk-Grain-Storage-Containers-3043-300x206.webp 300w, https:\/\/www.xhplasticlife.com\/wp-content\/uploads\/2026\/01\/Bulk-Grain-Storage-Containers-3043-18x12.webp 18w, https:\/\/www.xhplasticlife.com\/wp-content\/uploads\/2026\/01\/Bulk-Grain-Storage-Containers-3043-600x413.webp 600w\" sizes=\"(max-width: 602px) 100vw, 602px\" \/><\/figure>\n<\/div>\n<\/div>","protected":false},"excerpt":{"rendered":"<p>Willkommen zum Kauf von Getreidevorratsbeh\u00e4ltern mit luftdichtem Deckel. Als professioneller Anbieter von kundenspezifischen Lebensmittelbeh\u00e4ltern bieten wir langlebige Kunststoff-Getreidebeh\u00e4lter mit luftdichten Deckeln. Factory-direct Gro\u00dfhandelspreise, OEM \/ ODM-Unterst\u00fctzung und kostenlose Proben helfen K\u00e4ufer effizient Quelle.<\/p>\n<h2>Sch\u00fcttgutlagerbeh\u00e4lter f\u00fcr Getreide Parameter<\/h2>\n<p><strong>Modell<\/strong>: 3040-3043<br \/><strong>Markenname<\/strong>: Xinghui<br \/><strong>Material<\/strong>: PP\u00a0<br \/><strong>Farbe<\/strong>: Rosa, Blau<br \/><strong>Verpacken: <\/strong>OPP-Tasche<br \/><strong>OEM\/ODM<\/strong>: Verf\u00fcgbar<br \/><strong>Kundenspezifische Option<\/strong>: Farbe\/Gr\u00f6\u00dfe\/Logo\/Verpackung<\/p>\n<h2>Von Lebensmittel Lagerung Container Hersteller :<\/h2>\n<p>Gegr\u00fcndet im Jahr 2000,<a href=\"https:\/\/www.xhplasticlife.com\/de\/\">\u00a0<strong>Xinghui<\/strong><\/a>\u00a0ist auf die Herstellung und den Gro\u00dfhandel von Lunchboxen, Lebensmittelbeh\u00e4ltern, Trinkgef\u00e4\u00dfen, Haushaltsbeh\u00e4ltern und anderen Kunststoffprodukten des t\u00e4glichen Bedarfs spezialisiert. Wir bieten OEM- &amp; ODM- und E-Commerce-Beschaffungsdienste f\u00fcr Kunden aus einer Hand.<\/p>","protected":false},"featured_media":1977,"comment_status":"closed","ping_status":"closed","template":"","meta":{"_acf_changed":false},"product_brand":[],"product_cat":[18],"product_tag":[],"class_list":{"0":"post-1970","1":"product","2":"type-product","3":"status-publish","4":"has-post-thumbnail","6":"product_cat-bulk-food-storage-container","8":"first","9":"instock","10":"shipping-taxable","11":"product-type-simple"},"acf":[],"_links":{"self":[{"href":"https:\/\/www.xhplasticlife.com\/de\/wp-json\/wp\/v2\/product\/1970","targetHints":{"allow":["GET"]}}],"collection":[{"href":"https:\/\/www.xhplasticlife.com\/de\/wp-json\/wp\/v2\/product"}],"about":[{"href":"https:\/\/www.xhplasticlife.com\/de\/wp-json\/wp\/v2\/types\/product"}],"replies":[{"embeddable":true,"href":"https:\/\/www.xhplasticlife.com\/de\/wp-json\/wp\/v2\/comments?post=1970"}],"wp:featuredmedia":[{"embeddable":true,"href":"https:\/\/www.xhplasticlife.com\/de\/wp-json\/wp\/v2\/media\/1977"}],"wp:attachment":[{"href":"https:\/\/www.xhplasticlife.com\/de\/wp-json\/wp\/v2\/media?parent=1970"}],"wp:term":[{"taxonomy":"product_brand","embeddable":true,"href":"https:\/\/www.xhplasticlife.com\/de\/wp-json\/wp\/v2\/product_brand?post=1970"},{"taxonomy":"product_cat","embeddable":true,"href":"https:\/\/www.xhplasticlife.com\/de\/wp-json\/wp\/v2\/product_cat?post=1970"},{"taxonomy":"product_tag","embeddable":true,"href":"https:\/\/www.xhplasticlife.com\/de\/wp-json\/wp\/v2\/product_tag?post=1970"}],"curies":[{"name":"wp","href":"https:\/\/api.w.org\/{rel}","templated":true}]}}