{"id":1904,"date":"2025-12-23T06:28:49","date_gmt":"2025-12-23T06:28:49","guid":{"rendered":"https:\/\/www.xhplasticlife.com\/?post_type=product&#038;p=1904"},"modified":"2026-04-02T10:02:32","modified_gmt":"2026-04-02T10:02:32","slug":"bulk-kids-lunch-boxes-manufacturer","status":"publish","type":"product","link":"https:\/\/www.xhplasticlife.com\/de\/produkt\/bulk-kids-lunch-boxes-manufacturer\/","title":{"rendered":"Bulk Kinder Lunch-Boxen, benutzerdefinierte Lebensmittel Edelstahl-Container Hersteller"},"content":{"rendered":"<div class=\"wp-block-columns is-layout-flex wp-container-core-columns-is-layout-9d6595d7 wp-block-columns-is-layout-flex\">\n<div class=\"wp-block-column is-layout-flow wp-block-column-is-layout-flow\">\n<h2 class=\"wp-block-heading\">Bulk Kids Lunch Boxen Eigenschaften:<\/h2>\n\n\n\n<ul class=\"wp-block-list\">\n<li><strong>Der Innenbeh\u00e4lter aus lebensmittelechtem Edelstahl 304 sorgt f\u00fcr zus\u00e4tzliche Sicherheit und Seelenfrieden: <\/strong>Aus lebensmittelechtem Edelstahl hergestellt, ist er korrosionsbest\u00e4ndig, rostfrei und geruchsneutral und f\u00fcr den wiederholten t\u00e4glichen Gebrauch durch Kinder geeignet. Als professioneller Hersteller von kundenspezifischen Lebensmittelbeh\u00e4ltern aus rostfreiem Stahl 304 kontrollieren wir streng die Materialsicherheit.<\/li>\n\n\n\n<li><strong>Dichtungs-Silikonring + vierseitiger Schnappverschluss f\u00fcr verbesserte Auslaufsicherheit:<\/strong> Der eingebaute dichtende Silikonring in Kombination mit einer Vier-Schnappverschluss-Struktur verhindert effektiv das Auslaufen von Suppe und Fl\u00fcssigkeit. Dadurch eignet er sich f\u00fcr Kinderrucks\u00e4cke und verringert die Sorge der Eltern um undichte Stellen.<\/li>\n\n\n\n<li><strong>Heizung \u00fcber Warmwasser in der Au\u00dfenh\u00fclle f\u00fcr zus\u00e4tzlichen Komfort: <\/strong>Unterst\u00fctzt die indirekte Erw\u00e4rmung durch Einf\u00fcllen von hei\u00dfem Wasser in die Au\u00dfenh\u00fclle aus Kunststoff, so dass Kinder in der Schule oder unterwegs warme Mahlzeiten genie\u00dfen k\u00f6nnen, was das Produkt noch praktischer und attraktiver macht.<\/li>\n\n\n\n<li><strong>Mitgelieferter L\u00f6ffel f\u00fcr einfache Anwendung:<\/strong> Das mitgelieferte L\u00f6ffeldesign macht es bequem f\u00fcr Kinder und ist auch f\u00fcr den allgemeinen Bedarf von Schulen, Bildungseinrichtungen und Geschenkprojekten geeignet.<\/li>\n\n\n\n<li><strong>Langlebig und robust, geeignet f\u00fcr langfristige Gro\u00dfeink\u00e4ufe:<\/strong> Die Innenauskleidung aus Edelstahl in Kombination mit der robusten Au\u00dfenh\u00fclle ist sturzsicher, verschlei\u00dffest und hat eine lange Lebensdauer, so dass sie sich ideal f\u00fcr langfristige Projekte zur Lieferung gro\u00dfer Mengen von Lunchboxen f\u00fcr Kinder eignet.<\/li>\n\n\n\n<li><strong>OEM\/ODM-Anpassungsunterst\u00fctzung:<\/strong> Wir bieten kundenspezifische Farben, Logos, Kapazit\u00e4ten und Verpackungsl\u00f6sungen an, um Markeninhabern, Importeuren und Vertriebskan\u00e4len bei der Entwicklung differenzierter Lunchbox-Produkte f\u00fcr Kinder zu helfen.<\/li>\n\n\n\n<li><strong>Fabrikdirektlieferung, signifikanter Preisvorteil:<\/strong> Als eine ausgereifte Fabrik f\u00fcr 304 Edelstahlbeh\u00e4lter f\u00fcr Lebensmittel verf\u00fcgen wir \u00fcber stabile Produktionskapazit\u00e4ten und Gro\u00dfhandelspreise, die unseren Kunden helfen, die Beschaffungskosten effektiv zu kontrollieren.<\/li>\n\n\n\n<li><strong>Kostenlose Musterunterst\u00fctzung, reduziertes Beschaffungsrisiko: <\/strong>Wir stellen kostenlose Muster zur Verf\u00fcgung, um Qualit\u00e4tstests und Marktvalidierung zu erleichtern, bevor wir f\u00f6rmliche Auftr\u00e4ge erteilen, was Entscheidungen \u00fcber eine Zusammenarbeit beschleunigt.<\/li>\n<\/ul>\n<\/div>\n\n\n\n<div class=\"wp-block-column is-layout-flow wp-block-column-is-layout-flow\">\n<figure class=\"wp-block-image size-full\"><img decoding=\"async\" width=\"800\" height=\"800\" src=\"https:\/\/www.xhplasticlife.com\/wp-content\/uploads\/2025\/12\/Bulk-Kids-Lunch-Boxes-Stainless-Steel-Container-Manufacturer-4.webp\" alt=\"Bulk Kinder Mittagessen Boxen Edelstahl-Container Hersteller (4)\" class=\"wp-image-1913\" srcset=\"https:\/\/www.xhplasticlife.com\/wp-content\/uploads\/2025\/12\/Bulk-Kids-Lunch-Boxes-Stainless-Steel-Container-Manufacturer-4.webp 800w, https:\/\/www.xhplasticlife.com\/wp-content\/uploads\/2025\/12\/Bulk-Kids-Lunch-Boxes-Stainless-Steel-Container-Manufacturer-4-300x300.webp 300w, https:\/\/www.xhplasticlife.com\/wp-content\/uploads\/2025\/12\/Bulk-Kids-Lunch-Boxes-Stainless-Steel-Container-Manufacturer-4-150x150.webp 150w, https:\/\/www.xhplasticlife.com\/wp-content\/uploads\/2025\/12\/Bulk-Kids-Lunch-Boxes-Stainless-Steel-Container-Manufacturer-4-768x768.webp 768w, https:\/\/www.xhplasticlife.com\/wp-content\/uploads\/2025\/12\/Bulk-Kids-Lunch-Boxes-Stainless-Steel-Container-Manufacturer-4-12x12.webp 12w, https:\/\/www.xhplasticlife.com\/wp-content\/uploads\/2025\/12\/Bulk-Kids-Lunch-Boxes-Stainless-Steel-Container-Manufacturer-4-600x600.webp 600w, https:\/\/www.xhplasticlife.com\/wp-content\/uploads\/2025\/12\/Bulk-Kids-Lunch-Boxes-Stainless-Steel-Container-Manufacturer-4-100x100.webp 100w\" sizes=\"(max-width: 800px) 100vw, 800px\" \/><\/figure>\n<\/div>\n<\/div>\n\n\n\n<div class=\"wp-block-columns is-layout-flex wp-container-core-columns-is-layout-9d6595d7 wp-block-columns-is-layout-flex\">\n<div class=\"wp-block-column is-layout-flow wp-block-column-is-layout-flow\">\n<figure class=\"wp-block-image size-full\"><img decoding=\"async\" width=\"800\" height=\"800\" src=\"https:\/\/www.xhplasticlife.com\/wp-content\/uploads\/2025\/12\/Bulk-Kids-Lunch-Boxes-Stainless-Steel-Container-Manufacturer-2.webp\" alt=\"Bulk Kinder Mittagessen Boxen Edelstahl-Container Hersteller (2)\" class=\"wp-image-1911\" srcset=\"https:\/\/www.xhplasticlife.com\/wp-content\/uploads\/2025\/12\/Bulk-Kids-Lunch-Boxes-Stainless-Steel-Container-Manufacturer-2.webp 800w, https:\/\/www.xhplasticlife.com\/wp-content\/uploads\/2025\/12\/Bulk-Kids-Lunch-Boxes-Stainless-Steel-Container-Manufacturer-2-300x300.webp 300w, https:\/\/www.xhplasticlife.com\/wp-content\/uploads\/2025\/12\/Bulk-Kids-Lunch-Boxes-Stainless-Steel-Container-Manufacturer-2-150x150.webp 150w, https:\/\/www.xhplasticlife.com\/wp-content\/uploads\/2025\/12\/Bulk-Kids-Lunch-Boxes-Stainless-Steel-Container-Manufacturer-2-768x768.webp 768w, https:\/\/www.xhplasticlife.com\/wp-content\/uploads\/2025\/12\/Bulk-Kids-Lunch-Boxes-Stainless-Steel-Container-Manufacturer-2-12x12.webp 12w, https:\/\/www.xhplasticlife.com\/wp-content\/uploads\/2025\/12\/Bulk-Kids-Lunch-Boxes-Stainless-Steel-Container-Manufacturer-2-600x600.webp 600w, https:\/\/www.xhplasticlife.com\/wp-content\/uploads\/2025\/12\/Bulk-Kids-Lunch-Boxes-Stainless-Steel-Container-Manufacturer-2-100x100.webp 100w\" sizes=\"(max-width: 800px) 100vw, 800px\" \/><\/figure>\n<\/div>\n\n\n\n<div class=\"wp-block-column is-layout-flow wp-block-column-is-layout-flow\">\n<figure class=\"wp-block-image size-full\"><img decoding=\"async\" width=\"800\" height=\"800\" src=\"https:\/\/www.xhplasticlife.com\/wp-content\/uploads\/2025\/12\/Bulk-Kids-Lunch-Boxes-Stainless-Steel-Container-Manufacturer-3.webp\" alt=\"Bulk Kinder Mittagessen Boxen Edelstahl-Container Hersteller (3)\" class=\"wp-image-1912\" srcset=\"https:\/\/www.xhplasticlife.com\/wp-content\/uploads\/2025\/12\/Bulk-Kids-Lunch-Boxes-Stainless-Steel-Container-Manufacturer-3.webp 800w, https:\/\/www.xhplasticlife.com\/wp-content\/uploads\/2025\/12\/Bulk-Kids-Lunch-Boxes-Stainless-Steel-Container-Manufacturer-3-300x300.webp 300w, https:\/\/www.xhplasticlife.com\/wp-content\/uploads\/2025\/12\/Bulk-Kids-Lunch-Boxes-Stainless-Steel-Container-Manufacturer-3-150x150.webp 150w, https:\/\/www.xhplasticlife.com\/wp-content\/uploads\/2025\/12\/Bulk-Kids-Lunch-Boxes-Stainless-Steel-Container-Manufacturer-3-768x768.webp 768w, https:\/\/www.xhplasticlife.com\/wp-content\/uploads\/2025\/12\/Bulk-Kids-Lunch-Boxes-Stainless-Steel-Container-Manufacturer-3-12x12.webp 12w, https:\/\/www.xhplasticlife.com\/wp-content\/uploads\/2025\/12\/Bulk-Kids-Lunch-Boxes-Stainless-Steel-Container-Manufacturer-3-600x600.webp 600w, https:\/\/www.xhplasticlife.com\/wp-content\/uploads\/2025\/12\/Bulk-Kids-Lunch-Boxes-Stainless-Steel-Container-Manufacturer-3-100x100.webp 100w\" sizes=\"(max-width: 800px) 100vw, 800px\" \/><\/figure>\n<\/div>\n<\/div>\n\n\n\n<div class=\"wp-block-columns is-layout-flex wp-container-core-columns-is-layout-9d6595d7 wp-block-columns-is-layout-flex\">\n<div class=\"wp-block-column is-layout-flow wp-block-column-is-layout-flow\">\n<figure class=\"wp-block-image size-full\"><img decoding=\"async\" width=\"800\" height=\"800\" src=\"https:\/\/www.xhplasticlife.com\/wp-content\/uploads\/2025\/12\/Bule-800ml-Kids-Lunch-Boxes-Wholesaler.webp\" alt=\"Bule 800ml Kinder Lunchboxen Gro\u00dfh\u00e4ndler\" class=\"wp-image-1908\" srcset=\"https:\/\/www.xhplasticlife.com\/wp-content\/uploads\/2025\/12\/Bule-800ml-Kids-Lunch-Boxes-Wholesaler.webp 800w, https:\/\/www.xhplasticlife.com\/wp-content\/uploads\/2025\/12\/Bule-800ml-Kids-Lunch-Boxes-Wholesaler-300x300.webp 300w, https:\/\/www.xhplasticlife.com\/wp-content\/uploads\/2025\/12\/Bule-800ml-Kids-Lunch-Boxes-Wholesaler-150x150.webp 150w, https:\/\/www.xhplasticlife.com\/wp-content\/uploads\/2025\/12\/Bule-800ml-Kids-Lunch-Boxes-Wholesaler-768x768.webp 768w, https:\/\/www.xhplasticlife.com\/wp-content\/uploads\/2025\/12\/Bule-800ml-Kids-Lunch-Boxes-Wholesaler-12x12.webp 12w, https:\/\/www.xhplasticlife.com\/wp-content\/uploads\/2025\/12\/Bule-800ml-Kids-Lunch-Boxes-Wholesaler-600x600.webp 600w, https:\/\/www.xhplasticlife.com\/wp-content\/uploads\/2025\/12\/Bule-800ml-Kids-Lunch-Boxes-Wholesaler-100x100.webp 100w\" sizes=\"(max-width: 800px) 100vw, 800px\" \/><\/figure>\n<\/div>\n\n\n\n<div class=\"wp-block-column is-layout-flow wp-block-column-is-layout-flow\">\n<figure class=\"wp-block-image size-full\"><img decoding=\"async\" width=\"800\" height=\"800\" src=\"https:\/\/www.xhplasticlife.com\/wp-content\/uploads\/2025\/12\/Bule-800ml-Decal-Kids-Lunch-Boxes-Wholesaler.webp\" alt=\"Bule 800ml Aufkleber Kinder Lunch Boxen Gro\u00dfh\u00e4ndler\" class=\"wp-image-1907\" srcset=\"https:\/\/www.xhplasticlife.com\/wp-content\/uploads\/2025\/12\/Bule-800ml-Decal-Kids-Lunch-Boxes-Wholesaler.webp 800w, https:\/\/www.xhplasticlife.com\/wp-content\/uploads\/2025\/12\/Bule-800ml-Decal-Kids-Lunch-Boxes-Wholesaler-300x300.webp 300w, https:\/\/www.xhplasticlife.com\/wp-content\/uploads\/2025\/12\/Bule-800ml-Decal-Kids-Lunch-Boxes-Wholesaler-150x150.webp 150w, https:\/\/www.xhplasticlife.com\/wp-content\/uploads\/2025\/12\/Bule-800ml-Decal-Kids-Lunch-Boxes-Wholesaler-768x768.webp 768w, https:\/\/www.xhplasticlife.com\/wp-content\/uploads\/2025\/12\/Bule-800ml-Decal-Kids-Lunch-Boxes-Wholesaler-12x12.webp 12w, https:\/\/www.xhplasticlife.com\/wp-content\/uploads\/2025\/12\/Bule-800ml-Decal-Kids-Lunch-Boxes-Wholesaler-600x600.webp 600w, https:\/\/www.xhplasticlife.com\/wp-content\/uploads\/2025\/12\/Bule-800ml-Decal-Kids-Lunch-Boxes-Wholesaler-100x100.webp 100w\" sizes=\"(max-width: 800px) 100vw, 800px\" \/><\/figure>\n<\/div>\n\n\n\n<div class=\"wp-block-column is-layout-flow wp-block-column-is-layout-flow\">\n<figure class=\"wp-block-image size-full\"><img decoding=\"async\" width=\"800\" height=\"800\" src=\"https:\/\/www.xhplasticlife.com\/wp-content\/uploads\/2025\/12\/800ml-Pink-Kids-Lunch-Boxes-Wholessale-Supplier-2.webp\" alt=\"800ml Rosa Kinder Lunch-Boxen Wholessale Lieferant (2)\" class=\"wp-image-1906\" srcset=\"https:\/\/www.xhplasticlife.com\/wp-content\/uploads\/2025\/12\/800ml-Pink-Kids-Lunch-Boxes-Wholessale-Supplier-2.webp 800w, https:\/\/www.xhplasticlife.com\/wp-content\/uploads\/2025\/12\/800ml-Pink-Kids-Lunch-Boxes-Wholessale-Supplier-2-300x300.webp 300w, https:\/\/www.xhplasticlife.com\/wp-content\/uploads\/2025\/12\/800ml-Pink-Kids-Lunch-Boxes-Wholessale-Supplier-2-150x150.webp 150w, https:\/\/www.xhplasticlife.com\/wp-content\/uploads\/2025\/12\/800ml-Pink-Kids-Lunch-Boxes-Wholessale-Supplier-2-768x768.webp 768w, https:\/\/www.xhplasticlife.com\/wp-content\/uploads\/2025\/12\/800ml-Pink-Kids-Lunch-Boxes-Wholessale-Supplier-2-12x12.webp 12w, https:\/\/www.xhplasticlife.com\/wp-content\/uploads\/2025\/12\/800ml-Pink-Kids-Lunch-Boxes-Wholessale-Supplier-2-600x600.webp 600w, https:\/\/www.xhplasticlife.com\/wp-content\/uploads\/2025\/12\/800ml-Pink-Kids-Lunch-Boxes-Wholessale-Supplier-2-100x100.webp 100w\" sizes=\"(max-width: 800px) 100vw, 800px\" \/><\/figure>\n<\/div>\n\n\n\n<div class=\"wp-block-column is-layout-flow wp-block-column-is-layout-flow\">\n<figure class=\"wp-block-image size-full\"><img decoding=\"async\" width=\"800\" height=\"800\" src=\"https:\/\/www.xhplasticlife.com\/wp-content\/uploads\/2025\/12\/800ml-Pink-Decal-Kids-Lunch-Boxes-Wholessale-Supplier-1.webp\" alt=\"800ml Rosa Aufkleber Kinder Lunch-Boxen Wholessale Lieferant (1)\" class=\"wp-image-1905\" srcset=\"https:\/\/www.xhplasticlife.com\/wp-content\/uploads\/2025\/12\/800ml-Pink-Decal-Kids-Lunch-Boxes-Wholessale-Supplier-1.webp 800w, https:\/\/www.xhplasticlife.com\/wp-content\/uploads\/2025\/12\/800ml-Pink-Decal-Kids-Lunch-Boxes-Wholessale-Supplier-1-300x300.webp 300w, https:\/\/www.xhplasticlife.com\/wp-content\/uploads\/2025\/12\/800ml-Pink-Decal-Kids-Lunch-Boxes-Wholessale-Supplier-1-150x150.webp 150w, https:\/\/www.xhplasticlife.com\/wp-content\/uploads\/2025\/12\/800ml-Pink-Decal-Kids-Lunch-Boxes-Wholessale-Supplier-1-768x768.webp 768w, https:\/\/www.xhplasticlife.com\/wp-content\/uploads\/2025\/12\/800ml-Pink-Decal-Kids-Lunch-Boxes-Wholessale-Supplier-1-12x12.webp 12w, https:\/\/www.xhplasticlife.com\/wp-content\/uploads\/2025\/12\/800ml-Pink-Decal-Kids-Lunch-Boxes-Wholessale-Supplier-1-600x600.webp 600w, https:\/\/www.xhplasticlife.com\/wp-content\/uploads\/2025\/12\/800ml-Pink-Decal-Kids-Lunch-Boxes-Wholessale-Supplier-1-100x100.webp 100w\" sizes=\"(max-width: 800px) 100vw, 800px\" \/><\/figure>\n<\/div>\n<\/div>\n\n\n\n<p><\/p>","protected":false},"excerpt":{"rendered":"<p data-start=\"444\" data-end=\"725\">Willkommen zu kaufen bulk Kinder Lunch-Boxen. Als benutzerdefinierte Lebensmittel 304 Edelstahl-Beh\u00e4lter Hersteller, bieten wir sichere Kinder Lunch-Boxen mit Abdichtung Silikonring, vier Schnappverschl\u00fcsse und L\u00f6ffel enthalten. Factory-direct Gro\u00dfhandelspreise und kostenlose Proben helfen K\u00e4ufer Quelle mit Vertrauen.<\/p>\n<h2>Bulk Kids Lunch Boxen Parameter:<\/h2>\n<ul>\n<li><strong>Modell<\/strong>: 6536<\/li>\n<li><strong>Markenname<\/strong>: Xinghui<\/li>\n<li><strong>Material<\/strong>: PP+Silikon+Edelstahl<\/li>\n<li><strong>Gr\u00f6\u00dfe:<\/strong> 21,5*15*7,5cm<\/li>\n<li><strong>Kapazit\u00e4t:<\/strong> 1100ml<\/li>\n<li><strong>Farbe<\/strong>: rosa, blau, gr\u00fcn<\/li>\n<li><strong>Bruttogewicht: <\/strong>11kg<\/li>\n<li><strong>Gr\u00f6\u00dfe des Kartons:<\/strong> 47*34*47cm<\/li>\n<li><strong>Verpacken:<\/strong> 24 St\u00fcck\/Ktn<\/li>\n<li><strong>Pakete<\/strong>: OPP Tasche<\/li>\n<li><strong>OEM\/ODM<\/strong>: Verf\u00fcgbar<\/li>\n<li><strong>MOQ: <\/strong>2000 St\u00fcck<\/li>\n<li><strong>Kundenspezifische Option<\/strong>: Farbe\/Gr\u00f6\u00dfe\/Logo\/Verpackung<\/li>\n<\/ul>\n<h2>Von Daily Plasticware Hersteller :<\/h2>\n<p>Gegr\u00fcndet im Jahr 2000,\u00a0<a href=\"https:\/\/www.xhplasticlife.com\/de\/\"><strong>Xinghui<\/strong><\/a> ist auf die Herstellung und den Gro\u00dfhandel von Lunchboxen, Lebensmittelbeh\u00e4ltern, Trinkgef\u00e4\u00dfen, Haushaltsbeh\u00e4ltern und anderen Kunststoffprodukten des t\u00e4glichen Bedarfs spezialisiert. Wir bieten OEM- &amp; ODM- und E-Commerce-Beschaffungsdienste f\u00fcr Kunden aus einer Hand.<\/p>","protected":false},"featured_media":1910,"comment_status":"closed","ping_status":"closed","template":"","meta":{"_acf_changed":false},"product_brand":[],"product_cat":[17,35],"product_tag":[],"class_list":{"0":"post-1904","1":"product","2":"type-product","3":"status-publish","4":"has-post-thumbnail","6":"product_cat-wholesale-lunch-boxes","7":"product_cat-stainless-steel-lunch-box-manufacturer","9":"first","10":"instock","11":"shipping-taxable","12":"product-type-simple"},"acf":[],"_links":{"self":[{"href":"https:\/\/www.xhplasticlife.com\/de\/wp-json\/wp\/v2\/product\/1904","targetHints":{"allow":["GET"]}}],"collection":[{"href":"https:\/\/www.xhplasticlife.com\/de\/wp-json\/wp\/v2\/product"}],"about":[{"href":"https:\/\/www.xhplasticlife.com\/de\/wp-json\/wp\/v2\/types\/product"}],"replies":[{"embeddable":true,"href":"https:\/\/www.xhplasticlife.com\/de\/wp-json\/wp\/v2\/comments?post=1904"}],"wp:featuredmedia":[{"embeddable":true,"href":"https:\/\/www.xhplasticlife.com\/de\/wp-json\/wp\/v2\/media\/1910"}],"wp:attachment":[{"href":"https:\/\/www.xhplasticlife.com\/de\/wp-json\/wp\/v2\/media?parent=1904"}],"wp:term":[{"taxonomy":"product_brand","embeddable":true,"href":"https:\/\/www.xhplasticlife.com\/de\/wp-json\/wp\/v2\/product_brand?post=1904"},{"taxonomy":"product_cat","embeddable":true,"href":"https:\/\/www.xhplasticlife.com\/de\/wp-json\/wp\/v2\/product_cat?post=1904"},{"taxonomy":"product_tag","embeddable":true,"href":"https:\/\/www.xhplasticlife.com\/de\/wp-json\/wp\/v2\/product_tag?post=1904"}],"curies":[{"name":"wp","href":"https:\/\/api.w.org\/{rel}","templated":true}]}}