{"id":1892,"date":"2025-12-22T09:05:17","date_gmt":"2025-12-22T09:05:17","guid":{"rendered":"https:\/\/www.xhplasticlife.com\/?post_type=product&#038;p=1892"},"modified":"2026-04-02T10:02:37","modified_gmt":"2026-04-02T10:02:37","slug":"bulk-lunch-boxes-for-kids","status":"publish","type":"product","link":"https:\/\/www.xhplasticlife.com\/de\/produkt\/bulk-lunch-boxes-for-kids\/","title":{"rendered":"Customized Lunch Box f\u00fcr Kinder, Food-grade 304 Edelstahl Lunch Container Fabrik"},"content":{"rendered":"<div class=\"wp-block-columns is-layout-flex wp-container-core-columns-is-layout-9d6595d7 wp-block-columns-is-layout-flex\">\n<div class=\"wp-block-column is-layout-flow wp-block-column-is-layout-flow\">\n<h2 class=\"wp-block-heading\">Bulk Lunch Boxen f\u00fcr Kinder Eigenschaften:<\/h2>\n\n\n\n<ul class=\"wp-block-list\">\n<li><strong>Edelstahl 304 in Lebensmittelqualit\u00e4t f\u00fcr eine sichere Verwendung durch Kinder:<\/strong> Hergestellt aus hochwertigen lebensmittelechten Materialien, frei von Schadstoffen, rostfrei und geruchsneutral, geeignet f\u00fcr den t\u00e4glichen und wiederholten Gebrauch durch Kinder. Als professioneller Hersteller von Essensbeh\u00e4ltern aus Edelstahl 304 unterliegen wir strengen Kontrollen der Sicherheitsstandards.<\/li>\n\n\n\n<li><strong>Speziell f\u00fcr Kinder entwickelt, praktisch und benutzerfreundlich: <\/strong>Die vern\u00fcnftige Struktur und das moderate Fassungsverm\u00f6gen machen es den Eltern leicht, nahrhafte und ausgewogene Mahlzeiten f\u00fcr Kinder zuzubereiten, die sich f\u00fcr Schulessen, Kinderg\u00e4rten und den Hausgebrauch eignen.<\/li>\n\n\n\n<li><strong>Robust und langlebig, ideal f\u00fcr die langfristige Versorgung in gro\u00dfen Mengen:<\/strong> Das Material aus rostfreiem Stahl ist sturz- und verschlei\u00dffest, langlebiger als Kunststoff und muss seltener ausgetauscht werden, wodurch es sich ideal f\u00fcr langfristige Lunchboxen f\u00fcr Kinder eignet.<\/li>\n\n\n\n<li><strong>Leicht zu reinigen, entspricht den Hygiene- und Umwelttrends:<\/strong> Die glatte Oberfl\u00e4che ist leicht zu reinigen und resistent gegen \u00d6lflecken, so dass eine schnelle Reinigung und wiederholte Verwendung m\u00f6glich ist, was der aktuellen Nachfrage nach umweltfreundlichem Kindergeschirr entspricht.<\/li>\n\n\n\n<li><strong>Anpassungsunterst\u00fctzung zur F\u00f6rderung der Marken- und Kanalerweiterung:<\/strong> Wir bieten OEM\/ODM-Kundenanpassungsdienste f\u00fcr Gr\u00f6\u00dfe, Logo und Verpackung und erf\u00fcllen damit die differenzierten Anforderungen von Marken, Importeuren und Bildungseinrichtungen.<\/li>\n\n\n\n<li><strong>Direkte Lieferung ab Werk, stabile und wettbewerbsf\u00e4hige Preise:<\/strong> Als eine ausgereifte Fabrik f\u00fcr 304-Edelstahl-Lunch-Container haben wir eine stabile Produktionskapazit\u00e4t und Gro\u00dfhandelspreisvorteile, die den Kunden helfen, die Kosten zu kontrollieren.<\/li>\n\n\n\n<li><strong>Kostenlose Musterunterst\u00fctzung zur Verringerung der Risiken bei Beschaffungsentscheidungen:<\/strong> Wir stellen kostenlose Muster zur Verf\u00fcgung, um den K\u00e4ufern die M\u00f6glichkeit zu geben, Qualit\u00e4tstests und Markt\u00fcberpr\u00fcfungen durchzuf\u00fchren, bevor sie Auftr\u00e4ge erteilen, was den Prozess der Zusammenarbeit beschleunigt.<\/li>\n<\/ul>\n<\/div>\n\n\n\n<div class=\"wp-block-column is-layout-flow wp-block-column-is-layout-flow\">\n<figure class=\"wp-block-image size-full\"><img decoding=\"async\" width=\"800\" height=\"800\" src=\"https:\/\/www.xhplasticlife.com\/wp-content\/uploads\/2025\/12\/Bulk-Lunch-Boxes-for-Kids-xinghui-plastic-manufacturer-4.webp\" alt=\"Bulk Lunch Boxen f\u00fcr Kinder - xinghui Kunststoff Hersteller (4)\" class=\"wp-image-1902\" srcset=\"https:\/\/www.xhplasticlife.com\/wp-content\/uploads\/2025\/12\/Bulk-Lunch-Boxes-for-Kids-xinghui-plastic-manufacturer-4.webp 800w, https:\/\/www.xhplasticlife.com\/wp-content\/uploads\/2025\/12\/Bulk-Lunch-Boxes-for-Kids-xinghui-plastic-manufacturer-4-300x300.webp 300w, https:\/\/www.xhplasticlife.com\/wp-content\/uploads\/2025\/12\/Bulk-Lunch-Boxes-for-Kids-xinghui-plastic-manufacturer-4-150x150.webp 150w, https:\/\/www.xhplasticlife.com\/wp-content\/uploads\/2025\/12\/Bulk-Lunch-Boxes-for-Kids-xinghui-plastic-manufacturer-4-768x768.webp 768w, https:\/\/www.xhplasticlife.com\/wp-content\/uploads\/2025\/12\/Bulk-Lunch-Boxes-for-Kids-xinghui-plastic-manufacturer-4-12x12.webp 12w, https:\/\/www.xhplasticlife.com\/wp-content\/uploads\/2025\/12\/Bulk-Lunch-Boxes-for-Kids-xinghui-plastic-manufacturer-4-600x600.webp 600w, https:\/\/www.xhplasticlife.com\/wp-content\/uploads\/2025\/12\/Bulk-Lunch-Boxes-for-Kids-xinghui-plastic-manufacturer-4-100x100.webp 100w\" sizes=\"(max-width: 800px) 100vw, 800px\" \/><\/figure>\n<\/div>\n<\/div>\n\n\n\n<div class=\"wp-block-columns is-layout-flex wp-container-core-columns-is-layout-9d6595d7 wp-block-columns-is-layout-flex\">\n<div class=\"wp-block-column is-layout-flow wp-block-column-is-layout-flow\">\n<figure class=\"wp-block-image size-full\"><img decoding=\"async\" width=\"800\" height=\"800\" src=\"https:\/\/www.xhplasticlife.com\/wp-content\/uploads\/2025\/12\/3-compartments-Bulk-Green-Lunch-Boxes-for-Kids-4.webp\" alt=\"Gr\u00fcne Lunchboxen mit 3 F\u00e4chern f\u00fcr Kinder (4)\" class=\"wp-image-1898\" srcset=\"https:\/\/www.xhplasticlife.com\/wp-content\/uploads\/2025\/12\/3-compartments-Bulk-Green-Lunch-Boxes-for-Kids-4.webp 800w, https:\/\/www.xhplasticlife.com\/wp-content\/uploads\/2025\/12\/3-compartments-Bulk-Green-Lunch-Boxes-for-Kids-4-300x300.webp 300w, https:\/\/www.xhplasticlife.com\/wp-content\/uploads\/2025\/12\/3-compartments-Bulk-Green-Lunch-Boxes-for-Kids-4-150x150.webp 150w, https:\/\/www.xhplasticlife.com\/wp-content\/uploads\/2025\/12\/3-compartments-Bulk-Green-Lunch-Boxes-for-Kids-4-768x768.webp 768w, https:\/\/www.xhplasticlife.com\/wp-content\/uploads\/2025\/12\/3-compartments-Bulk-Green-Lunch-Boxes-for-Kids-4-12x12.webp 12w, https:\/\/www.xhplasticlife.com\/wp-content\/uploads\/2025\/12\/3-compartments-Bulk-Green-Lunch-Boxes-for-Kids-4-600x600.webp 600w, https:\/\/www.xhplasticlife.com\/wp-content\/uploads\/2025\/12\/3-compartments-Bulk-Green-Lunch-Boxes-for-Kids-4-100x100.webp 100w\" sizes=\"(max-width: 800px) 100vw, 800px\" \/><\/figure>\n<\/div>\n\n\n\n<div class=\"wp-block-column is-layout-flow wp-block-column-is-layout-flow\">\n<figure class=\"wp-block-image size-full\"><img decoding=\"async\" width=\"800\" height=\"800\" src=\"https:\/\/www.xhplasticlife.com\/wp-content\/uploads\/2025\/12\/3-compartments-Bulk-Green-Lunch-Boxes-for-Kids-3.webp\" alt=\"Gr\u00fcne Lunchboxen mit 3 F\u00e4chern f\u00fcr Kinder (3)\" class=\"wp-image-1897\" srcset=\"https:\/\/www.xhplasticlife.com\/wp-content\/uploads\/2025\/12\/3-compartments-Bulk-Green-Lunch-Boxes-for-Kids-3.webp 800w, https:\/\/www.xhplasticlife.com\/wp-content\/uploads\/2025\/12\/3-compartments-Bulk-Green-Lunch-Boxes-for-Kids-3-300x300.webp 300w, https:\/\/www.xhplasticlife.com\/wp-content\/uploads\/2025\/12\/3-compartments-Bulk-Green-Lunch-Boxes-for-Kids-3-150x150.webp 150w, https:\/\/www.xhplasticlife.com\/wp-content\/uploads\/2025\/12\/3-compartments-Bulk-Green-Lunch-Boxes-for-Kids-3-768x768.webp 768w, https:\/\/www.xhplasticlife.com\/wp-content\/uploads\/2025\/12\/3-compartments-Bulk-Green-Lunch-Boxes-for-Kids-3-12x12.webp 12w, https:\/\/www.xhplasticlife.com\/wp-content\/uploads\/2025\/12\/3-compartments-Bulk-Green-Lunch-Boxes-for-Kids-3-600x600.webp 600w, https:\/\/www.xhplasticlife.com\/wp-content\/uploads\/2025\/12\/3-compartments-Bulk-Green-Lunch-Boxes-for-Kids-3-100x100.webp 100w\" sizes=\"(max-width: 800px) 100vw, 800px\" \/><\/figure>\n<\/div>\n\n\n\n<div class=\"wp-block-column is-layout-flow wp-block-column-is-layout-flow\">\n<figure class=\"wp-block-image size-full\"><img decoding=\"async\" width=\"800\" height=\"800\" src=\"https:\/\/www.xhplasticlife.com\/wp-content\/uploads\/2025\/12\/3-compartments-Bulk-Pink-Lunch-Boxes-for-Kids-5.webp\" alt=\"Rosa Lunchboxen mit 3 F\u00e4chern f\u00fcr Kinder (5)\" class=\"wp-image-1896\" srcset=\"https:\/\/www.xhplasticlife.com\/wp-content\/uploads\/2025\/12\/3-compartments-Bulk-Pink-Lunch-Boxes-for-Kids-5.webp 800w, https:\/\/www.xhplasticlife.com\/wp-content\/uploads\/2025\/12\/3-compartments-Bulk-Pink-Lunch-Boxes-for-Kids-5-300x300.webp 300w, https:\/\/www.xhplasticlife.com\/wp-content\/uploads\/2025\/12\/3-compartments-Bulk-Pink-Lunch-Boxes-for-Kids-5-150x150.webp 150w, https:\/\/www.xhplasticlife.com\/wp-content\/uploads\/2025\/12\/3-compartments-Bulk-Pink-Lunch-Boxes-for-Kids-5-768x768.webp 768w, https:\/\/www.xhplasticlife.com\/wp-content\/uploads\/2025\/12\/3-compartments-Bulk-Pink-Lunch-Boxes-for-Kids-5-12x12.webp 12w, https:\/\/www.xhplasticlife.com\/wp-content\/uploads\/2025\/12\/3-compartments-Bulk-Pink-Lunch-Boxes-for-Kids-5-600x600.webp 600w, https:\/\/www.xhplasticlife.com\/wp-content\/uploads\/2025\/12\/3-compartments-Bulk-Pink-Lunch-Boxes-for-Kids-5-100x100.webp 100w\" sizes=\"(max-width: 800px) 100vw, 800px\" \/><\/figure>\n<\/div>\n<\/div>\n\n\n\n<div class=\"wp-block-columns is-layout-flex wp-container-core-columns-is-layout-9d6595d7 wp-block-columns-is-layout-flex\">\n<div class=\"wp-block-column is-layout-flow wp-block-column-is-layout-flow\">\n<figure class=\"wp-block-image size-full\"><img decoding=\"async\" width=\"800\" height=\"800\" src=\"https:\/\/www.xhplasticlife.com\/wp-content\/uploads\/2025\/12\/2-compartments-Bulk-Lunch-Boxes-for-Kids-6.webp\" alt=\"2 F\u00e4cher - Bulk Lunch Boxen f\u00fcr Kinder (6)\" class=\"wp-image-1893\" srcset=\"https:\/\/www.xhplasticlife.com\/wp-content\/uploads\/2025\/12\/2-compartments-Bulk-Lunch-Boxes-for-Kids-6.webp 800w, https:\/\/www.xhplasticlife.com\/wp-content\/uploads\/2025\/12\/2-compartments-Bulk-Lunch-Boxes-for-Kids-6-300x300.webp 300w, https:\/\/www.xhplasticlife.com\/wp-content\/uploads\/2025\/12\/2-compartments-Bulk-Lunch-Boxes-for-Kids-6-150x150.webp 150w, https:\/\/www.xhplasticlife.com\/wp-content\/uploads\/2025\/12\/2-compartments-Bulk-Lunch-Boxes-for-Kids-6-768x768.webp 768w, https:\/\/www.xhplasticlife.com\/wp-content\/uploads\/2025\/12\/2-compartments-Bulk-Lunch-Boxes-for-Kids-6-12x12.webp 12w, https:\/\/www.xhplasticlife.com\/wp-content\/uploads\/2025\/12\/2-compartments-Bulk-Lunch-Boxes-for-Kids-6-600x600.webp 600w, https:\/\/www.xhplasticlife.com\/wp-content\/uploads\/2025\/12\/2-compartments-Bulk-Lunch-Boxes-for-Kids-6-100x100.webp 100w\" sizes=\"(max-width: 800px) 100vw, 800px\" \/><\/figure>\n<\/div>\n\n\n\n<div class=\"wp-block-column is-layout-flow wp-block-column-is-layout-flow\">\n<figure class=\"wp-block-image size-full\"><img decoding=\"async\" width=\"800\" height=\"800\" src=\"https:\/\/www.xhplasticlife.com\/wp-content\/uploads\/2025\/12\/2-compartments-Bulk-Lunch-Boxes-for-Kids-7.webp\" alt=\"2 F\u00e4cher - Gro\u00dfpackungen Lunchboxen f\u00fcr Kinder (7)\" class=\"wp-image-1894\" srcset=\"https:\/\/www.xhplasticlife.com\/wp-content\/uploads\/2025\/12\/2-compartments-Bulk-Lunch-Boxes-for-Kids-7.webp 800w, https:\/\/www.xhplasticlife.com\/wp-content\/uploads\/2025\/12\/2-compartments-Bulk-Lunch-Boxes-for-Kids-7-300x300.webp 300w, https:\/\/www.xhplasticlife.com\/wp-content\/uploads\/2025\/12\/2-compartments-Bulk-Lunch-Boxes-for-Kids-7-150x150.webp 150w, https:\/\/www.xhplasticlife.com\/wp-content\/uploads\/2025\/12\/2-compartments-Bulk-Lunch-Boxes-for-Kids-7-768x768.webp 768w, https:\/\/www.xhplasticlife.com\/wp-content\/uploads\/2025\/12\/2-compartments-Bulk-Lunch-Boxes-for-Kids-7-12x12.webp 12w, https:\/\/www.xhplasticlife.com\/wp-content\/uploads\/2025\/12\/2-compartments-Bulk-Lunch-Boxes-for-Kids-7-600x600.webp 600w, https:\/\/www.xhplasticlife.com\/wp-content\/uploads\/2025\/12\/2-compartments-Bulk-Lunch-Boxes-for-Kids-7-100x100.webp 100w\" sizes=\"(max-width: 800px) 100vw, 800px\" \/><\/figure>\n<\/div>\n\n\n\n<div class=\"wp-block-column is-layout-flow wp-block-column-is-layout-flow\">\n<figure class=\"wp-block-image size-full\"><img decoding=\"async\" width=\"800\" height=\"800\" src=\"https:\/\/www.xhplasticlife.com\/wp-content\/uploads\/2025\/12\/2-compartments-Bulk-Lunch-Boxes-for-Kids-8.webp\" alt=\"2 F\u00e4cher - Bulk Lunch Boxen f\u00fcr Kinder (8)\" class=\"wp-image-1895\" srcset=\"https:\/\/www.xhplasticlife.com\/wp-content\/uploads\/2025\/12\/2-compartments-Bulk-Lunch-Boxes-for-Kids-8.webp 800w, https:\/\/www.xhplasticlife.com\/wp-content\/uploads\/2025\/12\/2-compartments-Bulk-Lunch-Boxes-for-Kids-8-300x300.webp 300w, https:\/\/www.xhplasticlife.com\/wp-content\/uploads\/2025\/12\/2-compartments-Bulk-Lunch-Boxes-for-Kids-8-150x150.webp 150w, https:\/\/www.xhplasticlife.com\/wp-content\/uploads\/2025\/12\/2-compartments-Bulk-Lunch-Boxes-for-Kids-8-768x768.webp 768w, https:\/\/www.xhplasticlife.com\/wp-content\/uploads\/2025\/12\/2-compartments-Bulk-Lunch-Boxes-for-Kids-8-12x12.webp 12w, https:\/\/www.xhplasticlife.com\/wp-content\/uploads\/2025\/12\/2-compartments-Bulk-Lunch-Boxes-for-Kids-8-600x600.webp 600w, https:\/\/www.xhplasticlife.com\/wp-content\/uploads\/2025\/12\/2-compartments-Bulk-Lunch-Boxes-for-Kids-8-100x100.webp 100w\" sizes=\"(max-width: 800px) 100vw, 800px\" \/><\/figure>\n<\/div>\n<\/div>","protected":false},"excerpt":{"rendered":"<p data-start=\"444\" data-end=\"725\">Willkommen zum Kauf von gro\u00dfen Brotdosen f\u00fcr Kinder. Als eine professionelle 304 Edelstahl-Lunch-Container-Fabrik, liefern wir Lebensmittelqualit\u00e4t, langlebig Lunch-Boxen f\u00fcr Kinder konzipiert. Factory-direct Gro\u00dfhandelspreise, OEM\/ODM-Service und kostenlose Proben helfen K\u00e4ufer Quelle mit Vertrauen.<\/p>\n<h2>Gro\u00dfe Lunchboxen f\u00fcr Kinder Parameter:<\/h2>\n<ul>\n<li><strong>Modell<\/strong>: 6533<\/li>\n<li><strong>Markenname<\/strong>: Xinghui<\/li>\n<li><strong>Material<\/strong>: PP+Silikon+Edelstahl<\/li>\n<li><strong>Gr\u00f6\u00dfe:<\/strong> 24*17*7,5cm<\/li>\n<li><strong>Kapazit\u00e4t:<\/strong> 1100ml<\/li>\n<li><strong>Farbe<\/strong>: rosa, blau, gr\u00fcn<\/li>\n<li><strong>Bruttogewicht: <\/strong>13kg<\/li>\n<li><strong>Gr\u00f6\u00dfe des Kartons:<\/strong> 50*36*47cm<\/li>\n<li><strong>Verpacken:<\/strong> 24 St\u00fcck\/Ktn<\/li>\n<li><strong>Pakete<\/strong>: OPP Tasche<\/li>\n<li><strong>OEM\/ODM<\/strong>: Verf\u00fcgbar<\/li>\n<li><strong>MOQ: <\/strong>2000 St\u00fcck<\/li>\n<li><strong>Kundenspezifische Option<\/strong>: Farbe\/Gr\u00f6\u00dfe\/Logo\/Verpackung<\/li>\n<\/ul>\n<h2>Von Daily Plasticware Hersteller :<\/h2>\n<p>Gegr\u00fcndet im Jahr 2000,\u00a0<a href=\"https:\/\/www.xhplasticlife.com\/de\/\"><strong>Xinghui<\/strong><\/a> ist auf die Herstellung und den Gro\u00dfhandel von Lunchboxen, Lebensmittelbeh\u00e4ltern, Trinkgef\u00e4\u00dfen, Haushaltsbeh\u00e4ltern und anderen Kunststoffprodukten des t\u00e4glichen Bedarfs spezialisiert. Wir bieten OEM- &amp; ODM- und E-Commerce-Beschaffungsdienste f\u00fcr Kunden aus einer Hand.<\/p>","protected":false},"featured_media":1899,"comment_status":"closed","ping_status":"closed","template":"","meta":{"_acf_changed":false},"product_brand":[],"product_cat":[17,35],"product_tag":[],"class_list":{"0":"post-1892","1":"product","2":"type-product","3":"status-publish","4":"has-post-thumbnail","6":"product_cat-wholesale-lunch-boxes","7":"product_cat-stainless-steel-lunch-box-manufacturer","9":"first","10":"instock","11":"shipping-taxable","12":"product-type-simple"},"acf":[],"_links":{"self":[{"href":"https:\/\/www.xhplasticlife.com\/de\/wp-json\/wp\/v2\/product\/1892","targetHints":{"allow":["GET"]}}],"collection":[{"href":"https:\/\/www.xhplasticlife.com\/de\/wp-json\/wp\/v2\/product"}],"about":[{"href":"https:\/\/www.xhplasticlife.com\/de\/wp-json\/wp\/v2\/types\/product"}],"replies":[{"embeddable":true,"href":"https:\/\/www.xhplasticlife.com\/de\/wp-json\/wp\/v2\/comments?post=1892"}],"wp:featuredmedia":[{"embeddable":true,"href":"https:\/\/www.xhplasticlife.com\/de\/wp-json\/wp\/v2\/media\/1899"}],"wp:attachment":[{"href":"https:\/\/www.xhplasticlife.com\/de\/wp-json\/wp\/v2\/media?parent=1892"}],"wp:term":[{"taxonomy":"product_brand","embeddable":true,"href":"https:\/\/www.xhplasticlife.com\/de\/wp-json\/wp\/v2\/product_brand?post=1892"},{"taxonomy":"product_cat","embeddable":true,"href":"https:\/\/www.xhplasticlife.com\/de\/wp-json\/wp\/v2\/product_cat?post=1892"},{"taxonomy":"product_tag","embeddable":true,"href":"https:\/\/www.xhplasticlife.com\/de\/wp-json\/wp\/v2\/product_tag?post=1892"}],"curies":[{"name":"wp","href":"https:\/\/api.w.org\/{rel}","templated":true}]}}