{"id":1870,"date":"2025-12-22T06:48:38","date_gmt":"2025-12-22T06:48:38","guid":{"rendered":"https:\/\/www.xhplasticlife.com\/?post_type=product&#038;p=1870"},"modified":"2026-04-02T10:03:37","modified_gmt":"2026-04-02T10:03:37","slug":"custom-lunch-boxes-wholesale","status":"publish","type":"product","link":"https:\/\/www.xhplasticlife.com\/de\/produkt\/custom-lunch-boxes-wholesale\/","title":{"rendered":"Benutzerdefinierte Lunch-Boxen Gro\u00dfhandel, 304 Edelstahl Lebensmittel-Container Hersteller"},"content":{"rendered":"<div class=\"wp-block-columns is-layout-flex wp-container-core-columns-is-layout-9d6595d7 wp-block-columns-is-layout-flex\">\n<div class=\"wp-block-column is-layout-flow wp-block-column-is-layout-flow\">\n<h2 class=\"wp-block-heading\">Individuelle Lunchboxen Merkmale:<\/h2>\n\n\n\n<ul class=\"wp-block-list\">\n<li><strong>Edelstahl 304 in Lebensmittelqualit\u00e4t, sicherer und haltbarer:<\/strong> Aus hochwertigem Edelstahl 304 gefertigt, ist es korrosionsbest\u00e4ndig, rostfrei und geruchsneutral, f\u00fcr den langfristigen Kontakt mit Lebensmitteln geeignet und erf\u00fcllt die hohen Gesundheits- und Sicherheitsanforderungen des internationalen Marktes.<\/li>\n\n\n\n<li><strong>2-5 F\u00e4cher, um verschiedene Ern\u00e4hrungsbed\u00fcrfnisse zu erf\u00fcllen:<\/strong> Die mehrschichtige Struktur erm\u00f6glicht die getrennte Aufbewahrung von Hauptgerichten, Beilagen und So\u00dfen und eignet sich f\u00fcr B\u00fcroangestellte, Fitnessbegeisterte und Familien-Lunchbox-Szenarien. \u00c4u\u00dferst praktisch und von den Verbrauchern gut angenommen.<\/li>\n\n\n\n<li><strong>Leicht zu reinigen und wiederverwendbar, im Einklang mit den Umwelttrends:<\/strong> Das Metallmaterial nimmt nicht so leicht \u00d6lflecken an und unterst\u00fctzt die Reinigung von Hand oder in der Sp\u00fclmaschine, was Marken den Einstieg in den Markt f\u00fcr nachhaltiges und umweltfreundliches Geschirr erleichtert.<\/li>\n\n\n\n<li><strong>OEM\/ODM-Anpassungsdienste verf\u00fcgbar:<\/strong> Als Gro\u00dfhandelsunternehmen f\u00fcr ma\u00dfgeschneiderte Lunchboxen k\u00f6nnen wir Gr\u00f6\u00dfen, F\u00e4cherstrukturen, Logos, Oberfl\u00e4chenbehandlungen und Verpackungen individuell anpassen, um den differenzierten Bed\u00fcrfnissen von Markeninhabern und Vertriebskan\u00e4len gerecht zu werden.<\/li>\n\n\n\n<li><strong>Direkte Lieferung ab Werk, stabile Produktionskapazit\u00e4t und Preisvorteil: <\/strong>Wir sind ein erfahrener Hersteller von Lunchboxen aus Edelstahl 304 mit stabiler Produktionskapazit\u00e4t und strenger Qualit\u00e4tskontrolle und bieten wettbewerbsf\u00e4hige Gro\u00dfhandelspreise.<\/li>\n\n\n\n<li><strong>Kostenlose Musterunterst\u00fctzung verringert das Beschaffungsrisiko:<\/strong> Die Bereitstellung von kostenlosen Mustern erm\u00f6glicht es den Kunden, Qualit\u00e4tstests, Marktvalidierung und die Sammlung von Kundenfeedback durchzuf\u00fchren, bevor sie eine formelle Bestellung aufgeben, wodurch Beschaffungsentscheidungen beschleunigt werden.<\/li>\n<\/ul>\n<\/div>\n\n\n\n<div class=\"wp-block-column is-layout-flow wp-block-column-is-layout-flow\">\n<figure class=\"wp-block-image size-full\"><img decoding=\"async\" width=\"750\" height=\"750\" src=\"https:\/\/www.xhplasticlife.com\/wp-content\/uploads\/2025\/12\/Custom-Lunch-Boxes-Wholesale-Manufacturer-xinghui-2.webp\" alt=\"Benutzerdefinierte Lunch-Boxen Gro\u00dfhandel Hersteller - xinghui (2)\" class=\"wp-image-1872\" srcset=\"https:\/\/www.xhplasticlife.com\/wp-content\/uploads\/2025\/12\/Custom-Lunch-Boxes-Wholesale-Manufacturer-xinghui-2.webp 750w, https:\/\/www.xhplasticlife.com\/wp-content\/uploads\/2025\/12\/Custom-Lunch-Boxes-Wholesale-Manufacturer-xinghui-2-300x300.webp 300w, https:\/\/www.xhplasticlife.com\/wp-content\/uploads\/2025\/12\/Custom-Lunch-Boxes-Wholesale-Manufacturer-xinghui-2-150x150.webp 150w, https:\/\/www.xhplasticlife.com\/wp-content\/uploads\/2025\/12\/Custom-Lunch-Boxes-Wholesale-Manufacturer-xinghui-2-12x12.webp 12w, https:\/\/www.xhplasticlife.com\/wp-content\/uploads\/2025\/12\/Custom-Lunch-Boxes-Wholesale-Manufacturer-xinghui-2-600x600.webp 600w, https:\/\/www.xhplasticlife.com\/wp-content\/uploads\/2025\/12\/Custom-Lunch-Boxes-Wholesale-Manufacturer-xinghui-2-100x100.webp 100w\" sizes=\"(max-width: 750px) 100vw, 750px\" \/><\/figure>\n<\/div>\n<\/div>\n\n\n\n<figure class=\"wp-block-table\"><table class=\"has-fixed-layout\"><tbody><tr><td>Modell<\/td><td>Gr\u00f6\u00dfe<\/td><td>Kapazit\u00e4t<\/td><td>Bruttogewicht<\/td><td>Gr\u00f6\u00dfe des Kartons<\/td><td>Verpacken<\/td><\/tr><tr><td>6521<\/td><td>29*22,5*6,5 cm<\/td><td>1400ML<\/td><td>15,2 kg<\/td><td>47*31*73 cm<\/td><td>18 St\u00fcck\/Ktn<\/td><\/tr><tr><td>6522<\/td><td>25,5*18*6,5 cm<\/td><td>1100ML<\/td><td>14,5 kg<\/td><td>54*32*60 cm<\/td><td>24 St\u00fcck\/Ktn<\/td><\/tr><tr><td>6523<\/td><td>22*15,5*6,5 cm<\/td><td>800ML<\/td><td>11,5 kg<\/td><td>54*32*50 cm<\/td><td>24 St\u00fcck\/Ktn<\/td><\/tr><\/tbody><\/table><\/figure>\n\n\n\n<div class=\"wp-block-columns is-layout-flex wp-container-core-columns-is-layout-9d6595d7 wp-block-columns-is-layout-flex\">\n<div class=\"wp-block-column is-layout-flow wp-block-column-is-layout-flow\">\n<figure class=\"wp-block-image size-full\"><img decoding=\"async\" width=\"750\" height=\"750\" src=\"https:\/\/www.xhplasticlife.com\/wp-content\/uploads\/2025\/12\/2-compartment-lunch-boxes-wholesale-xinghui-1.webp\" alt=\"2-Fach-Lunchboxen Gro\u00dfhandel - xinghui (1)\" class=\"wp-image-1876\" srcset=\"https:\/\/www.xhplasticlife.com\/wp-content\/uploads\/2025\/12\/2-compartment-lunch-boxes-wholesale-xinghui-1.webp 750w, https:\/\/www.xhplasticlife.com\/wp-content\/uploads\/2025\/12\/2-compartment-lunch-boxes-wholesale-xinghui-1-300x300.webp 300w, https:\/\/www.xhplasticlife.com\/wp-content\/uploads\/2025\/12\/2-compartment-lunch-boxes-wholesale-xinghui-1-150x150.webp 150w, https:\/\/www.xhplasticlife.com\/wp-content\/uploads\/2025\/12\/2-compartment-lunch-boxes-wholesale-xinghui-1-12x12.webp 12w, https:\/\/www.xhplasticlife.com\/wp-content\/uploads\/2025\/12\/2-compartment-lunch-boxes-wholesale-xinghui-1-600x600.webp 600w, https:\/\/www.xhplasticlife.com\/wp-content\/uploads\/2025\/12\/2-compartment-lunch-boxes-wholesale-xinghui-1-100x100.webp 100w\" sizes=\"(max-width: 750px) 100vw, 750px\" \/><\/figure>\n<\/div>\n\n\n\n<div class=\"wp-block-column is-layout-flow wp-block-column-is-layout-flow\">\n<figure class=\"wp-block-image size-full\"><img decoding=\"async\" width=\"750\" height=\"750\" src=\"https:\/\/www.xhplasticlife.com\/wp-content\/uploads\/2025\/12\/2-compartment-lunch-boxes-wholesale-xinghui-2.webp\" alt=\"2-Fach-Lunchboxen Gro\u00dfhandel - xinghui (2)\" class=\"wp-image-1877\" srcset=\"https:\/\/www.xhplasticlife.com\/wp-content\/uploads\/2025\/12\/2-compartment-lunch-boxes-wholesale-xinghui-2.webp 750w, https:\/\/www.xhplasticlife.com\/wp-content\/uploads\/2025\/12\/2-compartment-lunch-boxes-wholesale-xinghui-2-300x300.webp 300w, https:\/\/www.xhplasticlife.com\/wp-content\/uploads\/2025\/12\/2-compartment-lunch-boxes-wholesale-xinghui-2-150x150.webp 150w, https:\/\/www.xhplasticlife.com\/wp-content\/uploads\/2025\/12\/2-compartment-lunch-boxes-wholesale-xinghui-2-12x12.webp 12w, https:\/\/www.xhplasticlife.com\/wp-content\/uploads\/2025\/12\/2-compartment-lunch-boxes-wholesale-xinghui-2-600x600.webp 600w, https:\/\/www.xhplasticlife.com\/wp-content\/uploads\/2025\/12\/2-compartment-lunch-boxes-wholesale-xinghui-2-100x100.webp 100w\" sizes=\"(max-width: 750px) 100vw, 750px\" \/><\/figure>\n<\/div>\n\n\n\n<div class=\"wp-block-column is-layout-flow wp-block-column-is-layout-flow\">\n<figure class=\"wp-block-image size-full\"><img decoding=\"async\" width=\"750\" height=\"750\" src=\"https:\/\/www.xhplasticlife.com\/wp-content\/uploads\/2025\/12\/2-compartment-lunch-boxes-wholesale-xinghui-3.webp\" alt=\"2-Fach-Lunchboxen Gro\u00dfhandel - xinghui (3)\" class=\"wp-image-1878\" srcset=\"https:\/\/www.xhplasticlife.com\/wp-content\/uploads\/2025\/12\/2-compartment-lunch-boxes-wholesale-xinghui-3.webp 750w, https:\/\/www.xhplasticlife.com\/wp-content\/uploads\/2025\/12\/2-compartment-lunch-boxes-wholesale-xinghui-3-300x300.webp 300w, https:\/\/www.xhplasticlife.com\/wp-content\/uploads\/2025\/12\/2-compartment-lunch-boxes-wholesale-xinghui-3-150x150.webp 150w, https:\/\/www.xhplasticlife.com\/wp-content\/uploads\/2025\/12\/2-compartment-lunch-boxes-wholesale-xinghui-3-12x12.webp 12w, https:\/\/www.xhplasticlife.com\/wp-content\/uploads\/2025\/12\/2-compartment-lunch-boxes-wholesale-xinghui-3-600x600.webp 600w, https:\/\/www.xhplasticlife.com\/wp-content\/uploads\/2025\/12\/2-compartment-lunch-boxes-wholesale-xinghui-3-100x100.webp 100w\" sizes=\"(max-width: 750px) 100vw, 750px\" \/><\/figure>\n<\/div>\n<\/div>\n\n\n\n<div class=\"wp-block-columns is-layout-flex wp-container-core-columns-is-layout-9d6595d7 wp-block-columns-is-layout-flex\">\n<div class=\"wp-block-column is-layout-flow wp-block-column-is-layout-flow\">\n<figure class=\"wp-block-image size-full\"><img decoding=\"async\" width=\"750\" height=\"750\" src=\"https:\/\/www.xhplasticlife.com\/wp-content\/uploads\/2025\/12\/4-compartment-lunch-boxes-custom-wholesale-1.webp\" alt=\"4-Fach-Lunch-Boxen benutzerdefinierte Gro\u00dfhandel (1)\" class=\"wp-image-1879\" srcset=\"https:\/\/www.xhplasticlife.com\/wp-content\/uploads\/2025\/12\/4-compartment-lunch-boxes-custom-wholesale-1.webp 750w, https:\/\/www.xhplasticlife.com\/wp-content\/uploads\/2025\/12\/4-compartment-lunch-boxes-custom-wholesale-1-300x300.webp 300w, https:\/\/www.xhplasticlife.com\/wp-content\/uploads\/2025\/12\/4-compartment-lunch-boxes-custom-wholesale-1-150x150.webp 150w, https:\/\/www.xhplasticlife.com\/wp-content\/uploads\/2025\/12\/4-compartment-lunch-boxes-custom-wholesale-1-12x12.webp 12w, https:\/\/www.xhplasticlife.com\/wp-content\/uploads\/2025\/12\/4-compartment-lunch-boxes-custom-wholesale-1-600x600.webp 600w, https:\/\/www.xhplasticlife.com\/wp-content\/uploads\/2025\/12\/4-compartment-lunch-boxes-custom-wholesale-1-100x100.webp 100w\" sizes=\"(max-width: 750px) 100vw, 750px\" \/><\/figure>\n<\/div>\n\n\n\n<div class=\"wp-block-column is-layout-flow wp-block-column-is-layout-flow\">\n<figure class=\"wp-block-image size-full\"><img decoding=\"async\" width=\"750\" height=\"750\" src=\"https:\/\/www.xhplasticlife.com\/wp-content\/uploads\/2025\/12\/4-compartment-lunch-boxes-custom-wholesale-2.webp\" alt=\"4-Fach-Lunch-Boxen benutzerdefinierte Gro\u00dfhandel (2)\" class=\"wp-image-1880\" srcset=\"https:\/\/www.xhplasticlife.com\/wp-content\/uploads\/2025\/12\/4-compartment-lunch-boxes-custom-wholesale-2.webp 750w, https:\/\/www.xhplasticlife.com\/wp-content\/uploads\/2025\/12\/4-compartment-lunch-boxes-custom-wholesale-2-300x300.webp 300w, https:\/\/www.xhplasticlife.com\/wp-content\/uploads\/2025\/12\/4-compartment-lunch-boxes-custom-wholesale-2-150x150.webp 150w, https:\/\/www.xhplasticlife.com\/wp-content\/uploads\/2025\/12\/4-compartment-lunch-boxes-custom-wholesale-2-12x12.webp 12w, https:\/\/www.xhplasticlife.com\/wp-content\/uploads\/2025\/12\/4-compartment-lunch-boxes-custom-wholesale-2-600x600.webp 600w, https:\/\/www.xhplasticlife.com\/wp-content\/uploads\/2025\/12\/4-compartment-lunch-boxes-custom-wholesale-2-100x100.webp 100w\" sizes=\"(max-width: 750px) 100vw, 750px\" \/><\/figure>\n<\/div>\n\n\n\n<div class=\"wp-block-column is-layout-flow wp-block-column-is-layout-flow\">\n<figure class=\"wp-block-image size-full\"><img decoding=\"async\" width=\"750\" height=\"750\" src=\"https:\/\/www.xhplasticlife.com\/wp-content\/uploads\/2025\/12\/custom-4-compartment-lunch-boxes-wholesale-3.webp\" alt=\"benutzerdefinierte 4-Fach-Lunch-Boxen Gro\u00dfhandel (3)\" class=\"wp-image-1883\" srcset=\"https:\/\/www.xhplasticlife.com\/wp-content\/uploads\/2025\/12\/custom-4-compartment-lunch-boxes-wholesale-3.webp 750w, https:\/\/www.xhplasticlife.com\/wp-content\/uploads\/2025\/12\/custom-4-compartment-lunch-boxes-wholesale-3-300x300.webp 300w, https:\/\/www.xhplasticlife.com\/wp-content\/uploads\/2025\/12\/custom-4-compartment-lunch-boxes-wholesale-3-150x150.webp 150w, https:\/\/www.xhplasticlife.com\/wp-content\/uploads\/2025\/12\/custom-4-compartment-lunch-boxes-wholesale-3-12x12.webp 12w, https:\/\/www.xhplasticlife.com\/wp-content\/uploads\/2025\/12\/custom-4-compartment-lunch-boxes-wholesale-3-600x600.webp 600w, https:\/\/www.xhplasticlife.com\/wp-content\/uploads\/2025\/12\/custom-4-compartment-lunch-boxes-wholesale-3-100x100.webp 100w\" sizes=\"(max-width: 750px) 100vw, 750px\" \/><\/figure>\n<\/div>\n<\/div>\n\n\n\n<div class=\"wp-block-columns is-layout-flex wp-container-core-columns-is-layout-9d6595d7 wp-block-columns-is-layout-flex\">\n<div class=\"wp-block-column is-layout-flow wp-block-column-is-layout-flow\">\n<figure class=\"wp-block-image size-full\"><img decoding=\"async\" width=\"750\" height=\"750\" src=\"https:\/\/www.xhplasticlife.com\/wp-content\/uploads\/2025\/12\/custom-5-compartment-lunch-boxes-wholesale-3.webp\" alt=\"benutzerdefinierte 5-Fach-Lunch-Boxen Gro\u00dfhandel (3)\" class=\"wp-image-1884\" srcset=\"https:\/\/www.xhplasticlife.com\/wp-content\/uploads\/2025\/12\/custom-5-compartment-lunch-boxes-wholesale-3.webp 750w, https:\/\/www.xhplasticlife.com\/wp-content\/uploads\/2025\/12\/custom-5-compartment-lunch-boxes-wholesale-3-300x300.webp 300w, https:\/\/www.xhplasticlife.com\/wp-content\/uploads\/2025\/12\/custom-5-compartment-lunch-boxes-wholesale-3-150x150.webp 150w, https:\/\/www.xhplasticlife.com\/wp-content\/uploads\/2025\/12\/custom-5-compartment-lunch-boxes-wholesale-3-12x12.webp 12w, https:\/\/www.xhplasticlife.com\/wp-content\/uploads\/2025\/12\/custom-5-compartment-lunch-boxes-wholesale-3-600x600.webp 600w, https:\/\/www.xhplasticlife.com\/wp-content\/uploads\/2025\/12\/custom-5-compartment-lunch-boxes-wholesale-3-100x100.webp 100w\" sizes=\"(max-width: 750px) 100vw, 750px\" \/><\/figure>\n<\/div>\n\n\n\n<div class=\"wp-block-column is-layout-flow wp-block-column-is-layout-flow\">\n<figure class=\"wp-block-image size-full\"><img decoding=\"async\" width=\"750\" height=\"750\" src=\"https:\/\/www.xhplasticlife.com\/wp-content\/uploads\/2025\/12\/5-compartment-lunch-boxes-custom-wholesale-1.webp\" alt=\"5-Fach-Lunch-Boxen benutzerdefinierte Gro\u00dfhandel (1)\" class=\"wp-image-1881\" srcset=\"https:\/\/www.xhplasticlife.com\/wp-content\/uploads\/2025\/12\/5-compartment-lunch-boxes-custom-wholesale-1.webp 750w, https:\/\/www.xhplasticlife.com\/wp-content\/uploads\/2025\/12\/5-compartment-lunch-boxes-custom-wholesale-1-300x300.webp 300w, https:\/\/www.xhplasticlife.com\/wp-content\/uploads\/2025\/12\/5-compartment-lunch-boxes-custom-wholesale-1-150x150.webp 150w, https:\/\/www.xhplasticlife.com\/wp-content\/uploads\/2025\/12\/5-compartment-lunch-boxes-custom-wholesale-1-12x12.webp 12w, https:\/\/www.xhplasticlife.com\/wp-content\/uploads\/2025\/12\/5-compartment-lunch-boxes-custom-wholesale-1-600x600.webp 600w, https:\/\/www.xhplasticlife.com\/wp-content\/uploads\/2025\/12\/5-compartment-lunch-boxes-custom-wholesale-1-100x100.webp 100w\" sizes=\"(max-width: 750px) 100vw, 750px\" \/><\/figure>\n<\/div>\n\n\n\n<div class=\"wp-block-column is-layout-flow wp-block-column-is-layout-flow\">\n<figure class=\"wp-block-image size-full\"><img decoding=\"async\" width=\"750\" height=\"750\" src=\"https:\/\/www.xhplasticlife.com\/wp-content\/uploads\/2025\/12\/5-compartment-lunch-boxes-custom-wholesale-2.webp\" alt=\"5-Fach-Lunch-Boxen benutzerdefinierte Gro\u00dfhandel (2)\" class=\"wp-image-1882\" srcset=\"https:\/\/www.xhplasticlife.com\/wp-content\/uploads\/2025\/12\/5-compartment-lunch-boxes-custom-wholesale-2.webp 750w, https:\/\/www.xhplasticlife.com\/wp-content\/uploads\/2025\/12\/5-compartment-lunch-boxes-custom-wholesale-2-300x300.webp 300w, https:\/\/www.xhplasticlife.com\/wp-content\/uploads\/2025\/12\/5-compartment-lunch-boxes-custom-wholesale-2-150x150.webp 150w, https:\/\/www.xhplasticlife.com\/wp-content\/uploads\/2025\/12\/5-compartment-lunch-boxes-custom-wholesale-2-12x12.webp 12w, https:\/\/www.xhplasticlife.com\/wp-content\/uploads\/2025\/12\/5-compartment-lunch-boxes-custom-wholesale-2-600x600.webp 600w, https:\/\/www.xhplasticlife.com\/wp-content\/uploads\/2025\/12\/5-compartment-lunch-boxes-custom-wholesale-2-100x100.webp 100w\" sizes=\"(max-width: 750px) 100vw, 750px\" \/><\/figure>\n<\/div>\n<\/div>\n\n\n\n<p><\/p>","protected":false},"excerpt":{"rendered":"<p>Willkommen auf benutzerdefinierte Lunch-Boxen Gro\u00dfhandel zu kaufen. Als professioneller Hersteller von 304 Edelstahl-Lunch-Boxen, liefern wir langlebig, 2 bis 5-Fach-Edelstahl-Lebensmittelbeh\u00e4lter f\u00fcr Erwachsene. Factory-direct Gro\u00dfhandelspreise, OEM \/ ODM-Unterst\u00fctzung und kostenlose Proben zu reduzieren Beschaffungsrisiko.<\/p>\n<h2>Benutzerdefinierte Lunchboxen Parameter:<\/h2>\n<ul>\n<li><strong>Markenname<\/strong>: Xinghui<\/li>\n<li><strong>Material<\/strong>: PP+Silikon+Edelstahl 304<\/li>\n<li><strong>Farbe<\/strong>: blau, rosa, gr\u00fcn<\/li>\n<li><strong>Verpacken<\/strong>: OPP-Beutel + Farbkarton<\/li>\n<li><strong>OEM\/ODM<\/strong>: Verf\u00fcgbar<\/li>\n<li><strong>MOQ: <\/strong>2000 St\u00fcck<\/li>\n<li><strong>Kundenspezifische Option<\/strong>: Farbe\/Gr\u00f6\u00dfe\/Logo\/Verpackung<\/li>\n<\/ul>\n<h2>Von Daily Plasticware Hersteller :<\/h2>\n<p>Gegr\u00fcndet im Jahr 2000,\u00a0<a href=\"https:\/\/www.xhplasticlife.com\/de\/\"><strong>Xinghui<\/strong><\/a>\u00a0ist auf die Herstellung und den Gro\u00dfhandel von Lunchboxen, Lebensmittelbeh\u00e4ltern, Trinkgef\u00e4\u00dfen, Haushaltsbeh\u00e4ltern und anderen Kunststoffprodukten des t\u00e4glichen Bedarfs spezialisiert. Wir bieten OEM- &amp; ODM- und E-Commerce-Beschaffungsdienste f\u00fcr Kunden aus einer Hand.<\/p>","protected":false},"featured_media":1871,"comment_status":"closed","ping_status":"closed","template":"","meta":{"_acf_changed":false},"product_brand":[],"product_cat":[17,35],"product_tag":[],"class_list":{"0":"post-1870","1":"product","2":"type-product","3":"status-publish","4":"has-post-thumbnail","6":"product_cat-wholesale-lunch-boxes","7":"product_cat-stainless-steel-lunch-box-manufacturer","9":"first","10":"instock","11":"shipping-taxable","12":"product-type-simple"},"acf":[],"_links":{"self":[{"href":"https:\/\/www.xhplasticlife.com\/de\/wp-json\/wp\/v2\/product\/1870","targetHints":{"allow":["GET"]}}],"collection":[{"href":"https:\/\/www.xhplasticlife.com\/de\/wp-json\/wp\/v2\/product"}],"about":[{"href":"https:\/\/www.xhplasticlife.com\/de\/wp-json\/wp\/v2\/types\/product"}],"replies":[{"embeddable":true,"href":"https:\/\/www.xhplasticlife.com\/de\/wp-json\/wp\/v2\/comments?post=1870"}],"wp:featuredmedia":[{"embeddable":true,"href":"https:\/\/www.xhplasticlife.com\/de\/wp-json\/wp\/v2\/media\/1871"}],"wp:attachment":[{"href":"https:\/\/www.xhplasticlife.com\/de\/wp-json\/wp\/v2\/media?parent=1870"}],"wp:term":[{"taxonomy":"product_brand","embeddable":true,"href":"https:\/\/www.xhplasticlife.com\/de\/wp-json\/wp\/v2\/product_brand?post=1870"},{"taxonomy":"product_cat","embeddable":true,"href":"https:\/\/www.xhplasticlife.com\/de\/wp-json\/wp\/v2\/product_cat?post=1870"},{"taxonomy":"product_tag","embeddable":true,"href":"https:\/\/www.xhplasticlife.com\/de\/wp-json\/wp\/v2\/product_tag?post=1870"}],"curies":[{"name":"wp","href":"https:\/\/api.w.org\/{rel}","templated":true}]}}