{"id":1859,"date":"2025-12-22T06:45:16","date_gmt":"2025-12-22T06:45:16","guid":{"rendered":"https:\/\/www.xhplasticlife.com\/?post_type=product&#038;p=1859"},"modified":"2026-04-02T10:02:44","modified_gmt":"2026-04-02T10:02:44","slug":"custom-lunch-box-supplier","status":"publish","type":"product","link":"https:\/\/www.xhplasticlife.com\/de\/produkt\/custom-lunch-box-supplier\/","title":{"rendered":"Benutzerdefinierte Lunch-Box Lieferant, Bulk Kunststoff Bento Lunch-Box f\u00fcr Erwachsene"},"content":{"rendered":"<div class=\"wp-block-columns is-layout-flex wp-container-core-columns-is-layout-9d6595d7 wp-block-columns-is-layout-flex\">\n<div class=\"wp-block-column is-layout-flow wp-block-column-is-layout-flow\">\n<h2 class=\"wp-block-heading\">Benutzerdefinierte Lunch-Box Merkmale:<\/h2>\n\n\n\n<ul class=\"wp-block-list\">\n<li><strong>Ungiftige Materialien, sicher im t\u00e4glichen Leben zu verwenden: <\/strong>Hergestellt aus BPA-freiem Kunststoff, sicher und geruchsneutral, ideal f\u00fcr den Einsatz in B\u00fcros, Fitnesszentren und Bildungseinrichtungen. Auch sicher f\u00fcr die Verwendung in L\u00e4ndern mit Normen f\u00fcr den Kontakt mit Lebensmitteln.<\/li>\n\n\n\n<li><strong>Multifunktionales Design, Steigerung des Verkaufspotenzials<\/strong>: Wird komplett mit Besteck geliefert und kann in einer Box verwendet werden, w\u00e4hrend der Deckel zum Aufstellen des Telefons umfunktioniert werden kann, um die praktische Anforderung des Videoschauens beim Essen zu erf\u00fcllen und die Differenzierung und Wettbewerbsf\u00e4higkeit zu verbessern.<\/li>\n\n\n\n<li><strong>Logische Unterteilung, verbesserte Benutzerfreundlichkeit: <\/strong>Das Bento-Design verf\u00fcgt \u00fcber gut sichtbare Abschnitte, die es leichter machen, Fleisch- und Gem\u00fcsegerichte unabh\u00e4ngig voneinander zu verpacken und so das Nischensegment der gesunden Ern\u00e4hrung und der Bento-Kultur durch Marken besser zu erreichen.<\/li>\n\n\n\n<li><strong>Unterst\u00fctzte Anpassung, anwendbar auf Marken und H\u00e4ndler:<\/strong> Als Gro\u00dfh\u00e4ndler f\u00fcr ma\u00dfgeschneiderte Lunchboxen unterst\u00fctzen wir die individuelle Anpassung in Bezug auf Farbe, Logo, Verpackung und Funktion, einschlie\u00dflich der Anpassung an verschiedene M\u00e4rkte und Vertriebskan\u00e4le durch ihre H\u00e4ndler oder Marken.<\/li>\n\n\n\n<li><strong>Direkte Lieferung durch die Fabrik, wettbewerbsf\u00e4higere Preisgestaltung:<\/strong> Als Experte f\u00fcr gro\u00dfe Bento-Lunchboxen aus Kunststoff k\u00f6nnen Sie Ihre Kosten besser verwalten und dank unserer direkten Gro\u00dfhandelspreise h\u00f6here Gewinne erzielen.<\/li>\n\n\n\n<li><strong>Reduziert die Kosten f\u00fcr Beschaffungsentscheidungen:<\/strong> Unterst\u00fctzung bei der Beschaffung von kostenlosen Mustern, die Ihnen helfen, die Qualit\u00e4t vor dem Kauf zu \u00fcberpr\u00fcfen, indem Sie Markttests und Kundenpr\u00fcfungen durchf\u00fchren. Dies hilft, die Kosten f\u00fcr die Beschaffungsentscheidung zu reduzieren.<\/li>\n<\/ul>\n<\/div>\n\n\n\n<div class=\"wp-block-column is-layout-flow wp-block-column-is-layout-flow\">\n<figure class=\"wp-block-image size-full\"><img decoding=\"async\" width=\"2018\" height=\"2018\" src=\"https:\/\/www.xhplasticlife.com\/wp-content\/uploads\/2025\/12\/Custom-Lunch-Box-Supplier-for-Adults-xinghui-plastic-4.webp\" alt=\"Custom Lunch Box Lieferant f\u00fcr Erwachsene -xinghui Kunststoff (4)\" class=\"wp-image-1863\" srcset=\"https:\/\/www.xhplasticlife.com\/wp-content\/uploads\/2025\/12\/Custom-Lunch-Box-Supplier-for-Adults-xinghui-plastic-4.webp 2018w, https:\/\/www.xhplasticlife.com\/wp-content\/uploads\/2025\/12\/Custom-Lunch-Box-Supplier-for-Adults-xinghui-plastic-4-300x300.webp 300w, https:\/\/www.xhplasticlife.com\/wp-content\/uploads\/2025\/12\/Custom-Lunch-Box-Supplier-for-Adults-xinghui-plastic-4-150x150.webp 150w, https:\/\/www.xhplasticlife.com\/wp-content\/uploads\/2025\/12\/Custom-Lunch-Box-Supplier-for-Adults-xinghui-plastic-4-768x768.webp 768w, https:\/\/www.xhplasticlife.com\/wp-content\/uploads\/2025\/12\/Custom-Lunch-Box-Supplier-for-Adults-xinghui-plastic-4-12x12.webp 12w, https:\/\/www.xhplasticlife.com\/wp-content\/uploads\/2025\/12\/Custom-Lunch-Box-Supplier-for-Adults-xinghui-plastic-4-1200x1200.webp 1200w, https:\/\/www.xhplasticlife.com\/wp-content\/uploads\/2025\/12\/Custom-Lunch-Box-Supplier-for-Adults-xinghui-plastic-4-600x600.webp 600w, https:\/\/www.xhplasticlife.com\/wp-content\/uploads\/2025\/12\/Custom-Lunch-Box-Supplier-for-Adults-xinghui-plastic-4-100x100.webp 100w\" sizes=\"(max-width: 2018px) 100vw, 2018px\" \/><\/figure>\n<\/div>\n<\/div>\n\n\n\n<div class=\"wp-block-columns is-layout-flex wp-container-core-columns-is-layout-9d6595d7 wp-block-columns-is-layout-flex\">\n<div class=\"wp-block-column is-layout-flow wp-block-column-is-layout-flow\">\n<figure class=\"wp-block-image size-full\"><img decoding=\"async\" width=\"3131\" height=\"2224\" src=\"https:\/\/www.xhplasticlife.com\/wp-content\/uploads\/2025\/12\/Custom-Lunch-Box-Supplier-xinghui-plastic-6.webp\" alt=\"Benutzerdefinierte Lunch-Box Lieferant -xinghui Kunststoff (6)\" class=\"wp-image-1869\" srcset=\"https:\/\/www.xhplasticlife.com\/wp-content\/uploads\/2025\/12\/Custom-Lunch-Box-Supplier-xinghui-plastic-6.webp 3131w, https:\/\/www.xhplasticlife.com\/wp-content\/uploads\/2025\/12\/Custom-Lunch-Box-Supplier-xinghui-plastic-6-300x213.webp 300w, https:\/\/www.xhplasticlife.com\/wp-content\/uploads\/2025\/12\/Custom-Lunch-Box-Supplier-xinghui-plastic-6-768x546.webp 768w, https:\/\/www.xhplasticlife.com\/wp-content\/uploads\/2025\/12\/Custom-Lunch-Box-Supplier-xinghui-plastic-6-18x12.webp 18w, https:\/\/www.xhplasticlife.com\/wp-content\/uploads\/2025\/12\/Custom-Lunch-Box-Supplier-xinghui-plastic-6-1200x852.webp 1200w, https:\/\/www.xhplasticlife.com\/wp-content\/uploads\/2025\/12\/Custom-Lunch-Box-Supplier-xinghui-plastic-6-600x426.webp 600w\" sizes=\"(max-width: 3131px) 100vw, 3131px\" \/><\/figure>\n<\/div>\n\n\n\n<div class=\"wp-block-column is-layout-flow wp-block-column-is-layout-flow\">\n<figure class=\"wp-block-image size-full\"><img decoding=\"async\" width=\"2980\" height=\"2117\" src=\"https:\/\/www.xhplasticlife.com\/wp-content\/uploads\/2025\/12\/Bulk-Plastic-Bento-Lunch-Box-for-Adults.webp\" alt=\"Bulk Plastic Bento Lunch Box f\u00fcr Erwachsene\" class=\"wp-image-1862\" srcset=\"https:\/\/www.xhplasticlife.com\/wp-content\/uploads\/2025\/12\/Bulk-Plastic-Bento-Lunch-Box-for-Adults.webp 2980w, https:\/\/www.xhplasticlife.com\/wp-content\/uploads\/2025\/12\/Bulk-Plastic-Bento-Lunch-Box-for-Adults-300x213.webp 300w, https:\/\/www.xhplasticlife.com\/wp-content\/uploads\/2025\/12\/Bulk-Plastic-Bento-Lunch-Box-for-Adults-768x546.webp 768w, https:\/\/www.xhplasticlife.com\/wp-content\/uploads\/2025\/12\/Bulk-Plastic-Bento-Lunch-Box-for-Adults-18x12.webp 18w, https:\/\/www.xhplasticlife.com\/wp-content\/uploads\/2025\/12\/Bulk-Plastic-Bento-Lunch-Box-for-Adults-1200x852.webp 1200w, https:\/\/www.xhplasticlife.com\/wp-content\/uploads\/2025\/12\/Bulk-Plastic-Bento-Lunch-Box-for-Adults-600x426.webp 600w\" sizes=\"(max-width: 2980px) 100vw, 2980px\" \/><\/figure>\n<\/div>\n<\/div>\n\n\n\n<p><\/p>","protected":false},"excerpt":{"rendered":"<p>Willkommen im Gro\u00dfhandel benutzerdefinierte Lunch-Box zu kaufen. Wir sind ein professioneller Anbieter von Bento-Lunchboxen aus Kunststoff und bieten BPA-freie Lunchboxen f\u00fcr Erwachsene, inklusive Besteck und Multifunktionsdeckel, der als Telefonst\u00e4nder dient. Factory-direct Gro\u00dfhandelspreise, OEM \/ ODM-Unterst\u00fctzung und kostenlose Proben, damit Sie Ihren Markt schneller zu testen.<\/p>\n<h2>Benutzerdefinierte Lunch-Box Parameter:<\/h2>\n<ul>\n<li><strong>Modell<\/strong>: 6529<\/li>\n<li><strong>Markenname<\/strong>: Xinghui<\/li>\n<li><strong>Material<\/strong>: PP+Silikon<\/li>\n<li><strong>Gr\u00f6\u00dfe:<\/strong> 22*15.5*7cm<\/li>\n<li><strong>Kapazit\u00e4t:<\/strong> 1300ml<\/li>\n<li><strong>Farbe<\/strong>: rosa, blau, gr\u00fcn<\/li>\n<li><strong>Bruttogewicht: <\/strong>15kg<\/li>\n<li><strong>Gr\u00f6\u00dfe des Kartons:<\/strong> 51*46*62cm<\/li>\n<li><strong>Verpacken:<\/strong> 48 St\u00fcck\/ctn<\/li>\n<li><strong>Pakete<\/strong>: OPP Tasche<\/li>\n<li><strong>OEM\/ODM<\/strong>: Verf\u00fcgbar<\/li>\n<li><strong>MOQ: <\/strong>2000 St\u00fcck<\/li>\n<li><strong>Kundenspezifische Option<\/strong>: Farbe\/Gr\u00f6\u00dfe\/Logo\/Verpackung<\/li>\n<\/ul>\n<h2>Von Daily Plasticware Hersteller :<\/h2>\n<p>Gegr\u00fcndet im Jahr 2000,\u00a0<a href=\"https:\/\/www.xhplasticlife.com\/de\/\"><strong>Xinghui<\/strong><\/a> ist auf die Herstellung und den Gro\u00dfhandel von Lunchboxen, Lebensmittelbeh\u00e4ltern, Trinkgef\u00e4\u00dfen, Haushaltsbeh\u00e4ltern und anderen Kunststoffprodukten des t\u00e4glichen Bedarfs spezialisiert. Wir bieten OEM- &amp; ODM- und E-Commerce-Beschaffungsdienste f\u00fcr Kunden aus einer Hand.<\/p>","protected":false},"featured_media":1864,"comment_status":"closed","ping_status":"closed","template":"","meta":{"_acf_changed":false},"product_brand":[],"product_cat":[17,34],"product_tag":[],"class_list":{"0":"post-1859","1":"product","2":"type-product","3":"status-publish","4":"has-post-thumbnail","6":"product_cat-wholesale-lunch-boxes","7":"product_cat-plastic-lunch-box-manufacturer","9":"first","10":"instock","11":"shipping-taxable","12":"product-type-simple"},"acf":[],"_links":{"self":[{"href":"https:\/\/www.xhplasticlife.com\/de\/wp-json\/wp\/v2\/product\/1859","targetHints":{"allow":["GET"]}}],"collection":[{"href":"https:\/\/www.xhplasticlife.com\/de\/wp-json\/wp\/v2\/product"}],"about":[{"href":"https:\/\/www.xhplasticlife.com\/de\/wp-json\/wp\/v2\/types\/product"}],"replies":[{"embeddable":true,"href":"https:\/\/www.xhplasticlife.com\/de\/wp-json\/wp\/v2\/comments?post=1859"}],"wp:featuredmedia":[{"embeddable":true,"href":"https:\/\/www.xhplasticlife.com\/de\/wp-json\/wp\/v2\/media\/1864"}],"wp:attachment":[{"href":"https:\/\/www.xhplasticlife.com\/de\/wp-json\/wp\/v2\/media?parent=1859"}],"wp:term":[{"taxonomy":"product_brand","embeddable":true,"href":"https:\/\/www.xhplasticlife.com\/de\/wp-json\/wp\/v2\/product_brand?post=1859"},{"taxonomy":"product_cat","embeddable":true,"href":"https:\/\/www.xhplasticlife.com\/de\/wp-json\/wp\/v2\/product_cat?post=1859"},{"taxonomy":"product_tag","embeddable":true,"href":"https:\/\/www.xhplasticlife.com\/de\/wp-json\/wp\/v2\/product_tag?post=1859"}],"curies":[{"name":"wp","href":"https:\/\/api.w.org\/{rel}","templated":true}]}}