{"id":1796,"date":"2025-11-19T08:15:59","date_gmt":"2025-11-19T08:15:59","guid":{"rendered":"https:\/\/www.xhplasticlife.com\/?post_type=product&#038;p=1796"},"modified":"2025-11-19T08:16:02","modified_gmt":"2025-11-19T08:16:02","slug":"desktop-storage-shelf-supplier","status":"publish","type":"product","link":"https:\/\/www.xhplasticlife.com\/de\/produkt\/desktop-storage-shelf-supplier\/","title":{"rendered":"Kunststoff-Desktop-Speicher-Regal Lieferant, Gro\u00dfhandel Double-Layer-Organizer Rack Hersteller"},"content":{"rendered":"<div class=\"wp-block-columns is-layout-flex wp-container-core-columns-is-layout-9d6595d7 wp-block-columns-is-layout-flex\">\n<div class=\"wp-block-column is-layout-flow wp-block-column-is-layout-flow\">\n<h2 class=\"wp-block-heading\">Gro\u00dfhandel Kunststoff Desktop Lagerung Regal Merkmale:<\/h2>\n\n\n\n<ul class=\"wp-block-list\">\n<li><strong>Kompakte doppellagige Konstruktion: <\/strong>Die doppellagige Ablage f\u00fcr den Schreibtisch sorgt f\u00fcr eine bessere Raumnutzung. Sie eignet sich f\u00fcr Schreibwaren, Kosmetika, kleine Gegenst\u00e4nde im Haushalt usw. und sorgt f\u00fcr Ordnung auf Ihrem Schreibtisch.<\/li>\n\n\n\n<li><strong>Langlebige, leichte Kunststoffkonstruktion: <\/strong>Das aus hochwertigem Kunststoff gefertigte Regal ist leicht und solide, langlebig und wasserdicht f\u00fcr den langfristigen Einsatz auf dem Schreibtisch, in der K\u00fcche oder im Bad.<\/li>\n\n\n\n<li><strong>Kundenspezifische Lagerregal-Optionen:<\/strong> Als professioneller Hersteller von Kunststoff-Schreibtischablagen k\u00f6nnen wir kundenspezifische Optionen in Gr\u00f6\u00dfe, Farbe, Logo und Verpackung f\u00fcr die verschiedenen Bed\u00fcrfnisse unserer Gro\u00dfhandelskunden anbieten.<\/li>\n\n\n\n<li><strong>Einfach zu montieren und zu warten: <\/strong>Die einfache Konstruktion erm\u00f6glicht eine leichte Montage ohne Werkzeug; die glatte Oberfl\u00e4che ist leicht zu reinigen, reduziert Hygieneprobleme und eignet sich daher f\u00fcr eine langfristige Nutzung.<\/li>\n\n\n\n<li><strong>Stabiler Anti-Rutsch-Boden: <\/strong>Das Regal ist mit einem rutschfesten Boden ausgestattet, um Stabilit\u00e4t zu gew\u00e4hrleisten und ein Umkippen zu verhindern, wenn es mit mehreren kleinen Gegenst\u00e4nden gef\u00fcllt ist.<\/li>\n\n\n\n<li><strong>Einsetzbar in einer Vielzahl von Umgebungen:<\/strong>  Von B\u00fcros und K\u00fcchen bis hin zu B\u00e4dern und Schlafzimmern kann es f\u00fcr die Organisation einer Vielzahl von kleinen Gegenst\u00e4nden verwendet werden.<\/li>\n\n\n\n<li><strong>Fabrik Direkt Gro\u00dfhandel Versorgung<\/strong>: Wir bieten Fabrik direkte Preise f\u00fcr Gro\u00dfhandel Kunststoff-Schreibtisch Lagerung Regale, Catering auf die Anforderungen der Gro\u00dfhandel K\u00e4ufer auf der ganzen Welt.<\/li>\n<\/ul>\n<\/div>\n\n\n\n<div class=\"wp-block-column is-layout-flow wp-block-column-is-layout-flow\">\n<figure class=\"wp-block-image size-full\"><img decoding=\"async\" width=\"800\" height=\"800\" src=\"https:\/\/www.xhplasticlife.com\/wp-content\/uploads\/2025\/11\/wholesale-plastic-desktop-storage-shelf-supplier-1.webp\" alt=\"Gro\u00dfhandel Kunststoff Schreibtisch Regal Lieferant (1)\" class=\"wp-image-1801\" srcset=\"https:\/\/www.xhplasticlife.com\/wp-content\/uploads\/2025\/11\/wholesale-plastic-desktop-storage-shelf-supplier-1.webp 800w, https:\/\/www.xhplasticlife.com\/wp-content\/uploads\/2025\/11\/wholesale-plastic-desktop-storage-shelf-supplier-1-300x300.webp 300w, https:\/\/www.xhplasticlife.com\/wp-content\/uploads\/2025\/11\/wholesale-plastic-desktop-storage-shelf-supplier-1-150x150.webp 150w, https:\/\/www.xhplasticlife.com\/wp-content\/uploads\/2025\/11\/wholesale-plastic-desktop-storage-shelf-supplier-1-768x768.webp 768w, https:\/\/www.xhplasticlife.com\/wp-content\/uploads\/2025\/11\/wholesale-plastic-desktop-storage-shelf-supplier-1-12x12.webp 12w, https:\/\/www.xhplasticlife.com\/wp-content\/uploads\/2025\/11\/wholesale-plastic-desktop-storage-shelf-supplier-1-600x600.webp 600w, https:\/\/www.xhplasticlife.com\/wp-content\/uploads\/2025\/11\/wholesale-plastic-desktop-storage-shelf-supplier-1-100x100.webp 100w\" sizes=\"(max-width: 800px) 100vw, 800px\" \/><\/figure>\n<\/div>\n<\/div>\n\n\n\n<figure class=\"wp-block-table is-style-stripes\"><table class=\"has-fixed-layout\"><tbody><tr><td>Modell<\/td><td>Gr\u00f6\u00dfe des Produkts<\/td><td>Bruttogewicht<\/td><\/tr><tr><td>SN2411<\/td><td>35x13x5cm<\/td><td>352g<\/td><\/tr><tr><td>SN2412<\/td><td>35\u00d724,5x5cm<\/td><td>575g<\/td><\/tr><\/tbody><\/table><\/figure>\n\n\n\n<div class=\"wp-block-columns is-layout-flex wp-container-core-columns-is-layout-9d6595d7 wp-block-columns-is-layout-flex\">\n<div class=\"wp-block-column is-layout-flow wp-block-column-is-layout-flow\"><div class=\"wp-block-image\">\n<figure class=\"aligncenter size-full\"><img decoding=\"async\" width=\"800\" height=\"800\" src=\"https:\/\/www.xhplasticlife.com\/wp-content\/uploads\/2025\/11\/plastic-desktop-storage-shelf-supplier-3.webp\" alt=\"Kunststoff-Schreibtischregal Lieferant (3)\" class=\"wp-image-1799\" srcset=\"https:\/\/www.xhplasticlife.com\/wp-content\/uploads\/2025\/11\/plastic-desktop-storage-shelf-supplier-3.webp 800w, https:\/\/www.xhplasticlife.com\/wp-content\/uploads\/2025\/11\/plastic-desktop-storage-shelf-supplier-3-300x300.webp 300w, https:\/\/www.xhplasticlife.com\/wp-content\/uploads\/2025\/11\/plastic-desktop-storage-shelf-supplier-3-150x150.webp 150w, https:\/\/www.xhplasticlife.com\/wp-content\/uploads\/2025\/11\/plastic-desktop-storage-shelf-supplier-3-768x768.webp 768w, https:\/\/www.xhplasticlife.com\/wp-content\/uploads\/2025\/11\/plastic-desktop-storage-shelf-supplier-3-12x12.webp 12w, https:\/\/www.xhplasticlife.com\/wp-content\/uploads\/2025\/11\/plastic-desktop-storage-shelf-supplier-3-600x600.webp 600w, https:\/\/www.xhplasticlife.com\/wp-content\/uploads\/2025\/11\/plastic-desktop-storage-shelf-supplier-3-100x100.webp 100w\" sizes=\"(max-width: 800px) 100vw, 800px\" \/><figcaption class=\"wp-element-caption\">SN2411<\/figcaption><\/figure>\n<\/div><\/div>\n\n\n\n<div class=\"wp-block-column is-layout-flow wp-block-column-is-layout-flow\"><div class=\"wp-block-image\">\n<figure class=\"aligncenter size-full\"><img decoding=\"async\" width=\"800\" height=\"800\" src=\"https:\/\/www.xhplasticlife.com\/wp-content\/uploads\/2025\/11\/plastic-desktop-storage-shelf-supplier-2.webp\" alt=\"Kunststoff-Schreibtischregal Lieferant (2)\" class=\"wp-image-1798\" srcset=\"https:\/\/www.xhplasticlife.com\/wp-content\/uploads\/2025\/11\/plastic-desktop-storage-shelf-supplier-2.webp 800w, https:\/\/www.xhplasticlife.com\/wp-content\/uploads\/2025\/11\/plastic-desktop-storage-shelf-supplier-2-300x300.webp 300w, https:\/\/www.xhplasticlife.com\/wp-content\/uploads\/2025\/11\/plastic-desktop-storage-shelf-supplier-2-150x150.webp 150w, https:\/\/www.xhplasticlife.com\/wp-content\/uploads\/2025\/11\/plastic-desktop-storage-shelf-supplier-2-768x768.webp 768w, https:\/\/www.xhplasticlife.com\/wp-content\/uploads\/2025\/11\/plastic-desktop-storage-shelf-supplier-2-12x12.webp 12w, https:\/\/www.xhplasticlife.com\/wp-content\/uploads\/2025\/11\/plastic-desktop-storage-shelf-supplier-2-600x600.webp 600w, https:\/\/www.xhplasticlife.com\/wp-content\/uploads\/2025\/11\/plastic-desktop-storage-shelf-supplier-2-100x100.webp 100w\" sizes=\"(max-width: 800px) 100vw, 800px\" \/><figcaption class=\"wp-element-caption\">SN2411<\/figcaption><\/figure>\n<\/div><\/div>\n\n\n\n<div class=\"wp-block-column is-layout-flow wp-block-column-is-layout-flow\"><div class=\"wp-block-image\">\n<figure class=\"aligncenter size-full\"><img decoding=\"async\" width=\"800\" height=\"800\" src=\"https:\/\/www.xhplasticlife.com\/wp-content\/uploads\/2025\/11\/plastic-desktop-storage-shelf-supplier-1.webp\" alt=\"Kunststoff-Schreibtischregal Lieferant (1)\" class=\"wp-image-1797\" srcset=\"https:\/\/www.xhplasticlife.com\/wp-content\/uploads\/2025\/11\/plastic-desktop-storage-shelf-supplier-1.webp 800w, https:\/\/www.xhplasticlife.com\/wp-content\/uploads\/2025\/11\/plastic-desktop-storage-shelf-supplier-1-300x300.webp 300w, https:\/\/www.xhplasticlife.com\/wp-content\/uploads\/2025\/11\/plastic-desktop-storage-shelf-supplier-1-150x150.webp 150w, https:\/\/www.xhplasticlife.com\/wp-content\/uploads\/2025\/11\/plastic-desktop-storage-shelf-supplier-1-768x768.webp 768w, https:\/\/www.xhplasticlife.com\/wp-content\/uploads\/2025\/11\/plastic-desktop-storage-shelf-supplier-1-12x12.webp 12w, https:\/\/www.xhplasticlife.com\/wp-content\/uploads\/2025\/11\/plastic-desktop-storage-shelf-supplier-1-600x600.webp 600w, https:\/\/www.xhplasticlife.com\/wp-content\/uploads\/2025\/11\/plastic-desktop-storage-shelf-supplier-1-100x100.webp 100w\" sizes=\"(max-width: 800px) 100vw, 800px\" \/><figcaption class=\"wp-element-caption\">SN2412<\/figcaption><\/figure>\n<\/div><\/div>\n\n\n\n<div class=\"wp-block-column is-layout-flow wp-block-column-is-layout-flow\"><div class=\"wp-block-image\">\n<figure class=\"aligncenter size-full\"><img decoding=\"async\" width=\"800\" height=\"800\" src=\"https:\/\/www.xhplasticlife.com\/wp-content\/uploads\/2025\/11\/plastic-desktop-storage-shelf-supplier-4.webp\" alt=\"Kunststoff-Schreibtischregal Lieferant (4)\" class=\"wp-image-1800\" srcset=\"https:\/\/www.xhplasticlife.com\/wp-content\/uploads\/2025\/11\/plastic-desktop-storage-shelf-supplier-4.webp 800w, https:\/\/www.xhplasticlife.com\/wp-content\/uploads\/2025\/11\/plastic-desktop-storage-shelf-supplier-4-300x300.webp 300w, https:\/\/www.xhplasticlife.com\/wp-content\/uploads\/2025\/11\/plastic-desktop-storage-shelf-supplier-4-150x150.webp 150w, https:\/\/www.xhplasticlife.com\/wp-content\/uploads\/2025\/11\/plastic-desktop-storage-shelf-supplier-4-768x768.webp 768w, https:\/\/www.xhplasticlife.com\/wp-content\/uploads\/2025\/11\/plastic-desktop-storage-shelf-supplier-4-12x12.webp 12w, https:\/\/www.xhplasticlife.com\/wp-content\/uploads\/2025\/11\/plastic-desktop-storage-shelf-supplier-4-600x600.webp 600w, https:\/\/www.xhplasticlife.com\/wp-content\/uploads\/2025\/11\/plastic-desktop-storage-shelf-supplier-4-100x100.webp 100w\" sizes=\"(max-width: 800px) 100vw, 800px\" \/><figcaption class=\"wp-element-caption\">SN2412<\/figcaption><\/figure>\n<\/div><\/div>\n<\/div>","protected":false},"excerpt":{"rendered":"<p>Willkommen zum Kauf unserer Gro\u00dfhandel Kunststoff-Schreibtisch Regal, mit einer dauerhaften zweischichtigen Struktur f\u00fcr effiziente Organisation konzipiert. Als professioneller Anbieter von Kunststoff-Schreibtisch Regal, bieten wir Fabrikpreise, OEM \/ ODM Anpassung und stabile Bulk-Lieferung f\u00fcr globale K\u00e4ufer.<\/p>\n<h2>Kunststoff-Schreibtischregal Parameter:<\/h2>\n<ul>\n<li><strong>Modell<\/strong>: SN2415-SN2417<\/li>\n<li><strong>Markenname<\/strong>: Xinghui<\/li>\n<li><strong>Material<\/strong>: ABS+Edelstahl<\/li>\n<li><strong>Farbe<\/strong>: Wei\u00df, Creme<\/li>\n<li><strong>Verpacken<\/strong>: Schachtel<\/li>\n<li><strong>OEM\/ODM<\/strong>: Verf\u00fcgbar<\/li>\n<li><strong>Kundenspezifische Option<\/strong>: Farbe\/Gr\u00f6\u00dfe\/Logo\/Verpackung<\/li>\n<\/ul>\n<h2>Von Daily Plasticware Hersteller :<\/h2>\n<p>Gegr\u00fcndet im Jahr 2000,\u00a0<a href=\"https:\/\/www.xhplasticlife.com\/de\/\"><strong>Xinghui<\/strong><\/a>\u00a0ist auf die Herstellung und den Gro\u00dfhandel von Lunchboxen, Lebensmittelbeh\u00e4ltern, Trinkgef\u00e4\u00dfen, Haushaltsbeh\u00e4ltern und anderen Kunststoffprodukten des t\u00e4glichen Bedarfs spezialisiert. Wir bieten OEM- &amp; ODM- und E-Commerce-Beschaffungsdienste f\u00fcr Kunden aus einer Hand.<\/p>","protected":false},"featured_media":1802,"comment_status":"closed","ping_status":"closed","template":"","meta":{"_acf_changed":false},"product_brand":[],"product_cat":[19],"product_tag":[],"class_list":{"0":"post-1796","1":"product","2":"type-product","3":"status-publish","4":"has-post-thumbnail","6":"product_cat-kitchen-storage-containers-wholesale","8":"first","9":"instock","10":"shipping-taxable","11":"product-type-simple"},"acf":[],"_links":{"self":[{"href":"https:\/\/www.xhplasticlife.com\/de\/wp-json\/wp\/v2\/product\/1796","targetHints":{"allow":["GET"]}}],"collection":[{"href":"https:\/\/www.xhplasticlife.com\/de\/wp-json\/wp\/v2\/product"}],"about":[{"href":"https:\/\/www.xhplasticlife.com\/de\/wp-json\/wp\/v2\/types\/product"}],"replies":[{"embeddable":true,"href":"https:\/\/www.xhplasticlife.com\/de\/wp-json\/wp\/v2\/comments?post=1796"}],"wp:featuredmedia":[{"embeddable":true,"href":"https:\/\/www.xhplasticlife.com\/de\/wp-json\/wp\/v2\/media\/1802"}],"wp:attachment":[{"href":"https:\/\/www.xhplasticlife.com\/de\/wp-json\/wp\/v2\/media?parent=1796"}],"wp:term":[{"taxonomy":"product_brand","embeddable":true,"href":"https:\/\/www.xhplasticlife.com\/de\/wp-json\/wp\/v2\/product_brand?post=1796"},{"taxonomy":"product_cat","embeddable":true,"href":"https:\/\/www.xhplasticlife.com\/de\/wp-json\/wp\/v2\/product_cat?post=1796"},{"taxonomy":"product_tag","embeddable":true,"href":"https:\/\/www.xhplasticlife.com\/de\/wp-json\/wp\/v2\/product_tag?post=1796"}],"curies":[{"name":"wp","href":"https:\/\/api.w.org\/{rel}","templated":true}]}}