{"id":1785,"date":"2025-11-19T07:40:17","date_gmt":"2025-11-19T07:40:17","guid":{"rendered":"https:\/\/www.xhplasticlife.com\/?post_type=product&#038;p=1785"},"modified":"2025-11-19T07:40:20","modified_gmt":"2025-11-19T07:40:20","slug":"double-layer-storage-shelf-wholesale","status":"publish","type":"product","link":"https:\/\/www.xhplasticlife.com\/de\/produkt\/double-layer-storage-shelf-wholesale\/","title":{"rendered":"Bulk Double-Layer Storage Regal Hersteller | Custom Plastic Desktop Organizer f\u00fcr B\u00fcro &amp; Haus"},"content":{"rendered":"<div class=\"wp-block-columns is-layout-flex wp-container-core-columns-is-layout-9d6595d7 wp-block-columns-is-layout-flex\">\n<div class=\"wp-block-column is-layout-flow wp-block-column-is-layout-flow\">\n<h2 class=\"wp-block-heading\">Bulk Double-Layer Storage Shelf Merkmale:<\/h2>\n\n\n\n<ul class=\"wp-block-list\">\n<li><strong>Strapazierf\u00e4higes doppellagiges Design: <\/strong>oben klein und unten gro\u00df. Ein doppellagiges Design erm\u00f6glicht die Lagerung von Schreibwaren, Gew\u00fcrzen oder kleinen Gegenst\u00e4nden auf der oberen Ebene und gr\u00f6\u00dferen B\u00fcchern, Gl\u00e4sern oder gr\u00f6\u00dferen B\u00fcro-\/K\u00fcchenartikeln auf der unteren Ebene. Dies erf\u00fcllt die verschiedenen Lagerungsbed\u00fcrfnisse von Gro\u00dfhandelsk\u00e4ufern f\u00fcr doppellagige Lagerregale.<\/li>\n\n\n\n<li><strong>Hochwertiges Kunststoffmaterial<\/strong>: Dieses doppellagige Gro\u00dfhandelsregal ist aus hochwertigem, umweltfreundlichem Kunststoff gefertigt. Es ist leicht und langlebig, wasser- und feuchtigkeitsbest\u00e4ndig, geeignet f\u00fcr den Langzeitgebrauch, um den Schreibtisch aufger\u00e4umt und sauber zu halten.<\/li>\n\n\n\n<li><strong>Individueller Schreibtisch-Organizer<\/strong>: Wir unterst\u00fctzen die Anpassung von Gr\u00f6\u00dfe, Farbe, Logo und Verpackung f\u00fcr Kunststoff-Tischablagen. OEM\/ODM Massenproduktion wird unterst\u00fctzt.<\/li>\n\n\n\n<li><strong>Einfach zu montieren und zu verwenden:<\/strong> dieses luxuri\u00f6se Kunststoffregal erfordert kein Werkzeug f\u00fcr die Montage. Durch seine glatte Oberfl\u00e4che ist es sehr leicht zu reinigen; die Hygiene bleibt lange erhalten.<\/li>\n\n\n\n<li><strong>Multiszenen-Anwendung<\/strong>: Er ist f\u00fcr B\u00fcros, Wohnungen, K\u00fcchen, Arbeitszimmer oder Gesch\u00e4fte gedacht, um Platz auf dem Schreibtisch zu schaffen und ihn zu versch\u00f6nern.<\/li>\n\n\n\n<li><strong>Anti-Rutsch-Boden:<\/strong> Der Boden dieses doppellagigen Regals ist rutschfest und stabil, damit die Gegenst\u00e4nde nicht umkippen. Es ist sicher und zuverl\u00e4ssig, auch wenn mehrere Produkte darauf abgelegt werden.<\/li>\n<\/ul>\n<\/div>\n\n\n\n<div class=\"wp-block-column is-layout-flow wp-block-column-is-layout-flow\">\n<figure class=\"wp-block-image size-full\"><img decoding=\"async\" width=\"416\" height=\"416\" src=\"https:\/\/www.xhplasticlife.com\/wp-content\/uploads\/2025\/11\/Bulk-Double-Layer-Storage-Shelf-Manufacturer-1.webp\" alt=\"Doppelschichtiges Lagerregal Hersteller (1)\" class=\"wp-image-1786\" srcset=\"https:\/\/www.xhplasticlife.com\/wp-content\/uploads\/2025\/11\/Bulk-Double-Layer-Storage-Shelf-Manufacturer-1.webp 416w, https:\/\/www.xhplasticlife.com\/wp-content\/uploads\/2025\/11\/Bulk-Double-Layer-Storage-Shelf-Manufacturer-1-300x300.webp 300w, https:\/\/www.xhplasticlife.com\/wp-content\/uploads\/2025\/11\/Bulk-Double-Layer-Storage-Shelf-Manufacturer-1-150x150.webp 150w, https:\/\/www.xhplasticlife.com\/wp-content\/uploads\/2025\/11\/Bulk-Double-Layer-Storage-Shelf-Manufacturer-1-12x12.webp 12w, https:\/\/www.xhplasticlife.com\/wp-content\/uploads\/2025\/11\/Bulk-Double-Layer-Storage-Shelf-Manufacturer-1-100x100.webp 100w\" sizes=\"(max-width: 416px) 100vw, 416px\" \/><\/figure>\n<\/div>\n<\/div>\n\n\n\n<div class=\"wp-block-columns is-layout-flex wp-container-core-columns-is-layout-9d6595d7 wp-block-columns-is-layout-flex\">\n<div class=\"wp-block-column is-layout-flow wp-block-column-is-layout-flow\"><div class=\"wp-block-image\">\n<figure class=\"aligncenter size-full\"><img decoding=\"async\" width=\"800\" height=\"800\" src=\"https:\/\/www.xhplasticlife.com\/wp-content\/uploads\/2025\/11\/Bulk-Double-Layer-Storage-Shelf-Manufacturer-xinghui-1.webp\" alt=\"Bulk Double-Layer Lagerung Regal Hersteller - xinghui (1)\" class=\"wp-image-1792\" srcset=\"https:\/\/www.xhplasticlife.com\/wp-content\/uploads\/2025\/11\/Bulk-Double-Layer-Storage-Shelf-Manufacturer-xinghui-1.webp 800w, https:\/\/www.xhplasticlife.com\/wp-content\/uploads\/2025\/11\/Bulk-Double-Layer-Storage-Shelf-Manufacturer-xinghui-1-300x300.webp 300w, https:\/\/www.xhplasticlife.com\/wp-content\/uploads\/2025\/11\/Bulk-Double-Layer-Storage-Shelf-Manufacturer-xinghui-1-150x150.webp 150w, https:\/\/www.xhplasticlife.com\/wp-content\/uploads\/2025\/11\/Bulk-Double-Layer-Storage-Shelf-Manufacturer-xinghui-1-768x768.webp 768w, https:\/\/www.xhplasticlife.com\/wp-content\/uploads\/2025\/11\/Bulk-Double-Layer-Storage-Shelf-Manufacturer-xinghui-1-12x12.webp 12w, https:\/\/www.xhplasticlife.com\/wp-content\/uploads\/2025\/11\/Bulk-Double-Layer-Storage-Shelf-Manufacturer-xinghui-1-600x600.webp 600w, https:\/\/www.xhplasticlife.com\/wp-content\/uploads\/2025\/11\/Bulk-Double-Layer-Storage-Shelf-Manufacturer-xinghui-1-100x100.webp 100w\" sizes=\"(max-width: 800px) 100vw, 800px\" \/><figcaption class=\"wp-element-caption\">SN2415<\/figcaption><\/figure>\n<\/div><\/div>\n\n\n\n<div class=\"wp-block-column is-layout-flow wp-block-column-is-layout-flow\"><div class=\"wp-block-image\">\n<figure class=\"aligncenter size-full\"><img decoding=\"async\" width=\"800\" height=\"800\" src=\"https:\/\/www.xhplasticlife.com\/wp-content\/uploads\/2025\/11\/Bulk-Double-Layer-Storage-Shelf-Manufacturer-xinghui-4.webp\" alt=\"Bulk Double-Layer Lagerung Regal Hersteller - xinghui (4)\" class=\"wp-image-1795\" srcset=\"https:\/\/www.xhplasticlife.com\/wp-content\/uploads\/2025\/11\/Bulk-Double-Layer-Storage-Shelf-Manufacturer-xinghui-4.webp 800w, https:\/\/www.xhplasticlife.com\/wp-content\/uploads\/2025\/11\/Bulk-Double-Layer-Storage-Shelf-Manufacturer-xinghui-4-300x300.webp 300w, https:\/\/www.xhplasticlife.com\/wp-content\/uploads\/2025\/11\/Bulk-Double-Layer-Storage-Shelf-Manufacturer-xinghui-4-150x150.webp 150w, https:\/\/www.xhplasticlife.com\/wp-content\/uploads\/2025\/11\/Bulk-Double-Layer-Storage-Shelf-Manufacturer-xinghui-4-768x768.webp 768w, https:\/\/www.xhplasticlife.com\/wp-content\/uploads\/2025\/11\/Bulk-Double-Layer-Storage-Shelf-Manufacturer-xinghui-4-12x12.webp 12w, https:\/\/www.xhplasticlife.com\/wp-content\/uploads\/2025\/11\/Bulk-Double-Layer-Storage-Shelf-Manufacturer-xinghui-4-600x600.webp 600w, https:\/\/www.xhplasticlife.com\/wp-content\/uploads\/2025\/11\/Bulk-Double-Layer-Storage-Shelf-Manufacturer-xinghui-4-100x100.webp 100w\" sizes=\"(max-width: 800px) 100vw, 800px\" \/><figcaption class=\"wp-element-caption\">SN2415<\/figcaption><\/figure>\n<\/div><\/div>\n\n\n\n<div class=\"wp-block-column is-layout-flow wp-block-column-is-layout-flow\"><div class=\"wp-block-image\">\n<figure class=\"aligncenter size-full\"><img decoding=\"async\" width=\"800\" height=\"800\" src=\"https:\/\/www.xhplasticlife.com\/wp-content\/uploads\/2025\/11\/Bulk-Double-Layer-Storage-Shelf-Manufacturer-xinghui-3.webp\" alt=\"Bulk Double-Layer Lagerung Regal Hersteller - xinghui (3)\" class=\"wp-image-1794\" srcset=\"https:\/\/www.xhplasticlife.com\/wp-content\/uploads\/2025\/11\/Bulk-Double-Layer-Storage-Shelf-Manufacturer-xinghui-3.webp 800w, https:\/\/www.xhplasticlife.com\/wp-content\/uploads\/2025\/11\/Bulk-Double-Layer-Storage-Shelf-Manufacturer-xinghui-3-300x300.webp 300w, https:\/\/www.xhplasticlife.com\/wp-content\/uploads\/2025\/11\/Bulk-Double-Layer-Storage-Shelf-Manufacturer-xinghui-3-150x150.webp 150w, https:\/\/www.xhplasticlife.com\/wp-content\/uploads\/2025\/11\/Bulk-Double-Layer-Storage-Shelf-Manufacturer-xinghui-3-768x768.webp 768w, https:\/\/www.xhplasticlife.com\/wp-content\/uploads\/2025\/11\/Bulk-Double-Layer-Storage-Shelf-Manufacturer-xinghui-3-12x12.webp 12w, https:\/\/www.xhplasticlife.com\/wp-content\/uploads\/2025\/11\/Bulk-Double-Layer-Storage-Shelf-Manufacturer-xinghui-3-600x600.webp 600w, https:\/\/www.xhplasticlife.com\/wp-content\/uploads\/2025\/11\/Bulk-Double-Layer-Storage-Shelf-Manufacturer-xinghui-3-100x100.webp 100w\" sizes=\"(max-width: 800px) 100vw, 800px\" \/><figcaption class=\"wp-element-caption\">SN2416<\/figcaption><\/figure>\n<\/div><\/div>\n\n\n\n<div class=\"wp-block-column is-layout-flow wp-block-column-is-layout-flow\"><div class=\"wp-block-image\">\n<figure class=\"aligncenter size-full\"><img decoding=\"async\" width=\"800\" height=\"800\" src=\"https:\/\/www.xhplasticlife.com\/wp-content\/uploads\/2025\/11\/Bulk-Double-Layer-Storage-Shelf-Manufacturer-xinghui-2.webp\" alt=\"Bulk Double-Layer Lagerung Regal Hersteller - xinghui (2)\" class=\"wp-image-1793\" srcset=\"https:\/\/www.xhplasticlife.com\/wp-content\/uploads\/2025\/11\/Bulk-Double-Layer-Storage-Shelf-Manufacturer-xinghui-2.webp 800w, https:\/\/www.xhplasticlife.com\/wp-content\/uploads\/2025\/11\/Bulk-Double-Layer-Storage-Shelf-Manufacturer-xinghui-2-300x300.webp 300w, https:\/\/www.xhplasticlife.com\/wp-content\/uploads\/2025\/11\/Bulk-Double-Layer-Storage-Shelf-Manufacturer-xinghui-2-150x150.webp 150w, https:\/\/www.xhplasticlife.com\/wp-content\/uploads\/2025\/11\/Bulk-Double-Layer-Storage-Shelf-Manufacturer-xinghui-2-768x768.webp 768w, https:\/\/www.xhplasticlife.com\/wp-content\/uploads\/2025\/11\/Bulk-Double-Layer-Storage-Shelf-Manufacturer-xinghui-2-12x12.webp 12w, https:\/\/www.xhplasticlife.com\/wp-content\/uploads\/2025\/11\/Bulk-Double-Layer-Storage-Shelf-Manufacturer-xinghui-2-600x600.webp 600w, https:\/\/www.xhplasticlife.com\/wp-content\/uploads\/2025\/11\/Bulk-Double-Layer-Storage-Shelf-Manufacturer-xinghui-2-100x100.webp 100w\" sizes=\"(max-width: 800px) 100vw, 800px\" \/><figcaption class=\"wp-element-caption\">SN2416<\/figcaption><\/figure>\n<\/div><\/div>\n<\/div>\n\n\n\n<div class=\"wp-block-columns is-layout-flex wp-container-core-columns-is-layout-9d6595d7 wp-block-columns-is-layout-flex\">\n<div class=\"wp-block-column is-layout-flow wp-block-column-is-layout-flow\">\n<div class=\"wp-block-columns is-layout-flex wp-container-core-columns-is-layout-9d6595d7 wp-block-columns-is-layout-flex\">\n<div class=\"wp-block-column is-layout-flow wp-block-column-is-layout-flow\"><div class=\"wp-block-image\">\n<figure class=\"aligncenter size-full\"><img decoding=\"async\" width=\"800\" height=\"800\" src=\"https:\/\/www.xhplasticlife.com\/wp-content\/uploads\/2025\/11\/Bulk-Double-Layer-Storage-Shelf-Manufacturer-3.webp\" alt=\"Bulk Double-Layer Storage Regal Hersteller (3)\" class=\"wp-image-1789\" srcset=\"https:\/\/www.xhplasticlife.com\/wp-content\/uploads\/2025\/11\/Bulk-Double-Layer-Storage-Shelf-Manufacturer-3.webp 800w, https:\/\/www.xhplasticlife.com\/wp-content\/uploads\/2025\/11\/Bulk-Double-Layer-Storage-Shelf-Manufacturer-3-300x300.webp 300w, https:\/\/www.xhplasticlife.com\/wp-content\/uploads\/2025\/11\/Bulk-Double-Layer-Storage-Shelf-Manufacturer-3-150x150.webp 150w, https:\/\/www.xhplasticlife.com\/wp-content\/uploads\/2025\/11\/Bulk-Double-Layer-Storage-Shelf-Manufacturer-3-768x768.webp 768w, https:\/\/www.xhplasticlife.com\/wp-content\/uploads\/2025\/11\/Bulk-Double-Layer-Storage-Shelf-Manufacturer-3-12x12.webp 12w, https:\/\/www.xhplasticlife.com\/wp-content\/uploads\/2025\/11\/Bulk-Double-Layer-Storage-Shelf-Manufacturer-3-600x600.webp 600w, https:\/\/www.xhplasticlife.com\/wp-content\/uploads\/2025\/11\/Bulk-Double-Layer-Storage-Shelf-Manufacturer-3-100x100.webp 100w\" sizes=\"(max-width: 800px) 100vw, 800px\" \/><figcaption class=\"wp-element-caption\">SN2417<\/figcaption><\/figure>\n<\/div><\/div>\n\n\n\n<div class=\"wp-block-column is-layout-flow wp-block-column-is-layout-flow\"><div class=\"wp-block-image\">\n<figure class=\"aligncenter size-full\"><img decoding=\"async\" width=\"800\" height=\"800\" src=\"https:\/\/www.xhplasticlife.com\/wp-content\/uploads\/2025\/11\/Bulk-Double-Layer-Storage-Shelf-Manufacturer-2.webp\" alt=\"Bulk Double-Layer Storage Regal Hersteller (2)\" class=\"wp-image-1788\" srcset=\"https:\/\/www.xhplasticlife.com\/wp-content\/uploads\/2025\/11\/Bulk-Double-Layer-Storage-Shelf-Manufacturer-2.webp 800w, https:\/\/www.xhplasticlife.com\/wp-content\/uploads\/2025\/11\/Bulk-Double-Layer-Storage-Shelf-Manufacturer-2-300x300.webp 300w, https:\/\/www.xhplasticlife.com\/wp-content\/uploads\/2025\/11\/Bulk-Double-Layer-Storage-Shelf-Manufacturer-2-150x150.webp 150w, https:\/\/www.xhplasticlife.com\/wp-content\/uploads\/2025\/11\/Bulk-Double-Layer-Storage-Shelf-Manufacturer-2-768x768.webp 768w, https:\/\/www.xhplasticlife.com\/wp-content\/uploads\/2025\/11\/Bulk-Double-Layer-Storage-Shelf-Manufacturer-2-12x12.webp 12w, https:\/\/www.xhplasticlife.com\/wp-content\/uploads\/2025\/11\/Bulk-Double-Layer-Storage-Shelf-Manufacturer-2-600x600.webp 600w, https:\/\/www.xhplasticlife.com\/wp-content\/uploads\/2025\/11\/Bulk-Double-Layer-Storage-Shelf-Manufacturer-2-100x100.webp 100w\" sizes=\"(max-width: 800px) 100vw, 800px\" \/><figcaption class=\"wp-element-caption\">SN2417<\/figcaption><\/figure>\n<\/div><\/div>\n<\/div>\n<\/div>\n\n\n\n<div class=\"wp-block-column is-layout-flow wp-block-column-is-layout-flow\">\n<figure class=\"wp-block-table is-style-stripes\"><table class=\"has-fixed-layout\"><tbody><tr><td>Modell<\/td><td>Gr\u00f6\u00dfe des Produkts<\/td><td>Bruttogewicht<\/td><\/tr><tr><td>SN2415<\/td><td>35,5x14x11cm<\/td><td>713g<\/td><\/tr><tr><td>SN2416<\/td><td>35,5\u00d725,5x11cm<\/td><td>1218g<\/td><\/tr><tr><td>SN2417<\/td><td>35,5\u00d725,5x11cm<\/td><td>1038g<\/td><\/tr><\/tbody><\/table><\/figure>\n<\/div>\n<\/div>","protected":false},"excerpt":{"rendered":"<p>Willkommen beim Kauf unseres doppellagigen Regals, das mit einer kleinen oberen Ebene und einer gr\u00f6\u00dferen unteren Ebene f\u00fcr eine optimale Raumaufteilung konzipiert ist. Wir bieten benutzerdefinierte Kunststoff-Desktop-Organizer-Regal-L\u00f6sungen mit Fabrik Gro\u00dfhandelspreise, OEM \/ ODM-Unterst\u00fctzung und schnelle Lieferung f\u00fcr globale K\u00e4ufer.<\/p>\n<h2>Doppellagiges Lagerregal Parameter:<\/h2>\n<ul>\n<li><strong>Modell<\/strong>: SN2415-SN2417<\/li>\n<li><strong>Markenname<\/strong>: Xinghui<\/li>\n<li><strong>Material<\/strong>: ABS+Edelstahl<\/li>\n<li><strong>Farbe<\/strong>: Wei\u00df, Creme<\/li>\n<li><strong>Verpacken<\/strong>: Schachtel<\/li>\n<li><strong>OEM\/ODM<\/strong>: Verf\u00fcgbar<\/li>\n<li><strong>Kundenspezifische Option<\/strong>: Farbe\/Gr\u00f6\u00dfe\/Logo\/Verpackung<\/li>\n<\/ul>\n<h2>Von Daily Plasticware Hersteller :<\/h2>\n<p>Gegr\u00fcndet im Jahr 2000,\u00a0<a href=\"https:\/\/www.xhplasticlife.com\/de\/\"><strong>Xinghui<\/strong><\/a>\u00a0ist auf die Herstellung und den Gro\u00dfhandel von Lunchboxen, Lebensmittelbeh\u00e4ltern, Trinkgef\u00e4\u00dfen, Haushaltsbeh\u00e4ltern und anderen Kunststoffprodukten des t\u00e4glichen Bedarfs spezialisiert. Wir bieten OEM- &amp; ODM- und E-Commerce-Beschaffungsdienste f\u00fcr Kunden aus einer Hand.<\/p>","protected":false},"featured_media":1786,"comment_status":"closed","ping_status":"closed","template":"","meta":{"_acf_changed":false},"product_brand":[],"product_cat":[19],"product_tag":[],"class_list":{"0":"post-1785","1":"product","2":"type-product","3":"status-publish","4":"has-post-thumbnail","6":"product_cat-kitchen-storage-containers-wholesale","8":"first","9":"instock","10":"shipping-taxable","11":"product-type-simple"},"acf":[],"_links":{"self":[{"href":"https:\/\/www.xhplasticlife.com\/de\/wp-json\/wp\/v2\/product\/1785","targetHints":{"allow":["GET"]}}],"collection":[{"href":"https:\/\/www.xhplasticlife.com\/de\/wp-json\/wp\/v2\/product"}],"about":[{"href":"https:\/\/www.xhplasticlife.com\/de\/wp-json\/wp\/v2\/types\/product"}],"replies":[{"embeddable":true,"href":"https:\/\/www.xhplasticlife.com\/de\/wp-json\/wp\/v2\/comments?post=1785"}],"wp:featuredmedia":[{"embeddable":true,"href":"https:\/\/www.xhplasticlife.com\/de\/wp-json\/wp\/v2\/media\/1786"}],"wp:attachment":[{"href":"https:\/\/www.xhplasticlife.com\/de\/wp-json\/wp\/v2\/media?parent=1785"}],"wp:term":[{"taxonomy":"product_brand","embeddable":true,"href":"https:\/\/www.xhplasticlife.com\/de\/wp-json\/wp\/v2\/product_brand?post=1785"},{"taxonomy":"product_cat","embeddable":true,"href":"https:\/\/www.xhplasticlife.com\/de\/wp-json\/wp\/v2\/product_cat?post=1785"},{"taxonomy":"product_tag","embeddable":true,"href":"https:\/\/www.xhplasticlife.com\/de\/wp-json\/wp\/v2\/product_tag?post=1785"}],"curies":[{"name":"wp","href":"https:\/\/api.w.org\/{rel}","templated":true}]}}