{"id":1773,"date":"2025-11-17T18:22:43","date_gmt":"2025-11-17T18:22:43","guid":{"rendered":"https:\/\/www.xhplasticlife.com\/?post_type=product&#038;p=1773"},"modified":"2025-11-19T04:03:32","modified_gmt":"2025-11-19T04:03:32","slug":"double-layer-plastic-storage-racks","status":"publish","type":"product","link":"https:\/\/www.xhplasticlife.com\/de\/produkt\/double-layer-plastic-storage-racks\/","title":{"rendered":"Double Layer Plastic Storage Racks Gro\u00dfhandel, Bulk Desktop Organizer Rack &amp; Lagerung Regal"},"content":{"rendered":"<div class=\"wp-block-columns is-layout-flex wp-container-core-columns-is-layout-9d6595d7 wp-block-columns-is-layout-flex\">\n<div class=\"wp-block-column is-layout-flow wp-block-column-is-layout-flow\">\n<h2 class=\"wp-block-heading\">Double Layer Plastic Storage Racks Gro\u00dfhandel Merkmale:<\/h2>\n\n\n\n<ul class=\"wp-block-list\">\n<li><strong>Strapazierf\u00e4higes doppellagiges Design:<\/strong> Diese zweistufige Struktur bietet zus\u00e4tzliche Kapazit\u00e4t, um B\u00fcroartikel, Kosmetika, Snacks oder K\u00fcchenartikel zu organisieren. Sie ist ideal f\u00fcr K\u00e4ufer, die im Gro\u00dfhandel nach Alternativen mit zus\u00e4tzlichen Aufbewahrungsfunktionen f\u00fcr Kunststoff-Lebensmittelschalen suchen.<\/li>\n\n\n\n<li><strong>Platzsparender Desktop-Organizer<\/strong>: Es h\u00e4lt Ihren Schreibtisch ordentlich durch die kompakte vertikale Layout und maximiert begrenzten Raum, daher ist ideal in der Kunststoff-Lebensmittel-Ablaufschalen Gro\u00dfmarkt, vor allem f\u00fcr den Einzelhandel, B\u00fcro und Haushalt verwenden.<\/li>\n\n\n\n<li><strong>Benutzerdefinierte multifunktionale Abtropffl\u00e4che Option<\/strong>: Unsere kundenspezifischen, multifunktionalen Entw\u00e4sserungsplatten sind erh\u00e4ltlich, einschlie\u00dflich, aber nicht beschr\u00e4nkt auf zus\u00e4tzliche Entw\u00e4sserungsl\u00f6cher, abnehmbare Wannen und verst\u00e4rkte St\u00fctzrahmen, um verschiedenen Anwendungsanforderungen gerecht zu werden.<\/li>\n\n\n\n<li><strong>Hochwertige Kunststoffkonstruktion<\/strong>: Aus hochwertigem PP-Material gefertigt, ist das Regal langlebig, aber leicht und feuchtigkeitsbest\u00e4ndig und eignet sich f\u00fcr K\u00fcchen, B\u00e4der und B\u00fcros.<\/li>\n\n\n\n<li><strong>Abnehmbar und leicht zu reinigen<\/strong>: Jede Schicht kann f\u00fcr eine schnelle Reinigung leicht auseinander genommen werden, was langfristige Hygiene und Komfort gew\u00e4hrleistet.<\/li>\n\n\n\n<li><strong>Anti-Rutsch-Boden<\/strong>: Die verst\u00e4rkte Bodenkonstruktion sorgt f\u00fcr Stabilit\u00e4t und verhindert ein Wackeln, auch wenn das Ger\u00e4t voll beladen ist.<\/li>\n<\/ul>\n<\/div>\n\n\n\n<div class=\"wp-block-column is-layout-flow wp-block-column-is-layout-flow\">\n<figure class=\"wp-block-image size-full\"><img decoding=\"async\" width=\"800\" height=\"800\" src=\"https:\/\/www.xhplasticlife.com\/wp-content\/uploads\/2025\/11\/Double-Layer-Plastic-Storage-Racks-Wholesale-Factory-5.webp\" alt=\"Double Layer Kunststoff Lagerung Racks Gro\u00dfhandel Fabrik (5)\" class=\"wp-image-1779\" srcset=\"https:\/\/www.xhplasticlife.com\/wp-content\/uploads\/2025\/11\/Double-Layer-Plastic-Storage-Racks-Wholesale-Factory-5.webp 800w, https:\/\/www.xhplasticlife.com\/wp-content\/uploads\/2025\/11\/Double-Layer-Plastic-Storage-Racks-Wholesale-Factory-5-300x300.webp 300w, https:\/\/www.xhplasticlife.com\/wp-content\/uploads\/2025\/11\/Double-Layer-Plastic-Storage-Racks-Wholesale-Factory-5-150x150.webp 150w, https:\/\/www.xhplasticlife.com\/wp-content\/uploads\/2025\/11\/Double-Layer-Plastic-Storage-Racks-Wholesale-Factory-5-768x768.webp 768w, https:\/\/www.xhplasticlife.com\/wp-content\/uploads\/2025\/11\/Double-Layer-Plastic-Storage-Racks-Wholesale-Factory-5-12x12.webp 12w, https:\/\/www.xhplasticlife.com\/wp-content\/uploads\/2025\/11\/Double-Layer-Plastic-Storage-Racks-Wholesale-Factory-5-600x600.webp 600w, https:\/\/www.xhplasticlife.com\/wp-content\/uploads\/2025\/11\/Double-Layer-Plastic-Storage-Racks-Wholesale-Factory-5-100x100.webp 100w\" sizes=\"(max-width: 800px) 100vw, 800px\" \/><\/figure>\n<\/div>\n<\/div>\n\n\n\n<div class=\"wp-block-columns is-layout-flex wp-container-core-columns-is-layout-9d6595d7 wp-block-columns-is-layout-flex\">\n<div class=\"wp-block-column is-layout-flow wp-block-column-is-layout-flow\">\n<figure class=\"wp-block-image size-full\"><img decoding=\"async\" width=\"800\" height=\"800\" src=\"https:\/\/www.xhplasticlife.com\/wp-content\/uploads\/2025\/11\/Double-Layer-Plastic-Storage-Racks-Wholesale-green.webp\" alt=\"Doppelte Schicht Kunststoff Lagerung Racks Gro\u00dfhandel - gr\u00fcn\" class=\"wp-image-1777\" srcset=\"https:\/\/www.xhplasticlife.com\/wp-content\/uploads\/2025\/11\/Double-Layer-Plastic-Storage-Racks-Wholesale-green.webp 800w, https:\/\/www.xhplasticlife.com\/wp-content\/uploads\/2025\/11\/Double-Layer-Plastic-Storage-Racks-Wholesale-green-300x300.webp 300w, https:\/\/www.xhplasticlife.com\/wp-content\/uploads\/2025\/11\/Double-Layer-Plastic-Storage-Racks-Wholesale-green-150x150.webp 150w, https:\/\/www.xhplasticlife.com\/wp-content\/uploads\/2025\/11\/Double-Layer-Plastic-Storage-Racks-Wholesale-green-768x768.webp 768w, https:\/\/www.xhplasticlife.com\/wp-content\/uploads\/2025\/11\/Double-Layer-Plastic-Storage-Racks-Wholesale-green-12x12.webp 12w, https:\/\/www.xhplasticlife.com\/wp-content\/uploads\/2025\/11\/Double-Layer-Plastic-Storage-Racks-Wholesale-green-600x600.webp 600w, https:\/\/www.xhplasticlife.com\/wp-content\/uploads\/2025\/11\/Double-Layer-Plastic-Storage-Racks-Wholesale-green-100x100.webp 100w\" sizes=\"(max-width: 800px) 100vw, 800px\" \/><\/figure>\n<\/div>\n\n\n\n<div class=\"wp-block-column is-layout-flow wp-block-column-is-layout-flow\">\n<figure class=\"wp-block-image size-full\"><img decoding=\"async\" width=\"800\" height=\"800\" src=\"https:\/\/www.xhplasticlife.com\/wp-content\/uploads\/2025\/11\/Double-Layer-Plastic-Storage-Racks-Wholesale-red.webp\" alt=\"Doppelschichtige Kunststoff-Lagerregale Gro\u00dfhandel -rot\" class=\"wp-image-1783\" srcset=\"https:\/\/www.xhplasticlife.com\/wp-content\/uploads\/2025\/11\/Double-Layer-Plastic-Storage-Racks-Wholesale-red.webp 800w, https:\/\/www.xhplasticlife.com\/wp-content\/uploads\/2025\/11\/Double-Layer-Plastic-Storage-Racks-Wholesale-red-300x300.webp 300w, https:\/\/www.xhplasticlife.com\/wp-content\/uploads\/2025\/11\/Double-Layer-Plastic-Storage-Racks-Wholesale-red-150x150.webp 150w, https:\/\/www.xhplasticlife.com\/wp-content\/uploads\/2025\/11\/Double-Layer-Plastic-Storage-Racks-Wholesale-red-768x768.webp 768w, https:\/\/www.xhplasticlife.com\/wp-content\/uploads\/2025\/11\/Double-Layer-Plastic-Storage-Racks-Wholesale-red-12x12.webp 12w, https:\/\/www.xhplasticlife.com\/wp-content\/uploads\/2025\/11\/Double-Layer-Plastic-Storage-Racks-Wholesale-red-600x600.webp 600w, https:\/\/www.xhplasticlife.com\/wp-content\/uploads\/2025\/11\/Double-Layer-Plastic-Storage-Racks-Wholesale-red-100x100.webp 100w\" sizes=\"(max-width: 800px) 100vw, 800px\" \/><\/figure>\n<\/div>\n\n\n\n<div class=\"wp-block-column is-layout-flow wp-block-column-is-layout-flow\">\n<figure class=\"wp-block-image size-full\"><img decoding=\"async\" width=\"800\" height=\"800\" src=\"https:\/\/www.xhplasticlife.com\/wp-content\/uploads\/2025\/11\/Double-Layer-Plastic-Storage-Racks-Wholesale-gray.webp\" alt=\"Double Layer Kunststoff Lagerung Racks Gro\u00dfhandel - grau\" class=\"wp-image-1776\" srcset=\"https:\/\/www.xhplasticlife.com\/wp-content\/uploads\/2025\/11\/Double-Layer-Plastic-Storage-Racks-Wholesale-gray.webp 800w, https:\/\/www.xhplasticlife.com\/wp-content\/uploads\/2025\/11\/Double-Layer-Plastic-Storage-Racks-Wholesale-gray-300x300.webp 300w, https:\/\/www.xhplasticlife.com\/wp-content\/uploads\/2025\/11\/Double-Layer-Plastic-Storage-Racks-Wholesale-gray-150x150.webp 150w, https:\/\/www.xhplasticlife.com\/wp-content\/uploads\/2025\/11\/Double-Layer-Plastic-Storage-Racks-Wholesale-gray-768x768.webp 768w, https:\/\/www.xhplasticlife.com\/wp-content\/uploads\/2025\/11\/Double-Layer-Plastic-Storage-Racks-Wholesale-gray-12x12.webp 12w, https:\/\/www.xhplasticlife.com\/wp-content\/uploads\/2025\/11\/Double-Layer-Plastic-Storage-Racks-Wholesale-gray-600x600.webp 600w, https:\/\/www.xhplasticlife.com\/wp-content\/uploads\/2025\/11\/Double-Layer-Plastic-Storage-Racks-Wholesale-gray-100x100.webp 100w\" sizes=\"(max-width: 800px) 100vw, 800px\" \/><\/figure>\n<\/div>\n<\/div>","protected":false},"excerpt":{"rendered":"<p>Willkommen zum Kauf unserer doppellagigen Kunststoffregale im Gro\u00dfhandel, die f\u00fcr eine ordentliche Organisation auf dem Schreibtisch konzipiert sind. Wir bieten Fabrik-direkte Gro\u00dfhandelspreise, OEM\/ODM-Anpassung und kostenlose Proben, um Ihre Beschaffung Bed\u00fcrfnisse zu unterst\u00fctzen.<\/p>\n<h2>Doppellagige Kunststoff-Lagerregale Parameter:<\/h2>\n<ul>\n<li><strong>Modell<\/strong>: SH3175<\/li>\n<li><strong>Markenname<\/strong>: Xinghui<\/li>\n<li><strong>Material<\/strong>: PP+ABS<\/li>\n<li><strong>Farbe<\/strong>: wei\u00df+gr\u00fcn, wei\u00df+grau, wei\u00df+rot<\/li>\n<li><strong>Produktgr\u00f6\u00dfe:<\/strong> 33*26*25cm<\/li>\n<li><strong>Bruttogewicht:<\/strong> 17,5 kg<\/li>\n<li><strong>Gr\u00f6\u00dfe des Kartons:<\/strong> 53*43*71cm<\/li>\n<li><strong>Packungsnummer:<\/strong> 16 St\u00fcck\/Ktn<\/li>\n<li><strong>Verpacken<\/strong>: OPP-Verpackung<\/li>\n<li><strong>OEM\/ODM<\/strong>: Verf\u00fcgbar<\/li>\n<li><strong>Kundenspezifische Option<\/strong>: Farbe\/Gr\u00f6\u00dfe\/Logo\/Verpackung<\/li>\n<\/ul>\n<h2>Von Daily Plasticware Hersteller :<\/h2>\n<p>Gegr\u00fcndet im Jahr 2000,\u00a0<a href=\"https:\/\/www.xhplasticlife.com\/de\/\"><strong>Xinghui<\/strong><\/a>\u00a0ist auf die Herstellung und den Gro\u00dfhandel von Lunchboxen, Lebensmittelbeh\u00e4ltern, Trinkgef\u00e4\u00dfen, Haushaltsbeh\u00e4ltern und anderen Kunststoffprodukten des t\u00e4glichen Bedarfs spezialisiert. Wir bieten OEM- &amp; ODM- und E-Commerce-Beschaffungsdienste f\u00fcr Kunden aus einer Hand.<\/p>","protected":false},"featured_media":1780,"comment_status":"closed","ping_status":"closed","template":"","meta":{"_acf_changed":false},"product_brand":[],"product_cat":[19],"product_tag":[],"class_list":{"0":"post-1773","1":"product","2":"type-product","3":"status-publish","4":"has-post-thumbnail","6":"product_cat-kitchen-storage-containers-wholesale","8":"first","9":"instock","10":"shipping-taxable","11":"product-type-simple"},"acf":[],"_links":{"self":[{"href":"https:\/\/www.xhplasticlife.com\/de\/wp-json\/wp\/v2\/product\/1773","targetHints":{"allow":["GET"]}}],"collection":[{"href":"https:\/\/www.xhplasticlife.com\/de\/wp-json\/wp\/v2\/product"}],"about":[{"href":"https:\/\/www.xhplasticlife.com\/de\/wp-json\/wp\/v2\/types\/product"}],"replies":[{"embeddable":true,"href":"https:\/\/www.xhplasticlife.com\/de\/wp-json\/wp\/v2\/comments?post=1773"}],"wp:featuredmedia":[{"embeddable":true,"href":"https:\/\/www.xhplasticlife.com\/de\/wp-json\/wp\/v2\/media\/1780"}],"wp:attachment":[{"href":"https:\/\/www.xhplasticlife.com\/de\/wp-json\/wp\/v2\/media?parent=1773"}],"wp:term":[{"taxonomy":"product_brand","embeddable":true,"href":"https:\/\/www.xhplasticlife.com\/de\/wp-json\/wp\/v2\/product_brand?post=1773"},{"taxonomy":"product_cat","embeddable":true,"href":"https:\/\/www.xhplasticlife.com\/de\/wp-json\/wp\/v2\/product_cat?post=1773"},{"taxonomy":"product_tag","embeddable":true,"href":"https:\/\/www.xhplasticlife.com\/de\/wp-json\/wp\/v2\/product_tag?post=1773"}],"curies":[{"name":"wp","href":"https:\/\/api.w.org\/{rel}","templated":true}]}}