{"id":1765,"date":"2025-11-17T17:56:46","date_gmt":"2025-11-17T17:56:46","guid":{"rendered":"https:\/\/www.xhplasticlife.com\/?post_type=product&#038;p=1765"},"modified":"2025-11-17T18:14:50","modified_gmt":"2025-11-17T18:14:50","slug":"wholesale-cup-drying-rack-supplier","status":"publish","type":"product","link":"https:\/\/www.xhplasticlife.com\/de\/produkt\/wholesale-cup-drying-rack-supplier\/","title":{"rendered":"Gro\u00dfhandel Tasse Trocknen Rack Hersteller, staubdicht abnehmbare Tasse &amp; Flasche Drainer Stand"},"content":{"rendered":"<div class=\"wp-block-columns is-layout-flex wp-container-core-columns-is-layout-9d6595d7 wp-block-columns-is-layout-flex\">\n<div class=\"wp-block-column is-layout-flow wp-block-column-is-layout-flow\">\n<h2 class=\"wp-block-heading\">Gro\u00dfhandel Tasse Trocknen Rack Features:<\/h2>\n\n\n\n<ul class=\"wp-block-list\">\n<li><strong>Effizientes Design f\u00fcr die Entw\u00e4sserung:<\/strong> Es verf\u00fcgt \u00fcber eine schnell abtropfende Struktur, die Gl\u00e4ser, Becher und Flaschen trocken und sauber h\u00e4lt und somit zum bevorzugten Gro\u00dfhandels-Tassenst\u00e4nder unter professionellen K\u00e4ufern wird.<\/li>\n\n\n\n<li><strong>Abnehmbare Struktur f\u00fcr einfache Reinigung<\/strong>: Alle Komponenten sind abnehmbar, und die einfache Montage und Demontage vereinfacht die Wartung; sie ist ideal f\u00fcr Marken und Einzelh\u00e4ndler, die besonders hohe Hygienestandards haben. Es sind auch kundenspezifische Bechertrocknungsschalen erh\u00e4ltlich.<\/li>\n\n\n\n<li><strong>Verbesserter Schutz vor Staub<\/strong>: Er ist mit einer transparenten Staubschutzh\u00fclle ausgestattet, die Staub und K\u00fcchenspritzer effektiv abh\u00e4lt und somit die Aufbewahrungsbedingungen f\u00fcr Tassen verbessert und Gro\u00dfbestellungen von Gro\u00dfhandelsmarken f\u00fcr Tassen-Trockengestelle wie Horeca und Haushaltswaren erf\u00fcllt.<\/li>\n\n\n\n<li><strong>Langlebige und widerstandsf\u00e4hige Materialien<\/strong>: Aus dem langlebigen PP\/ABS-Material hergestellt, bietet es eine stabile Tragf\u00e4higkeit und ist f\u00fcr den langfristigen Einsatz geeignet, so dass es eine ausgezeichnete Wahl f\u00fcr OEM\/ODM-Projekte ist.<\/li>\n\n\n\n<li><strong>Multi-Szenario-Kompatibilit\u00e4t: <\/strong>geeignet f\u00fcr Hausk\u00fcchen, Caf\u00e9s, Restaurants, B\u00fcrovorratskammern und andere Szenarien. In Bezug auf Gr\u00f6\u00dfe, Farbe und Verpackung sind kundenspezifische Tassen-Trocknungsschalen erh\u00e4ltlich.<\/li>\n<\/ul>\n<\/div>\n\n\n\n<div class=\"wp-block-column is-layout-flow wp-block-column-is-layout-flow\">\n<figure class=\"wp-block-image size-full\"><img decoding=\"async\" width=\"790\" height=\"1134\" src=\"https:\/\/www.xhplasticlife.com\/wp-content\/uploads\/2025\/11\/Wholesale-Cup-Drying-Rack-Manufacturer-5.webp\" alt=\"Gro\u00dfhandel Tasse Trocknen Rack Hersteller (5)\" class=\"wp-image-1769\" srcset=\"https:\/\/www.xhplasticlife.com\/wp-content\/uploads\/2025\/11\/Wholesale-Cup-Drying-Rack-Manufacturer-5.webp 790w, https:\/\/www.xhplasticlife.com\/wp-content\/uploads\/2025\/11\/Wholesale-Cup-Drying-Rack-Manufacturer-5-209x300.webp 209w, https:\/\/www.xhplasticlife.com\/wp-content\/uploads\/2025\/11\/Wholesale-Cup-Drying-Rack-Manufacturer-5-768x1102.webp 768w, https:\/\/www.xhplasticlife.com\/wp-content\/uploads\/2025\/11\/Wholesale-Cup-Drying-Rack-Manufacturer-5-8x12.webp 8w, https:\/\/www.xhplasticlife.com\/wp-content\/uploads\/2025\/11\/Wholesale-Cup-Drying-Rack-Manufacturer-5-600x861.webp 600w\" sizes=\"(max-width: 790px) 100vw, 790px\" \/><\/figure>\n<\/div>\n<\/div>\n\n\n\n<figure class=\"wp-block-table is-style-stripes\"><table class=\"has-fixed-layout\"><tbody><tr><td>Modell<\/td><td>Produkt<\/td><td>Gr\u00f6\u00dfe des Produkts<\/td><td>Bruttogewicht<\/td><td>Gr\u00f6\u00dfe des Kartons<\/td><td>Basisgewicht<\/td><td>Verpacken<\/td><\/tr><tr><td>SH3155<\/td><td>31cm Plastik-Trocknungsschalen<\/td><td>29*19.7*2cm<\/td><td>17kg<\/td><td>54*32*59cm<\/td><td>315g<\/td><td>48 St\u00fcck\/ctn<\/td><\/tr><tr><td>SH3156<\/td><td>39cm Kunststoff-Tassen-Trockenschalen<\/td><td>41*27,5*2cm<\/td><td>15,2 kg<\/td><td>46*40*44.5cm<\/td><td>412g<\/td><td>30 St\u00fcck\/Ktn<\/td><\/tr><\/tbody><\/table><\/figure>","protected":false},"excerpt":{"rendered":"<p>Willkommen zum Kauf unserer Gro\u00dfhandel Tasse Trockengestell! Diese staubdichte, abnehmbare Tassenablage verf\u00fcgt \u00fcber eine effiziente Drainage-Struktur und robuste Materialien, so dass es f\u00fcr Haushalte, Caf\u00e9s und Catering-Betriebe geeignet ist. Wir bieten OEM\/ODM und benutzerdefinierte Tasse Trocknung Tablett Anpassung an Gro\u00dfeinkauf Bed\u00fcrfnisse zu erf\u00fcllen.<\/p>\n<h2>Gro\u00dfhandel Tasse Trocknen Rack Parameter:<\/h2>\n<ul>\n<li><strong>Modell<\/strong>: SH3155-SH3156<\/li>\n<li><strong>Markenname<\/strong>: Xinghui<\/li>\n<li><strong>Material<\/strong>: Kunststoff (PP)<\/li>\n<li><strong>Farbe<\/strong>: wei\u00df, rosa, gr\u00fcn<\/li>\n<li><strong>Verpacken<\/strong>: OPP-Verpackung<\/li>\n<li><strong>OEM\/ODM<\/strong>: Verf\u00fcgbar<\/li>\n<li><strong>Kundenspezifische Option<\/strong>: Farbe\/Gr\u00f6\u00dfe\/Logo\/Verpackung<\/li>\n<\/ul>\n<h2>Von Daily Plasticware Hersteller :<\/h2>\n<p>Gegr\u00fcndet im Jahr 2000,\u00a0<a href=\"https:\/\/www.xhplasticlife.com\/de\/\"><strong>Xinghui<\/strong><\/a>\u00a0ist auf die Herstellung und den Gro\u00dfhandel von Lunchboxen, Lebensmittelbeh\u00e4ltern, Trinkgef\u00e4\u00dfen, Haushaltsbeh\u00e4ltern und anderen Kunststoffprodukten des t\u00e4glichen Bedarfs spezialisiert. Wir bieten OEM- &amp; ODM- und E-Commerce-Beschaffungsdienste f\u00fcr Kunden aus einer Hand.<\/p>","protected":false},"featured_media":1768,"comment_status":"closed","ping_status":"closed","template":"","meta":{"_acf_changed":false},"product_brand":[],"product_cat":[19],"product_tag":[],"class_list":{"0":"post-1765","1":"product","2":"type-product","3":"status-publish","4":"has-post-thumbnail","6":"product_cat-kitchen-storage-containers-wholesale","8":"first","9":"instock","10":"shipping-taxable","11":"product-type-simple"},"acf":[],"_links":{"self":[{"href":"https:\/\/www.xhplasticlife.com\/de\/wp-json\/wp\/v2\/product\/1765","targetHints":{"allow":["GET"]}}],"collection":[{"href":"https:\/\/www.xhplasticlife.com\/de\/wp-json\/wp\/v2\/product"}],"about":[{"href":"https:\/\/www.xhplasticlife.com\/de\/wp-json\/wp\/v2\/types\/product"}],"replies":[{"embeddable":true,"href":"https:\/\/www.xhplasticlife.com\/de\/wp-json\/wp\/v2\/comments?post=1765"}],"wp:featuredmedia":[{"embeddable":true,"href":"https:\/\/www.xhplasticlife.com\/de\/wp-json\/wp\/v2\/media\/1768"}],"wp:attachment":[{"href":"https:\/\/www.xhplasticlife.com\/de\/wp-json\/wp\/v2\/media?parent=1765"}],"wp:term":[{"taxonomy":"product_brand","embeddable":true,"href":"https:\/\/www.xhplasticlife.com\/de\/wp-json\/wp\/v2\/product_brand?post=1765"},{"taxonomy":"product_cat","embeddable":true,"href":"https:\/\/www.xhplasticlife.com\/de\/wp-json\/wp\/v2\/product_cat?post=1765"},{"taxonomy":"product_tag","embeddable":true,"href":"https:\/\/www.xhplasticlife.com\/de\/wp-json\/wp\/v2\/product_tag?post=1765"}],"curies":[{"name":"wp","href":"https:\/\/api.w.org\/{rel}","templated":true}]}}