{"id":1759,"date":"2025-11-17T09:42:15","date_gmt":"2025-11-17T09:42:15","guid":{"rendered":"https:\/\/www.xhplasticlife.com\/?post_type=product&#038;p=1759"},"modified":"2025-11-17T10:19:38","modified_gmt":"2025-11-17T10:19:38","slug":"plastic-food-drain-trays-wholesale","status":"publish","type":"product","link":"https:\/\/www.xhplasticlife.com\/de\/produkt\/plastic-food-drain-trays-wholesale\/","title":{"rendered":"Plastic Food Drain Trays Gro\u00dfhandel OEM\/ODM Multifunktionale Abtropffl\u00e4che Hersteller"},"content":{"rendered":"<div class=\"wp-block-columns is-layout-flex wp-container-core-columns-is-layout-9d6595d7 wp-block-columns-is-layout-flex\">\n<div class=\"wp-block-column is-layout-flow wp-block-column-is-layout-flow\">\n<h2 class=\"wp-block-heading\">Plastic Food Drain Trays Gro\u00dfhandel Merkmale:<\/h2>\n\n\n\n<ul class=\"wp-block-list\">\n<li><strong>Lebensmittelgeeigneter Hochleistungskunststoff:<\/strong> Hergestellt aus hochwertigen, lebensmittelechten Materialien, sicher, geruchlos, langlebig und hochdruckbest\u00e4ndig, geeignet f\u00fcr den vielf\u00e4ltigen Einsatz in K\u00fcchen, Sp\u00fclbecken, Arbeitsfl\u00e4chen usw.<\/li>\n\n\n\n<li><strong>Entwurf der Wasserableitung: <\/strong>Die gleichm\u00e4\u00dfig verteilten Abflussl\u00f6cher sorgen f\u00fcr einen schnellen Wasserabfluss, w\u00e4hrend die Lebensmittel trocken und hygienisch bleiben. Das macht das Produkt ideal f\u00fcr den t\u00e4glichen Gebrauch: Waschen von Obst und Gem\u00fcse, Abtropfen von Nudeln, Aufbewahren von Geschirr usw.<\/li>\n\n\n\n<li><strong>Rutschfester und stabiler Aufbau:<\/strong> Der Boden ist mit einer rutschfesten Eigenschaft versehen, die ein Umkippen verhindert und somit die Sicherheit erh\u00f6ht.<\/li>\n\n\n\n<li><strong>Leicht zu reinigen und schnell trocknend:<\/strong> Die glatte Oberfl\u00e4che widersteht allen Arten von Flecken; ein einfaches Absp\u00fclen gen\u00fcgt, um sie zu reinigen. Sie trocknet ziemlich schnell und reduziert dadurch das Bakterienwachstum.<\/li>\n\n\n\n<li><strong>Leicht und doch stark:<\/strong> Geringes Gewicht f\u00fcr einfache Mobilit\u00e4t, aber dennoch robust und sturzsicher f\u00fcr lange Leistung in Hausk\u00fcchen, Restaurants und Supermarktk\u00fcchen.<\/li>\n\n\n\n<li><strong>Stapelbar &amp; platzsparend<\/strong>: Das stapelbare Design hilft, Inventar und Lagerplatz zu sparen; ideal f\u00fcr Gro\u00dfeink\u00e4ufer und Gro\u00dfh\u00e4ndler von Kunststoff-Lebensmittelabflussschalen.<\/li>\n\n\n\n<li><strong>Multifunktionales Abtropfbrett nach Ma\u00df Optionen:<\/strong> Wir k\u00f6nnen OEM\/ODM-Anpassungsoptionen f\u00fcr Farben, Gr\u00f6\u00dfen, Logos und Verpackungen der Produkte anbieten, was uns zu einer idealen Wahl macht, wenn es darum geht, Lieferanten f\u00fcr multifunktionale Abtropffl\u00e4chen zu finden.<\/li>\n\n\n\n<li><strong>Fabrikdirektlieferung<\/strong>: Spezialisiert auf Gro\u00dfhandel Kunststoff Lebensmittel Drain Schalen, Bulk-Anpassung unterst\u00fctzt und geliefert stabil, geeignet f\u00fcr globale Gro\u00dfhandel K\u00e4ufer.<\/li>\n<\/ul>\n<\/div>\n\n\n\n<div class=\"wp-block-column is-layout-flow wp-block-column-is-layout-flow\">\n<figure class=\"wp-block-image size-full\"><img decoding=\"async\" width=\"800\" height=\"800\" src=\"https:\/\/www.xhplasticlife.com\/wp-content\/uploads\/2025\/11\/Plastic-Food-Drain-Trays-Wholesale-Manufacturer-3.webp\" alt=\"Kunststofftabletts f\u00fcr Lebensmittel Gro\u00dfhandel Hersteller (3)\" class=\"wp-image-1762\" srcset=\"https:\/\/www.xhplasticlife.com\/wp-content\/uploads\/2025\/11\/Plastic-Food-Drain-Trays-Wholesale-Manufacturer-3.webp 800w, https:\/\/www.xhplasticlife.com\/wp-content\/uploads\/2025\/11\/Plastic-Food-Drain-Trays-Wholesale-Manufacturer-3-300x300.webp 300w, https:\/\/www.xhplasticlife.com\/wp-content\/uploads\/2025\/11\/Plastic-Food-Drain-Trays-Wholesale-Manufacturer-3-150x150.webp 150w, https:\/\/www.xhplasticlife.com\/wp-content\/uploads\/2025\/11\/Plastic-Food-Drain-Trays-Wholesale-Manufacturer-3-768x768.webp 768w, https:\/\/www.xhplasticlife.com\/wp-content\/uploads\/2025\/11\/Plastic-Food-Drain-Trays-Wholesale-Manufacturer-3-12x12.webp 12w, https:\/\/www.xhplasticlife.com\/wp-content\/uploads\/2025\/11\/Plastic-Food-Drain-Trays-Wholesale-Manufacturer-3-600x600.webp 600w, https:\/\/www.xhplasticlife.com\/wp-content\/uploads\/2025\/11\/Plastic-Food-Drain-Trays-Wholesale-Manufacturer-3-100x100.webp 100w\" sizes=\"(max-width: 800px) 100vw, 800px\" \/><\/figure>\n<\/div>\n<\/div>\n\n\n\n<figure class=\"wp-block-table is-style-stripes\"><table class=\"has-fixed-layout\"><tbody><tr><td>Modell<\/td><td>Produkt<\/td><td>Gr\u00f6\u00dfe des Produkts<\/td><td>Bruttogewicht<\/td><td>Gr\u00f6\u00dfe des Kartons<\/td><td>Basisgewicht<\/td><td>Verpacken<\/td><\/tr><tr><td>SH3148<\/td><td>29cm Kunststoff-Futterschale mit Ablauf<\/td><td>29*19.7*2cm<\/td><td>15,4 kg<\/td><td>60,5*29*45,5cm<\/td><td>157g<\/td><td>90 St\u00fcck\/Ktn<\/td><\/tr><tr><td>SH3149<\/td><td>41cm Kunststoff-Futterschale mit Ablauf<\/td><td>41*27,5*2cm<\/td><td>14,8 kg<\/td><td>56,5*41,5*35cm<\/td><td>340g<\/td><td>40 St\u00fcck\/Ktn<\/td><\/tr><tr><td>SH3151<\/td><td>29cm multifunktionale Kunststoffschale f\u00fcr Lebensmittel<\/td><td>29*19.7*2cm<\/td><td>14,8 kg<\/td><td>60,5*29*45,5cm<\/td><td>95g<\/td><td>150 St\u00fcck\/Ktn<\/td><\/tr><tr><td>SH3152<\/td><td>41cm multifunktionale Kunststoffschale f\u00fcr Lebensmittel<\/td><td>41*27,5*2cm<\/td><td>17.2kg<\/td><td>56,5*41,5*35cm<\/td><td>207g<\/td><td>80 St\u00fcck\/Ktn<\/td><\/tr><\/tbody><\/table><\/figure>","protected":false},"excerpt":{"rendered":"<p>Willkommen zum Kauf unserer langlebigen, lebensmittelechten Abtropffl\u00e4che, die f\u00fcr die schnelle Wasserfiltration und den t\u00e4glichen Gebrauch in der K\u00fcche entwickelt wurde. Als zuverl\u00e4ssiger Hersteller, der Kunststoffabtropfschalen f\u00fcr Lebensmittel im Gro\u00dfhandel anbietet, unterst\u00fctzen wir benutzerdefinierte multifunktionale Abtropffl\u00e4chenoptionen, OEM\/ODM und Direktpreise f\u00fcr globale K\u00e4ufer.<\/p>\n<h2>Kunststoff-Ablaufschalen f\u00fcr Lebensmittel Gro\u00dfhandel Parameter:<\/h2>\n<ul>\n<li><strong>Modell<\/strong>: SH3148-SH3152<\/li>\n<li><strong>Markenname<\/strong>: Xinghui<\/li>\n<li><strong>Material<\/strong>: Kunststoff (PP)<\/li>\n<li><strong>Farbe<\/strong>: wei\u00df, rosa, gr\u00fcn<\/li>\n<li><strong>Verpacken<\/strong>: OPP-Verpackung<\/li>\n<li><strong>OEM\/ODM<\/strong>: Verf\u00fcgbar<\/li>\n<li><strong>Kundenspezifische Option<\/strong>: Farbe\/Gr\u00f6\u00dfe\/Logo\/Verpackung<\/li>\n<\/ul>\n<h2>Von Daily Plasticware Hersteller :<\/h2>\n<p>Gegr\u00fcndet im Jahr 2000,\u00a0<a href=\"https:\/\/www.xhplasticlife.com\/de\/\"><strong>Xinghui<\/strong><\/a>\u00a0ist auf die Herstellung und den Gro\u00dfhandel von Lunchboxen, Lebensmittelbeh\u00e4ltern, Trinkgef\u00e4\u00dfen, Haushaltsbeh\u00e4ltern und anderen Kunststoffprodukten des t\u00e4glichen Bedarfs spezialisiert. Wir bieten OEM- &amp; ODM- und E-Commerce-Beschaffungsdienste f\u00fcr Kunden aus einer Hand.<\/p>","protected":false},"featured_media":1761,"comment_status":"closed","ping_status":"closed","template":"","meta":{"_acf_changed":false},"product_brand":[],"product_cat":[19],"product_tag":[],"class_list":{"0":"post-1759","1":"product","2":"type-product","3":"status-publish","4":"has-post-thumbnail","6":"product_cat-kitchen-storage-containers-wholesale","8":"first","9":"instock","10":"shipping-taxable","11":"product-type-simple"},"acf":[],"_links":{"self":[{"href":"https:\/\/www.xhplasticlife.com\/de\/wp-json\/wp\/v2\/product\/1759","targetHints":{"allow":["GET"]}}],"collection":[{"href":"https:\/\/www.xhplasticlife.com\/de\/wp-json\/wp\/v2\/product"}],"about":[{"href":"https:\/\/www.xhplasticlife.com\/de\/wp-json\/wp\/v2\/types\/product"}],"replies":[{"embeddable":true,"href":"https:\/\/www.xhplasticlife.com\/de\/wp-json\/wp\/v2\/comments?post=1759"}],"wp:featuredmedia":[{"embeddable":true,"href":"https:\/\/www.xhplasticlife.com\/de\/wp-json\/wp\/v2\/media\/1761"}],"wp:attachment":[{"href":"https:\/\/www.xhplasticlife.com\/de\/wp-json\/wp\/v2\/media?parent=1759"}],"wp:term":[{"taxonomy":"product_brand","embeddable":true,"href":"https:\/\/www.xhplasticlife.com\/de\/wp-json\/wp\/v2\/product_brand?post=1759"},{"taxonomy":"product_cat","embeddable":true,"href":"https:\/\/www.xhplasticlife.com\/de\/wp-json\/wp\/v2\/product_cat?post=1759"},{"taxonomy":"product_tag","embeddable":true,"href":"https:\/\/www.xhplasticlife.com\/de\/wp-json\/wp\/v2\/product_tag?post=1759"}],"curies":[{"name":"wp","href":"https:\/\/api.w.org\/{rel}","templated":true}]}}