{"id":1733,"date":"2025-11-17T08:23:28","date_gmt":"2025-11-17T07:23:43","guid":{"rendered":"https:\/\/www.xhplasticlife.com\/?post_type=product&#038;p=1733"},"modified":"2025-11-17T08:23:56","modified_gmt":"2025-11-17T08:23:56","slug":"bulk-ice-cube-tray-with-lid-and-bin","status":"publish","type":"product","link":"https:\/\/www.xhplasticlife.com\/de\/produkt\/bulk-ice-cube-tray-with-lid-and-bin\/","title":{"rendered":"Bulk-Eisw\u00fcrfelschale mit Deckel und Beh\u00e4lter, 12\/24 Gitter Individuelle Eisform Lieferant"},"content":{"rendered":"<div class=\"wp-block-columns is-layout-flex wp-container-core-columns-is-layout-9d6595d7 wp-block-columns-is-layout-flex\">\n<div class=\"wp-block-column is-layout-flow wp-block-column-is-layout-flow\">\n<h2 class=\"wp-block-heading\">Eisw\u00fcrfelbeh\u00e4lter mit Deckel und Beh\u00e4lter Merkmale:<\/h2>\n\n\n\n<ul class=\"wp-block-list\">\n<li><strong>Zweischichtige Siliconstruktur<\/strong>: Die doppelschichtige Struktur aus weichem Silikon erm\u00f6glicht das schnelle Formen von Eisw\u00fcrfeln mit einfacher Entformung, was ideal f\u00fcr die Produktion von Sommereis in gro\u00dfem Ma\u00dfstab ist.<\/li>\n\n\n\n<li><strong>12\/24 Netzkapazit\u00e4tsoptionen<\/strong>: Erh\u00e4ltlich in den Gr\u00f6\u00dfen 12er und 24er Raster, um den Anforderungen von Haushalten, Caf\u00e9s, Bars und Konditoreien gerecht zu werden.<\/li>\n\n\n\n<li><strong>Gro\u00dfe Eisw\u00fcrfelbeh\u00e4lter sind mit einem Deckel und einem Beh\u00e4lter ausgestattet:<\/strong> Ausgestattet mit einem verschlie\u00dfbaren Deckel und einer Eisaufbewahrungsbox, um eine Geruchsvermischung zu verhindern, Eisw\u00fcrfel sauber zu halten und gro\u00dfe Mengen auf einmal zu lagern.<\/li>\n\n\n\n<li><strong>Umweltfreundliches lebensmittelechtes Material: <\/strong>Umweltfreundliches, wiederverwendbares, lebensmittelechtes Silikon und haltbarer Kunststoff sorgen f\u00fcr eine langfristige, stabile Verwendung ohne BPA.<\/li>\n\n\n\n<li><strong>Leichtes L\u00f6sen und leichte Reinigung: <\/strong>Das weiche Silikon l\u00e4sst sich leicht entformen, w\u00e4hrend die glatte Oberfl\u00e4che leicht zu reinigen ist; sie kann von Hand gewaschen werden oder ist sp\u00fclmaschinenfest.<\/li>\n\n\n\n<li><strong>Ideal f\u00fcr Schokoladenhersteller und Heimwerker: <\/strong>Er eignet sich unter anderem f\u00fcr selbstgemachte Schokolade, Gelee-Saft-Eisw\u00fcrfel und Babynahrung und ist damit das ultimative Multifunktionsger\u00e4t f\u00fcr K\u00fcchen und B\u00e4ckereien.<\/li>\n\n\n\n<li><strong>Stapelbar und platzsparend:<\/strong> Das Design mit Deckel erm\u00f6glicht ein sauberes Stapeln, spart Platz im K\u00fchlschrank und verbessert die Effizienz der Lagerung.<\/li>\n\n\n\n<li><strong>Eisw\u00fcrfelbeh\u00e4lter mit Deckel und Beh\u00e4lter in loser Sch\u00fcttung<\/strong>: Nimmt Gro\u00dfbestellungen an und erm\u00f6glicht die Anpassung von Farbe, Verpackung und Gr\u00f6\u00dfe entsprechend den OEM\/ODM-Anforderungen von Gro\u00dfabnehmern.<\/li>\n<\/ul>\n<\/div>\n\n\n\n<div class=\"wp-block-column is-layout-flow wp-block-column-is-layout-flow\">\n<figure class=\"wp-block-image size-full\"><img decoding=\"async\" width=\"800\" height=\"800\" src=\"https:\/\/www.xhplasticlife.com\/wp-content\/uploads\/2025\/11\/Bulk-Ice-Cube-Tray-with-Lid-and-Bin-5.webp\" alt=\"Gro\u00dfer Eisw\u00fcrfelbeh\u00e4lter mit Deckel und Beh\u00e4lter (5)\" class=\"wp-image-1738\" srcset=\"https:\/\/www.xhplasticlife.com\/wp-content\/uploads\/2025\/11\/Bulk-Ice-Cube-Tray-with-Lid-and-Bin-5.webp 800w, https:\/\/www.xhplasticlife.com\/wp-content\/uploads\/2025\/11\/Bulk-Ice-Cube-Tray-with-Lid-and-Bin-5-300x300.webp 300w, https:\/\/www.xhplasticlife.com\/wp-content\/uploads\/2025\/11\/Bulk-Ice-Cube-Tray-with-Lid-and-Bin-5-150x150.webp 150w, https:\/\/www.xhplasticlife.com\/wp-content\/uploads\/2025\/11\/Bulk-Ice-Cube-Tray-with-Lid-and-Bin-5-768x768.webp 768w, https:\/\/www.xhplasticlife.com\/wp-content\/uploads\/2025\/11\/Bulk-Ice-Cube-Tray-with-Lid-and-Bin-5-12x12.webp 12w, https:\/\/www.xhplasticlife.com\/wp-content\/uploads\/2025\/11\/Bulk-Ice-Cube-Tray-with-Lid-and-Bin-5-600x600.webp 600w, https:\/\/www.xhplasticlife.com\/wp-content\/uploads\/2025\/11\/Bulk-Ice-Cube-Tray-with-Lid-and-Bin-5-100x100.webp 100w\" sizes=\"(max-width: 800px) 100vw, 800px\" \/><\/figure>\n<\/div>\n<\/div>\n\n\n\n<figure class=\"wp-block-table is-style-stripes\"><table class=\"has-fixed-layout\"><tbody><tr><td>Modell<\/td><td>Produkt<\/td><td>Gr\u00f6\u00dfe des Produkts<\/td><td>Bruttogewicht<\/td><td>Gr\u00f6\u00dfe des Kartons<\/td><td>Basisgewicht<\/td><td>Verpacken<\/td><\/tr><tr><td>BX1061<\/td><td>12 Raster Eisw\u00fcrfelschale<\/td><td>12*11*3cm<\/td><td>16,3 kg<\/td><td>45*38*36,5cm<\/td><td>106g<\/td><td>144 St\u00fcck\/ctn<\/td><\/tr><tr><td>BX1062<\/td><td>12 Gitter Eisw\u00fcrfelbeh\u00e4lter + 600ml Eisvorratsbox<\/td><td>12*11*8,5cm<\/td><td>16kg<\/td><td>45*38*65.5cm<\/td><td>156g<\/td><td>96 St\u00fcck\/Ktn<\/td><\/tr><tr><td>BX1063<\/td><td>12 Gitter Eisw\u00fcrfelbeh\u00e4lter + 1060ml Eisvorratsbox<\/td><td>12*11*14,5cm<\/td><td>10,3 kg<\/td><td>45*38*58.5cm<\/td><td>194g<\/td><td>48 St\u00fcck\/ctn<\/td><\/tr><tr><td>BX1064<\/td><td>24 Raster Eisw\u00fcrfelschale<\/td><td>17,5*12*3cm<\/td><td>17,3kg<\/td><td>551*37*23cm<\/td><td>165g<\/td><td>96 St\u00fcck\/Ktn<\/td><\/tr><tr><td>BX1065<\/td><td>24 Gitter Eisw\u00fcrfelbeh\u00e4lter + 1050ml Eisvorratsbox<\/td><td>17,5*12*8,5cm<\/td><td>15,8 kg<\/td><td>51*37*42cm<\/td><td>246g<\/td><td>60 St\u00fcck\/Ktn<\/td><\/tr><tr><td>BX1066<\/td><td>24 Gitter Eisw\u00fcrfelbeh\u00e4lter + 2050ml Eisvorratsbox<\/td><td>17*12*14,5cm<\/td><td>11,8 kg<\/td><td>51*37*44cm<\/td><td>302g<\/td><td>36 St\u00fcck\/ctn<\/td><\/tr><\/tbody><\/table><\/figure>\n\n\n\n<div class=\"wp-block-columns is-layout-flex wp-container-core-columns-is-layout-9d6595d7 wp-block-columns-is-layout-flex\">\n<div class=\"wp-block-column is-layout-flow wp-block-column-is-layout-flow\">\n<figure class=\"wp-block-image size-full\"><img decoding=\"async\" width=\"790\" height=\"458\" src=\"https:\/\/www.xhplasticlife.com\/wp-content\/uploads\/2025\/11\/Custom-Ice-Cube-Tray-with-Lid-and-Bin-2.webp\" alt=\"Individueller Eisw\u00fcrfelbeh\u00e4lter mit Deckel und Beh\u00e4lter (2)\" class=\"wp-image-1741\" srcset=\"https:\/\/www.xhplasticlife.com\/wp-content\/uploads\/2025\/11\/Custom-Ice-Cube-Tray-with-Lid-and-Bin-2.webp 790w, https:\/\/www.xhplasticlife.com\/wp-content\/uploads\/2025\/11\/Custom-Ice-Cube-Tray-with-Lid-and-Bin-2-300x174.webp 300w, https:\/\/www.xhplasticlife.com\/wp-content\/uploads\/2025\/11\/Custom-Ice-Cube-Tray-with-Lid-and-Bin-2-768x445.webp 768w, https:\/\/www.xhplasticlife.com\/wp-content\/uploads\/2025\/11\/Custom-Ice-Cube-Tray-with-Lid-and-Bin-2-18x10.webp 18w, https:\/\/www.xhplasticlife.com\/wp-content\/uploads\/2025\/11\/Custom-Ice-Cube-Tray-with-Lid-and-Bin-2-600x348.webp 600w\" sizes=\"(max-width: 790px) 100vw, 790px\" \/><\/figure>\n<\/div>\n\n\n\n<div class=\"wp-block-column is-layout-flow wp-block-column-is-layout-flow\">\n<figure class=\"wp-block-image size-full\"><img decoding=\"async\" width=\"790\" height=\"484\" src=\"https:\/\/www.xhplasticlife.com\/wp-content\/uploads\/2025\/11\/Custom-Ice-Cube-Tray-with-Lid-and-Bin-3.webp\" alt=\"Individueller Eisw\u00fcrfelbeh\u00e4lter mit Deckel und Beh\u00e4lter (3)\" class=\"wp-image-1742\" srcset=\"https:\/\/www.xhplasticlife.com\/wp-content\/uploads\/2025\/11\/Custom-Ice-Cube-Tray-with-Lid-and-Bin-3.webp 790w, https:\/\/www.xhplasticlife.com\/wp-content\/uploads\/2025\/11\/Custom-Ice-Cube-Tray-with-Lid-and-Bin-3-300x184.webp 300w, https:\/\/www.xhplasticlife.com\/wp-content\/uploads\/2025\/11\/Custom-Ice-Cube-Tray-with-Lid-and-Bin-3-768x471.webp 768w, https:\/\/www.xhplasticlife.com\/wp-content\/uploads\/2025\/11\/Custom-Ice-Cube-Tray-with-Lid-and-Bin-3-18x12.webp 18w, https:\/\/www.xhplasticlife.com\/wp-content\/uploads\/2025\/11\/Custom-Ice-Cube-Tray-with-Lid-and-Bin-3-600x368.webp 600w\" sizes=\"(max-width: 790px) 100vw, 790px\" \/><\/figure>\n<\/div>\n<\/div>\n\n\n<div class=\"wp-block-image\">\n<figure class=\"aligncenter size-full\"><img decoding=\"async\" width=\"790\" height=\"306\" src=\"https:\/\/www.xhplasticlife.com\/wp-content\/uploads\/2025\/11\/Custom-Ice-Cube-Tray-with-Lid-and-Bin-1.webp\" alt=\"Individueller Eisw\u00fcrfelbeh\u00e4lter mit Deckel und Beh\u00e4lter (1)\" class=\"wp-image-1740\" srcset=\"https:\/\/www.xhplasticlife.com\/wp-content\/uploads\/2025\/11\/Custom-Ice-Cube-Tray-with-Lid-and-Bin-1.webp 790w, https:\/\/www.xhplasticlife.com\/wp-content\/uploads\/2025\/11\/Custom-Ice-Cube-Tray-with-Lid-and-Bin-1-300x116.webp 300w, https:\/\/www.xhplasticlife.com\/wp-content\/uploads\/2025\/11\/Custom-Ice-Cube-Tray-with-Lid-and-Bin-1-768x297.webp 768w, https:\/\/www.xhplasticlife.com\/wp-content\/uploads\/2025\/11\/Custom-Ice-Cube-Tray-with-Lid-and-Bin-1-18x7.webp 18w, https:\/\/www.xhplasticlife.com\/wp-content\/uploads\/2025\/11\/Custom-Ice-Cube-Tray-with-Lid-and-Bin-1-600x232.webp 600w\" sizes=\"(max-width: 790px) 100vw, 790px\" \/><\/figure>\n<\/div>\n\n\n<p><\/p>","protected":false},"excerpt":{"rendered":"<p>Willkommen beim Kauf unserer gro\u00dfen Eisw\u00fcrfelschale mit Deckel und Beh\u00e4lter, die mit doppelschichtigem Silikon, 12\/24 Rasteroptionen und einem gro\u00dfen Vorratsbeh\u00e4lter ausgestattet ist. Diese umweltfreundliche Schale l\u00e4sst sich leicht l\u00f6sen, stapelbar aufbewahren und ist perfekt f\u00fcr Schokoladenhersteller, Heimwerker und Gro\u00dfabnehmer.<\/p>\n<h2>Eisw\u00fcrfelbeh\u00e4lter mit Deckel und Beh\u00e4lter Parameter<\/h2>\n<ul>\n<li><strong>Modell<\/strong>: BH4439B<\/li>\n<li><strong>Markenname<\/strong>: Xinghui<\/li>\n<li><strong data-start=\"86\" data-end=\"99\">Material: <\/strong> PP+Silikon<\/li>\n<li><strong>Farbe<\/strong>: rosa, gr\u00fcn, gelb<\/li>\n<li><strong>Verpacken<\/strong>: OPP-Verpackung<\/li>\n<li><strong>OEM\/ODM<\/strong>: Verf\u00fcgbar<\/li>\n<li><strong>Kundenspezifische Option<\/strong>: Farbe\/Gr\u00f6\u00dfe\/Logo\/Verpackung<\/li>\n<\/ul>\n<h2>Von Daily Plasticware Hersteller :<\/h2>\n<p>Gegr\u00fcndet im Jahr 2000,\u00a0<a href=\"https:\/\/www.xhplasticlife.com\/de\/\"><strong>Xinghui<\/strong><\/a>\u00a0ist auf die Herstellung und den Gro\u00dfhandel von Lunchboxen, Lebensmittelbeh\u00e4ltern, Trinkgef\u00e4\u00dfen, Haushaltsbeh\u00e4ltern und anderen Kunststoffprodukten des t\u00e4glichen Bedarfs spezialisiert. Wir bieten OEM- &amp; ODM- und E-Commerce-Beschaffungsdienste f\u00fcr Kunden aus einer Hand.<\/p>","protected":false},"featured_media":1734,"comment_status":"closed","ping_status":"closed","template":"","meta":{"_acf_changed":false},"product_brand":[],"product_cat":[19],"product_tag":[],"class_list":{"0":"post-1733","1":"product","2":"type-product","3":"status-publish","4":"has-post-thumbnail","6":"product_cat-kitchen-storage-containers-wholesale","8":"first","9":"instock","10":"shipping-taxable","11":"product-type-simple"},"acf":[],"_links":{"self":[{"href":"https:\/\/www.xhplasticlife.com\/de\/wp-json\/wp\/v2\/product\/1733","targetHints":{"allow":["GET"]}}],"collection":[{"href":"https:\/\/www.xhplasticlife.com\/de\/wp-json\/wp\/v2\/product"}],"about":[{"href":"https:\/\/www.xhplasticlife.com\/de\/wp-json\/wp\/v2\/types\/product"}],"replies":[{"embeddable":true,"href":"https:\/\/www.xhplasticlife.com\/de\/wp-json\/wp\/v2\/comments?post=1733"}],"wp:featuredmedia":[{"embeddable":true,"href":"https:\/\/www.xhplasticlife.com\/de\/wp-json\/wp\/v2\/media\/1734"}],"wp:attachment":[{"href":"https:\/\/www.xhplasticlife.com\/de\/wp-json\/wp\/v2\/media?parent=1733"}],"wp:term":[{"taxonomy":"product_brand","embeddable":true,"href":"https:\/\/www.xhplasticlife.com\/de\/wp-json\/wp\/v2\/product_brand?post=1733"},{"taxonomy":"product_cat","embeddable":true,"href":"https:\/\/www.xhplasticlife.com\/de\/wp-json\/wp\/v2\/product_cat?post=1733"},{"taxonomy":"product_tag","embeddable":true,"href":"https:\/\/www.xhplasticlife.com\/de\/wp-json\/wp\/v2\/product_tag?post=1733"}],"curies":[{"name":"wp","href":"https:\/\/api.w.org\/{rel}","templated":true}]}}