{"id":1723,"date":"2025-11-17T07:07:25","date_gmt":"2025-11-17T06:12:46","guid":{"rendered":"https:\/\/www.xhplasticlife.com\/?post_type=product&#038;p=1723"},"modified":"2025-11-17T07:09:47","modified_gmt":"2025-11-17T07:09:47","slug":"silicone-ice-cube-tray-manufacturer","status":"publish","type":"product","link":"https:\/\/www.xhplasticlife.com\/de\/produkt\/silicone-ice-cube-tray-manufacturer\/","title":{"rendered":"Silikon-Eisw\u00fcrfelschale Hersteller, OEM Eisw\u00fcrfelform mit Kunststoff-Deckel"},"content":{"rendered":"<div class=\"wp-block-columns is-layout-flex wp-container-core-columns-is-layout-9d6595d7 wp-block-columns-is-layout-flex\">\n<div class=\"wp-block-column is-layout-flow wp-block-column-is-layout-flow\">\n<h2 class=\"wp-block-heading\">Kundenspezifische Silikon-Eisw\u00fcrfelschale Merkmale:<\/h2>\n\n\n\n<ul class=\"wp-block-list\">\n<li><strong>Einfache Freigabe auf Knopfdruck: <\/strong>Dr\u00fccken Sie auf den Kunststoffdeckel, und die Eisw\u00fcrfel lassen sich in Sekundenschnelle zu Eis verarbeiten. Es ist das Beste f\u00fcr die effiziente Eisherstellung zu Hause, in Bars und Restaurants.<\/li>\n\n\n\n<li><strong>Mini 6-Gitter Struktur: <\/strong>Das umweltfreundliche 6-Kammer-Design sorgt f\u00fcr eine schnellere Bildung der Eisw\u00fcrfel und eignet sich daher besonders f\u00fcr Cocktails, S\u00e4fte, Whiskey und andere Mixgetr\u00e4nke.<\/li>\n\n\n\n<li><strong>Lebensmittelgeeignetes Silikon Material: <\/strong>Die benutzerdefinierten Eisw\u00fcrfelformen sind aus hochwertigem, lebensmittelechtem Silikon hergestellt, das sehr flexibel und langlebig ist und keinen Geruch aufweist, um einen sicheren, direkten Kontakt mit Lebensmitteln zu gew\u00e4hrleisten.<\/li>\n\n\n\n<li><strong>Professionelle Silizium-Eisformen Produktion: <\/strong>Dieses Produkt wird von einem professionellen Hersteller von Silikoneisformen produziert, so dass die Qualit\u00e4t gleichbleibend ist und sich f\u00fcr den Gro\u00dfeinkauf und die langfristige Versorgung eignet.<\/li>\n\n\n\n<li><strong>Stapelbarer Kunststoff-Deckel: <\/strong>Staub- und geruchssicher, erm\u00f6glicht eine saubere Stapelung f\u00fcr eine maximale Nutzung des K\u00fchlraums.<\/li>\n\n\n\n<li><strong>Glatte Oberfl\u00e4che, leicht zu reinigen: <\/strong>Hergestellt aus einem PP-Deckel, einem PP + TPE-Mittelfach und einem stabilen PS-Boden. Die glatte Oberfl\u00e4che ist nicht klebrig und l\u00e4sst sich leicht mit den H\u00e4nden oder in der Sp\u00fclmaschine reinigen.<\/li>\n\n\n\n<li><strong>Erh\u00e4ltlich in 4 Sommerfarben:<\/strong> Vier limitierte Sommerfarben, n\u00e4mlich Rosa, Blau, Wei\u00df und Gr\u00fcn, machen Ihre K\u00fcche und Ihre Bar optisch interessant.<\/li>\n\n\n\n<li><strong>Optionen f\u00fcr kundenspezifische Eisw\u00fcrfelschalen<\/strong>: Es unterst\u00fctzt die individuelle Anpassung von Logos, Farben, Verpackungen usw. und ist ideal f\u00fcr Gro\u00dfhandelskunden, die nach Lieferanten f\u00fcr individuelle Eisw\u00fcrfelschalen suchen.<\/li>\n<\/ul>\n<\/div>\n\n\n\n<div class=\"wp-block-column is-layout-flow wp-block-column-is-layout-flow\">\n<figure class=\"wp-block-image size-full\"><img decoding=\"async\" width=\"750\" height=\"727\" src=\"https:\/\/www.xhplasticlife.com\/wp-content\/uploads\/2025\/11\/Custom-Silicone-Ice-Cube-Tray-Manufacturer.webp\" alt=\"Hersteller von Silikon-Eisw\u00fcrfelbeh\u00e4ltern\" class=\"wp-image-1724\" srcset=\"https:\/\/www.xhplasticlife.com\/wp-content\/uploads\/2025\/11\/Custom-Silicone-Ice-Cube-Tray-Manufacturer.webp 750w, https:\/\/www.xhplasticlife.com\/wp-content\/uploads\/2025\/11\/Custom-Silicone-Ice-Cube-Tray-Manufacturer-300x291.webp 300w, https:\/\/www.xhplasticlife.com\/wp-content\/uploads\/2025\/11\/Custom-Silicone-Ice-Cube-Tray-Manufacturer-12x12.webp 12w, https:\/\/www.xhplasticlife.com\/wp-content\/uploads\/2025\/11\/Custom-Silicone-Ice-Cube-Tray-Manufacturer-600x582.webp 600w\" sizes=\"(max-width: 750px) 100vw, 750px\" \/><\/figure>\n\n\n\n<figure class=\"wp-block-table is-style-stripes\"><table class=\"has-fixed-layout\"><tbody><tr><td>Modell<\/td><td>Produkt<\/td><\/tr><tr><td>BX1015<\/td><td>Herzf\u00f6rmiger Silikon-Eisw\u00fcrfelbereiter<\/td><\/tr><tr><td>BX1016<\/td><td>Quadratische Silikon-Eisschale<\/td><\/tr><tr><td>BX1017<\/td><td>Runder Silikoneisbecher<\/td><\/tr><\/tbody><\/table><\/figure>\n<\/div>\n<\/div>\n\n\n\n<div class=\"wp-block-columns is-layout-flex wp-container-core-columns-is-layout-9d6595d7 wp-block-columns-is-layout-flex\">\n<div class=\"wp-block-column is-layout-flow wp-block-column-is-layout-flow\">\n<figure class=\"wp-block-image size-full\"><img decoding=\"async\" width=\"800\" height=\"800\" src=\"https:\/\/www.xhplasticlife.com\/wp-content\/uploads\/2025\/11\/Silicone-Ice-Cube-Tray-Manufacturer-4.webp\" alt=\"Silikon Eisw\u00fcrfelschale Hersteller (4)\" class=\"wp-image-1728\" srcset=\"https:\/\/www.xhplasticlife.com\/wp-content\/uploads\/2025\/11\/Silicone-Ice-Cube-Tray-Manufacturer-4.webp 800w, https:\/\/www.xhplasticlife.com\/wp-content\/uploads\/2025\/11\/Silicone-Ice-Cube-Tray-Manufacturer-4-300x300.webp 300w, https:\/\/www.xhplasticlife.com\/wp-content\/uploads\/2025\/11\/Silicone-Ice-Cube-Tray-Manufacturer-4-150x150.webp 150w, https:\/\/www.xhplasticlife.com\/wp-content\/uploads\/2025\/11\/Silicone-Ice-Cube-Tray-Manufacturer-4-768x768.webp 768w, https:\/\/www.xhplasticlife.com\/wp-content\/uploads\/2025\/11\/Silicone-Ice-Cube-Tray-Manufacturer-4-12x12.webp 12w, https:\/\/www.xhplasticlife.com\/wp-content\/uploads\/2025\/11\/Silicone-Ice-Cube-Tray-Manufacturer-4-600x600.webp 600w, https:\/\/www.xhplasticlife.com\/wp-content\/uploads\/2025\/11\/Silicone-Ice-Cube-Tray-Manufacturer-4-100x100.webp 100w\" sizes=\"(max-width: 800px) 100vw, 800px\" \/><\/figure>\n<\/div>\n\n\n\n<div class=\"wp-block-column is-layout-flow wp-block-column-is-layout-flow\">\n<figure class=\"wp-block-image size-full\"><img decoding=\"async\" width=\"800\" height=\"800\" src=\"https:\/\/www.xhplasticlife.com\/wp-content\/uploads\/2025\/11\/Silicone-Ice-Cube-Tray-Manufacturer-3.webp\" alt=\"Silikon Eisw\u00fcrfelschale Hersteller (3)\" class=\"wp-image-1727\" srcset=\"https:\/\/www.xhplasticlife.com\/wp-content\/uploads\/2025\/11\/Silicone-Ice-Cube-Tray-Manufacturer-3.webp 800w, https:\/\/www.xhplasticlife.com\/wp-content\/uploads\/2025\/11\/Silicone-Ice-Cube-Tray-Manufacturer-3-300x300.webp 300w, https:\/\/www.xhplasticlife.com\/wp-content\/uploads\/2025\/11\/Silicone-Ice-Cube-Tray-Manufacturer-3-150x150.webp 150w, https:\/\/www.xhplasticlife.com\/wp-content\/uploads\/2025\/11\/Silicone-Ice-Cube-Tray-Manufacturer-3-768x768.webp 768w, https:\/\/www.xhplasticlife.com\/wp-content\/uploads\/2025\/11\/Silicone-Ice-Cube-Tray-Manufacturer-3-12x12.webp 12w, https:\/\/www.xhplasticlife.com\/wp-content\/uploads\/2025\/11\/Silicone-Ice-Cube-Tray-Manufacturer-3-600x600.webp 600w, https:\/\/www.xhplasticlife.com\/wp-content\/uploads\/2025\/11\/Silicone-Ice-Cube-Tray-Manufacturer-3-100x100.webp 100w\" sizes=\"(max-width: 800px) 100vw, 800px\" \/><\/figure>\n<\/div>\n<\/div>","protected":false},"excerpt":{"rendered":"<p>Willkommen zum Kauf unserer kreativen Silikon-Eisw\u00fcrfelschale mit Soft-Release-Material und einem stapelbaren Kunststoffdeckel. Als professioneller Hersteller von Silikon-Eisw\u00fcrfelschalen bieten wir kundenspezifische Silikon-Eisw\u00fcrfelschalen-Optionen, Fabrikpreise und OEM\/ODM-Unterst\u00fctzung f\u00fcr globale Gro\u00dfhandelskunden.<\/p>\n<h2>Kundenspezifische Silikon-Eisw\u00fcrfelschale Parameter:<\/h2>\n<ul>\n<li><strong>Markenname<\/strong>: Xinghui<\/li>\n<li><strong data-start=\"86\" data-end=\"99\">Material: <\/strong> PP+Silikon<\/li>\n<li><strong>Farbe<\/strong>: blau, rosa, gr\u00fcn, grau<\/li>\n<li><strong>Produktgr\u00f6\u00dfe:<\/strong>27*13cm<\/li>\n<li><strong>Bruttogewicht:<\/strong>19.5KG<\/li>\n<li><strong>Gr\u00f6\u00dfe des Kartons<\/strong>: 55,5\u00d728,5x66cm<\/li>\n<li><strong>Verpacken<\/strong>: OPP-Verpackung<\/li>\n<li><strong>Packungsnummer: <\/strong>100 St\u00fcck\/Ktn<\/li>\n<li><strong>OEM\/ODM<\/strong>: Verf\u00fcgbar<\/li>\n<li><strong>Kundenspezifische Option<\/strong>: Farbe\/Gr\u00f6\u00dfe\/Logo\/Verpackung<\/li>\n<\/ul>\n<h2>Von Daily Plasticware Hersteller :<\/h2>\n<p>Gegr\u00fcndet im Jahr 2000,\u00a0<a href=\"https:\/\/www.xhplasticlife.com\/de\/\"><strong>Xinghui<\/strong><\/a>\u00a0ist auf die Herstellung und den Gro\u00dfhandel von Lunchboxen, Lebensmittelbeh\u00e4ltern, Trinkgef\u00e4\u00dfen, Haushaltsbeh\u00e4ltern und anderen Kunststoffprodukten des t\u00e4glichen Bedarfs spezialisiert. Wir bieten OEM- &amp; ODM- und E-Commerce-Beschaffungsdienste f\u00fcr Kunden aus einer Hand.<\/p>","protected":false},"featured_media":1730,"comment_status":"closed","ping_status":"closed","template":"","meta":{"_acf_changed":false},"product_brand":[],"product_cat":[19],"product_tag":[],"class_list":{"0":"post-1723","1":"product","2":"type-product","3":"status-publish","4":"has-post-thumbnail","6":"product_cat-kitchen-storage-containers-wholesale","8":"first","9":"instock","10":"shipping-taxable","11":"product-type-simple"},"acf":[],"_links":{"self":[{"href":"https:\/\/www.xhplasticlife.com\/de\/wp-json\/wp\/v2\/product\/1723","targetHints":{"allow":["GET"]}}],"collection":[{"href":"https:\/\/www.xhplasticlife.com\/de\/wp-json\/wp\/v2\/product"}],"about":[{"href":"https:\/\/www.xhplasticlife.com\/de\/wp-json\/wp\/v2\/types\/product"}],"replies":[{"embeddable":true,"href":"https:\/\/www.xhplasticlife.com\/de\/wp-json\/wp\/v2\/comments?post=1723"}],"wp:featuredmedia":[{"embeddable":true,"href":"https:\/\/www.xhplasticlife.com\/de\/wp-json\/wp\/v2\/media\/1730"}],"wp:attachment":[{"href":"https:\/\/www.xhplasticlife.com\/de\/wp-json\/wp\/v2\/media?parent=1723"}],"wp:term":[{"taxonomy":"product_brand","embeddable":true,"href":"https:\/\/www.xhplasticlife.com\/de\/wp-json\/wp\/v2\/product_brand?post=1723"},{"taxonomy":"product_cat","embeddable":true,"href":"https:\/\/www.xhplasticlife.com\/de\/wp-json\/wp\/v2\/product_cat?post=1723"},{"taxonomy":"product_tag","embeddable":true,"href":"https:\/\/www.xhplasticlife.com\/de\/wp-json\/wp\/v2\/product_tag?post=1723"}],"curies":[{"name":"wp","href":"https:\/\/api.w.org\/{rel}","templated":true}]}}