{"id":1693,"date":"2025-11-13T02:23:41","date_gmt":"2025-11-13T02:23:41","guid":{"rendered":"https:\/\/www.xhplasticlife.com\/?post_type=product&#038;p=1693"},"modified":"2025-11-13T04:01:23","modified_gmt":"2025-11-13T04:01:23","slug":"double-layer-soap-holder-wholesale","status":"publish","type":"product","link":"https:\/\/www.xhplasticlife.com\/de\/produkt\/double-layer-soap-holder-wholesale\/","title":{"rendered":"Double Layer Seifenhalter Gro\u00dfhandel, benutzerdefinierte Kunststoff Seifenschale f\u00fcr Bad"},"content":{"rendered":"<div class=\"wp-block-columns is-layout-flex wp-container-core-columns-is-layout-9d6595d7 wp-block-columns-is-layout-flex\">\n<div class=\"wp-block-column is-layout-flow wp-block-column-is-layout-flow\">\n<h2 class=\"wp-block-heading\">Double Layer Seifenhalter Gro\u00dfhandel Merkmale:<\/h2>\n\n\n\n<ul class=\"wp-block-list\">\n<li><strong>Wandmontiertes Design: <\/strong>Ein professioneller Gro\u00dfh\u00e4ndler f\u00fcr doppellagige Seifenhalter erm\u00f6glicht eine einfache Wandmontage mit spurlosem Klebstoff; Bohren ist nicht erforderlich.<\/li>\n\n\n\n<li><strong>Dual-Layer-Speicher:<\/strong> Das platzsparende, zweistufige Design erm\u00f6glicht die bequeme Aufbewahrung von Seife, Schw\u00e4mmen oder kleinen Gegenst\u00e4nden.<\/li>\n\n\n\n<li><strong>Flexible Installation:<\/strong> Er kann horizontal oder vertikal installiert werden und passt sich so an unterschiedliche Badgrundrisse an.<\/li>\n\n\n\n<li><strong>Schnelle Entw\u00e4sserung:<\/strong> Die hohle Schalenstruktur sorgt f\u00fcr eine schnelle Entw\u00e4sserung und h\u00e4lt die Seife und ihren Halter trocken.<\/li>\n\n\n\n<li><strong>Starke Belastbarkeit: <\/strong>Strapazierf\u00e4higes Material tr\u00e4gt bis zu 5 kg und sorgt f\u00fcr eine lange Lebensdauer.<\/li>\n\n\n\n<li><strong>Kundenspezifische L\u00f6sungen<\/strong>: Wir bieten kundenspezifische Plastikseifenschalen f\u00fcr Badezimmer mit OEM\/ODM-Service und Direktpreisen an.<\/li>\n\n\n\n<li><strong>Umweltfreundliches Material:<\/strong> Hergestellt aus hochwertigem, BPA-freiem PP-Kunststoff, sicher und leicht zu reinigen.<\/li>\n<\/ul>\n<\/div>\n\n\n\n<div class=\"wp-block-column is-layout-flow wp-block-column-is-layout-flow\">\n<figure class=\"wp-block-image size-full\"><img decoding=\"async\" width=\"800\" height=\"800\" src=\"https:\/\/www.xhplasticlife.com\/wp-content\/uploads\/2025\/11\/Double-layer-Soap-Holder-Wholesale-Supplier-4.webp\" alt=\"Doppelschicht Seifenhalter Gro\u00dfhandel Lieferant (4)\" class=\"wp-image-1699\" srcset=\"https:\/\/www.xhplasticlife.com\/wp-content\/uploads\/2025\/11\/Double-layer-Soap-Holder-Wholesale-Supplier-4.webp 800w, https:\/\/www.xhplasticlife.com\/wp-content\/uploads\/2025\/11\/Double-layer-Soap-Holder-Wholesale-Supplier-4-300x300.webp 300w, https:\/\/www.xhplasticlife.com\/wp-content\/uploads\/2025\/11\/Double-layer-Soap-Holder-Wholesale-Supplier-4-150x150.webp 150w, https:\/\/www.xhplasticlife.com\/wp-content\/uploads\/2025\/11\/Double-layer-Soap-Holder-Wholesale-Supplier-4-768x768.webp 768w, https:\/\/www.xhplasticlife.com\/wp-content\/uploads\/2025\/11\/Double-layer-Soap-Holder-Wholesale-Supplier-4-12x12.webp 12w, https:\/\/www.xhplasticlife.com\/wp-content\/uploads\/2025\/11\/Double-layer-Soap-Holder-Wholesale-Supplier-4-600x600.webp 600w, https:\/\/www.xhplasticlife.com\/wp-content\/uploads\/2025\/11\/Double-layer-Soap-Holder-Wholesale-Supplier-4-100x100.webp 100w\" sizes=\"(max-width: 800px) 100vw, 800px\" \/><\/figure>\n<\/div>\n<\/div>\n\n\n\n<div class=\"wp-block-columns is-layout-flex wp-container-core-columns-is-layout-9d6595d7 wp-block-columns-is-layout-flex\">\n<div class=\"wp-block-column is-layout-flow wp-block-column-is-layout-flow\">\n<figure class=\"wp-block-image size-full\"><img decoding=\"async\" width=\"750\" height=\"938\" src=\"https:\/\/www.xhplasticlife.com\/wp-content\/uploads\/2025\/11\/Custom-Plastic-Soap-Dish-for-Bathroom_1.webp\" alt=\"Benutzerdefinierte Kunststoff-Seifenschale f\u00fcr Badezimmer_1\" class=\"wp-image-1696\" srcset=\"https:\/\/www.xhplasticlife.com\/wp-content\/uploads\/2025\/11\/Custom-Plastic-Soap-Dish-for-Bathroom_1.webp 750w, https:\/\/www.xhplasticlife.com\/wp-content\/uploads\/2025\/11\/Custom-Plastic-Soap-Dish-for-Bathroom_1-240x300.webp 240w, https:\/\/www.xhplasticlife.com\/wp-content\/uploads\/2025\/11\/Custom-Plastic-Soap-Dish-for-Bathroom_1-10x12.webp 10w, https:\/\/www.xhplasticlife.com\/wp-content\/uploads\/2025\/11\/Custom-Plastic-Soap-Dish-for-Bathroom_1-600x750.webp 600w\" sizes=\"(max-width: 750px) 100vw, 750px\" \/><\/figure>\n<\/div>\n\n\n\n<div class=\"wp-block-column is-layout-flow wp-block-column-is-layout-flow\">\n<figure class=\"wp-block-image size-full\"><img decoding=\"async\" width=\"750\" height=\"943\" src=\"https:\/\/www.xhplasticlife.com\/wp-content\/uploads\/2025\/11\/Custom-Plastic-Soap-Dish-for-Bathroom.webp\" alt=\"Individuelle Seifenschale aus Kunststoff f\u00fcr das Badezimmer\" class=\"wp-image-1695\" srcset=\"https:\/\/www.xhplasticlife.com\/wp-content\/uploads\/2025\/11\/Custom-Plastic-Soap-Dish-for-Bathroom.webp 750w, https:\/\/www.xhplasticlife.com\/wp-content\/uploads\/2025\/11\/Custom-Plastic-Soap-Dish-for-Bathroom-239x300.webp 239w, https:\/\/www.xhplasticlife.com\/wp-content\/uploads\/2025\/11\/Custom-Plastic-Soap-Dish-for-Bathroom-10x12.webp 10w, https:\/\/www.xhplasticlife.com\/wp-content\/uploads\/2025\/11\/Custom-Plastic-Soap-Dish-for-Bathroom-600x754.webp 600w\" sizes=\"(max-width: 750px) 100vw, 750px\" \/><\/figure>\n<\/div>\n<\/div>\n\n\n<div class=\"wp-block-image\">\n<figure class=\"aligncenter size-full is-resized\"><img decoding=\"async\" width=\"750\" height=\"462\" src=\"https:\/\/www.xhplasticlife.com\/wp-content\/uploads\/2025\/11\/Custom-Plastic-Soap-Dish-for-Bathroom-sizes.webp\" alt=\"Custom Plastic Seifenschale f\u00fcr Badezimmer - Gr\u00f6\u00dfen\" class=\"wp-image-1694\" style=\"width:750px;height:auto\" srcset=\"https:\/\/www.xhplasticlife.com\/wp-content\/uploads\/2025\/11\/Custom-Plastic-Soap-Dish-for-Bathroom-sizes.webp 750w, https:\/\/www.xhplasticlife.com\/wp-content\/uploads\/2025\/11\/Custom-Plastic-Soap-Dish-for-Bathroom-sizes-300x185.webp 300w, https:\/\/www.xhplasticlife.com\/wp-content\/uploads\/2025\/11\/Custom-Plastic-Soap-Dish-for-Bathroom-sizes-18x12.webp 18w, https:\/\/www.xhplasticlife.com\/wp-content\/uploads\/2025\/11\/Custom-Plastic-Soap-Dish-for-Bathroom-sizes-600x370.webp 600w\" sizes=\"(max-width: 750px) 100vw, 750px\" \/><\/figure>\n<\/div>\n\n\n<div class=\"wp-block-columns is-layout-flex wp-container-core-columns-is-layout-9d6595d7 wp-block-columns-is-layout-flex\">\n<div class=\"wp-block-column is-layout-flow wp-block-column-is-layout-flow\"><div class=\"wp-block-image\">\n<figure class=\"aligncenter size-full\"><img decoding=\"async\" width=\"800\" height=\"800\" src=\"https:\/\/www.xhplasticlife.com\/wp-content\/uploads\/2025\/11\/white-Double-layer-Soap-Holder-Wholesale.webp\" alt=\"wei\u00df - Doppelschicht Seifenhalter Gro\u00dfhandel\" class=\"wp-image-1705\" srcset=\"https:\/\/www.xhplasticlife.com\/wp-content\/uploads\/2025\/11\/white-Double-layer-Soap-Holder-Wholesale.webp 800w, https:\/\/www.xhplasticlife.com\/wp-content\/uploads\/2025\/11\/white-Double-layer-Soap-Holder-Wholesale-300x300.webp 300w, https:\/\/www.xhplasticlife.com\/wp-content\/uploads\/2025\/11\/white-Double-layer-Soap-Holder-Wholesale-150x150.webp 150w, https:\/\/www.xhplasticlife.com\/wp-content\/uploads\/2025\/11\/white-Double-layer-Soap-Holder-Wholesale-768x768.webp 768w, https:\/\/www.xhplasticlife.com\/wp-content\/uploads\/2025\/11\/white-Double-layer-Soap-Holder-Wholesale-12x12.webp 12w, https:\/\/www.xhplasticlife.com\/wp-content\/uploads\/2025\/11\/white-Double-layer-Soap-Holder-Wholesale-600x600.webp 600w, https:\/\/www.xhplasticlife.com\/wp-content\/uploads\/2025\/11\/white-Double-layer-Soap-Holder-Wholesale-100x100.webp 100w\" sizes=\"(max-width: 800px) 100vw, 800px\" \/><figcaption class=\"wp-element-caption\">Wei\u00dfer doppellagiger Seifenhalter<\/figcaption><\/figure>\n<\/div><\/div>\n\n\n\n<div class=\"wp-block-column is-layout-flow wp-block-column-is-layout-flow\"><div class=\"wp-block-image\">\n<figure class=\"aligncenter size-full\"><img decoding=\"async\" width=\"800\" height=\"800\" src=\"https:\/\/www.xhplasticlife.com\/wp-content\/uploads\/2025\/11\/khaki-Double-layer-Soap-Holder-Wholesale.webp\" alt=\"khaki - Doppellagiger Seifenhalter Gro\u00dfhandel\" class=\"wp-image-1704\" srcset=\"https:\/\/www.xhplasticlife.com\/wp-content\/uploads\/2025\/11\/khaki-Double-layer-Soap-Holder-Wholesale.webp 800w, https:\/\/www.xhplasticlife.com\/wp-content\/uploads\/2025\/11\/khaki-Double-layer-Soap-Holder-Wholesale-300x300.webp 300w, https:\/\/www.xhplasticlife.com\/wp-content\/uploads\/2025\/11\/khaki-Double-layer-Soap-Holder-Wholesale-150x150.webp 150w, https:\/\/www.xhplasticlife.com\/wp-content\/uploads\/2025\/11\/khaki-Double-layer-Soap-Holder-Wholesale-768x768.webp 768w, https:\/\/www.xhplasticlife.com\/wp-content\/uploads\/2025\/11\/khaki-Double-layer-Soap-Holder-Wholesale-12x12.webp 12w, https:\/\/www.xhplasticlife.com\/wp-content\/uploads\/2025\/11\/khaki-Double-layer-Soap-Holder-Wholesale-600x600.webp 600w, https:\/\/www.xhplasticlife.com\/wp-content\/uploads\/2025\/11\/khaki-Double-layer-Soap-Holder-Wholesale-100x100.webp 100w\" sizes=\"(max-width: 800px) 100vw, 800px\" \/><figcaption class=\"wp-element-caption\">Khaki Double Layer Seifenhalter<\/figcaption><\/figure>\n<\/div><\/div>\n\n\n\n<div class=\"wp-block-column is-layout-flow wp-block-column-is-layout-flow\"><div class=\"wp-block-image\">\n<figure class=\"aligncenter size-full\"><img decoding=\"async\" width=\"800\" height=\"800\" src=\"https:\/\/www.xhplasticlife.com\/wp-content\/uploads\/2025\/11\/gray-Double-layer-Soap-Holder-Wholesale.webp\" alt=\"grau - Doppelschicht Seifenhalter Gro\u00dfhandel\" class=\"wp-image-1703\" srcset=\"https:\/\/www.xhplasticlife.com\/wp-content\/uploads\/2025\/11\/gray-Double-layer-Soap-Holder-Wholesale.webp 800w, https:\/\/www.xhplasticlife.com\/wp-content\/uploads\/2025\/11\/gray-Double-layer-Soap-Holder-Wholesale-300x300.webp 300w, https:\/\/www.xhplasticlife.com\/wp-content\/uploads\/2025\/11\/gray-Double-layer-Soap-Holder-Wholesale-150x150.webp 150w, https:\/\/www.xhplasticlife.com\/wp-content\/uploads\/2025\/11\/gray-Double-layer-Soap-Holder-Wholesale-768x768.webp 768w, https:\/\/www.xhplasticlife.com\/wp-content\/uploads\/2025\/11\/gray-Double-layer-Soap-Holder-Wholesale-12x12.webp 12w, https:\/\/www.xhplasticlife.com\/wp-content\/uploads\/2025\/11\/gray-Double-layer-Soap-Holder-Wholesale-600x600.webp 600w, https:\/\/www.xhplasticlife.com\/wp-content\/uploads\/2025\/11\/gray-Double-layer-Soap-Holder-Wholesale-100x100.webp 100w\" sizes=\"(max-width: 800px) 100vw, 800px\" \/><figcaption class=\"wp-element-caption\">Grauer doppellagiger Seifenhalter<\/figcaption><\/figure>\n<\/div><\/div>\n<\/div>","protected":false},"excerpt":{"rendered":"<div class=\"flex max-w-full flex-col grow\">\n<div class=\"min-h-8 text-message relative flex w-full flex-col items-end gap-2 text-start break-words whitespace-normal [.text-message+&amp;]:mt-1\" dir=\"auto\" data-message-author-role=\"assistant\" data-message-id=\"ff9c6eb7-3d1c-49f0-9b3c-ba6532e7f15a\" data-message-model-slug=\"gpt-5\">\n<div class=\"flex w-full flex-col gap-1 empty:hidden first:pt-[1px]\">\n<div class=\"markdown prose dark:prose-invert w-full break-words light markdown-new-styling\">\n<p data-start=\"1153\" data-end=\"1423\" data-is-last-node=\"\" data-is-only-node=\"\">Willkommen zum Kauf unserer doppelten Schicht Seifenhalter Gro\u00dfhandel, mit einem Schlag-freie Wandmontage, zweischichtige Design und starke Belastbarkeit. Diese Masse benutzerdefinierte Kunststoff-Seifenschale f\u00fcr Bad h\u00e4lt Seife trocken, spart Platz und bietet dauerhafte, moderne Bequemlichkeit zu Fabrikpreisen.<\/p>\n<\/div>\n<\/div>\n<\/div>\n<\/div>\n<h2>Doppelschichtiger Seifenhalter Parameter:<\/h2>\n<ul>\n<li><strong>Markenname<\/strong>: <a href=\"https:\/\/www.xhplasticlife.com\/de\/\"><strong>Xinghui<\/strong><\/a><\/li>\n<li><strong>Modell<\/strong>: 8843<\/li>\n<li><strong>Material<\/strong>: HIPS<\/li>\n<li><strong>Farbe<\/strong>: wei\u00df, grau, khaki<\/li>\n<li><strong>Gewicht:<\/strong> 216.5G<\/li>\n<li><strong>Bruttogewicht:\u00a0<\/strong>18,8 kg<\/li>\n<li><strong>Gr\u00f6\u00dfe des Kartons<\/strong>: 71x38x49cm<\/li>\n<li><strong>Packungsnummer:<\/strong>80 St\u00fcck\/ctn<\/li>\n<li><strong>OEM\/ODM<\/strong>: Verf\u00fcgbar<\/li>\n<li><strong>Kundenspezifische Option<\/strong>: Farbe\/Gr\u00f6\u00dfe\/Logo\/Verpackung<\/li>\n<\/ul>\n<h2>Von <a href=\"https:\/\/www.xhplasticlife.com\/de\/produkt-kategorie\/home-storage-containers-wholesaler\/\">Haus Lagerung Container Hersteller<\/a> :<\/h2>\n<p>Gegr\u00fcndet im Jahr 2000,\u00a0<a href=\"https:\/\/www.xhplasticlife.com\/de\/\"><strong>Xinghui<\/strong><\/a>\u00a0ist spezialisiert auf die Herstellung und den Gro\u00dfhandel von Brotdosen, Lebensmittelbeh\u00e4ltern, Trinkgef\u00e4\u00dfen, Haushaltsbeh\u00e4ltern und anderen Kunststoffprodukten des t\u00e4glichen Bedarfs. Wir bieten alles aus einer Hand <strong><em><a href=\"https:\/\/www.xhplasticlife.com\/de\/custom-food-storage-containers\/\">OEM &amp; ODM<\/a><\/em><\/strong> und <strong><em><a href=\"https:\/\/www.xhplasticlife.com\/de\/e-commerce-service\/\">Dienstleistungen f\u00fcr die Beschaffung im elektronischen Gesch\u00e4ftsverkehr<\/a><\/em><\/strong> f\u00fcr Kunden.<\/p>","protected":false},"featured_media":1697,"comment_status":"closed","ping_status":"closed","template":"","meta":{"_acf_changed":false},"product_brand":[],"product_cat":[21],"product_tag":[],"class_list":{"0":"post-1693","1":"product","2":"type-product","3":"status-publish","4":"has-post-thumbnail","6":"product_cat-home-storage-containers-wholesaler","8":"first","9":"instock","10":"shipping-taxable","11":"product-type-simple"},"acf":[],"_links":{"self":[{"href":"https:\/\/www.xhplasticlife.com\/de\/wp-json\/wp\/v2\/product\/1693","targetHints":{"allow":["GET"]}}],"collection":[{"href":"https:\/\/www.xhplasticlife.com\/de\/wp-json\/wp\/v2\/product"}],"about":[{"href":"https:\/\/www.xhplasticlife.com\/de\/wp-json\/wp\/v2\/types\/product"}],"replies":[{"embeddable":true,"href":"https:\/\/www.xhplasticlife.com\/de\/wp-json\/wp\/v2\/comments?post=1693"}],"wp:featuredmedia":[{"embeddable":true,"href":"https:\/\/www.xhplasticlife.com\/de\/wp-json\/wp\/v2\/media\/1697"}],"wp:attachment":[{"href":"https:\/\/www.xhplasticlife.com\/de\/wp-json\/wp\/v2\/media?parent=1693"}],"wp:term":[{"taxonomy":"product_brand","embeddable":true,"href":"https:\/\/www.xhplasticlife.com\/de\/wp-json\/wp\/v2\/product_brand?post=1693"},{"taxonomy":"product_cat","embeddable":true,"href":"https:\/\/www.xhplasticlife.com\/de\/wp-json\/wp\/v2\/product_cat?post=1693"},{"taxonomy":"product_tag","embeddable":true,"href":"https:\/\/www.xhplasticlife.com\/de\/wp-json\/wp\/v2\/product_tag?post=1693"}],"curies":[{"name":"wp","href":"https:\/\/api.w.org\/{rel}","templated":true}]}}