{"id":1683,"date":"2025-11-13T00:54:21","date_gmt":"2025-11-13T00:54:21","guid":{"rendered":"https:\/\/www.xhplasticlife.com\/?post_type=product&#038;p=1683"},"modified":"2025-11-13T02:15:03","modified_gmt":"2025-11-13T02:15:03","slug":"punch-free-soap-dish-manufacturer","status":"publish","type":"product","link":"https:\/\/www.xhplasticlife.com\/de\/produkt\/punch-free-soap-dish-manufacturer\/","title":{"rendered":"Punch-Free Seifenschale Hersteller, Bulk Plastic Seifenhalter mit Drain"},"content":{"rendered":"<div class=\"wp-block-columns is-layout-flex wp-container-core-columns-is-layout-9d6595d7 wp-block-columns-is-layout-flex\">\n<div class=\"wp-block-column is-layout-flow wp-block-column-is-layout-flow\">\n<h2 class=\"wp-block-heading\">Gro\u00dfhandel Punch-Free Seifenschale Merkmale:<\/h2>\n\n\n\n<ul class=\"wp-block-list\">\n<li><strong>Einfache Installation<\/strong> - Als professioneller Hersteller von stanzfreien Seifenschalen bieten wir wandmontierte Seifenhalter an, die einfach mit spurlosem Klebstoff angebracht werden k\u00f6nnen - kein Bohren erforderlich.<\/li>\n\n\n\n<li><strong>Schnellablass-Design<\/strong> - Die hohle Schale sorgt f\u00fcr eine schnelle Entw\u00e4sserung, h\u00e4lt die Seife trocken und verl\u00e4ngert ihre Lebensdauer.<\/li>\n\n\n\n<li><strong>Schubladen-Wasserschale<\/strong> - Die abnehmbare, verschiebbare Wasserschale verhindert Wasseransammlungen und h\u00e4lt die Arbeitsfl\u00e4che sauber.<\/li>\n\n\n\n<li><strong>Starke Belastbarkeit<\/strong> - Langlebiges Design kann bis zu 5 kg halten, geeignet f\u00fcr verschiedene Seifengr\u00f6\u00dfen.<\/li>\n\n\n\n<li><strong>Hochwertiges Material<\/strong> - Hergestellt aus hochwertigem PP-Kunststoff, sicher, robust und leicht zu reinigen.<\/li>\n\n\n\n<li><strong>Lieferung in gro\u00dfen Mengen<\/strong> - Wir bieten <strong>Seifenhalter aus Kunststoff mit Ablauf<\/strong> zu Fabrikpreisen, mit Unterst\u00fctzung f\u00fcr kundenspezifische Anpassungen und OEM\/ODM-Dienste.<\/li>\n<\/ul>\n<\/div>\n\n\n\n<div class=\"wp-block-column is-layout-flow wp-block-column-is-layout-flow\">\n<figure class=\"wp-block-image size-full\"><img decoding=\"async\" width=\"750\" height=\"750\" src=\"https:\/\/www.xhplasticlife.com\/wp-content\/uploads\/2025\/11\/Bulk-Plastic-Soap-Holder-with-Drain-2.webp\" alt=\"Seifenhalter aus Kunststoff mit Abfluss (2)\" class=\"wp-image-1685\" srcset=\"https:\/\/www.xhplasticlife.com\/wp-content\/uploads\/2025\/11\/Bulk-Plastic-Soap-Holder-with-Drain-2.webp 750w, https:\/\/www.xhplasticlife.com\/wp-content\/uploads\/2025\/11\/Bulk-Plastic-Soap-Holder-with-Drain-2-300x300.webp 300w, https:\/\/www.xhplasticlife.com\/wp-content\/uploads\/2025\/11\/Bulk-Plastic-Soap-Holder-with-Drain-2-150x150.webp 150w, https:\/\/www.xhplasticlife.com\/wp-content\/uploads\/2025\/11\/Bulk-Plastic-Soap-Holder-with-Drain-2-12x12.webp 12w, https:\/\/www.xhplasticlife.com\/wp-content\/uploads\/2025\/11\/Bulk-Plastic-Soap-Holder-with-Drain-2-600x600.webp 600w, https:\/\/www.xhplasticlife.com\/wp-content\/uploads\/2025\/11\/Bulk-Plastic-Soap-Holder-with-Drain-2-100x100.webp 100w\" sizes=\"(max-width: 750px) 100vw, 750px\" \/><\/figure>\n<\/div>\n<\/div>\n\n\n<div class=\"wp-block-image\">\n<figure class=\"aligncenter size-full\"><img decoding=\"async\" width=\"750\" height=\"298\" src=\"https:\/\/www.xhplasticlife.com\/wp-content\/uploads\/2025\/11\/Punch-Free-Soap-Dish-Manufacturer-Sizes.webp\" alt=\"Seifenschale ohne Lochung Hersteller - Gr\u00f6\u00dfen\" class=\"wp-image-1687\" srcset=\"https:\/\/www.xhplasticlife.com\/wp-content\/uploads\/2025\/11\/Punch-Free-Soap-Dish-Manufacturer-Sizes.webp 750w, https:\/\/www.xhplasticlife.com\/wp-content\/uploads\/2025\/11\/Punch-Free-Soap-Dish-Manufacturer-Sizes-300x119.webp 300w, https:\/\/www.xhplasticlife.com\/wp-content\/uploads\/2025\/11\/Punch-Free-Soap-Dish-Manufacturer-Sizes-18x7.webp 18w, https:\/\/www.xhplasticlife.com\/wp-content\/uploads\/2025\/11\/Punch-Free-Soap-Dish-Manufacturer-Sizes-600x238.webp 600w\" sizes=\"(max-width: 750px) 100vw, 750px\" \/><\/figure>\n<\/div>","protected":false},"excerpt":{"rendered":"<div class=\"flex max-w-full flex-col grow\">\n<div class=\"min-h-8 text-message relative flex w-full flex-col items-end gap-2 text-start break-words whitespace-normal [.text-message+&amp;]:mt-1\" dir=\"auto\" data-message-author-role=\"assistant\" data-message-id=\"ff9c6eb7-3d1c-49f0-9b3c-ba6532e7f15a\" data-message-model-slug=\"gpt-5\">\n<div class=\"flex w-full flex-col gap-1 empty:hidden first:pt-[1px]\">\n<div class=\"markdown prose dark:prose-invert w-full break-words light markdown-new-styling\">\n<p data-start=\"1153\" data-end=\"1423\" data-is-last-node=\"\" data-is-only-node=\"\">Willkommen beim Kauf unserer Seifenschale ohne Stanzung, die sich durch eine hohle Abflussschale, eine stark haftende Wandhalterung und ein schubladenartiges Design auszeichnet. Dieser Seifenhalter aus Kunststoff mit Abfluss h\u00e4lt die Seife trocken, ist langlebig und einfach zu installieren - perfekt f\u00fcr moderne Badezimmer.<\/p>\n<\/div>\n<\/div>\n<\/div>\n<\/div>\n<h2>Seifenschale ohne Lochung Parameter:<\/h2>\n<ul>\n<li><strong>Markenname<\/strong>: <a href=\"https:\/\/www.xhplasticlife.com\/de\/\"><strong>Xinghui<\/strong><\/a><\/li>\n<li><strong>Modell<\/strong>: 8842<\/li>\n<li><strong>Material<\/strong>: HIPS<\/li>\n<li><strong>Farbe<\/strong>: wei\u00df, grau, khaki<\/li>\n<li><strong>Gewicht:<\/strong> 93.5G<\/li>\n<li><strong>Bruttogewicht:\u00a0<\/strong>16,5 kg<\/li>\n<li><strong>Gr\u00f6\u00dfe des Kartons<\/strong>: 70x33x44cm<\/li>\n<li><strong>Packungsnummer:<\/strong>160 St\u00fcck\/ctn<\/li>\n<li><strong>OEM\/ODM<\/strong>: Verf\u00fcgbar<\/li>\n<li><strong>Kundenspezifische Option<\/strong>: Farbe\/Gr\u00f6\u00dfe\/Logo\/Verpackung<\/li>\n<\/ul>\n<h2>Von der Seifenschale<a href=\"https:\/\/www.xhplasticlife.com\/de\/\">\u00a0Hersteller<\/a> :<\/h2>\n<p>Gegr\u00fcndet im Jahr 2000,\u00a0<a href=\"https:\/\/www.xhplasticlife.com\/de\/\"><strong>Xinghui<\/strong><\/a>\u00a0ist spezialisiert auf die Herstellung und den Gro\u00dfhandel von Brotdosen, Lebensmittelbeh\u00e4ltern, Trinkgef\u00e4\u00dfen, Haushaltsbeh\u00e4ltern und anderen Kunststoffprodukten des t\u00e4glichen Bedarfs. Wir bieten alles aus einer Hand <strong><em><a href=\"https:\/\/www.xhplasticlife.com\/de\/custom-food-storage-containers\/\">OEM &amp; ODM<\/a><\/em><\/strong> und <strong><em><a href=\"https:\/\/www.xhplasticlife.com\/de\/e-commerce-service\/\">Dienstleistungen f\u00fcr die Beschaffung im elektronischen Gesch\u00e4ftsverkehr<\/a><\/em><\/strong> f\u00fcr Kunden.<\/p>","protected":false},"featured_media":1690,"comment_status":"closed","ping_status":"closed","template":"","meta":{"_acf_changed":false},"product_brand":[],"product_cat":[21],"product_tag":[],"class_list":{"0":"post-1683","1":"product","2":"type-product","3":"status-publish","4":"has-post-thumbnail","6":"product_cat-home-storage-containers-wholesaler","8":"first","9":"instock","10":"shipping-taxable","11":"product-type-simple"},"acf":[],"_links":{"self":[{"href":"https:\/\/www.xhplasticlife.com\/de\/wp-json\/wp\/v2\/product\/1683","targetHints":{"allow":["GET"]}}],"collection":[{"href":"https:\/\/www.xhplasticlife.com\/de\/wp-json\/wp\/v2\/product"}],"about":[{"href":"https:\/\/www.xhplasticlife.com\/de\/wp-json\/wp\/v2\/types\/product"}],"replies":[{"embeddable":true,"href":"https:\/\/www.xhplasticlife.com\/de\/wp-json\/wp\/v2\/comments?post=1683"}],"wp:featuredmedia":[{"embeddable":true,"href":"https:\/\/www.xhplasticlife.com\/de\/wp-json\/wp\/v2\/media\/1690"}],"wp:attachment":[{"href":"https:\/\/www.xhplasticlife.com\/de\/wp-json\/wp\/v2\/media?parent=1683"}],"wp:term":[{"taxonomy":"product_brand","embeddable":true,"href":"https:\/\/www.xhplasticlife.com\/de\/wp-json\/wp\/v2\/product_brand?post=1683"},{"taxonomy":"product_cat","embeddable":true,"href":"https:\/\/www.xhplasticlife.com\/de\/wp-json\/wp\/v2\/product_cat?post=1683"},{"taxonomy":"product_tag","embeddable":true,"href":"https:\/\/www.xhplasticlife.com\/de\/wp-json\/wp\/v2\/product_tag?post=1683"}],"curies":[{"name":"wp","href":"https:\/\/api.w.org\/{rel}","templated":true}]}}