{"id":1672,"date":"2025-11-12T10:11:10","date_gmt":"2025-11-12T10:11:10","guid":{"rendered":"https:\/\/www.xhplasticlife.com\/?post_type=product&#038;p=1672"},"modified":"2025-11-12T18:04:22","modified_gmt":"2025-11-12T18:04:22","slug":"newest-design-soap-dish-wholesale","status":"publish","type":"product","link":"https:\/\/www.xhplasticlife.com\/de\/produkt\/newest-design-soap-dish-wholesale\/","title":{"rendered":"Neuestes Design Seife Gericht Gro\u00dfhandel, Bulk Kunststoff Seife Box Lagerung f\u00fcr Hotel Bad"},"content":{"rendered":"<div class=\"wp-block-columns is-layout-flex wp-container-core-columns-is-layout-9d6595d7 wp-block-columns-is-layout-flex\">\n<div class=\"wp-block-column is-layout-flow wp-block-column-is-layout-flow\">\n<h2 class=\"wp-block-heading\">Plastikseifenschale Gro\u00dfhandel Merkmale:<\/h2>\n\n\n\n<ul class=\"wp-block-list\">\n<li><strong>Modernes und praktisches Design:<\/strong> Das neueste Design der Seifenschale Gro\u00dfhandel, die Eleganz mit Funktionalit\u00e4t kombiniert, ist perfekt f\u00fcr ein Hotel Bad oder zu Hause verwenden.<\/li>\n\n\n\n<li><strong>Langlebiges, umweltfreundliches Material:<\/strong> Der hochwertige, BPA-freie PP-Kunststoff, aus dem das Produkt besteht, gew\u00e4hrleistet eine langfristige Nutzung und Sicherheit.<\/li>\n\n\n\n<li><strong>Doppellagige Auffangwanne:<\/strong> Die obere Schicht leitet das Wasser schnell ab, die untere f\u00e4ngt das Wasser auf und h\u00e4lt die Arbeitsplatten trocken und sauber.<\/li>\n\n\n\n<li><strong>Sicheres Design des Deckels: <\/strong>Sie wird mit einem passenden Deckel geliefert, der die Seife vor Staub und Feuchtigkeit sch\u00fctzt.<\/li>\n\n\n\n<li><strong>Glatt und tragbar: <\/strong>Unsere minimalistische Seifenschale aus Kunststoff ist leicht und einfach zu transportieren, geeignet f\u00fcr Reisen oder als Hotelausstattung.<\/li>\n\n\n\n<li><strong>Benutzerdefinierte &amp; Bulk-Optionen:<\/strong> Wir bieten OEM\/ODM Seifenkisten aus Kunststoff zum Fabrikpreis mit kostenlosen Mustern f\u00fcr Gesch\u00e4ftspartner an.<\/li>\n<\/ul>\n<\/div>\n\n\n\n<div class=\"wp-block-column is-layout-flow wp-block-column-is-layout-flow\">\n<figure class=\"wp-block-image size-full\"><img decoding=\"async\" width=\"750\" height=\"750\" src=\"https:\/\/www.xhplasticlife.com\/wp-content\/uploads\/2025\/11\/Custom-Wholesale-Plastic-Soap-Dish-.webp\" alt=\"Benutzerdefinierte Gro\u00dfhandel Kunststoff Seife Sch\u00fcssel\" class=\"wp-image-1678\" srcset=\"https:\/\/www.xhplasticlife.com\/wp-content\/uploads\/2025\/11\/Custom-Wholesale-Plastic-Soap-Dish-.webp 750w, https:\/\/www.xhplasticlife.com\/wp-content\/uploads\/2025\/11\/Custom-Wholesale-Plastic-Soap-Dish--300x300.webp 300w, https:\/\/www.xhplasticlife.com\/wp-content\/uploads\/2025\/11\/Custom-Wholesale-Plastic-Soap-Dish--150x150.webp 150w, https:\/\/www.xhplasticlife.com\/wp-content\/uploads\/2025\/11\/Custom-Wholesale-Plastic-Soap-Dish--12x12.webp 12w, https:\/\/www.xhplasticlife.com\/wp-content\/uploads\/2025\/11\/Custom-Wholesale-Plastic-Soap-Dish--600x600.webp 600w, https:\/\/www.xhplasticlife.com\/wp-content\/uploads\/2025\/11\/Custom-Wholesale-Plastic-Soap-Dish--100x100.webp 100w\" sizes=\"(max-width: 750px) 100vw, 750px\" \/><\/figure>\n<\/div>\n<\/div>\n\n\n\n<div class=\"wp-block-columns is-layout-flex wp-container-core-columns-is-layout-9d6595d7 wp-block-columns-is-layout-flex\">\n<div class=\"wp-block-column is-layout-flow wp-block-column-is-layout-flow\" style=\"flex-basis:60%\">\n<figure class=\"wp-block-image size-full\"><img decoding=\"async\" width=\"750\" height=\"538\" src=\"https:\/\/www.xhplasticlife.com\/wp-content\/uploads\/2025\/11\/Plastic-Soap-Dish-Wholesale-Color.webp\" alt=\"Plastikseifenschale Gro\u00dfhandel - Farbe\" class=\"wp-image-1680\" srcset=\"https:\/\/www.xhplasticlife.com\/wp-content\/uploads\/2025\/11\/Plastic-Soap-Dish-Wholesale-Color.webp 750w, https:\/\/www.xhplasticlife.com\/wp-content\/uploads\/2025\/11\/Plastic-Soap-Dish-Wholesale-Color-300x215.webp 300w, https:\/\/www.xhplasticlife.com\/wp-content\/uploads\/2025\/11\/Plastic-Soap-Dish-Wholesale-Color-18x12.webp 18w, https:\/\/www.xhplasticlife.com\/wp-content\/uploads\/2025\/11\/Plastic-Soap-Dish-Wholesale-Color-600x430.webp 600w\" sizes=\"(max-width: 750px) 100vw, 750px\" \/><\/figure>\n<\/div>\n\n\n\n<div class=\"wp-block-column is-layout-flow wp-block-column-is-layout-flow\">\n<figure class=\"wp-block-image size-full\"><img decoding=\"async\" width=\"750\" height=\"750\" src=\"https:\/\/www.xhplasticlife.com\/wp-content\/uploads\/2025\/11\/Plastic-Soap-Dish-Wholesale-Sizes.webp\" alt=\"Plastikseifenschale Gro\u00dfhandel - Gr\u00f6\u00dfen\" class=\"wp-image-1681\" srcset=\"https:\/\/www.xhplasticlife.com\/wp-content\/uploads\/2025\/11\/Plastic-Soap-Dish-Wholesale-Sizes.webp 750w, https:\/\/www.xhplasticlife.com\/wp-content\/uploads\/2025\/11\/Plastic-Soap-Dish-Wholesale-Sizes-300x300.webp 300w, https:\/\/www.xhplasticlife.com\/wp-content\/uploads\/2025\/11\/Plastic-Soap-Dish-Wholesale-Sizes-150x150.webp 150w, https:\/\/www.xhplasticlife.com\/wp-content\/uploads\/2025\/11\/Plastic-Soap-Dish-Wholesale-Sizes-12x12.webp 12w, https:\/\/www.xhplasticlife.com\/wp-content\/uploads\/2025\/11\/Plastic-Soap-Dish-Wholesale-Sizes-600x600.webp 600w, https:\/\/www.xhplasticlife.com\/wp-content\/uploads\/2025\/11\/Plastic-Soap-Dish-Wholesale-Sizes-100x100.webp 100w\" sizes=\"(max-width: 750px) 100vw, 750px\" \/><\/figure>\n<\/div>\n<\/div>\n\n\n\n<p><\/p>","protected":false},"excerpt":{"rendered":"<p>Willkommen zum Kauf unserer neuesten Design-Seifenschale Gro\u00dfhandel, aus umweltfreundlichem PP-Material mit einer Ablaufschale und sicheren Deckel gemacht. Diese gro\u00dfe Kunststoff-Seifenbox Lagerung h\u00e4lt Seife trocken, sauber und stilvoll-Ideal f\u00fcr Hotels, B\u00e4der und Reisen zu Fabrik-Direktpreisen verwenden.<\/p>\n<h2>Gro\u00dfhandel Kunststoff Seifenschale Parameter:<\/h2>\n<ul>\n<li><strong>Markenname<\/strong>: <a href=\"https:\/\/www.xhplasticlife.com\/de\/\"><strong>Xinghui<\/strong><\/a><\/li>\n<li><strong>Modell<\/strong>: XS3625<\/li>\n<li><strong>Material<\/strong>: PP<\/li>\n<li><strong>Farbe<\/strong>: dunkelblau, dunkelgr\u00fcn, grau, orange<\/li>\n<li><strong>Gewicht:<\/strong> 62G<\/li>\n<li><strong>Bruttogewicht:\u00a0<\/strong>18,3 kg<\/li>\n<li><strong>Gr\u00f6\u00dfe des Kartons<\/strong>: 57\u00d745.5x46cm<\/li>\n<li><strong>Packungsnummer: <\/strong>240 St\u00fcck\/ctn<\/li>\n<li><strong>OEM\/ODM<\/strong>: Verf\u00fcgbar<\/li>\n<li><strong>Kundenspezifische Option<\/strong>: Farbe\/Gr\u00f6\u00dfe\/Logo\/Verpackung<\/li>\n<\/ul>\n<h2>Von <a href=\"https:\/\/www.xhplasticlife.com\/de\/\">T\u00e4gliches Plastikgeschirr Hersteller<\/a> :<\/h2>\n<p>Gegr\u00fcndet im Jahr 2000,\u00a0<a href=\"https:\/\/www.xhplasticlife.com\/de\/\"><strong>Xinghui<\/strong><\/a>\u00a0ist spezialisiert auf die Herstellung und den Gro\u00dfhandel von Brotdosen, Lebensmittelbeh\u00e4ltern, Trinkgef\u00e4\u00dfen, Haushaltsbeh\u00e4ltern und anderen Kunststoffprodukten des t\u00e4glichen Bedarfs. Wir bieten alles aus einer Hand <strong><em><a href=\"https:\/\/www.xhplasticlife.com\/de\/custom-food-storage-containers\/\">OEM &amp; ODM<\/a><\/em><\/strong> und <strong><em><a href=\"https:\/\/www.xhplasticlife.com\/de\/e-commerce-service\/\">Dienstleistungen f\u00fcr die Beschaffung im elektronischen Gesch\u00e4ftsverkehr<\/a><\/em><\/strong> f\u00fcr Kunden.<\/p>","protected":false},"featured_media":1675,"comment_status":"closed","ping_status":"closed","template":"","meta":{"_acf_changed":false},"product_brand":[],"product_cat":[21],"product_tag":[],"class_list":{"0":"post-1672","1":"product","2":"type-product","3":"status-publish","4":"has-post-thumbnail","6":"product_cat-home-storage-containers-wholesaler","8":"first","9":"instock","10":"shipping-taxable","11":"product-type-simple"},"acf":[],"_links":{"self":[{"href":"https:\/\/www.xhplasticlife.com\/de\/wp-json\/wp\/v2\/product\/1672","targetHints":{"allow":["GET"]}}],"collection":[{"href":"https:\/\/www.xhplasticlife.com\/de\/wp-json\/wp\/v2\/product"}],"about":[{"href":"https:\/\/www.xhplasticlife.com\/de\/wp-json\/wp\/v2\/types\/product"}],"replies":[{"embeddable":true,"href":"https:\/\/www.xhplasticlife.com\/de\/wp-json\/wp\/v2\/comments?post=1672"}],"wp:featuredmedia":[{"embeddable":true,"href":"https:\/\/www.xhplasticlife.com\/de\/wp-json\/wp\/v2\/media\/1675"}],"wp:attachment":[{"href":"https:\/\/www.xhplasticlife.com\/de\/wp-json\/wp\/v2\/media?parent=1672"}],"wp:term":[{"taxonomy":"product_brand","embeddable":true,"href":"https:\/\/www.xhplasticlife.com\/de\/wp-json\/wp\/v2\/product_brand?post=1672"},{"taxonomy":"product_cat","embeddable":true,"href":"https:\/\/www.xhplasticlife.com\/de\/wp-json\/wp\/v2\/product_cat?post=1672"},{"taxonomy":"product_tag","embeddable":true,"href":"https:\/\/www.xhplasticlife.com\/de\/wp-json\/wp\/v2\/product_tag?post=1672"}],"curies":[{"name":"wp","href":"https:\/\/api.w.org\/{rel}","templated":true}]}}