{"id":1662,"date":"2025-11-12T09:22:03","date_gmt":"2025-11-12T09:22:03","guid":{"rendered":"https:\/\/www.xhplasticlife.com\/?post_type=product&#038;p=1662"},"modified":"2025-11-12T10:06:57","modified_gmt":"2025-11-12T10:06:57","slug":"plastic-soap-dish-wholesale","status":"publish","type":"product","link":"https:\/\/www.xhplasticlife.com\/de\/produkt\/plastic-soap-dish-wholesale\/","title":{"rendered":"Kunststoff Seifenschale Gro\u00dfhandel, Bulk Seife Lagerung Halter mit Drain Tray und Deckel"},"content":{"rendered":"<div class=\"wp-block-columns is-layout-flex wp-container-core-columns-is-layout-9d6595d7 wp-block-columns-is-layout-flex\">\n<div class=\"wp-block-column is-layout-flow wp-block-column-is-layout-flow\">\n<h2 class=\"wp-block-heading\">Plastikseifenschale Gro\u00dfhandel Merkmale:<\/h2>\n\n\n\n<ul class=\"wp-block-list\">\n<li><strong>Langlebiges PP-Material<\/strong> - Unsere Gro\u00dfhandel Kunststoff Seifenschale ist aus hochwertigem PP mit glatten Kanten und keine Grate, sicher und umweltfreundlich f\u00fcr den t\u00e4glichen Gebrauch gemacht.<\/li>\n\n\n\n<li><strong>Doppellagiges Design<\/strong> - Die obere Schicht leitet das Wasser schnell ab, w\u00e4hrend die untere Schicht es auff\u00e4ngt und die Seife trocken und sauber h\u00e4lt.<\/li>\n\n\n\n<li><strong>Konkave Innenfl\u00e4che<\/strong> - Verhindert das Verrutschen von Seife, verl\u00e4ngert die Lebensdauer der Seife und sorgt f\u00fcr Hygiene.<\/li>\n\n\n\n<li><strong>Multi-Funktions-Deckel<\/strong> - Der Deckel kann sowohl als staubdichte Abdeckung als auch als praktische Seifenschale verwendet werden.<\/li>\n\n\n\n<li><strong>Stilvoll und praktisch<\/strong> - Durch sein modernes, minimalistisches Design ist dieser Seifenhalter ideal f\u00fcr Hotels, Wohnungen und Reisen.<\/li>\n\n\n\n<li><strong>Werksversorgung<\/strong> - Als Fachmann <strong>Kunststoff-Seifenschale Gro\u00dfhandel<\/strong> Lieferanten bieten wir individuelle Anpassung, Fabrikpreise und Gro\u00dfverpackungsoptionen f\u00fcr Ihre Gesch\u00e4ftsanforderungen.<\/li>\n<\/ul>\n<\/div>\n\n\n\n<div class=\"wp-block-column is-layout-flow wp-block-column-is-layout-flow\">\n<figure class=\"wp-block-image size-full\"><img decoding=\"async\" width=\"790\" height=\"790\" src=\"https:\/\/www.xhplasticlife.com\/wp-content\/uploads\/2025\/11\/Double-Layer-Plastic-Soap-Dish-Wholesale.webp\" alt=\"Doppelschichtige Plastikseifenschale Gro\u00dfhandel\" class=\"wp-image-1663\" srcset=\"https:\/\/www.xhplasticlife.com\/wp-content\/uploads\/2025\/11\/Double-Layer-Plastic-Soap-Dish-Wholesale.webp 790w, https:\/\/www.xhplasticlife.com\/wp-content\/uploads\/2025\/11\/Double-Layer-Plastic-Soap-Dish-Wholesale-300x300.webp 300w, https:\/\/www.xhplasticlife.com\/wp-content\/uploads\/2025\/11\/Double-Layer-Plastic-Soap-Dish-Wholesale-150x150.webp 150w, https:\/\/www.xhplasticlife.com\/wp-content\/uploads\/2025\/11\/Double-Layer-Plastic-Soap-Dish-Wholesale-768x768.webp 768w, https:\/\/www.xhplasticlife.com\/wp-content\/uploads\/2025\/11\/Double-Layer-Plastic-Soap-Dish-Wholesale-12x12.webp 12w, https:\/\/www.xhplasticlife.com\/wp-content\/uploads\/2025\/11\/Double-Layer-Plastic-Soap-Dish-Wholesale-600x600.webp 600w, https:\/\/www.xhplasticlife.com\/wp-content\/uploads\/2025\/11\/Double-Layer-Plastic-Soap-Dish-Wholesale-100x100.webp 100w\" sizes=\"(max-width: 790px) 100vw, 790px\" \/><\/figure>\n<\/div>\n<\/div>\n\n\n\n<div class=\"wp-block-columns is-layout-flex wp-container-core-columns-is-layout-9d6595d7 wp-block-columns-is-layout-flex\">\n<div class=\"wp-block-column is-layout-flow wp-block-column-is-layout-flow\">\n<figure class=\"wp-block-image size-full\"><img decoding=\"async\" width=\"790\" height=\"732\" src=\"https:\/\/www.xhplasticlife.com\/wp-content\/uploads\/2025\/11\/Plastic-Soap-Dish-Wholesale-colors.webp\" alt=\"Plastikseifenschale Gro\u00dfhandel - Farben\" class=\"wp-image-1664\" srcset=\"https:\/\/www.xhplasticlife.com\/wp-content\/uploads\/2025\/11\/Plastic-Soap-Dish-Wholesale-colors.webp 790w, https:\/\/www.xhplasticlife.com\/wp-content\/uploads\/2025\/11\/Plastic-Soap-Dish-Wholesale-colors-300x278.webp 300w, https:\/\/www.xhplasticlife.com\/wp-content\/uploads\/2025\/11\/Plastic-Soap-Dish-Wholesale-colors-768x712.webp 768w, https:\/\/www.xhplasticlife.com\/wp-content\/uploads\/2025\/11\/Plastic-Soap-Dish-Wholesale-colors-13x12.webp 13w, https:\/\/www.xhplasticlife.com\/wp-content\/uploads\/2025\/11\/Plastic-Soap-Dish-Wholesale-colors-600x556.webp 600w\" sizes=\"(max-width: 790px) 100vw, 790px\" \/><\/figure>\n<\/div>\n\n\n\n<div class=\"wp-block-column is-layout-flow wp-block-column-is-layout-flow\">\n<figure class=\"wp-block-image size-full\"><img decoding=\"async\" width=\"800\" height=\"800\" src=\"https:\/\/www.xhplasticlife.com\/wp-content\/uploads\/2025\/11\/Plastic-Soap-Dish-Wholesale-Manufacturer-3.webp\" alt=\"Plastikseifenschale Gro\u00dfhandel Hersteller (3)\" class=\"wp-image-1667\" srcset=\"https:\/\/www.xhplasticlife.com\/wp-content\/uploads\/2025\/11\/Plastic-Soap-Dish-Wholesale-Manufacturer-3.webp 800w, https:\/\/www.xhplasticlife.com\/wp-content\/uploads\/2025\/11\/Plastic-Soap-Dish-Wholesale-Manufacturer-3-300x300.webp 300w, https:\/\/www.xhplasticlife.com\/wp-content\/uploads\/2025\/11\/Plastic-Soap-Dish-Wholesale-Manufacturer-3-150x150.webp 150w, https:\/\/www.xhplasticlife.com\/wp-content\/uploads\/2025\/11\/Plastic-Soap-Dish-Wholesale-Manufacturer-3-768x768.webp 768w, https:\/\/www.xhplasticlife.com\/wp-content\/uploads\/2025\/11\/Plastic-Soap-Dish-Wholesale-Manufacturer-3-12x12.webp 12w, https:\/\/www.xhplasticlife.com\/wp-content\/uploads\/2025\/11\/Plastic-Soap-Dish-Wholesale-Manufacturer-3-600x600.webp 600w, https:\/\/www.xhplasticlife.com\/wp-content\/uploads\/2025\/11\/Plastic-Soap-Dish-Wholesale-Manufacturer-3-100x100.webp 100w\" sizes=\"(max-width: 800px) 100vw, 800px\" \/><\/figure>\n<\/div>\n<\/div>\n\n\n\n<p><\/p>","protected":false},"excerpt":{"rendered":"<p>Willkommen zum Kauf unserer Kunststoff-Seifenschale Gro\u00dfhandel, mit einer doppelten Schicht Ablaufschale und Deckel entworfen. Hergestellt aus umweltfreundlichem PP-Material mit glatten Kanten und einer konkaven Oberfl\u00e4che, h\u00e4lt dieser Seifenhalter Seife trocken, sauber und stilvoll f\u00fcr Hotel oder zu Hause verwenden.<\/p>\n<h2>Kunststoff-Seifenschale Parameter:<\/h2>\n<ul>\n<li><strong>Markenname<\/strong>: Xinghui<\/li>\n<li><strong>Modell<\/strong>: XS3626<\/li>\n<li><strong>Material<\/strong>: PP<\/li>\n<li><strong>Farbe<\/strong>: creme-rosa, creme-lila, creme-gr\u00fcn, creme-braun<\/li>\n<li><strong>Gewicht:<\/strong> 62G<\/li>\n<li><strong>Bruttogewicht:\u00a0<\/strong>18,3 kg<\/li>\n<li><strong>Gr\u00f6\u00dfe des Kartons<\/strong>: 57.5\u00d745.5x46cm<\/li>\n<li><strong>OEM\/ODM<\/strong>: Verf\u00fcgbar<\/li>\n<li><strong>Kundenspezifische Option<\/strong>: Farbe\/Gr\u00f6\u00dfe\/Logo\/Verpackung<\/li>\n<\/ul>\n<h2>Von Daily Plasticware Hersteller :<\/h2>\n<p>Gegr\u00fcndet im Jahr 2000,\u00a0<a href=\"https:\/\/www.xhplasticlife.com\/de\/\"><strong>Xinghui<\/strong><\/a>\u00a0ist spezialisiert auf die Herstellung und den Gro\u00dfhandel von Brotdosen, Lebensmittelbeh\u00e4ltern, Trinkgef\u00e4\u00dfen, Haushaltsbeh\u00e4ltern und anderen Kunststoffprodukten des t\u00e4glichen Bedarfs. Wir bieten alles aus einer Hand <em><a href=\"https:\/\/www.xhplasticlife.com\/de\/custom-food-storage-containers\/\">OEM &amp; ODM<\/a><\/em> und <em><a href=\"https:\/\/www.xhplasticlife.com\/de\/e-commerce-service\/\">Dienstleistungen f\u00fcr die Beschaffung im elektronischen Gesch\u00e4ftsverkehr<\/a><\/em> f\u00fcr Kunden.<\/p>","protected":false},"featured_media":1665,"comment_status":"closed","ping_status":"closed","template":"","meta":{"_acf_changed":false},"product_brand":[],"product_cat":[21],"product_tag":[],"class_list":{"0":"post-1662","1":"product","2":"type-product","3":"status-publish","4":"has-post-thumbnail","6":"product_cat-home-storage-containers-wholesaler","8":"first","9":"instock","10":"shipping-taxable","11":"product-type-simple"},"acf":[],"_links":{"self":[{"href":"https:\/\/www.xhplasticlife.com\/de\/wp-json\/wp\/v2\/product\/1662","targetHints":{"allow":["GET"]}}],"collection":[{"href":"https:\/\/www.xhplasticlife.com\/de\/wp-json\/wp\/v2\/product"}],"about":[{"href":"https:\/\/www.xhplasticlife.com\/de\/wp-json\/wp\/v2\/types\/product"}],"replies":[{"embeddable":true,"href":"https:\/\/www.xhplasticlife.com\/de\/wp-json\/wp\/v2\/comments?post=1662"}],"wp:featuredmedia":[{"embeddable":true,"href":"https:\/\/www.xhplasticlife.com\/de\/wp-json\/wp\/v2\/media\/1665"}],"wp:attachment":[{"href":"https:\/\/www.xhplasticlife.com\/de\/wp-json\/wp\/v2\/media?parent=1662"}],"wp:term":[{"taxonomy":"product_brand","embeddable":true,"href":"https:\/\/www.xhplasticlife.com\/de\/wp-json\/wp\/v2\/product_brand?post=1662"},{"taxonomy":"product_cat","embeddable":true,"href":"https:\/\/www.xhplasticlife.com\/de\/wp-json\/wp\/v2\/product_cat?post=1662"},{"taxonomy":"product_tag","embeddable":true,"href":"https:\/\/www.xhplasticlife.com\/de\/wp-json\/wp\/v2\/product_tag?post=1662"}],"curies":[{"name":"wp","href":"https:\/\/api.w.org\/{rel}","templated":true}]}}