{"id":1635,"date":"2025-11-10T01:18:20","date_gmt":"2025-11-10T01:18:20","guid":{"rendered":"https:\/\/www.xhplasticlife.com\/?post_type=product&#038;p=1635"},"modified":"2025-11-10T02:08:10","modified_gmt":"2025-11-10T02:08:10","slug":"custom-plastic-water-pitcher-factory","status":"publish","type":"product","link":"https:\/\/www.xhplasticlife.com\/de\/produkt\/custom-plastic-water-pitcher-factory\/","title":{"rendered":"Benutzerdefinierte Kunststoff-Wasserkrug, BPA frei gro\u00dfe Kapazit\u00e4t Kaltwasser Krug Set Gro\u00dfh\u00e4ndler"},"content":{"rendered":"<div class=\"wp-block-columns is-layout-flex wp-container-core-columns-is-layout-9d6595d7 wp-block-columns-is-layout-flex\">\n<div class=\"wp-block-column is-layout-flow wp-block-column-is-layout-flow\">\n<h2 class=\"wp-block-heading\">Kundenspezifischer Plastik-Wasserkrug Merkmale:<\/h2>\n\n\n\n<ul class=\"wp-block-list\">\n<li><strong>Gebogener Griff f\u00fcr mehr Ergonomie:<\/strong> Dieser ma\u00dfgefertigte Kunststoffkessel ist aus hochwertigem PP-Material gefertigt und hat einen gebogenen Griff, der f\u00fcr einen weichen, bequemen Griff und eine hervorragende Handhabung sorgt.<\/li>\n\n\n\n<li><strong>Filter-Deckel:<\/strong> Ein fortschrittlicher Deckel, der automatisch Teebl\u00e4tter oder Fruchtfleisch filtert und so f\u00fcr ein sauberes und angenehmes Trinkerlebnis sorgt.<\/li>\n\n\n\n<li><strong>V-f\u00f6rmiger Auslauf:<\/strong> Er sorgt f\u00fcr ein gleichm\u00e4\u00dfiges Ausgie\u00dfen durch den V-f\u00f6rmigen Ausguss mit minimalem Versch\u00fctten.<\/li>\n\n\n\n<li><strong>Gro\u00dfes Fassungsverm\u00f6gen und BPA-frei:<\/strong> Dieses 2,6-Liter-Wasserkocher-Set ist aus sicherem, BPA-freiem PP-Kunststoff hergestellt und eignet sich zum Servieren von Eistee, Saft oder kalten Getr\u00e4nken.<\/li>\n\n\n\n<li><strong>F\u00fcnfteiliges Set:<\/strong> Dieser Gro\u00dfhandel Kunststoff Wasserkrug kommt mit einem Krug und vier passenden Tassen, ideal f\u00fcr zu Hause, im B\u00fcro oder im Freien.<\/li>\n\n\n\n<li><strong>Anpassbares Design: <\/strong>OEM\/ODM-Dienstleistungen werden je nach Kundenwunsch angeboten, um die Farbe, den Aufdruck oder das Logo auf den Kunststoffkr\u00fcgen anzupassen.<\/li>\n<\/ul>\n<\/div>\n\n\n\n<div class=\"wp-block-column is-layout-flow wp-block-column-is-layout-flow\">\n<figure class=\"wp-block-image size-full\"><img decoding=\"async\" width=\"800\" height=\"800\" src=\"https:\/\/www.xhplasticlife.com\/wp-content\/uploads\/2025\/11\/Wholesale-Cold-Water-Jug-Set-1.webp\" alt=\"Gro\u00dfhandel Kaltwasser Krug Set (1)\" class=\"wp-image-1645\" srcset=\"https:\/\/www.xhplasticlife.com\/wp-content\/uploads\/2025\/11\/Wholesale-Cold-Water-Jug-Set-1.webp 800w, https:\/\/www.xhplasticlife.com\/wp-content\/uploads\/2025\/11\/Wholesale-Cold-Water-Jug-Set-1-300x300.webp 300w, https:\/\/www.xhplasticlife.com\/wp-content\/uploads\/2025\/11\/Wholesale-Cold-Water-Jug-Set-1-150x150.webp 150w, https:\/\/www.xhplasticlife.com\/wp-content\/uploads\/2025\/11\/Wholesale-Cold-Water-Jug-Set-1-768x768.webp 768w, https:\/\/www.xhplasticlife.com\/wp-content\/uploads\/2025\/11\/Wholesale-Cold-Water-Jug-Set-1-12x12.webp 12w, https:\/\/www.xhplasticlife.com\/wp-content\/uploads\/2025\/11\/Wholesale-Cold-Water-Jug-Set-1-600x600.webp 600w, https:\/\/www.xhplasticlife.com\/wp-content\/uploads\/2025\/11\/Wholesale-Cold-Water-Jug-Set-1-100x100.webp 100w\" sizes=\"(max-width: 800px) 100vw, 800px\" \/><\/figure>\n<\/div>\n<\/div>\n\n\n\n<h2 class=\"wp-block-heading\">Gro\u00dfhandel Plastik Krug Gr\u00f6\u00dfe:<\/h2>\n\n\n\n<figure class=\"wp-block-table is-style-stripes\"><table class=\"has-fixed-layout\"><tbody><tr><td>Modell<\/td><td>Kapazit\u00e4t<\/td><td>Gr\u00f6\u00dfe des Kartons<\/td><td>Bruttogewicht<\/td><td>Basisgewicht<\/td><\/tr><tr><td>SH3139<\/td><td>2200ML<\/td><td>67X40X74cm<\/td><td>12,4 kg<\/td><td>240G<\/td><\/tr><tr><td>SH3141<\/td><td>2600ML<\/td><td>67X40X74cm<\/td><td>16,3 kg<\/td><td>344G<\/td><\/tr><\/tbody><\/table><\/figure>\n\n\n\n<div class=\"wp-block-columns is-layout-flex wp-container-core-columns-is-layout-9d6595d7 wp-block-columns-is-layout-flex\">\n<div class=\"wp-block-column is-layout-flow wp-block-column-is-layout-flow\">\n<figure class=\"wp-block-image size-full\"><img decoding=\"async\" width=\"800\" height=\"800\" src=\"https:\/\/www.xhplasticlife.com\/wp-content\/uploads\/2025\/11\/Wholesale-Cold-Water-Jug-Plastic-Pitcher-3.webp\" alt=\"Gro\u00dfhandel Kaltwasser Krug Kunststoff Krug (3)\" class=\"wp-image-1644\" srcset=\"https:\/\/www.xhplasticlife.com\/wp-content\/uploads\/2025\/11\/Wholesale-Cold-Water-Jug-Plastic-Pitcher-3.webp 800w, https:\/\/www.xhplasticlife.com\/wp-content\/uploads\/2025\/11\/Wholesale-Cold-Water-Jug-Plastic-Pitcher-3-300x300.webp 300w, https:\/\/www.xhplasticlife.com\/wp-content\/uploads\/2025\/11\/Wholesale-Cold-Water-Jug-Plastic-Pitcher-3-150x150.webp 150w, https:\/\/www.xhplasticlife.com\/wp-content\/uploads\/2025\/11\/Wholesale-Cold-Water-Jug-Plastic-Pitcher-3-768x768.webp 768w, https:\/\/www.xhplasticlife.com\/wp-content\/uploads\/2025\/11\/Wholesale-Cold-Water-Jug-Plastic-Pitcher-3-12x12.webp 12w, https:\/\/www.xhplasticlife.com\/wp-content\/uploads\/2025\/11\/Wholesale-Cold-Water-Jug-Plastic-Pitcher-3-600x600.webp 600w, https:\/\/www.xhplasticlife.com\/wp-content\/uploads\/2025\/11\/Wholesale-Cold-Water-Jug-Plastic-Pitcher-3-100x100.webp 100w\" sizes=\"(max-width: 800px) 100vw, 800px\" \/><\/figure>\n<\/div>\n\n\n\n<div class=\"wp-block-column is-layout-flow wp-block-column-is-layout-flow\">\n<figure class=\"wp-block-image size-full\"><img decoding=\"async\" width=\"800\" height=\"800\" src=\"https:\/\/www.xhplasticlife.com\/wp-content\/uploads\/2025\/11\/Wholesale-Cold-Water-Jug-Plastic-Pitcher-2.webp\" alt=\"Gro\u00dfhandel Kaltwasser Krug Kunststoff Krug (2)\" class=\"wp-image-1643\" srcset=\"https:\/\/www.xhplasticlife.com\/wp-content\/uploads\/2025\/11\/Wholesale-Cold-Water-Jug-Plastic-Pitcher-2.webp 800w, https:\/\/www.xhplasticlife.com\/wp-content\/uploads\/2025\/11\/Wholesale-Cold-Water-Jug-Plastic-Pitcher-2-300x300.webp 300w, https:\/\/www.xhplasticlife.com\/wp-content\/uploads\/2025\/11\/Wholesale-Cold-Water-Jug-Plastic-Pitcher-2-150x150.webp 150w, https:\/\/www.xhplasticlife.com\/wp-content\/uploads\/2025\/11\/Wholesale-Cold-Water-Jug-Plastic-Pitcher-2-768x768.webp 768w, https:\/\/www.xhplasticlife.com\/wp-content\/uploads\/2025\/11\/Wholesale-Cold-Water-Jug-Plastic-Pitcher-2-12x12.webp 12w, https:\/\/www.xhplasticlife.com\/wp-content\/uploads\/2025\/11\/Wholesale-Cold-Water-Jug-Plastic-Pitcher-2-600x600.webp 600w, https:\/\/www.xhplasticlife.com\/wp-content\/uploads\/2025\/11\/Wholesale-Cold-Water-Jug-Plastic-Pitcher-2-100x100.webp 100w\" sizes=\"(max-width: 800px) 100vw, 800px\" \/><\/figure>\n<\/div>\n\n\n\n<div class=\"wp-block-column is-layout-flow wp-block-column-is-layout-flow\">\n<figure class=\"wp-block-image size-full\"><img decoding=\"async\" width=\"800\" height=\"800\" src=\"https:\/\/www.xhplasticlife.com\/wp-content\/uploads\/2025\/11\/Wholesale-Cold-Water-Jug-Set-4.webp\" alt=\"Gro\u00dfhandel Kaltwasser Krug Set (4)\" class=\"wp-image-1646\" srcset=\"https:\/\/www.xhplasticlife.com\/wp-content\/uploads\/2025\/11\/Wholesale-Cold-Water-Jug-Set-4.webp 800w, https:\/\/www.xhplasticlife.com\/wp-content\/uploads\/2025\/11\/Wholesale-Cold-Water-Jug-Set-4-300x300.webp 300w, https:\/\/www.xhplasticlife.com\/wp-content\/uploads\/2025\/11\/Wholesale-Cold-Water-Jug-Set-4-150x150.webp 150w, https:\/\/www.xhplasticlife.com\/wp-content\/uploads\/2025\/11\/Wholesale-Cold-Water-Jug-Set-4-768x768.webp 768w, https:\/\/www.xhplasticlife.com\/wp-content\/uploads\/2025\/11\/Wholesale-Cold-Water-Jug-Set-4-12x12.webp 12w, https:\/\/www.xhplasticlife.com\/wp-content\/uploads\/2025\/11\/Wholesale-Cold-Water-Jug-Set-4-600x600.webp 600w, https:\/\/www.xhplasticlife.com\/wp-content\/uploads\/2025\/11\/Wholesale-Cold-Water-Jug-Set-4-100x100.webp 100w\" sizes=\"(max-width: 800px) 100vw, 800px\" \/><\/figure>\n<\/div>\n<\/div>\n\n\n<div class=\"wp-block-image\">\n<figure class=\"aligncenter size-full\"><img decoding=\"async\" width=\"750\" height=\"449\" src=\"https:\/\/www.xhplasticlife.com\/wp-content\/uploads\/2025\/11\/Custom-Plastic-Water-Pitcher.webp\" alt=\"Individueller Plastik-Wasserkrug\" class=\"wp-image-1642\" srcset=\"https:\/\/www.xhplasticlife.com\/wp-content\/uploads\/2025\/11\/Custom-Plastic-Water-Pitcher.webp 750w, https:\/\/www.xhplasticlife.com\/wp-content\/uploads\/2025\/11\/Custom-Plastic-Water-Pitcher-300x180.webp 300w, https:\/\/www.xhplasticlife.com\/wp-content\/uploads\/2025\/11\/Custom-Plastic-Water-Pitcher-18x12.webp 18w, https:\/\/www.xhplasticlife.com\/wp-content\/uploads\/2025\/11\/Custom-Plastic-Water-Pitcher-600x359.webp 600w\" sizes=\"(max-width: 750px) 100vw, 750px\" \/><\/figure>\n<\/div>","protected":false},"excerpt":{"rendered":"<p>Willkommen zum Kauf unserer Gro\u00dfhandel Kunststoff Krug mit Deckel, aus strapazierf\u00e4higem verdickten PP-Material, V-f\u00f6rmige T\u00fclle f\u00fcr glatte Gie\u00dfen, und ein Deckel mit Filter L\u00f6cher. Enth\u00e4lt einen abnehmbaren Aufguss f\u00fcr Fr\u00fcchtetee oder Kr\u00e4utertee. Leicht zu reinigen mit gro\u00dfer Kannen\u00f6ffnung, k\u00fchlschrankfreundliches Design. Fabrik-Gro\u00dfhandelspreis, kostenlose Proben verf\u00fcgbar, Unterst\u00fctzung OEM\/ODM. Kontaktieren Sie uns, um Ihre noch heute zu erhalten!<\/p>\n<h2>Benutzerdefinierte Kunststoff-Wasserkrug Parameter:<\/h2>\n<p><strong>Modell<\/strong>: <strong><span data-spm-anchor-id=\"a2700.details-description.0.i4.67b0zO51zO51nR\">SH3139, SH3141<\/span><\/strong><br \/><strong>Markenname<\/strong>: Xinghui<br \/><strong>Material<\/strong>: PP\u00a0<br \/><strong>Farbe<\/strong>: rosa\/gr\u00fcn\/blau<br \/><strong>Verpacken: <\/strong>OPP-Tasche<br \/><strong>OEM\/ODM<\/strong>: Verf\u00fcgbar<br \/><strong>Beispiel: <\/strong>Kostenlose Proben<br \/><strong>Kundenspezifische Option<\/strong>: Farbe\/Gr\u00f6\u00dfe\/Logo\/Verpackung<\/p>\n<h2>Von <a href=\"https:\/\/www.xhplasticlife.com\/de\/produkt-kategorie\/custom-drinkware-wholesaler\/\">Trinkgeschirr aus Plastik<\/a> Hersteller :<\/h2>\n<p>Gegr\u00fcndet im Jahr 2000,<a href=\"https:\/\/www.xhplasticlife.com\/de\/\">\u00a0<strong>Xinghui<\/strong><\/a>\u00a0ist auf die Herstellung und den Gro\u00dfhandel von Lunchboxen, Lebensmittelbeh\u00e4ltern, Trinkgef\u00e4\u00dfen, Haushaltsbeh\u00e4ltern und anderen Kunststoffprodukten des t\u00e4glichen Bedarfs spezialisiert. Wir bieten OEM- &amp; ODM- und E-Commerce-Beschaffungsdienste f\u00fcr Kunden aus einer Hand.<\/p>","protected":false},"featured_media":1640,"comment_status":"closed","ping_status":"closed","template":"","meta":{"_acf_changed":false},"product_brand":[],"product_cat":[20],"product_tag":[],"class_list":{"0":"post-1635","1":"product","2":"type-product","3":"status-publish","4":"has-post-thumbnail","6":"product_cat-custom-drinkware-wholesaler","8":"first","9":"instock","10":"shipping-taxable","11":"product-type-simple"},"acf":[],"_links":{"self":[{"href":"https:\/\/www.xhplasticlife.com\/de\/wp-json\/wp\/v2\/product\/1635","targetHints":{"allow":["GET"]}}],"collection":[{"href":"https:\/\/www.xhplasticlife.com\/de\/wp-json\/wp\/v2\/product"}],"about":[{"href":"https:\/\/www.xhplasticlife.com\/de\/wp-json\/wp\/v2\/types\/product"}],"replies":[{"embeddable":true,"href":"https:\/\/www.xhplasticlife.com\/de\/wp-json\/wp\/v2\/comments?post=1635"}],"wp:featuredmedia":[{"embeddable":true,"href":"https:\/\/www.xhplasticlife.com\/de\/wp-json\/wp\/v2\/media\/1640"}],"wp:attachment":[{"href":"https:\/\/www.xhplasticlife.com\/de\/wp-json\/wp\/v2\/media?parent=1635"}],"wp:term":[{"taxonomy":"product_brand","embeddable":true,"href":"https:\/\/www.xhplasticlife.com\/de\/wp-json\/wp\/v2\/product_brand?post=1635"},{"taxonomy":"product_cat","embeddable":true,"href":"https:\/\/www.xhplasticlife.com\/de\/wp-json\/wp\/v2\/product_cat?post=1635"},{"taxonomy":"product_tag","embeddable":true,"href":"https:\/\/www.xhplasticlife.com\/de\/wp-json\/wp\/v2\/product_tag?post=1635"}],"curies":[{"name":"wp","href":"https:\/\/api.w.org\/{rel}","templated":true}]}}