{"id":1625,"date":"2025-11-09T20:01:32","date_gmt":"2025-11-09T20:01:32","guid":{"rendered":"https:\/\/www.xhplasticlife.com\/?post_type=product&#038;p=1625"},"modified":"2025-11-10T01:15:17","modified_gmt":"2025-11-10T01:15:17","slug":"wholesale-plastic-pitcher-with-lid","status":"publish","type":"product","link":"https:\/\/www.xhplasticlife.com\/de\/produkt\/wholesale-plastic-pitcher-with-lid\/","title":{"rendered":"Gro\u00dfhandel Kunststoff Krug mit Deckel, OEM Kaltwasser Krug Hersteller"},"content":{"rendered":"<div class=\"wp-block-columns is-layout-flex wp-container-core-columns-is-layout-9d6595d7 wp-block-columns-is-layout-flex\">\n<div class=\"wp-block-column is-layout-flow wp-block-column-is-layout-flow\">\n<h2 class=\"wp-block-heading\">Gro\u00dfhandel Kunststoff Krug mit Deckel Merkmale:<\/h2>\n\n\n\n<ul class=\"wp-block-list\">\n<li><strong>Langlebiges PP-Material<\/strong> - Dieser Gro\u00dfhandels-Kunststoffkrug mit Deckel besteht aus verdicktem, hochwertigem Polypropylen und ist temperaturbest\u00e4ndig von -20\u00b0C bis 120\u00b0C.<\/li>\n\n\n\n<li><strong>K\u00fchlschranktaugliches Design<\/strong> - Die kompakte Bodenbreite von 10 cm passt problemlos in die K\u00fchlschrankt\u00fcr und spart Platz.<\/li>\n\n\n\n<li><strong>Glattes Gie\u00dfen<\/strong> - Der V-f\u00f6rmige Ausguss sorgt daf\u00fcr, dass das Wasser nicht versch\u00fcttet wird.<\/li>\n\n\n\n<li><strong>Filterdeckel f\u00fcr Tee &amp; Obst<\/strong> - Deckel mit feinen Filterl\u00f6chern zum Abseihen von Teebl\u00e4ttern oder Fruchtresten.<\/li>\n\n\n\n<li><strong>Inklusive Infusor<\/strong> - Perfekt zum Aufbr\u00fchen von Fr\u00fcchtetee oder Kr\u00e4utertee direkt in der Kanne.<\/li>\n\n\n\n<li><strong>Leicht zu reinigen<\/strong> - Die breite Kannen\u00f6ffnung erm\u00f6glicht m\u00fcheloses Reinigen und Bef\u00fcllen.<\/li>\n\n\n\n<li><strong>Vollst\u00e4ndiger Satz<\/strong> - Inklusive Becher und Tablett zum bequemen Servieren.<\/li>\n<\/ul>\n<\/div>\n\n\n\n<div class=\"wp-block-column is-layout-flow wp-block-column-is-layout-flow\">\n<figure class=\"wp-block-image size-full\"><img decoding=\"async\" width=\"800\" height=\"800\" src=\"https:\/\/www.xhplasticlife.com\/wp-content\/uploads\/2025\/11\/Wholesale-Plastic-Pitcher-with-Lid-Manufacturer-4.webp\" alt=\"Gro\u00dfhandel Kunststoff Krug mit Deckel Hersteller (4)\" class=\"wp-image-1629\" srcset=\"https:\/\/www.xhplasticlife.com\/wp-content\/uploads\/2025\/11\/Wholesale-Plastic-Pitcher-with-Lid-Manufacturer-4.webp 800w, https:\/\/www.xhplasticlife.com\/wp-content\/uploads\/2025\/11\/Wholesale-Plastic-Pitcher-with-Lid-Manufacturer-4-300x300.webp 300w, https:\/\/www.xhplasticlife.com\/wp-content\/uploads\/2025\/11\/Wholesale-Plastic-Pitcher-with-Lid-Manufacturer-4-150x150.webp 150w, https:\/\/www.xhplasticlife.com\/wp-content\/uploads\/2025\/11\/Wholesale-Plastic-Pitcher-with-Lid-Manufacturer-4-768x768.webp 768w, https:\/\/www.xhplasticlife.com\/wp-content\/uploads\/2025\/11\/Wholesale-Plastic-Pitcher-with-Lid-Manufacturer-4-12x12.webp 12w, https:\/\/www.xhplasticlife.com\/wp-content\/uploads\/2025\/11\/Wholesale-Plastic-Pitcher-with-Lid-Manufacturer-4-600x600.webp 600w, https:\/\/www.xhplasticlife.com\/wp-content\/uploads\/2025\/11\/Wholesale-Plastic-Pitcher-with-Lid-Manufacturer-4-100x100.webp 100w\" sizes=\"(max-width: 800px) 100vw, 800px\" \/><\/figure>\n<\/div>\n<\/div>\n\n\n\n<h2 class=\"wp-block-heading\">Gro\u00dfhandel Plastik Krug Gr\u00f6\u00dfe:<\/h2>\n\n\n\n<figure class=\"wp-block-table is-style-stripes\"><table class=\"has-fixed-layout\"><tbody><tr><td>Modell<\/td><td>Kapazit\u00e4t<\/td><td>Gr\u00f6\u00dfe des Kartons<\/td><td>Bruttogewicht<\/td><td>Basisgewicht<\/td><\/tr><tr><td>SH3162<\/td><td>1550ML<\/td><td>63x49x61cm<\/td><td>15.2KG<\/td><td>180G<\/td><\/tr><tr><td>SH3163<\/td><td>2200ML<\/td><td>70.5x50x64.5cm<\/td><td>15.8KG<\/td><td>235G<\/td><\/tr><\/tbody><\/table><\/figure>\n\n\n\n<div class=\"wp-block-columns is-layout-flex wp-container-core-columns-is-layout-9d6595d7 wp-block-columns-is-layout-flex\">\n<div class=\"wp-block-column is-layout-flow wp-block-column-is-layout-flow\">\n<figure class=\"wp-block-image size-full\"><img decoding=\"async\" width=\"800\" height=\"800\" src=\"https:\/\/www.xhplasticlife.com\/wp-content\/uploads\/2025\/11\/Wholesale-Plastic-Pitcher-with-Lid-Manufacturer-1.webp\" alt=\"Gro\u00dfhandel Kunststoff Krug mit Deckel Hersteller (1)\" class=\"wp-image-1626\" srcset=\"https:\/\/www.xhplasticlife.com\/wp-content\/uploads\/2025\/11\/Wholesale-Plastic-Pitcher-with-Lid-Manufacturer-1.webp 800w, https:\/\/www.xhplasticlife.com\/wp-content\/uploads\/2025\/11\/Wholesale-Plastic-Pitcher-with-Lid-Manufacturer-1-300x300.webp 300w, https:\/\/www.xhplasticlife.com\/wp-content\/uploads\/2025\/11\/Wholesale-Plastic-Pitcher-with-Lid-Manufacturer-1-150x150.webp 150w, https:\/\/www.xhplasticlife.com\/wp-content\/uploads\/2025\/11\/Wholesale-Plastic-Pitcher-with-Lid-Manufacturer-1-768x768.webp 768w, https:\/\/www.xhplasticlife.com\/wp-content\/uploads\/2025\/11\/Wholesale-Plastic-Pitcher-with-Lid-Manufacturer-1-12x12.webp 12w, https:\/\/www.xhplasticlife.com\/wp-content\/uploads\/2025\/11\/Wholesale-Plastic-Pitcher-with-Lid-Manufacturer-1-600x600.webp 600w, https:\/\/www.xhplasticlife.com\/wp-content\/uploads\/2025\/11\/Wholesale-Plastic-Pitcher-with-Lid-Manufacturer-1-100x100.webp 100w\" sizes=\"(max-width: 800px) 100vw, 800px\" \/><\/figure>\n<\/div>\n\n\n\n<div class=\"wp-block-column is-layout-flow wp-block-column-is-layout-flow\">\n<figure class=\"wp-block-image size-full\"><img decoding=\"async\" width=\"750\" height=\"858\" src=\"https:\/\/www.xhplasticlife.com\/wp-content\/uploads\/2025\/11\/OEM-Cold-Water-Jug-Manufacturer-xinghui.webp\" alt=\"OEM Kaltwasserkanne Hersteller- xinghui\" class=\"wp-image-1631\" srcset=\"https:\/\/www.xhplasticlife.com\/wp-content\/uploads\/2025\/11\/OEM-Cold-Water-Jug-Manufacturer-xinghui.webp 750w, https:\/\/www.xhplasticlife.com\/wp-content\/uploads\/2025\/11\/OEM-Cold-Water-Jug-Manufacturer-xinghui-262x300.webp 262w, https:\/\/www.xhplasticlife.com\/wp-content\/uploads\/2025\/11\/OEM-Cold-Water-Jug-Manufacturer-xinghui-10x12.webp 10w, https:\/\/www.xhplasticlife.com\/wp-content\/uploads\/2025\/11\/OEM-Cold-Water-Jug-Manufacturer-xinghui-600x686.webp 600w\" sizes=\"(max-width: 750px) 100vw, 750px\" \/><\/figure>\n<\/div>\n<\/div>\n\n\n<div class=\"wp-block-image\">\n<figure class=\"aligncenter size-full\"><img decoding=\"async\" width=\"750\" height=\"377\" src=\"https:\/\/www.xhplasticlife.com\/wp-content\/uploads\/2025\/11\/OEM-Cold-Water-Jug-Manufacturer.webp\" alt=\"OEM Kaltwasserkanne Hersteller\" class=\"wp-image-1632\" srcset=\"https:\/\/www.xhplasticlife.com\/wp-content\/uploads\/2025\/11\/OEM-Cold-Water-Jug-Manufacturer.webp 750w, https:\/\/www.xhplasticlife.com\/wp-content\/uploads\/2025\/11\/OEM-Cold-Water-Jug-Manufacturer-300x151.webp 300w, https:\/\/www.xhplasticlife.com\/wp-content\/uploads\/2025\/11\/OEM-Cold-Water-Jug-Manufacturer-18x9.webp 18w, https:\/\/www.xhplasticlife.com\/wp-content\/uploads\/2025\/11\/OEM-Cold-Water-Jug-Manufacturer-600x302.webp 600w\" sizes=\"(max-width: 750px) 100vw, 750px\" \/><\/figure>\n<\/div>","protected":false},"excerpt":{"rendered":"<p>Willkommen zum Kauf unserer Gro\u00dfhandel Kunststoff Krug mit Deckel, aus strapazierf\u00e4higem verdickten PP-Material, V-f\u00f6rmige T\u00fclle f\u00fcr glatte Gie\u00dfen, und ein Deckel mit Filter L\u00f6cher. Enth\u00e4lt einen abnehmbaren Aufguss f\u00fcr Fr\u00fcchtetee oder Kr\u00e4utertee. Leicht zu reinigen mit gro\u00dfer Kannen\u00f6ffnung, k\u00fchlschrankfreundliches Design. Fabrik-Gro\u00dfhandelspreis, kostenlose Proben verf\u00fcgbar, Unterst\u00fctzung OEM\/ODM. Kontaktieren Sie uns, um Ihre noch heute zu erhalten!<\/p>\n<h2>Gro\u00dfhandel Kunststoff Krug Parameter:<\/h2>\n<p><strong>Modell<\/strong>: <strong><span data-spm-anchor-id=\"a2700.details-description.0.i4.67b0zO51zO51nR\">SH3162 - SH3163<\/span><\/strong><br \/><strong>Markenname<\/strong>: Xinghui<br \/><strong>Material<\/strong>: PP\u00a0<br \/><strong>Farbe<\/strong>: wei\u00df\/gr\u00fcn\/orange\/gelb<br \/><strong>Verpacken: <\/strong>OPP-Tasche<br \/><strong>OEM\/ODM<\/strong>: Verf\u00fcgbar<br \/><strong>Beispiel: <\/strong>Kostenlose Proben<br \/><strong>Kundenspezifische Option<\/strong>: Farbe\/Gr\u00f6\u00dfe\/Logo\/Verpackung<\/p>\n<h2>von Hersteller von Kunststoff-Getr\u00e4nkegeschirr :<\/h2>\n<p>Gegr\u00fcndet im Jahr 2000,<a href=\"https:\/\/www.xhplasticlife.com\/de\/\">\u00a0<strong>Xinghui<\/strong><\/a>\u00a0ist auf die Herstellung und den Gro\u00dfhandel von Lunchboxen, Lebensmittelbeh\u00e4ltern, Trinkgef\u00e4\u00dfen, Haushaltsbeh\u00e4ltern und anderen Kunststoffprodukten des t\u00e4glichen Bedarfs spezialisiert. Wir bieten OEM- &amp; ODM- und E-Commerce-Beschaffungsdienste f\u00fcr Kunden aus einer Hand.<\/p>","protected":false},"featured_media":1630,"comment_status":"closed","ping_status":"closed","template":"","meta":{"_acf_changed":false},"product_brand":[],"product_cat":[20],"product_tag":[],"class_list":{"0":"post-1625","1":"product","2":"type-product","3":"status-publish","4":"has-post-thumbnail","6":"product_cat-custom-drinkware-wholesaler","8":"first","9":"instock","10":"shipping-taxable","11":"product-type-simple"},"acf":[],"_links":{"self":[{"href":"https:\/\/www.xhplasticlife.com\/de\/wp-json\/wp\/v2\/product\/1625","targetHints":{"allow":["GET"]}}],"collection":[{"href":"https:\/\/www.xhplasticlife.com\/de\/wp-json\/wp\/v2\/product"}],"about":[{"href":"https:\/\/www.xhplasticlife.com\/de\/wp-json\/wp\/v2\/types\/product"}],"replies":[{"embeddable":true,"href":"https:\/\/www.xhplasticlife.com\/de\/wp-json\/wp\/v2\/comments?post=1625"}],"wp:featuredmedia":[{"embeddable":true,"href":"https:\/\/www.xhplasticlife.com\/de\/wp-json\/wp\/v2\/media\/1630"}],"wp:attachment":[{"href":"https:\/\/www.xhplasticlife.com\/de\/wp-json\/wp\/v2\/media?parent=1625"}],"wp:term":[{"taxonomy":"product_brand","embeddable":true,"href":"https:\/\/www.xhplasticlife.com\/de\/wp-json\/wp\/v2\/product_brand?post=1625"},{"taxonomy":"product_cat","embeddable":true,"href":"https:\/\/www.xhplasticlife.com\/de\/wp-json\/wp\/v2\/product_cat?post=1625"},{"taxonomy":"product_tag","embeddable":true,"href":"https:\/\/www.xhplasticlife.com\/de\/wp-json\/wp\/v2\/product_tag?post=1625"}],"curies":[{"name":"wp","href":"https:\/\/api.w.org\/{rel}","templated":true}]}}