{"id":1518,"date":"2025-10-11T09:58:28","date_gmt":"2025-10-11T09:12:17","guid":{"rendered":"https:\/\/www.xhplasticlife.com\/?post_type=product&#038;p=1518"},"modified":"2025-10-11T09:58:55","modified_gmt":"2025-10-11T09:58:55","slug":"infant-formula-dispenser-wholesale","status":"publish","type":"product","link":"https:\/\/www.xhplasticlife.com\/de\/produkt\/infant-formula-dispenser-wholesale\/","title":{"rendered":"S\u00e4uglingsnahrung Spender Gro\u00dfhandel, BPA-frei tragbare Milchpulver Box f\u00fcr Baby"},"content":{"rendered":"<div class=\"wp-block-columns is-layout-flex wp-container-core-columns-is-layout-9d6595d7 wp-block-columns-is-layout-flex\">\n<div class=\"wp-block-column is-layout-flow wp-block-column-is-layout-flow\">\n<h2 class=\"wp-block-heading\">Gro\u00dfhandel S\u00e4uglingsnahrung Dispenser Eigenschaften:<\/h2>\n\n\n\n<ul class=\"wp-block-list\">\n<li><strong>Sicheres und langlebiges Material<\/strong> - Diese S\u00e4uglingsnahrung Spender Gro\u00dfhandel Produkt ist aus lebensmittelechtem PP, BPA-frei, geruchlos und sp\u00fclmaschinenfest, so dass eine sichere Lagerung f\u00fcr Babynahrung.<\/li>\n\n\n\n<li><strong>Bequemes &amp; auslaufsicheres Design<\/strong> - Als <strong>BPA-freie tragbare Milchpulverdose Lieferant<\/strong>Sie verf\u00fcgt \u00fcber einen auslaufsicheren, luftdichten Verschluss mit einer gro\u00dfen \u00d6ffnung zum Bef\u00fcllen und einer kleinen \u00d6ffnung zum einfachen Ausgie\u00dfen der Formel.<\/li>\n\n\n\n<li><strong>Transparent &amp; stapelbar<\/strong> - Das durchsichtige Design erm\u00f6glicht eine einfache Sichtbarkeit der verbleibenden Formel. Stapelbar mit Druckkn\u00f6pfen, perfekt f\u00fcr die Reise oder den Hausgebrauch.<\/li>\n\n\n\n<li><strong>Kompakt und tragbar<\/strong> - Dieser leichte und einfach zu transportierende Gro\u00dfhandelsspender f\u00fcr S\u00e4uglingsnahrung ist ideal f\u00fcr vielbesch\u00e4ftigte Eltern und Fachkr\u00e4fte in der Babybetreuung.<\/li>\n\n\n\n<li><strong>Fabrikpreis &amp; kostenlose Muster<\/strong> - Verf\u00fcgbar f\u00fcr Gro\u00dfbestellungen. Die <strong>BPA-freie tragbare Milchpulverdose Lieferant<\/strong> unterst\u00fctzt OEM\/ODM-Branding, bietet Fabrikpreise und kostenlose Muster f\u00fcr Anfragen.<\/li>\n<\/ul>\n\n\n\n<figure class=\"wp-block-table\"><table class=\"has-fixed-layout\"><tbody><tr><td>Modell<\/td><td>Gr\u00f6\u00dfe des Produkts<\/td><td>Gr\u00f6\u00dfe des Kartons<\/td><td>Bruttogewicht<\/td><td>Basisgewicht<\/td><td>Verpacken<\/td><\/tr><tr><td>SN1127<\/td><td>5.5*5.5*7.2cm<\/td><td>62*36*31cm<\/td><td>7,9 kg<\/td><td>26g<\/td><td>250 St\u00fcck\/Ktn<\/td><\/tr><tr><td>SN1128<\/td><td>5,5*5,5*6cm<\/td><td>62*31*31cm<\/td><td>7kg<\/td><td>22g<\/td><td>250 St\u00fcck\/Ktn<\/td><\/tr><\/tbody><\/table><\/figure>\n<\/div>\n\n\n\n<div class=\"wp-block-column is-layout-flow wp-block-column-is-layout-flow\">\n<figure class=\"wp-block-image size-full\"><img decoding=\"async\" width=\"800\" height=\"800\" src=\"https:\/\/www.xhplasticlife.com\/wp-content\/uploads\/2025\/10\/Wholesale-Infant-Formula-Dispenser.webp\" alt=\"Gro\u00dfhandel S\u00e4uglingsnahrung Dispenser\" class=\"wp-image-1526\" srcset=\"https:\/\/www.xhplasticlife.com\/wp-content\/uploads\/2025\/10\/Wholesale-Infant-Formula-Dispenser.webp 800w, https:\/\/www.xhplasticlife.com\/wp-content\/uploads\/2025\/10\/Wholesale-Infant-Formula-Dispenser-300x300.webp 300w, https:\/\/www.xhplasticlife.com\/wp-content\/uploads\/2025\/10\/Wholesale-Infant-Formula-Dispenser-150x150.webp 150w, https:\/\/www.xhplasticlife.com\/wp-content\/uploads\/2025\/10\/Wholesale-Infant-Formula-Dispenser-768x768.webp 768w, https:\/\/www.xhplasticlife.com\/wp-content\/uploads\/2025\/10\/Wholesale-Infant-Formula-Dispenser-12x12.webp 12w, https:\/\/www.xhplasticlife.com\/wp-content\/uploads\/2025\/10\/Wholesale-Infant-Formula-Dispenser-600x600.webp 600w, https:\/\/www.xhplasticlife.com\/wp-content\/uploads\/2025\/10\/Wholesale-Infant-Formula-Dispenser-100x100.webp 100w\" sizes=\"(max-width: 800px) 100vw, 800px\" \/><\/figure>\n<\/div>\n<\/div>\n\n\n\n<div class=\"wp-block-columns is-layout-flex wp-container-core-columns-is-layout-9d6595d7 wp-block-columns-is-layout-flex\">\n<div class=\"wp-block-column is-layout-flow wp-block-column-is-layout-flow\">\n<figure class=\"wp-block-image size-full\"><img decoding=\"async\" width=\"721\" height=\"962\" src=\"https:\/\/www.xhplasticlife.com\/wp-content\/uploads\/2025\/10\/Plastic-Portable-Milk-Powder-Box-in-Bulk.webp\" alt=\"Tragbare Milchpulverbox aus Kunststoff in loser Sch\u00fcttung\" class=\"wp-image-1529\" srcset=\"https:\/\/www.xhplasticlife.com\/wp-content\/uploads\/2025\/10\/Plastic-Portable-Milk-Powder-Box-in-Bulk.webp 721w, https:\/\/www.xhplasticlife.com\/wp-content\/uploads\/2025\/10\/Plastic-Portable-Milk-Powder-Box-in-Bulk-225x300.webp 225w, https:\/\/www.xhplasticlife.com\/wp-content\/uploads\/2025\/10\/Plastic-Portable-Milk-Powder-Box-in-Bulk-9x12.webp 9w, https:\/\/www.xhplasticlife.com\/wp-content\/uploads\/2025\/10\/Plastic-Portable-Milk-Powder-Box-in-Bulk-600x801.webp 600w\" sizes=\"(max-width: 721px) 100vw, 721px\" \/><\/figure>\n<\/div>\n\n\n\n<div class=\"wp-block-column is-layout-flow wp-block-column-is-layout-flow\">\n<figure class=\"wp-block-image size-full\"><img decoding=\"async\" width=\"800\" height=\"1067\" src=\"https:\/\/www.xhplasticlife.com\/wp-content\/uploads\/2025\/10\/Wholesale-Infant-Formula-Dispenser-Sizes.webp\" alt=\"Gro\u00dfhandelsspender f\u00fcr S\u00e4uglingsnahrung - Gr\u00f6\u00dfen\" class=\"wp-image-1530\" srcset=\"https:\/\/www.xhplasticlife.com\/wp-content\/uploads\/2025\/10\/Wholesale-Infant-Formula-Dispenser-Sizes.webp 800w, https:\/\/www.xhplasticlife.com\/wp-content\/uploads\/2025\/10\/Wholesale-Infant-Formula-Dispenser-Sizes-225x300.webp 225w, https:\/\/www.xhplasticlife.com\/wp-content\/uploads\/2025\/10\/Wholesale-Infant-Formula-Dispenser-Sizes-768x1024.webp 768w, https:\/\/www.xhplasticlife.com\/wp-content\/uploads\/2025\/10\/Wholesale-Infant-Formula-Dispenser-Sizes-9x12.webp 9w, https:\/\/www.xhplasticlife.com\/wp-content\/uploads\/2025\/10\/Wholesale-Infant-Formula-Dispenser-Sizes-600x800.webp 600w\" sizes=\"(max-width: 800px) 100vw, 800px\" \/><\/figure>\n<\/div>\n<\/div>\n\n\n\n<div class=\"wp-block-columns is-layout-flex wp-container-core-columns-is-layout-9d6595d7 wp-block-columns-is-layout-flex\">\n<div class=\"wp-block-column is-layout-flow wp-block-column-is-layout-flow\">\n<figure class=\"wp-block-image size-full\"><img decoding=\"async\" width=\"716\" height=\"954\" src=\"https:\/\/www.xhplasticlife.com\/wp-content\/uploads\/2025\/10\/Bulk-Infant-Formula-Dispenser-for-Baby.webp\" alt=\"Bulk-S\u00e4uglingsnahrungsspender f\u00fcr Baby\" class=\"wp-image-1528\" srcset=\"https:\/\/www.xhplasticlife.com\/wp-content\/uploads\/2025\/10\/Bulk-Infant-Formula-Dispenser-for-Baby.webp 716w, https:\/\/www.xhplasticlife.com\/wp-content\/uploads\/2025\/10\/Bulk-Infant-Formula-Dispenser-for-Baby-225x300.webp 225w, https:\/\/www.xhplasticlife.com\/wp-content\/uploads\/2025\/10\/Bulk-Infant-Formula-Dispenser-for-Baby-9x12.webp 9w, https:\/\/www.xhplasticlife.com\/wp-content\/uploads\/2025\/10\/Bulk-Infant-Formula-Dispenser-for-Baby-600x799.webp 600w\" sizes=\"(max-width: 716px) 100vw, 716px\" \/><\/figure>\n<\/div>\n\n\n\n<div class=\"wp-block-column is-layout-flow wp-block-column-is-layout-flow\">\n<figure class=\"wp-block-image size-full\"><img decoding=\"async\" width=\"800\" height=\"1117\" src=\"https:\/\/www.xhplasticlife.com\/wp-content\/uploads\/2025\/10\/BPA-Free-Portable-Milk-Powder-Box-for-Baby.webp\" alt=\"BPA-freie tragbare Milchpulverdose f\u00fcr Babys\" class=\"wp-image-1527\" srcset=\"https:\/\/www.xhplasticlife.com\/wp-content\/uploads\/2025\/10\/BPA-Free-Portable-Milk-Powder-Box-for-Baby.webp 800w, https:\/\/www.xhplasticlife.com\/wp-content\/uploads\/2025\/10\/BPA-Free-Portable-Milk-Powder-Box-for-Baby-215x300.webp 215w, https:\/\/www.xhplasticlife.com\/wp-content\/uploads\/2025\/10\/BPA-Free-Portable-Milk-Powder-Box-for-Baby-768x1072.webp 768w, https:\/\/www.xhplasticlife.com\/wp-content\/uploads\/2025\/10\/BPA-Free-Portable-Milk-Powder-Box-for-Baby-9x12.webp 9w, https:\/\/www.xhplasticlife.com\/wp-content\/uploads\/2025\/10\/BPA-Free-Portable-Milk-Powder-Box-for-Baby-600x838.webp 600w\" sizes=\"(max-width: 800px) 100vw, 800px\" \/><\/figure>\n<\/div>\n<\/div>\n\n\n\n<div class=\"wp-block-columns is-layout-flex wp-container-core-columns-is-layout-9d6595d7 wp-block-columns-is-layout-flex\">\n<div class=\"wp-block-column is-layout-flow wp-block-column-is-layout-flow\"><div class=\"wp-block-image\">\n<figure class=\"aligncenter size-full\"><img decoding=\"async\" width=\"800\" height=\"800\" src=\"https:\/\/www.xhplasticlife.com\/wp-content\/uploads\/2025\/10\/Infant-Formula-Storage-Dispenser-Wholesale-4.webp\" alt=\"Spender f\u00fcr S\u00e4uglingsnahrung Gro\u00dfhandel (4)\" class=\"wp-image-1525\" srcset=\"https:\/\/www.xhplasticlife.com\/wp-content\/uploads\/2025\/10\/Infant-Formula-Storage-Dispenser-Wholesale-4.webp 800w, https:\/\/www.xhplasticlife.com\/wp-content\/uploads\/2025\/10\/Infant-Formula-Storage-Dispenser-Wholesale-4-300x300.webp 300w, https:\/\/www.xhplasticlife.com\/wp-content\/uploads\/2025\/10\/Infant-Formula-Storage-Dispenser-Wholesale-4-150x150.webp 150w, https:\/\/www.xhplasticlife.com\/wp-content\/uploads\/2025\/10\/Infant-Formula-Storage-Dispenser-Wholesale-4-768x768.webp 768w, https:\/\/www.xhplasticlife.com\/wp-content\/uploads\/2025\/10\/Infant-Formula-Storage-Dispenser-Wholesale-4-12x12.webp 12w, https:\/\/www.xhplasticlife.com\/wp-content\/uploads\/2025\/10\/Infant-Formula-Storage-Dispenser-Wholesale-4-600x600.webp 600w, https:\/\/www.xhplasticlife.com\/wp-content\/uploads\/2025\/10\/Infant-Formula-Storage-Dispenser-Wholesale-4-100x100.webp 100w\" sizes=\"(max-width: 800px) 100vw, 800px\" \/><figcaption class=\"wp-element-caption\">Spender f\u00fcr S\u00e4uglingsnahrung vermeiden<\/figcaption><\/figure>\n<\/div><\/div>\n\n\n\n<div class=\"wp-block-column is-layout-flow wp-block-column-is-layout-flow\"><div class=\"wp-block-image\">\n<figure class=\"aligncenter size-full\"><img decoding=\"async\" width=\"800\" height=\"800\" src=\"https:\/\/www.xhplasticlife.com\/wp-content\/uploads\/2025\/10\/Infant-Formula-Storage-Dispenser-Wholesale-3.webp\" alt=\"Spender f\u00fcr S\u00e4uglingsnahrung Gro\u00dfhandel (3)\" class=\"wp-image-1524\" srcset=\"https:\/\/www.xhplasticlife.com\/wp-content\/uploads\/2025\/10\/Infant-Formula-Storage-Dispenser-Wholesale-3.webp 800w, https:\/\/www.xhplasticlife.com\/wp-content\/uploads\/2025\/10\/Infant-Formula-Storage-Dispenser-Wholesale-3-300x300.webp 300w, https:\/\/www.xhplasticlife.com\/wp-content\/uploads\/2025\/10\/Infant-Formula-Storage-Dispenser-Wholesale-3-150x150.webp 150w, https:\/\/www.xhplasticlife.com\/wp-content\/uploads\/2025\/10\/Infant-Formula-Storage-Dispenser-Wholesale-3-768x768.webp 768w, https:\/\/www.xhplasticlife.com\/wp-content\/uploads\/2025\/10\/Infant-Formula-Storage-Dispenser-Wholesale-3-12x12.webp 12w, https:\/\/www.xhplasticlife.com\/wp-content\/uploads\/2025\/10\/Infant-Formula-Storage-Dispenser-Wholesale-3-600x600.webp 600w, https:\/\/www.xhplasticlife.com\/wp-content\/uploads\/2025\/10\/Infant-Formula-Storage-Dispenser-Wholesale-3-100x100.webp 100w\" sizes=\"(max-width: 800px) 100vw, 800px\" \/><figcaption class=\"wp-element-caption\">Transparenter Spender f\u00fcr S\u00e4uglingsnahrung<\/figcaption><\/figure>\n<\/div><\/div>\n<\/div>","protected":false},"excerpt":{"rendered":"<p>Willkommen bei unserer S\u00e4uglingsnahrung Spender Gro\u00dfhandel zu bestellen! Diese BPA-freie tragbare Milchpulver-Box Lieferant ist auslaufsicher, stapelbar, tragbar, mit Fabrikpreis &amp; kostenlose Proben zur Verf\u00fcgung.<\/p>\n<h2>Spender f\u00fcr S\u00e4uglingsnahrung Parameter:<\/h2>\n<ul>\n<li><strong>Modell<\/strong>: SN1127-SN1128<\/li>\n<li><strong>Markenname<\/strong>: Xinghui<\/li>\n<li><strong>Material<\/strong>: Kunststoff (PP)<\/li>\n<li><strong>Farbe<\/strong>: Durchsichtig<\/li>\n<li><strong>Verpacken<\/strong>: OPP-Verpackung<\/li>\n<li><strong>OEM\/ODM<\/strong>: Verf\u00fcgbar<\/li>\n<li><strong>MOQ:\u00a0<\/strong>2000 St\u00fcck<\/li>\n<li><strong>Kundenspezifische Option<\/strong>: Farbe\/Gr\u00f6\u00dfe\/Logo\/Verpackung<\/li>\n<\/ul>\n<h2>Von Daily Plasticware Hersteller :<\/h2>\n<p>Gegr\u00fcndet im Jahr 2000,\u00a0<a href=\"https:\/\/www.xhplasticlife.com\/de\/\"><strong>Xinghui<\/strong><\/a>\u00a0ist spezialisiert auf die Herstellung und den Gro\u00dfhandel von Brotdosen, Lebensmittelbeh\u00e4ltern, Trinkgef\u00e4\u00dfen, Haushaltsbeh\u00e4ltern und anderen Kunststoffprodukten des t\u00e4glichen Bedarfs. Wir bieten alles aus einer Hand <a href=\"https:\/\/www.xhplasticlife.com\/de\/custom-food-storage-containers\/\">OEM &amp; ODM<\/a> und e<a href=\"https:\/\/www.xhplasticlife.com\/de\/e-commerce-service\/\"><strong>-Gesch\u00e4ftsverkehr Beschaffungsdienstleistungen<\/strong><\/a> f\u00fcr Kunden.<\/p>","protected":false},"featured_media":1521,"comment_status":"closed","ping_status":"closed","template":"","meta":{"_acf_changed":false},"product_brand":[],"product_cat":[22],"product_tag":[],"class_list":{"0":"post-1518","1":"product","2":"type-product","3":"status-publish","4":"has-post-thumbnail","6":"product_cat-portable-organizers-wholesale","8":"first","9":"instock","10":"shipping-taxable","11":"product-type-simple"},"acf":[],"_links":{"self":[{"href":"https:\/\/www.xhplasticlife.com\/de\/wp-json\/wp\/v2\/product\/1518","targetHints":{"allow":["GET"]}}],"collection":[{"href":"https:\/\/www.xhplasticlife.com\/de\/wp-json\/wp\/v2\/product"}],"about":[{"href":"https:\/\/www.xhplasticlife.com\/de\/wp-json\/wp\/v2\/types\/product"}],"replies":[{"embeddable":true,"href":"https:\/\/www.xhplasticlife.com\/de\/wp-json\/wp\/v2\/comments?post=1518"}],"wp:featuredmedia":[{"embeddable":true,"href":"https:\/\/www.xhplasticlife.com\/de\/wp-json\/wp\/v2\/media\/1521"}],"wp:attachment":[{"href":"https:\/\/www.xhplasticlife.com\/de\/wp-json\/wp\/v2\/media?parent=1518"}],"wp:term":[{"taxonomy":"product_brand","embeddable":true,"href":"https:\/\/www.xhplasticlife.com\/de\/wp-json\/wp\/v2\/product_brand?post=1518"},{"taxonomy":"product_cat","embeddable":true,"href":"https:\/\/www.xhplasticlife.com\/de\/wp-json\/wp\/v2\/product_cat?post=1518"},{"taxonomy":"product_tag","embeddable":true,"href":"https:\/\/www.xhplasticlife.com\/de\/wp-json\/wp\/v2\/product_tag?post=1518"}],"curies":[{"name":"wp","href":"https:\/\/api.w.org\/{rel}","templated":true}]}}