{"id":1502,"date":"2025-10-11T08:51:58","date_gmt":"2025-10-11T08:14:43","guid":{"rendered":"https:\/\/www.xhplasticlife.com\/?post_type=product&#038;p=1502"},"modified":"2025-10-11T10:02:44","modified_gmt":"2025-10-11T10:02:44","slug":"7-day-bulk-pill-boxes-supplier","status":"publish","type":"product","link":"https:\/\/www.xhplasticlife.com\/de\/produkt\/7-day-bulk-pill-boxes-supplier\/","title":{"rendered":"7 Tage Bulk Pill Boxen Lieferant, Kunststoff Portable Apotheke Medizin Fall"},"content":{"rendered":"<div class=\"wp-block-columns is-layout-flex wp-container-core-columns-is-layout-9d6595d7 wp-block-columns-is-layout-flex\">\n<div class=\"wp-block-column is-layout-flow wp-block-column-is-layout-flow\">\n<h2 class=\"wp-block-heading\">7 Tage Bulk-Pillenboxen Merkmale:<\/h2>\n\n\n\n<ul class=\"wp-block-list\">\n<li><strong>Langlebiges &amp; tragbares Design<\/strong>: Das Produkt dieses Anbieters von Pillenboxen besteht aus hochwertigem Kunststoff mit dreifacher Versiegelung, die Staub- und Feuchtigkeitsbest\u00e4ndigkeit f\u00fcr eine sichere Lagerung gew\u00e4hrleistet.<\/li>\n\n\n\n<li><strong>7 F\u00e4cher f\u00fcr die Organisation<\/strong>: Als Gro\u00dfhandel tragbare Apotheke Medizin Fall, es verf\u00fcgt \u00fcber 7 separate F\u00e4cher f\u00fcr verschiedene Medikamente, verhindert Verwechslungen und leicht zu verfolgen Dosierung.<\/li>\n\n\n\n<li><strong>Zeitaufzeichnung &amp; sichtbarer Deckel<\/strong>: Der transparente Innendeckel und die verschiebbare Zeitaufzeichnung helfen dem Benutzer, die Dosierung zu verfolgen und sich leicht an die t\u00e4glichen Medikamentenpl\u00e4ne zu erinnern.<\/li>\n\n\n\n<li><strong>Gro\u00dfes Fassungsverm\u00f6gen &amp; Reisefreundlichkeit<\/strong>: Kompakt und tragbar, diese Bulk-Pillenboxen Anbieter passt in Taschen oder Gep\u00e4ck, erh\u00e4ltlich in 2 Gr\u00f6\u00dfen und 3 Farben (rosa, lila, wei\u00df).<\/li>\n\n\n\n<li><strong>Fabrikpreis &amp; kundenspezifische Optionen<\/strong>: Unterst\u00fctzung von OEM\/ODM-Branding; die <strong>Gro\u00dfhandel tragbare Apotheke Medizin Fall<\/strong> ist ideal f\u00fcr Apotheken, Gesundheitsdienstleister oder Gro\u00dfbestellungen.<\/li>\n<\/ul>\n<\/div>\n\n\n\n<div class=\"wp-block-column is-layout-flow wp-block-column-is-layout-flow\">\n<figure class=\"wp-block-image size-full\"><img decoding=\"async\" width=\"712\" height=\"712\" src=\"https:\/\/www.xhplasticlife.com\/wp-content\/uploads\/2025\/10\/Portable-Pharmacy-Pill-Boxes-Supplier.webp\" alt=\"Tragbare Apotheken-Pillenboxen Lieferant\" class=\"wp-image-1513\" srcset=\"https:\/\/www.xhplasticlife.com\/wp-content\/uploads\/2025\/10\/Portable-Pharmacy-Pill-Boxes-Supplier.webp 712w, https:\/\/www.xhplasticlife.com\/wp-content\/uploads\/2025\/10\/Portable-Pharmacy-Pill-Boxes-Supplier-300x300.webp 300w, https:\/\/www.xhplasticlife.com\/wp-content\/uploads\/2025\/10\/Portable-Pharmacy-Pill-Boxes-Supplier-150x150.webp 150w, https:\/\/www.xhplasticlife.com\/wp-content\/uploads\/2025\/10\/Portable-Pharmacy-Pill-Boxes-Supplier-12x12.webp 12w, https:\/\/www.xhplasticlife.com\/wp-content\/uploads\/2025\/10\/Portable-Pharmacy-Pill-Boxes-Supplier-600x600.webp 600w, https:\/\/www.xhplasticlife.com\/wp-content\/uploads\/2025\/10\/Portable-Pharmacy-Pill-Boxes-Supplier-100x100.webp 100w\" sizes=\"(max-width: 712px) 100vw, 712px\" \/><\/figure>\n<\/div>\n<\/div>\n\n\n\n<figure class=\"wp-block-table is-style-stripes\"><table class=\"has-fixed-layout\"><tbody><tr><td>Modell<\/td><td>Gr\u00f6\u00dfe des Produkts<\/td><td>Gr\u00f6\u00dfe des Kartons<\/td><td>Bruttogewicht<\/td><td>Basisgewicht<\/td><td>Verpacken<\/td><\/tr><tr><td>BX398<\/td><td>7,8*7,2*3,5cm<\/td><td>26*32*56cm<\/td><td>9kg<\/td><td>50g<\/td><td>168 St\u00fcck\/ctn<\/td><\/tr><tr><td>BX399<\/td><td>11*7.2*3.5cm<\/td><td>35*33*45cm<\/td><td>10kg<\/td><td>67g<\/td><td>144 St\u00fcck\/ctn<\/td><\/tr><\/tbody><\/table><\/figure>\n\n\n\n<div class=\"wp-block-columns is-layout-flex wp-container-core-columns-is-layout-9d6595d7 wp-block-columns-is-layout-flex\">\n<div class=\"wp-block-column is-layout-flow wp-block-column-is-layout-flow\"><div class=\"wp-block-image\">\n<figure class=\"aligncenter size-full\"><img decoding=\"async\" width=\"800\" height=\"800\" src=\"https:\/\/www.xhplasticlife.com\/wp-content\/uploads\/2025\/10\/Large-white-Pill-Boxes-Supplier.webp\" alt=\"Gro\u00df wei\u00df - Pillendosen Lieferant\" class=\"wp-image-1510\" srcset=\"https:\/\/www.xhplasticlife.com\/wp-content\/uploads\/2025\/10\/Large-white-Pill-Boxes-Supplier.webp 800w, https:\/\/www.xhplasticlife.com\/wp-content\/uploads\/2025\/10\/Large-white-Pill-Boxes-Supplier-300x300.webp 300w, https:\/\/www.xhplasticlife.com\/wp-content\/uploads\/2025\/10\/Large-white-Pill-Boxes-Supplier-150x150.webp 150w, https:\/\/www.xhplasticlife.com\/wp-content\/uploads\/2025\/10\/Large-white-Pill-Boxes-Supplier-768x768.webp 768w, https:\/\/www.xhplasticlife.com\/wp-content\/uploads\/2025\/10\/Large-white-Pill-Boxes-Supplier-12x12.webp 12w, https:\/\/www.xhplasticlife.com\/wp-content\/uploads\/2025\/10\/Large-white-Pill-Boxes-Supplier-600x600.webp 600w, https:\/\/www.xhplasticlife.com\/wp-content\/uploads\/2025\/10\/Large-white-Pill-Boxes-Supplier-100x100.webp 100w\" sizes=\"(max-width: 800px) 100vw, 800px\" \/><figcaption class=\"wp-element-caption\">Gro\u00dfe wei\u00dfe Pillendose<\/figcaption><\/figure>\n<\/div><\/div>\n\n\n\n<div class=\"wp-block-column is-layout-flow wp-block-column-is-layout-flow\"><div class=\"wp-block-image\">\n<figure class=\"aligncenter size-full\"><img decoding=\"async\" width=\"800\" height=\"800\" src=\"https:\/\/www.xhplasticlife.com\/wp-content\/uploads\/2025\/10\/Large-purple-Pill-Boxes-Supplier.webp\" alt=\"Gro\u00df lila - Pillendosen Lieferant\" class=\"wp-image-1509\" srcset=\"https:\/\/www.xhplasticlife.com\/wp-content\/uploads\/2025\/10\/Large-purple-Pill-Boxes-Supplier.webp 800w, https:\/\/www.xhplasticlife.com\/wp-content\/uploads\/2025\/10\/Large-purple-Pill-Boxes-Supplier-300x300.webp 300w, https:\/\/www.xhplasticlife.com\/wp-content\/uploads\/2025\/10\/Large-purple-Pill-Boxes-Supplier-150x150.webp 150w, https:\/\/www.xhplasticlife.com\/wp-content\/uploads\/2025\/10\/Large-purple-Pill-Boxes-Supplier-768x768.webp 768w, https:\/\/www.xhplasticlife.com\/wp-content\/uploads\/2025\/10\/Large-purple-Pill-Boxes-Supplier-12x12.webp 12w, https:\/\/www.xhplasticlife.com\/wp-content\/uploads\/2025\/10\/Large-purple-Pill-Boxes-Supplier-600x600.webp 600w, https:\/\/www.xhplasticlife.com\/wp-content\/uploads\/2025\/10\/Large-purple-Pill-Boxes-Supplier-100x100.webp 100w\" sizes=\"(max-width: 800px) 100vw, 800px\" \/><figcaption class=\"wp-element-caption\">Gro\u00dfe lila Pillenbox<\/figcaption><\/figure>\n<\/div><\/div>\n\n\n\n<div class=\"wp-block-column is-layout-flow wp-block-column-is-layout-flow\"><div class=\"wp-block-image\">\n<figure class=\"aligncenter size-full\"><img decoding=\"async\" width=\"800\" height=\"800\" src=\"https:\/\/www.xhplasticlife.com\/wp-content\/uploads\/2025\/10\/Large-pink-Pill-Boxes-Supplier.webp\" alt=\"Gro\u00dfe rosa - Pillendosen Lieferant\" class=\"wp-image-1508\" srcset=\"https:\/\/www.xhplasticlife.com\/wp-content\/uploads\/2025\/10\/Large-pink-Pill-Boxes-Supplier.webp 800w, https:\/\/www.xhplasticlife.com\/wp-content\/uploads\/2025\/10\/Large-pink-Pill-Boxes-Supplier-300x300.webp 300w, https:\/\/www.xhplasticlife.com\/wp-content\/uploads\/2025\/10\/Large-pink-Pill-Boxes-Supplier-150x150.webp 150w, https:\/\/www.xhplasticlife.com\/wp-content\/uploads\/2025\/10\/Large-pink-Pill-Boxes-Supplier-768x768.webp 768w, https:\/\/www.xhplasticlife.com\/wp-content\/uploads\/2025\/10\/Large-pink-Pill-Boxes-Supplier-12x12.webp 12w, https:\/\/www.xhplasticlife.com\/wp-content\/uploads\/2025\/10\/Large-pink-Pill-Boxes-Supplier-600x600.webp 600w, https:\/\/www.xhplasticlife.com\/wp-content\/uploads\/2025\/10\/Large-pink-Pill-Boxes-Supplier-100x100.webp 100w\" sizes=\"(max-width: 800px) 100vw, 800px\" \/><figcaption class=\"wp-element-caption\">Gro\u00dfe rosa Pillenbox<\/figcaption><\/figure>\n<\/div><\/div>\n<\/div>\n\n\n\n<div class=\"wp-block-columns is-layout-flex wp-container-core-columns-is-layout-9d6595d7 wp-block-columns-is-layout-flex\">\n<div class=\"wp-block-column is-layout-flow wp-block-column-is-layout-flow\"><div class=\"wp-block-image\">\n<figure class=\"aligncenter size-full\"><img decoding=\"async\" width=\"800\" height=\"800\" src=\"https:\/\/www.xhplasticlife.com\/wp-content\/uploads\/2025\/10\/Small-white-Pill-Boxes-Manufacturer.webp\" alt=\"Kleine wei\u00dfe - Pillenboxen Hersteller\" class=\"wp-image-1516\" srcset=\"https:\/\/www.xhplasticlife.com\/wp-content\/uploads\/2025\/10\/Small-white-Pill-Boxes-Manufacturer.webp 800w, https:\/\/www.xhplasticlife.com\/wp-content\/uploads\/2025\/10\/Small-white-Pill-Boxes-Manufacturer-300x300.webp 300w, https:\/\/www.xhplasticlife.com\/wp-content\/uploads\/2025\/10\/Small-white-Pill-Boxes-Manufacturer-150x150.webp 150w, https:\/\/www.xhplasticlife.com\/wp-content\/uploads\/2025\/10\/Small-white-Pill-Boxes-Manufacturer-768x768.webp 768w, https:\/\/www.xhplasticlife.com\/wp-content\/uploads\/2025\/10\/Small-white-Pill-Boxes-Manufacturer-12x12.webp 12w, https:\/\/www.xhplasticlife.com\/wp-content\/uploads\/2025\/10\/Small-white-Pill-Boxes-Manufacturer-600x600.webp 600w, https:\/\/www.xhplasticlife.com\/wp-content\/uploads\/2025\/10\/Small-white-Pill-Boxes-Manufacturer-100x100.webp 100w\" sizes=\"(max-width: 800px) 100vw, 800px\" \/><figcaption class=\"wp-element-caption\">Kleine wei\u00dfe Pillendose<\/figcaption><\/figure>\n<\/div><\/div>\n\n\n\n<div class=\"wp-block-column is-layout-flow wp-block-column-is-layout-flow\"><div class=\"wp-block-image\">\n<figure class=\"aligncenter size-full\"><img decoding=\"async\" width=\"800\" height=\"800\" src=\"https:\/\/www.xhplasticlife.com\/wp-content\/uploads\/2025\/10\/Small-purple-Pill-Boxes-Manufacturer.webp\" alt=\"Kleine lila - Pillenboxen Hersteller\" class=\"wp-image-1515\" srcset=\"https:\/\/www.xhplasticlife.com\/wp-content\/uploads\/2025\/10\/Small-purple-Pill-Boxes-Manufacturer.webp 800w, https:\/\/www.xhplasticlife.com\/wp-content\/uploads\/2025\/10\/Small-purple-Pill-Boxes-Manufacturer-300x300.webp 300w, https:\/\/www.xhplasticlife.com\/wp-content\/uploads\/2025\/10\/Small-purple-Pill-Boxes-Manufacturer-150x150.webp 150w, https:\/\/www.xhplasticlife.com\/wp-content\/uploads\/2025\/10\/Small-purple-Pill-Boxes-Manufacturer-768x768.webp 768w, https:\/\/www.xhplasticlife.com\/wp-content\/uploads\/2025\/10\/Small-purple-Pill-Boxes-Manufacturer-12x12.webp 12w, https:\/\/www.xhplasticlife.com\/wp-content\/uploads\/2025\/10\/Small-purple-Pill-Boxes-Manufacturer-600x600.webp 600w, https:\/\/www.xhplasticlife.com\/wp-content\/uploads\/2025\/10\/Small-purple-Pill-Boxes-Manufacturer-100x100.webp 100w\" sizes=\"(max-width: 800px) 100vw, 800px\" \/><figcaption class=\"wp-element-caption\">Kleine lila Pillenbox<\/figcaption><\/figure>\n<\/div><\/div>\n\n\n\n<div class=\"wp-block-column is-layout-flow wp-block-column-is-layout-flow\"><div class=\"wp-block-image\">\n<figure class=\"aligncenter size-full\"><img decoding=\"async\" width=\"800\" height=\"800\" src=\"https:\/\/www.xhplasticlife.com\/wp-content\/uploads\/2025\/10\/Small-pink-Pill-Boxes-Manufacturer.webp\" alt=\"Kleine rosa - Pillenboxen Hersteller\" class=\"wp-image-1514\" srcset=\"https:\/\/www.xhplasticlife.com\/wp-content\/uploads\/2025\/10\/Small-pink-Pill-Boxes-Manufacturer.webp 800w, https:\/\/www.xhplasticlife.com\/wp-content\/uploads\/2025\/10\/Small-pink-Pill-Boxes-Manufacturer-300x300.webp 300w, https:\/\/www.xhplasticlife.com\/wp-content\/uploads\/2025\/10\/Small-pink-Pill-Boxes-Manufacturer-150x150.webp 150w, https:\/\/www.xhplasticlife.com\/wp-content\/uploads\/2025\/10\/Small-pink-Pill-Boxes-Manufacturer-768x768.webp 768w, https:\/\/www.xhplasticlife.com\/wp-content\/uploads\/2025\/10\/Small-pink-Pill-Boxes-Manufacturer-12x12.webp 12w, https:\/\/www.xhplasticlife.com\/wp-content\/uploads\/2025\/10\/Small-pink-Pill-Boxes-Manufacturer-600x600.webp 600w, https:\/\/www.xhplasticlife.com\/wp-content\/uploads\/2025\/10\/Small-pink-Pill-Boxes-Manufacturer-100x100.webp 100w\" sizes=\"(max-width: 800px) 100vw, 800px\" \/><figcaption class=\"wp-element-caption\">Kleine rosa Pillenbox<\/figcaption><\/figure>\n<\/div><\/div>\n<\/div>","protected":false},"excerpt":{"rendered":"<p>Willkommen bei unserer Bulk-Pillen-Boxen Lieferanten zu bestellen! Dieser Gro\u00dfhandel tragbare Apotheke Medizin Fall ist dreifach versiegelt, tragbar und anpassbar, mit einer Fabrik Preis &amp; kostenlose Proben zur Verf\u00fcgung.<\/p>\n<h2>7-Tage-Pillenboxen Parameter:<\/h2>\n<ul>\n<li><strong>Modell<\/strong>: BX398-BX399<\/li>\n<li><strong>Markenname<\/strong>: Xinghui<\/li>\n<li><strong>Material<\/strong>: PP+Silikon<\/li>\n<li><strong>Farbe<\/strong>: wei\u00df, lila, rosa<\/li>\n<li><strong>Verpacken<\/strong>: Farbe Karton<\/li>\n<li><strong>OEM\/ODM<\/strong>: Verf\u00fcgbar<\/li>\n<li><strong>MOQ:\u00a0<\/strong>2000 St\u00fcck<\/li>\n<li><strong>Kundenspezifische Option<\/strong>: Farbe\/Gr\u00f6\u00dfe\/Logo\/Verpackung<\/li>\n<\/ul>\n<h2>Von Daily Plasticware Hersteller :<\/h2>\n<p>Gegr\u00fcndet im Jahr 2000,\u00a0<a href=\"https:\/\/www.xhplasticlife.com\/de\/\"><strong>Xinghui<\/strong><\/a>\u00a0ist spezialisiert auf die Herstellung und den Gro\u00dfhandel von Brotdosen, Lebensmittelbeh\u00e4ltern, Trinkgef\u00e4\u00dfen, Haushaltsbeh\u00e4ltern und anderen Kunststoffprodukten des t\u00e4glichen Bedarfs. Wir bieten alles aus einer Hand <a href=\"https:\/\/www.xhplasticlife.com\/de\/custom-food-storage-containers\/\">OEM &amp; ODM<\/a> und e<a href=\"https:\/\/www.xhplasticlife.com\/de\/e-commerce-service\/\"><strong>-Gesch\u00e4ftsverkehr Beschaffungsdienstleistungen<\/strong><\/a> f\u00fcr Kunden.<\/p>","protected":false},"featured_media":1507,"comment_status":"closed","ping_status":"closed","template":"","meta":{"_acf_changed":false},"product_brand":[],"product_cat":[22],"product_tag":[],"class_list":{"0":"post-1502","1":"product","2":"type-product","3":"status-publish","4":"has-post-thumbnail","6":"product_cat-portable-organizers-wholesale","8":"first","9":"instock","10":"shipping-taxable","11":"product-type-simple"},"acf":[],"_links":{"self":[{"href":"https:\/\/www.xhplasticlife.com\/de\/wp-json\/wp\/v2\/product\/1502","targetHints":{"allow":["GET"]}}],"collection":[{"href":"https:\/\/www.xhplasticlife.com\/de\/wp-json\/wp\/v2\/product"}],"about":[{"href":"https:\/\/www.xhplasticlife.com\/de\/wp-json\/wp\/v2\/types\/product"}],"replies":[{"embeddable":true,"href":"https:\/\/www.xhplasticlife.com\/de\/wp-json\/wp\/v2\/comments?post=1502"}],"wp:featuredmedia":[{"embeddable":true,"href":"https:\/\/www.xhplasticlife.com\/de\/wp-json\/wp\/v2\/media\/1507"}],"wp:attachment":[{"href":"https:\/\/www.xhplasticlife.com\/de\/wp-json\/wp\/v2\/media?parent=1502"}],"wp:term":[{"taxonomy":"product_brand","embeddable":true,"href":"https:\/\/www.xhplasticlife.com\/de\/wp-json\/wp\/v2\/product_brand?post=1502"},{"taxonomy":"product_cat","embeddable":true,"href":"https:\/\/www.xhplasticlife.com\/de\/wp-json\/wp\/v2\/product_cat?post=1502"},{"taxonomy":"product_tag","embeddable":true,"href":"https:\/\/www.xhplasticlife.com\/de\/wp-json\/wp\/v2\/product_tag?post=1502"}],"curies":[{"name":"wp","href":"https:\/\/api.w.org\/{rel}","templated":true}]}}