{"id":1492,"date":"2025-10-11T08:02:33","date_gmt":"2025-10-11T08:02:33","guid":{"rendered":"https:\/\/www.xhplasticlife.com\/?post_type=product&#038;p=1492"},"modified":"2025-10-11T08:04:06","modified_gmt":"2025-10-11T08:04:06","slug":"custom-pill-box-wholesaler","status":"publish","type":"product","link":"https:\/\/www.xhplasticlife.com\/de\/produkt\/custom-pill-box-wholesaler\/","title":{"rendered":"Benutzerdefinierte Pillenbox Gro\u00dfhandel Kunststoff 7 Tage Medizin Fall Fabrik"},"content":{"rendered":"<div class=\"wp-block-columns is-layout-flex wp-container-core-columns-is-layout-9d6595d7 wp-block-columns-is-layout-flex\">\n<div class=\"wp-block-column is-layout-flow wp-block-column-is-layout-flow\">\n<h2 class=\"wp-block-heading\">Kundenspezifische Pillenbox Merkmale:<\/h2>\n\n\n\n<ul class=\"wp-block-list\">\n<li><strong>Hochwertiges Material und Design:<\/strong> Dieses 7-Tage-Medikamentenetui besteht aus hochwertigem BPA-freiem PP-Kunststoff und bietet Sicherheit, Haltbarkeit und einen luftdichten Verschluss f\u00fcr den t\u00e4glichen Gebrauch.<\/li>\n\n\n\n<li><strong>7-Tage- und geteiltes Design:<\/strong> Als 7-Tage-Kunststoffkoffer im Gro\u00dfhandel ist er mit sieben klar beschrifteten F\u00e4chern ausgestattet, um die verschiedenen Medikamente tageweise oder nach Dosierung zu sortieren.<\/li>\n\n\n\n<li><strong>Transluzent Innen: <\/strong>Das transparente Oberteil erm\u00f6glicht einen m\u00fchelosen Blick auf die Pillen, so dass man die verbleibenden Dosen einfach \u00fcberpr\u00fcfen kann, ohne die Schachtel \u00f6ffnen zu m\u00fcssen.<\/li>\n\n\n\n<li><strong>Doppelt versiegelt und feuchtigkeitsbest\u00e4ndig: <\/strong>Dieses Produkt verf\u00fcgt \u00fcber eine doppelte Schutzversiegelung, die Feuchtigkeit und Staub abh\u00e4lt und so die Tabletten trocken und frisch h\u00e4lt.<\/li>\n\n\n\n<li><strong>Tragbar &amp; anpassbar<\/strong>: Tragbar, wasserdicht und leicht, die personalisierte Pillenbox kann mit Ihrem Logo f\u00fcr die Markenwerbung OEM\/ODM angepasst werden.<\/li>\n\n\n\n<li><strong>Leicht zu reinigen und wiederverwendbar<\/strong>: Diese 7-Tage-Plastikbox ist sp\u00fclmaschinen- und umweltfreundlich und eignet sich f\u00fcr den Gebrauch auf Reisen, zu Hause oder im Gesundheitswesen.<\/li>\n<\/ul>\n<\/div>\n\n\n\n<div class=\"wp-block-column is-layout-flow wp-block-column-is-layout-flow\">\n<figure class=\"wp-block-image size-full\"><img decoding=\"async\" width=\"800\" height=\"800\" src=\"https:\/\/www.xhplasticlife.com\/wp-content\/uploads\/2025\/10\/Custom-Pill-Box-Wholesale-Plastic-7-Days-Medicine-Case-2.webp\" alt=\"Benutzerdefinierte Pillenbox Gro\u00dfhandel Kunststoff 7 Tage Medizin Fall (2)\" class=\"wp-image-1494\" srcset=\"https:\/\/www.xhplasticlife.com\/wp-content\/uploads\/2025\/10\/Custom-Pill-Box-Wholesale-Plastic-7-Days-Medicine-Case-2.webp 800w, https:\/\/www.xhplasticlife.com\/wp-content\/uploads\/2025\/10\/Custom-Pill-Box-Wholesale-Plastic-7-Days-Medicine-Case-2-300x300.webp 300w, https:\/\/www.xhplasticlife.com\/wp-content\/uploads\/2025\/10\/Custom-Pill-Box-Wholesale-Plastic-7-Days-Medicine-Case-2-150x150.webp 150w, https:\/\/www.xhplasticlife.com\/wp-content\/uploads\/2025\/10\/Custom-Pill-Box-Wholesale-Plastic-7-Days-Medicine-Case-2-768x768.webp 768w, https:\/\/www.xhplasticlife.com\/wp-content\/uploads\/2025\/10\/Custom-Pill-Box-Wholesale-Plastic-7-Days-Medicine-Case-2-12x12.webp 12w, https:\/\/www.xhplasticlife.com\/wp-content\/uploads\/2025\/10\/Custom-Pill-Box-Wholesale-Plastic-7-Days-Medicine-Case-2-600x600.webp 600w, https:\/\/www.xhplasticlife.com\/wp-content\/uploads\/2025\/10\/Custom-Pill-Box-Wholesale-Plastic-7-Days-Medicine-Case-2-100x100.webp 100w\" sizes=\"(max-width: 800px) 100vw, 800px\" \/><\/figure>\n<\/div>\n<\/div>\n\n\n\n<div class=\"wp-block-columns is-layout-flex wp-container-core-columns-is-layout-9d6595d7 wp-block-columns-is-layout-flex\">\n<div class=\"wp-block-column is-layout-flow wp-block-column-is-layout-flow\"><div class=\"wp-block-image\">\n<figure class=\"aligncenter size-full\"><img decoding=\"async\" width=\"800\" height=\"800\" src=\"https:\/\/www.xhplasticlife.com\/wp-content\/uploads\/2025\/10\/Pink-Plastic-7-Days-Medicine-Case-Factory.webp\" alt=\"Rosa - Kunststoff 7 Tage Medizin Fall Fabrik\" class=\"wp-image-1500\" srcset=\"https:\/\/www.xhplasticlife.com\/wp-content\/uploads\/2025\/10\/Pink-Plastic-7-Days-Medicine-Case-Factory.webp 800w, https:\/\/www.xhplasticlife.com\/wp-content\/uploads\/2025\/10\/Pink-Plastic-7-Days-Medicine-Case-Factory-300x300.webp 300w, https:\/\/www.xhplasticlife.com\/wp-content\/uploads\/2025\/10\/Pink-Plastic-7-Days-Medicine-Case-Factory-150x150.webp 150w, https:\/\/www.xhplasticlife.com\/wp-content\/uploads\/2025\/10\/Pink-Plastic-7-Days-Medicine-Case-Factory-768x768.webp 768w, https:\/\/www.xhplasticlife.com\/wp-content\/uploads\/2025\/10\/Pink-Plastic-7-Days-Medicine-Case-Factory-12x12.webp 12w, https:\/\/www.xhplasticlife.com\/wp-content\/uploads\/2025\/10\/Pink-Plastic-7-Days-Medicine-Case-Factory-600x600.webp 600w, https:\/\/www.xhplasticlife.com\/wp-content\/uploads\/2025\/10\/Pink-Plastic-7-Days-Medicine-Case-Factory-100x100.webp 100w\" sizes=\"(max-width: 800px) 100vw, 800px\" \/><figcaption class=\"wp-element-caption\">Rosa<\/figcaption><\/figure>\n<\/div><\/div>\n\n\n\n<div class=\"wp-block-column is-layout-flow wp-block-column-is-layout-flow\"><div class=\"wp-block-image\">\n<figure class=\"aligncenter size-full\"><img decoding=\"async\" width=\"800\" height=\"800\" src=\"https:\/\/www.xhplasticlife.com\/wp-content\/uploads\/2025\/10\/Green-Plastic-7-Days-Pill-Box-Wholesaler.webp\" alt=\"Gr\u00fcn - Kunststoff 7 Tage Pillendose Gro\u00dfh\u00e4ndler\" class=\"wp-image-1499\" srcset=\"https:\/\/www.xhplasticlife.com\/wp-content\/uploads\/2025\/10\/Green-Plastic-7-Days-Pill-Box-Wholesaler.webp 800w, https:\/\/www.xhplasticlife.com\/wp-content\/uploads\/2025\/10\/Green-Plastic-7-Days-Pill-Box-Wholesaler-300x300.webp 300w, https:\/\/www.xhplasticlife.com\/wp-content\/uploads\/2025\/10\/Green-Plastic-7-Days-Pill-Box-Wholesaler-150x150.webp 150w, https:\/\/www.xhplasticlife.com\/wp-content\/uploads\/2025\/10\/Green-Plastic-7-Days-Pill-Box-Wholesaler-768x768.webp 768w, https:\/\/www.xhplasticlife.com\/wp-content\/uploads\/2025\/10\/Green-Plastic-7-Days-Pill-Box-Wholesaler-12x12.webp 12w, https:\/\/www.xhplasticlife.com\/wp-content\/uploads\/2025\/10\/Green-Plastic-7-Days-Pill-Box-Wholesaler-600x600.webp 600w, https:\/\/www.xhplasticlife.com\/wp-content\/uploads\/2025\/10\/Green-Plastic-7-Days-Pill-Box-Wholesaler-100x100.webp 100w\" sizes=\"(max-width: 800px) 100vw, 800px\" \/><figcaption class=\"wp-element-caption\">Gr\u00fcn<\/figcaption><\/figure>\n<\/div><\/div>\n\n\n\n<div class=\"wp-block-column is-layout-flow wp-block-column-is-layout-flow\"><div class=\"wp-block-image\">\n<figure class=\"aligncenter size-full\"><img decoding=\"async\" width=\"800\" height=\"800\" src=\"https:\/\/www.xhplasticlife.com\/wp-content\/uploads\/2025\/10\/Bule-Plastic-7-Days-Pill-Box-Wholesaler.webp\" alt=\"Bule - Gro\u00dfh\u00e4ndler f\u00fcr 7-Tage-Pillenboxen aus Kunststoff\" class=\"wp-image-1493\" srcset=\"https:\/\/www.xhplasticlife.com\/wp-content\/uploads\/2025\/10\/Bule-Plastic-7-Days-Pill-Box-Wholesaler.webp 800w, https:\/\/www.xhplasticlife.com\/wp-content\/uploads\/2025\/10\/Bule-Plastic-7-Days-Pill-Box-Wholesaler-300x300.webp 300w, https:\/\/www.xhplasticlife.com\/wp-content\/uploads\/2025\/10\/Bule-Plastic-7-Days-Pill-Box-Wholesaler-150x150.webp 150w, https:\/\/www.xhplasticlife.com\/wp-content\/uploads\/2025\/10\/Bule-Plastic-7-Days-Pill-Box-Wholesaler-768x768.webp 768w, https:\/\/www.xhplasticlife.com\/wp-content\/uploads\/2025\/10\/Bule-Plastic-7-Days-Pill-Box-Wholesaler-12x12.webp 12w, https:\/\/www.xhplasticlife.com\/wp-content\/uploads\/2025\/10\/Bule-Plastic-7-Days-Pill-Box-Wholesaler-600x600.webp 600w, https:\/\/www.xhplasticlife.com\/wp-content\/uploads\/2025\/10\/Bule-Plastic-7-Days-Pill-Box-Wholesaler-100x100.webp 100w\" sizes=\"(max-width: 800px) 100vw, 800px\" \/><figcaption class=\"wp-element-caption\">Blau<\/figcaption><\/figure>\n<\/div><\/div>\n\n\n\n<div class=\"wp-block-column is-layout-flow wp-block-column-is-layout-flow\"><div class=\"wp-block-image\">\n<figure class=\"aligncenter size-full\"><img decoding=\"async\" width=\"800\" height=\"800\" src=\"https:\/\/www.xhplasticlife.com\/wp-content\/uploads\/2025\/10\/Purple-Bule-Plastic-7-Days-Pill-Box-Factory.webp\" alt=\"Lila - Bule - Kunststoff 7 Tage Pillendose Fabrik\" class=\"wp-image-1501\" srcset=\"https:\/\/www.xhplasticlife.com\/wp-content\/uploads\/2025\/10\/Purple-Bule-Plastic-7-Days-Pill-Box-Factory.webp 800w, https:\/\/www.xhplasticlife.com\/wp-content\/uploads\/2025\/10\/Purple-Bule-Plastic-7-Days-Pill-Box-Factory-300x300.webp 300w, https:\/\/www.xhplasticlife.com\/wp-content\/uploads\/2025\/10\/Purple-Bule-Plastic-7-Days-Pill-Box-Factory-150x150.webp 150w, https:\/\/www.xhplasticlife.com\/wp-content\/uploads\/2025\/10\/Purple-Bule-Plastic-7-Days-Pill-Box-Factory-768x768.webp 768w, https:\/\/www.xhplasticlife.com\/wp-content\/uploads\/2025\/10\/Purple-Bule-Plastic-7-Days-Pill-Box-Factory-12x12.webp 12w, https:\/\/www.xhplasticlife.com\/wp-content\/uploads\/2025\/10\/Purple-Bule-Plastic-7-Days-Pill-Box-Factory-600x600.webp 600w, https:\/\/www.xhplasticlife.com\/wp-content\/uploads\/2025\/10\/Purple-Bule-Plastic-7-Days-Pill-Box-Factory-100x100.webp 100w\" sizes=\"(max-width: 800px) 100vw, 800px\" \/><figcaption class=\"wp-element-caption\">Lila<\/figcaption><\/figure>\n<\/div><\/div>\n<\/div>\n\n\n\n<p><\/p>","protected":false},"excerpt":{"rendered":"<p>Willkommen zu unserer benutzerdefinierten Pillen-Box, eine dauerhafte und auslaufsichere Gro\u00dfhandel Kunststoff 7 Tage Medizin Fall mit geteilten F\u00e4chern, klarem Deckel und doppelte Dichtung-perfekt f\u00fcr Gro\u00dfauftr\u00e4ge zu erkunden!<\/p>\n<h2>Kunststoff 7 Tage Pillendose Parameter:<\/h2>\n<ul>\n<li><strong>Modell<\/strong>: BH339<\/li>\n<li><strong>Markenname<\/strong>: Xinghui<\/li>\n<li><strong>Material<\/strong>: PP+Silikon<\/li>\n<li><strong>Produktgr\u00f6\u00dfe: <\/strong>8.5*8*3.45cm<\/li>\n<li><strong>Produktgewicht:<\/strong>54.9g<\/li>\n<li><strong>Farbe<\/strong>gr\u00fcn, blau, lila, rosa<\/li>\n<li><strong>Verpacken<\/strong>: Farbe Karton<\/li>\n<li><strong>Packung Menge: <\/strong>168 St\u00fcck\/ctn<\/li>\n<li><strong>Gr\u00f6\u00dfe des Kartons<\/strong>: 53*36*29cm<\/li>\n<li><strong>Bruttogewicht:<\/strong>11,9 kg<\/li>\n<li><strong>OEM\/ODM<\/strong>: Verf\u00fcgbar<\/li>\n<li><strong>MOQ:\u00a0<\/strong>2000 St\u00fcck<\/li>\n<li><strong>Kundenspezifische Option<\/strong>: Farbe\/Gr\u00f6\u00dfe\/Logo\/Verpackung<\/li>\n<\/ul>\n<h2>Von Daily Plasticware Hersteller :<\/h2>\n<p>Gegr\u00fcndet im Jahr 2000,\u00a0<a href=\"https:\/\/www.xhplasticlife.com\/de\/\"><strong>Xinghui<\/strong><\/a>\u00a0ist auf die Herstellung und den Gro\u00dfhandel von Lunchboxen, Lebensmittelbeh\u00e4ltern, Trinkgef\u00e4\u00dfen, Haushaltsbeh\u00e4ltern und anderen Kunststoffprodukten des t\u00e4glichen Bedarfs spezialisiert. Wir bieten OEM- &amp; ODM- und E-Commerce-Beschaffungsdienste f\u00fcr Kunden aus einer Hand.<\/p>","protected":false},"featured_media":1496,"comment_status":"closed","ping_status":"closed","template":"","meta":{"_acf_changed":false},"product_brand":[],"product_cat":[22],"product_tag":[],"class_list":{"0":"post-1492","1":"product","2":"type-product","3":"status-publish","4":"has-post-thumbnail","6":"product_cat-portable-organizers-wholesale","8":"first","9":"instock","10":"shipping-taxable","11":"product-type-simple"},"acf":[],"_links":{"self":[{"href":"https:\/\/www.xhplasticlife.com\/de\/wp-json\/wp\/v2\/product\/1492","targetHints":{"allow":["GET"]}}],"collection":[{"href":"https:\/\/www.xhplasticlife.com\/de\/wp-json\/wp\/v2\/product"}],"about":[{"href":"https:\/\/www.xhplasticlife.com\/de\/wp-json\/wp\/v2\/types\/product"}],"replies":[{"embeddable":true,"href":"https:\/\/www.xhplasticlife.com\/de\/wp-json\/wp\/v2\/comments?post=1492"}],"wp:featuredmedia":[{"embeddable":true,"href":"https:\/\/www.xhplasticlife.com\/de\/wp-json\/wp\/v2\/media\/1496"}],"wp:attachment":[{"href":"https:\/\/www.xhplasticlife.com\/de\/wp-json\/wp\/v2\/media?parent=1492"}],"wp:term":[{"taxonomy":"product_brand","embeddable":true,"href":"https:\/\/www.xhplasticlife.com\/de\/wp-json\/wp\/v2\/product_brand?post=1492"},{"taxonomy":"product_cat","embeddable":true,"href":"https:\/\/www.xhplasticlife.com\/de\/wp-json\/wp\/v2\/product_cat?post=1492"},{"taxonomy":"product_tag","embeddable":true,"href":"https:\/\/www.xhplasticlife.com\/de\/wp-json\/wp\/v2\/product_tag?post=1492"}],"curies":[{"name":"wp","href":"https:\/\/api.w.org\/{rel}","templated":true}]}}