{"id":1444,"date":"2025-09-23T02:43:19","date_gmt":"2025-09-23T02:43:19","guid":{"rendered":"https:\/\/www.xhplasticlife.com\/?post_type=product&#038;p=1444"},"modified":"2025-09-29T03:58:14","modified_gmt":"2025-09-29T03:58:14","slug":"tissue-paper-box-wholesale","status":"publish","type":"product","link":"https:\/\/www.xhplasticlife.com\/de\/produkt\/tissue-paper-box-wholesale\/","title":{"rendered":"Factory Supply Tissue Paper Box Gro\u00dfhandel, Holzmaserung Kunststoff Gesichtstuch Box"},"content":{"rendered":"<div class=\"wp-block-columns is-layout-flex wp-container-core-columns-is-layout-9d6595d7 wp-block-columns-is-layout-flex\">\n<div class=\"wp-block-column is-layout-flow wp-block-column-is-layout-flow\">\n<h2 class=\"wp-block-heading\">Gro\u00dfhandel Tissue Paper Box Features:<\/h2>\n\n\n\n<ul class=\"wp-block-list\">\n<li><strong>Professionelle Tissue Paper Box Gro\u00dfhandel: <\/strong>Als zuverl\u00e4ssiger Lieferant bieten wir Gro\u00dfhandelsl\u00f6sungen f\u00fcr Tissue-Papierboxen mit Fabrikpreisen, OEM\/ODM-Unterst\u00fctzung, niedrigem MOQ und kostenlosen Mustern, um Gro\u00dfbestellungen zu erf\u00fcllen.<\/li>\n\n\n\n<li><strong>Holzmaserung Kunststoff Design:<\/strong> An der Wand montierte Tissue-Box mit stilvoller Holzmaserung, die B\u00e4dern, K\u00fcchen, B\u00fcros oder Hotels Eleganz verleiht.<\/li>\n\n\n\n<li><strong>Hochwertiges PP-Material:<\/strong> Hergestellt aus verdicktem PP mit glatten, abgerundeten Kanten, ohne Grate, sicher zum Anfassen, haltbar und sturzsicher f\u00fcr den langfristigen Gebrauch.<\/li>\n\n\n\n<li><strong>Einfache Installation an der Wand:<\/strong> Kein Bohren oder Nageln erforderlich - einfache, mieterfreundliche Installation, die die W\u00e4nde nicht besch\u00e4digt und einen sicheren Halt gew\u00e4hrleistet.<\/li>\n\n\n\n<li><strong>Eingebaute Federunterst\u00fctzung:<\/strong> Durch das automatische Anheben und Absenken bleiben die Taschent\u00fccher auch dann zug\u00e4nglich, wenn die Box fast leer ist.<\/li>\n\n\n\n<li><strong>Wasserdicht und feuchtigkeitsbest\u00e4ndig:<\/strong> Er eignet sich perfekt f\u00fcr feuchte Umgebungen wie B\u00e4der oder K\u00fcchen und f\u00e4llt nicht so leicht ab, so dass er auch im Alltag zuverl\u00e4ssig funktioniert.<\/li>\n\n\n\n<li><strong>Multifunktionale Aufbewahrung:<\/strong> Das tiefere Design erm\u00f6glicht sowohl die Verwendung von Papierrollen als auch von Papiertaschent\u00fcchern, w\u00e4hrend die Oberseite bei Wandmontage kleine Gegenst\u00e4nde wie Telefone oder Toilettenartikel aufnehmen kann.<\/li>\n\n\n\n<li><strong>Reibungsloses Abgeben:<\/strong> Die breite \u00d6ffnung sorgt f\u00fcr ein seidenweiches Ziehen des Taschentuchs, ohne dass es rei\u00dft oder klemmt, und erh\u00f6ht so die Benutzerfreundlichkeit.<\/li>\n\n\n\n<li><strong>Kosteng\u00fcnstig bei Gro\u00dfauftr\u00e4gen:<\/strong> Unsere Gro\u00dfhandelsoptionen f\u00fcr Tissue-Papierschachteln bieten einen Mehrwert f\u00fcr Distributoren und Einzelh\u00e4ndler, die auf der Suche nach Qualit\u00e4t, Stil und Haltbarkeit zum Fabrikpreis sind.<\/li>\n<\/ul>\n<\/div>\n\n\n\n<div class=\"wp-block-column is-layout-flow wp-block-column-is-layout-flow\">\n<figure class=\"wp-block-image size-full\"><img decoding=\"async\" width=\"790\" height=\"790\" src=\"https:\/\/www.xhplasticlife.com\/wp-content\/uploads\/2025\/09\/Factory-Supply-Tissue-Paper-Box-Wholesale-2.webp\" alt=\"Fabrik Versorgung Tissue Papier Box Gro\u00dfhandel (2)\" class=\"wp-image-1449\" srcset=\"https:\/\/www.xhplasticlife.com\/wp-content\/uploads\/2025\/09\/Factory-Supply-Tissue-Paper-Box-Wholesale-2.webp 790w, https:\/\/www.xhplasticlife.com\/wp-content\/uploads\/2025\/09\/Factory-Supply-Tissue-Paper-Box-Wholesale-2-300x300.webp 300w, https:\/\/www.xhplasticlife.com\/wp-content\/uploads\/2025\/09\/Factory-Supply-Tissue-Paper-Box-Wholesale-2-150x150.webp 150w, https:\/\/www.xhplasticlife.com\/wp-content\/uploads\/2025\/09\/Factory-Supply-Tissue-Paper-Box-Wholesale-2-768x768.webp 768w, https:\/\/www.xhplasticlife.com\/wp-content\/uploads\/2025\/09\/Factory-Supply-Tissue-Paper-Box-Wholesale-2-12x12.webp 12w, https:\/\/www.xhplasticlife.com\/wp-content\/uploads\/2025\/09\/Factory-Supply-Tissue-Paper-Box-Wholesale-2-600x600.webp 600w, https:\/\/www.xhplasticlife.com\/wp-content\/uploads\/2025\/09\/Factory-Supply-Tissue-Paper-Box-Wholesale-2-100x100.webp 100w\" sizes=\"(max-width: 790px) 100vw, 790px\" \/><\/figure>\n<\/div>\n<\/div>\n\n\n\n<figure class=\"wp-block-table\"><table class=\"has-fixed-layout\"><tbody><tr><td>Modell<\/td><td>Produkt<\/td><td>Kapazit\u00e4t<\/td><td>Bruttogewicht<\/td><td>Gr\u00f6\u00dfe des Kartons<\/td><td>Verpacken<\/td><\/tr><tr><td>SH3121<\/td><td>Rechteckige Holzmaserungs-Tissue-Box<\/td><td>177G<\/td><td>12,2 kg<\/td><td>52,5X35X70,5cm<\/td><td>60 St\u00fcck\/Ktn<\/td><\/tr><tr><td>SH3122<\/td><td>Runde Holzmaserungs-Tissue-Box<\/td><td>175G<\/td><td>12,4 kg<\/td><td>68X41X54cm<\/td><td>60 St\u00fcck\/Ktn<\/td><\/tr><\/tbody><\/table><\/figure>\n\n\n\n<div class=\"wp-block-columns is-layout-flex wp-container-core-columns-is-layout-9d6595d7 wp-block-columns-is-layout-flex\">\n<div class=\"wp-block-column is-layout-flow wp-block-column-is-layout-flow\">\n<figure class=\"wp-block-image size-full\"><img decoding=\"async\" width=\"800\" height=\"800\" src=\"https:\/\/www.xhplasticlife.com\/wp-content\/uploads\/2025\/09\/Black-Walnut-wood-grain-Tissue-Paper-Box-size.webp\" alt=\"Schwarzer Nussbaum Holzmaserung Tissue Papier Box Gr\u00f6\u00dfe\" class=\"wp-image-1446\" srcset=\"https:\/\/www.xhplasticlife.com\/wp-content\/uploads\/2025\/09\/Black-Walnut-wood-grain-Tissue-Paper-Box-size.webp 800w, https:\/\/www.xhplasticlife.com\/wp-content\/uploads\/2025\/09\/Black-Walnut-wood-grain-Tissue-Paper-Box-size-300x300.webp 300w, https:\/\/www.xhplasticlife.com\/wp-content\/uploads\/2025\/09\/Black-Walnut-wood-grain-Tissue-Paper-Box-size-150x150.webp 150w, https:\/\/www.xhplasticlife.com\/wp-content\/uploads\/2025\/09\/Black-Walnut-wood-grain-Tissue-Paper-Box-size-768x768.webp 768w, https:\/\/www.xhplasticlife.com\/wp-content\/uploads\/2025\/09\/Black-Walnut-wood-grain-Tissue-Paper-Box-size-12x12.webp 12w, https:\/\/www.xhplasticlife.com\/wp-content\/uploads\/2025\/09\/Black-Walnut-wood-grain-Tissue-Paper-Box-size-600x600.webp 600w, https:\/\/www.xhplasticlife.com\/wp-content\/uploads\/2025\/09\/Black-Walnut-wood-grain-Tissue-Paper-Box-size-100x100.webp 100w\" sizes=\"(max-width: 800px) 100vw, 800px\" \/><\/figure>\n<\/div>\n\n\n\n<div class=\"wp-block-column is-layout-flow wp-block-column-is-layout-flow\">\n<figure class=\"wp-block-image size-full\"><img decoding=\"async\" width=\"800\" height=\"800\" src=\"https:\/\/www.xhplasticlife.com\/wp-content\/uploads\/2025\/09\/Black-walnut-wood-grain-Tissue-Paper-Box-2.webp\" alt=\"Schwarzer Nussbaum Holzmaserung Tissue Papier Box (2)\" class=\"wp-image-1445\" srcset=\"https:\/\/www.xhplasticlife.com\/wp-content\/uploads\/2025\/09\/Black-walnut-wood-grain-Tissue-Paper-Box-2.webp 800w, https:\/\/www.xhplasticlife.com\/wp-content\/uploads\/2025\/09\/Black-walnut-wood-grain-Tissue-Paper-Box-2-300x300.webp 300w, https:\/\/www.xhplasticlife.com\/wp-content\/uploads\/2025\/09\/Black-walnut-wood-grain-Tissue-Paper-Box-2-150x150.webp 150w, https:\/\/www.xhplasticlife.com\/wp-content\/uploads\/2025\/09\/Black-walnut-wood-grain-Tissue-Paper-Box-2-768x768.webp 768w, https:\/\/www.xhplasticlife.com\/wp-content\/uploads\/2025\/09\/Black-walnut-wood-grain-Tissue-Paper-Box-2-12x12.webp 12w, https:\/\/www.xhplasticlife.com\/wp-content\/uploads\/2025\/09\/Black-walnut-wood-grain-Tissue-Paper-Box-2-600x600.webp 600w, https:\/\/www.xhplasticlife.com\/wp-content\/uploads\/2025\/09\/Black-walnut-wood-grain-Tissue-Paper-Box-2-100x100.webp 100w\" sizes=\"(max-width: 800px) 100vw, 800px\" \/><\/figure>\n<\/div>\n\n\n\n<div class=\"wp-block-column is-layout-flow wp-block-column-is-layout-flow\">\n<figure class=\"wp-block-image size-full\"><img decoding=\"async\" width=\"800\" height=\"800\" src=\"https:\/\/www.xhplasticlife.com\/wp-content\/uploads\/2025\/09\/Cherry-wood-grain-Tissue-Paper-Box-size.webp\" alt=\"Kirsche Holzmaserung Tissue Paper Box Gr\u00f6\u00dfe\" class=\"wp-image-1448\" srcset=\"https:\/\/www.xhplasticlife.com\/wp-content\/uploads\/2025\/09\/Cherry-wood-grain-Tissue-Paper-Box-size.webp 800w, https:\/\/www.xhplasticlife.com\/wp-content\/uploads\/2025\/09\/Cherry-wood-grain-Tissue-Paper-Box-size-300x300.webp 300w, https:\/\/www.xhplasticlife.com\/wp-content\/uploads\/2025\/09\/Cherry-wood-grain-Tissue-Paper-Box-size-150x150.webp 150w, https:\/\/www.xhplasticlife.com\/wp-content\/uploads\/2025\/09\/Cherry-wood-grain-Tissue-Paper-Box-size-768x768.webp 768w, https:\/\/www.xhplasticlife.com\/wp-content\/uploads\/2025\/09\/Cherry-wood-grain-Tissue-Paper-Box-size-12x12.webp 12w, https:\/\/www.xhplasticlife.com\/wp-content\/uploads\/2025\/09\/Cherry-wood-grain-Tissue-Paper-Box-size-600x600.webp 600w, https:\/\/www.xhplasticlife.com\/wp-content\/uploads\/2025\/09\/Cherry-wood-grain-Tissue-Paper-Box-size-100x100.webp 100w\" sizes=\"(max-width: 800px) 100vw, 800px\" \/><\/figure>\n<\/div>\n\n\n\n<div class=\"wp-block-column is-layout-flow wp-block-column-is-layout-flow\">\n<figure class=\"wp-block-image size-full\"><img decoding=\"async\" width=\"800\" height=\"800\" src=\"https:\/\/www.xhplasticlife.com\/wp-content\/uploads\/2025\/09\/Cherry-wood-grain-Tissue-Paper-Box-2.webp\" alt=\"Kirschholzmaserung Tissue-Papier-Box (2)\" class=\"wp-image-1447\" srcset=\"https:\/\/www.xhplasticlife.com\/wp-content\/uploads\/2025\/09\/Cherry-wood-grain-Tissue-Paper-Box-2.webp 800w, https:\/\/www.xhplasticlife.com\/wp-content\/uploads\/2025\/09\/Cherry-wood-grain-Tissue-Paper-Box-2-300x300.webp 300w, https:\/\/www.xhplasticlife.com\/wp-content\/uploads\/2025\/09\/Cherry-wood-grain-Tissue-Paper-Box-2-150x150.webp 150w, https:\/\/www.xhplasticlife.com\/wp-content\/uploads\/2025\/09\/Cherry-wood-grain-Tissue-Paper-Box-2-768x768.webp 768w, https:\/\/www.xhplasticlife.com\/wp-content\/uploads\/2025\/09\/Cherry-wood-grain-Tissue-Paper-Box-2-12x12.webp 12w, https:\/\/www.xhplasticlife.com\/wp-content\/uploads\/2025\/09\/Cherry-wood-grain-Tissue-Paper-Box-2-600x600.webp 600w, https:\/\/www.xhplasticlife.com\/wp-content\/uploads\/2025\/09\/Cherry-wood-grain-Tissue-Paper-Box-2-100x100.webp 100w\" sizes=\"(max-width: 800px) 100vw, 800px\" \/><\/figure>\n<\/div>\n<\/div>\n\n\n\n<div class=\"wp-block-columns is-layout-flex wp-container-core-columns-is-layout-9d6595d7 wp-block-columns-is-layout-flex\">\n<div class=\"wp-block-column is-layout-flow wp-block-column-is-layout-flow\">\n<figure class=\"wp-block-image size-full\"><img decoding=\"async\" width=\"800\" height=\"800\" src=\"https:\/\/www.xhplasticlife.com\/wp-content\/uploads\/2025\/09\/Plastic-Facial-Tissue-Box-Wholesaler-1.webp\" alt=\"Gro\u00dfh\u00e4ndler f\u00fcr Kunststoff-Kosmetiktuchboxen (1)\" class=\"wp-image-1451\" srcset=\"https:\/\/www.xhplasticlife.com\/wp-content\/uploads\/2025\/09\/Plastic-Facial-Tissue-Box-Wholesaler-1.webp 800w, https:\/\/www.xhplasticlife.com\/wp-content\/uploads\/2025\/09\/Plastic-Facial-Tissue-Box-Wholesaler-1-300x300.webp 300w, https:\/\/www.xhplasticlife.com\/wp-content\/uploads\/2025\/09\/Plastic-Facial-Tissue-Box-Wholesaler-1-150x150.webp 150w, https:\/\/www.xhplasticlife.com\/wp-content\/uploads\/2025\/09\/Plastic-Facial-Tissue-Box-Wholesaler-1-768x768.webp 768w, https:\/\/www.xhplasticlife.com\/wp-content\/uploads\/2025\/09\/Plastic-Facial-Tissue-Box-Wholesaler-1-12x12.webp 12w, https:\/\/www.xhplasticlife.com\/wp-content\/uploads\/2025\/09\/Plastic-Facial-Tissue-Box-Wholesaler-1-600x600.webp 600w, https:\/\/www.xhplasticlife.com\/wp-content\/uploads\/2025\/09\/Plastic-Facial-Tissue-Box-Wholesaler-1-100x100.webp 100w\" sizes=\"(max-width: 800px) 100vw, 800px\" \/><\/figure>\n<\/div>\n\n\n\n<div class=\"wp-block-column is-layout-flow wp-block-column-is-layout-flow\">\n<figure class=\"wp-block-image size-full\"><img decoding=\"async\" width=\"790\" height=\"790\" src=\"https:\/\/www.xhplasticlife.com\/wp-content\/uploads\/2025\/09\/Plastic-Facial-Tissue-Box-Wholesaler-2.webp\" alt=\"Gro\u00dfh\u00e4ndler f\u00fcr Kunststoff-Kosmetiktuchboxen (2)\" class=\"wp-image-1453\" srcset=\"https:\/\/www.xhplasticlife.com\/wp-content\/uploads\/2025\/09\/Plastic-Facial-Tissue-Box-Wholesaler-2.webp 790w, https:\/\/www.xhplasticlife.com\/wp-content\/uploads\/2025\/09\/Plastic-Facial-Tissue-Box-Wholesaler-2-300x300.webp 300w, https:\/\/www.xhplasticlife.com\/wp-content\/uploads\/2025\/09\/Plastic-Facial-Tissue-Box-Wholesaler-2-150x150.webp 150w, https:\/\/www.xhplasticlife.com\/wp-content\/uploads\/2025\/09\/Plastic-Facial-Tissue-Box-Wholesaler-2-768x768.webp 768w, https:\/\/www.xhplasticlife.com\/wp-content\/uploads\/2025\/09\/Plastic-Facial-Tissue-Box-Wholesaler-2-12x12.webp 12w, https:\/\/www.xhplasticlife.com\/wp-content\/uploads\/2025\/09\/Plastic-Facial-Tissue-Box-Wholesaler-2-600x600.webp 600w, https:\/\/www.xhplasticlife.com\/wp-content\/uploads\/2025\/09\/Plastic-Facial-Tissue-Box-Wholesaler-2-100x100.webp 100w\" sizes=\"(max-width: 790px) 100vw, 790px\" \/><\/figure>\n<\/div>\n\n\n\n<div class=\"wp-block-column is-layout-flow wp-block-column-is-layout-flow\">\n<figure class=\"wp-block-image size-full\"><img decoding=\"async\" width=\"790\" height=\"790\" src=\"https:\/\/www.xhplasticlife.com\/wp-content\/uploads\/2025\/09\/Plastic-Facial-Tissue-Box-Wholesaler-1_1.webp\" alt=\"Gro\u00dfh\u00e4ndler f\u00fcr Kunststoff-Kosmetiktuchboxen (1)_1\" class=\"wp-image-1452\" srcset=\"https:\/\/www.xhplasticlife.com\/wp-content\/uploads\/2025\/09\/Plastic-Facial-Tissue-Box-Wholesaler-1_1.webp 790w, https:\/\/www.xhplasticlife.com\/wp-content\/uploads\/2025\/09\/Plastic-Facial-Tissue-Box-Wholesaler-1_1-300x300.webp 300w, https:\/\/www.xhplasticlife.com\/wp-content\/uploads\/2025\/09\/Plastic-Facial-Tissue-Box-Wholesaler-1_1-150x150.webp 150w, https:\/\/www.xhplasticlife.com\/wp-content\/uploads\/2025\/09\/Plastic-Facial-Tissue-Box-Wholesaler-1_1-768x768.webp 768w, https:\/\/www.xhplasticlife.com\/wp-content\/uploads\/2025\/09\/Plastic-Facial-Tissue-Box-Wholesaler-1_1-12x12.webp 12w, https:\/\/www.xhplasticlife.com\/wp-content\/uploads\/2025\/09\/Plastic-Facial-Tissue-Box-Wholesaler-1_1-600x600.webp 600w, https:\/\/www.xhplasticlife.com\/wp-content\/uploads\/2025\/09\/Plastic-Facial-Tissue-Box-Wholesaler-1_1-100x100.webp 100w\" sizes=\"(max-width: 790px) 100vw, 790px\" \/><\/figure>\n<\/div>\n<\/div>","protected":false},"excerpt":{"rendered":"<p>Als professioneller Gro\u00dfhandelslieferant f\u00fcr Tissue-Papierboxen bieten wir OEM\/ODM-Service zum Fabrikpreis mit niedrigem MOQ und kostenlosen Mustern. Hergestellt aus verdicktem PP im Holzmaserungsdesign, mit glatten Kanten, wasserdichter Wandmontage und eingebauter Feder zum einfachen Ziehen des Papiers.<\/p>\n<h2>Tissue-Papier-Box Parameter:<\/h2>\n<ul>\n<li><strong>Markenname<\/strong>: Xinghui<\/li>\n<li><strong>Material<\/strong>: Kunststoff (PP)+PS<\/li>\n<li><strong>Farbe<\/strong>: Schwarznussholz Maserung, Kirschholz Maserung\u00a0<\/li>\n<li><strong>OEM\/ODM<\/strong>: Verf\u00fcgbar<\/li>\n<li><strong>Kundenspezifische Option<\/strong>: Farbe\/Gr\u00f6\u00dfe\/Logo\/Verpackung<\/li>\n<\/ul>\n<h2>Von Daily Plasticware Hersteller :<\/h2>\n<p>Gegr\u00fcndet im Jahr 2000,\u00a0<a href=\"https:\/\/www.xhplasticlife.com\/de\/\"><strong>Xinghui<\/strong><\/a>\u00a0ist spezialisiert auf die Herstellung und den Gro\u00dfhandel von Brotdosen, Lebensmittelbeh\u00e4ltern, Trinkgef\u00e4\u00dfen, Haushaltsbeh\u00e4ltern und anderen Kunststoffprodukten des t\u00e4glichen Bedarfs. Wir bieten alles aus einer Hand <em><a href=\"https:\/\/www.xhplasticlife.com\/de\/custom-food-storage-containers\/\">OEM &amp; ODM<\/a><\/em> und <em><a href=\"https:\/\/www.xhplasticlife.com\/de\/e-commerce-service\/\">Dienstleistungen f\u00fcr die Beschaffung im elektronischen Gesch\u00e4ftsverkehr<\/a><\/em> f\u00fcr Kunden.<\/p>","protected":false},"featured_media":1454,"comment_status":"closed","ping_status":"closed","template":"","meta":{"_acf_changed":false},"product_brand":[],"product_cat":[21],"product_tag":[],"class_list":{"0":"post-1444","1":"product","2":"type-product","3":"status-publish","4":"has-post-thumbnail","6":"product_cat-home-storage-containers-wholesaler","8":"first","9":"instock","10":"shipping-taxable","11":"product-type-simple"},"acf":[],"_links":{"self":[{"href":"https:\/\/www.xhplasticlife.com\/de\/wp-json\/wp\/v2\/product\/1444","targetHints":{"allow":["GET"]}}],"collection":[{"href":"https:\/\/www.xhplasticlife.com\/de\/wp-json\/wp\/v2\/product"}],"about":[{"href":"https:\/\/www.xhplasticlife.com\/de\/wp-json\/wp\/v2\/types\/product"}],"replies":[{"embeddable":true,"href":"https:\/\/www.xhplasticlife.com\/de\/wp-json\/wp\/v2\/comments?post=1444"}],"wp:featuredmedia":[{"embeddable":true,"href":"https:\/\/www.xhplasticlife.com\/de\/wp-json\/wp\/v2\/media\/1454"}],"wp:attachment":[{"href":"https:\/\/www.xhplasticlife.com\/de\/wp-json\/wp\/v2\/media?parent=1444"}],"wp:term":[{"taxonomy":"product_brand","embeddable":true,"href":"https:\/\/www.xhplasticlife.com\/de\/wp-json\/wp\/v2\/product_brand?post=1444"},{"taxonomy":"product_cat","embeddable":true,"href":"https:\/\/www.xhplasticlife.com\/de\/wp-json\/wp\/v2\/product_cat?post=1444"},{"taxonomy":"product_tag","embeddable":true,"href":"https:\/\/www.xhplasticlife.com\/de\/wp-json\/wp\/v2\/product_tag?post=1444"}],"curies":[{"name":"wp","href":"https:\/\/api.w.org\/{rel}","templated":true}]}}