{"id":1432,"date":"2025-09-29T01:07:01","date_gmt":"2025-09-29T01:07:01","guid":{"rendered":"https:\/\/www.xhplasticlife.com\/?post_type=product&#038;p=1432"},"modified":"2025-09-29T01:47:15","modified_gmt":"2025-09-29T01:47:15","slug":"wholesale-round-tissue-box","status":"publish","type":"product","link":"https:\/\/www.xhplasticlife.com\/de\/produkt\/wholesale-round-tissue-box\/","title":{"rendered":"Gro\u00dfhandel Runde Tissue Box Fabrik, OEM Kunststoff Toilettenpapier Speicherhalter"},"content":{"rendered":"<div class=\"wp-block-columns is-layout-flex wp-container-core-columns-is-layout-9d6595d7 wp-block-columns-is-layout-flex\">\n<div class=\"wp-block-column is-layout-flow wp-block-column-is-layout-flow\">\n<h2 class=\"wp-block-heading\">Gro\u00dfhandel Runde Tissue Box Features:<\/h2>\n\n\n\n<ul class=\"wp-block-list\">\n<li><strong>Zuverl\u00e4ssige runde Tissue Box Fabrik<\/strong>: Als professionelle Fabrik f\u00fcr runde Tissue-Boxen bieten wir OEM\/ODM-Service zum Fabrikpreis mit niedrigem MOQ und kostenlosen Mustern f\u00fcr Gro\u00dfauftr\u00e4ge.<\/li>\n\n\n\n<li><strong>Premium-Plastikrollen-Tissue-Box<\/strong>: Die aus strapazierf\u00e4higem Kunststoff gefertigte Tissue-Box ist stabil, wasserdicht und f\u00fcr den langfristigen Einsatz in Bad, K\u00fcche oder B\u00fcro geeignet.<\/li>\n\n\n\n<li><strong>Abnehmbarer Deckel f\u00fcr einfachen Austausch<\/strong>: Die obere Abdeckung l\u00e4sst sich leicht abnehmen, so dass das Gewebe schnell und problemlos ausgetauscht werden kann - ideal f\u00fcr stark frequentierte oder gewerbliche Umgebungen.<\/li>\n\n\n\n<li><strong>Glattes Tissue Dispensing<\/strong>: Entwickelt f\u00fcr seidenweiches Ziehen, ohne zu rei\u00dfen oder zu klemmen, und damit bequem im t\u00e4glichen Gebrauch.<\/li>\n\n\n\n<li><strong>Stilvoll und vielseitig:<\/strong> Die runde Tissue-Box f\u00fcr den Gro\u00dfhandel hat ein modernes Design, das zu jeder Einrichtung passt und sowohl im Haushalt als auch im Hotel eingesetzt werden kann.<\/li>\n\n\n\n<li><strong>Kosteneffiziente Gro\u00dfhandelsl\u00f6sung<\/strong>: Ob f\u00fcr den Einzelhandel oder f\u00fcr Gro\u00dfprojekte, unsere runde Tissue-Box f\u00fcr den Gro\u00dfhandel bietet ein hervorragendes Preis-Leistungs-Verh\u00e4ltnis mit Direktpreisen.<\/li>\n<\/ul>\n<\/div>\n\n\n\n<div class=\"wp-block-column is-layout-flow wp-block-column-is-layout-flow\">\n<figure class=\"wp-block-image size-full\"><img decoding=\"async\" width=\"800\" height=\"800\" src=\"https:\/\/www.xhplasticlife.com\/wp-content\/uploads\/2025\/09\/Wholesale-Round-Tissue-Box-Factory-3.webp\" alt=\"Gro\u00dfhandel Runde Tissue Box Fabrik (3)\" class=\"wp-image-1439\" srcset=\"https:\/\/www.xhplasticlife.com\/wp-content\/uploads\/2025\/09\/Wholesale-Round-Tissue-Box-Factory-3.webp 800w, https:\/\/www.xhplasticlife.com\/wp-content\/uploads\/2025\/09\/Wholesale-Round-Tissue-Box-Factory-3-300x300.webp 300w, https:\/\/www.xhplasticlife.com\/wp-content\/uploads\/2025\/09\/Wholesale-Round-Tissue-Box-Factory-3-150x150.webp 150w, https:\/\/www.xhplasticlife.com\/wp-content\/uploads\/2025\/09\/Wholesale-Round-Tissue-Box-Factory-3-768x768.webp 768w, https:\/\/www.xhplasticlife.com\/wp-content\/uploads\/2025\/09\/Wholesale-Round-Tissue-Box-Factory-3-12x12.webp 12w, https:\/\/www.xhplasticlife.com\/wp-content\/uploads\/2025\/09\/Wholesale-Round-Tissue-Box-Factory-3-600x600.webp 600w, https:\/\/www.xhplasticlife.com\/wp-content\/uploads\/2025\/09\/Wholesale-Round-Tissue-Box-Factory-3-100x100.webp 100w\" sizes=\"(max-width: 800px) 100vw, 800px\" \/><\/figure>\n<\/div>\n<\/div>\n\n\n\n<div class=\"wp-block-columns is-layout-flex wp-container-core-columns-is-layout-9d6595d7 wp-block-columns-is-layout-flex\">\n<div class=\"wp-block-column is-layout-flow wp-block-column-is-layout-flow\">\n<figure class=\"wp-block-image size-full\"><img decoding=\"async\" width=\"800\" height=\"800\" src=\"https:\/\/www.xhplasticlife.com\/wp-content\/uploads\/2025\/09\/Red-Round-Tissue-Box-Factory-3.webp\" alt=\"Rote runde Tissue Box Fabrik (3)\" class=\"wp-image-1436\" srcset=\"https:\/\/www.xhplasticlife.com\/wp-content\/uploads\/2025\/09\/Red-Round-Tissue-Box-Factory-3.webp 800w, https:\/\/www.xhplasticlife.com\/wp-content\/uploads\/2025\/09\/Red-Round-Tissue-Box-Factory-3-300x300.webp 300w, https:\/\/www.xhplasticlife.com\/wp-content\/uploads\/2025\/09\/Red-Round-Tissue-Box-Factory-3-150x150.webp 150w, https:\/\/www.xhplasticlife.com\/wp-content\/uploads\/2025\/09\/Red-Round-Tissue-Box-Factory-3-768x768.webp 768w, https:\/\/www.xhplasticlife.com\/wp-content\/uploads\/2025\/09\/Red-Round-Tissue-Box-Factory-3-12x12.webp 12w, https:\/\/www.xhplasticlife.com\/wp-content\/uploads\/2025\/09\/Red-Round-Tissue-Box-Factory-3-600x600.webp 600w, https:\/\/www.xhplasticlife.com\/wp-content\/uploads\/2025\/09\/Red-Round-Tissue-Box-Factory-3-100x100.webp 100w\" sizes=\"(max-width: 800px) 100vw, 800px\" \/><\/figure>\n<\/div>\n\n\n\n<div class=\"wp-block-column is-layout-flow wp-block-column-is-layout-flow\">\n<figure class=\"wp-block-image size-full\"><img decoding=\"async\" width=\"800\" height=\"800\" src=\"https:\/\/www.xhplasticlife.com\/wp-content\/uploads\/2025\/09\/Orange-Round-Tissue-Box-Factory-4.webp\" alt=\"Orange Runde Tissue Box Fabrik (4)\" class=\"wp-image-1435\" srcset=\"https:\/\/www.xhplasticlife.com\/wp-content\/uploads\/2025\/09\/Orange-Round-Tissue-Box-Factory-4.webp 800w, https:\/\/www.xhplasticlife.com\/wp-content\/uploads\/2025\/09\/Orange-Round-Tissue-Box-Factory-4-300x300.webp 300w, https:\/\/www.xhplasticlife.com\/wp-content\/uploads\/2025\/09\/Orange-Round-Tissue-Box-Factory-4-150x150.webp 150w, https:\/\/www.xhplasticlife.com\/wp-content\/uploads\/2025\/09\/Orange-Round-Tissue-Box-Factory-4-768x768.webp 768w, https:\/\/www.xhplasticlife.com\/wp-content\/uploads\/2025\/09\/Orange-Round-Tissue-Box-Factory-4-12x12.webp 12w, https:\/\/www.xhplasticlife.com\/wp-content\/uploads\/2025\/09\/Orange-Round-Tissue-Box-Factory-4-600x600.webp 600w, https:\/\/www.xhplasticlife.com\/wp-content\/uploads\/2025\/09\/Orange-Round-Tissue-Box-Factory-4-100x100.webp 100w\" sizes=\"(max-width: 800px) 100vw, 800px\" \/><\/figure>\n<\/div>\n\n\n\n<div class=\"wp-block-column is-layout-flow wp-block-column-is-layout-flow\">\n<figure class=\"wp-block-image size-full\"><img decoding=\"async\" width=\"800\" height=\"800\" src=\"https:\/\/www.xhplasticlife.com\/wp-content\/uploads\/2025\/09\/Green-Round-Tissue-Box-Factory-1.webp\" alt=\"Gr\u00fcne runde Tissue Box Fabrik (1)\" class=\"wp-image-1434\" srcset=\"https:\/\/www.xhplasticlife.com\/wp-content\/uploads\/2025\/09\/Green-Round-Tissue-Box-Factory-1.webp 800w, https:\/\/www.xhplasticlife.com\/wp-content\/uploads\/2025\/09\/Green-Round-Tissue-Box-Factory-1-300x300.webp 300w, https:\/\/www.xhplasticlife.com\/wp-content\/uploads\/2025\/09\/Green-Round-Tissue-Box-Factory-1-150x150.webp 150w, https:\/\/www.xhplasticlife.com\/wp-content\/uploads\/2025\/09\/Green-Round-Tissue-Box-Factory-1-768x768.webp 768w, https:\/\/www.xhplasticlife.com\/wp-content\/uploads\/2025\/09\/Green-Round-Tissue-Box-Factory-1-12x12.webp 12w, https:\/\/www.xhplasticlife.com\/wp-content\/uploads\/2025\/09\/Green-Round-Tissue-Box-Factory-1-600x600.webp 600w, https:\/\/www.xhplasticlife.com\/wp-content\/uploads\/2025\/09\/Green-Round-Tissue-Box-Factory-1-100x100.webp 100w\" sizes=\"(max-width: 800px) 100vw, 800px\" \/><\/figure>\n<\/div>\n\n\n\n<div class=\"wp-block-column is-layout-flow wp-block-column-is-layout-flow\">\n<figure class=\"wp-block-image size-full\"><img decoding=\"async\" width=\"800\" height=\"800\" src=\"https:\/\/www.xhplasticlife.com\/wp-content\/uploads\/2025\/09\/Black-Round-Tissue-Box-Factory-2.webp\" alt=\"Schwarz Runde Tissue Box Fabrik (2)\" class=\"wp-image-1433\" srcset=\"https:\/\/www.xhplasticlife.com\/wp-content\/uploads\/2025\/09\/Black-Round-Tissue-Box-Factory-2.webp 800w, https:\/\/www.xhplasticlife.com\/wp-content\/uploads\/2025\/09\/Black-Round-Tissue-Box-Factory-2-300x300.webp 300w, https:\/\/www.xhplasticlife.com\/wp-content\/uploads\/2025\/09\/Black-Round-Tissue-Box-Factory-2-150x150.webp 150w, https:\/\/www.xhplasticlife.com\/wp-content\/uploads\/2025\/09\/Black-Round-Tissue-Box-Factory-2-768x768.webp 768w, https:\/\/www.xhplasticlife.com\/wp-content\/uploads\/2025\/09\/Black-Round-Tissue-Box-Factory-2-12x12.webp 12w, https:\/\/www.xhplasticlife.com\/wp-content\/uploads\/2025\/09\/Black-Round-Tissue-Box-Factory-2-600x600.webp 600w, https:\/\/www.xhplasticlife.com\/wp-content\/uploads\/2025\/09\/Black-Round-Tissue-Box-Factory-2-100x100.webp 100w\" sizes=\"(max-width: 800px) 100vw, 800px\" \/><\/figure>\n<\/div>\n<\/div>\n\n\n\n<p><\/p>","protected":false},"excerpt":{"rendered":"<p>Als vertrauensw\u00fcrdige Gro\u00dfhandelsfabrik f\u00fcr runde Tissue-Boxen bieten wir OEM\/ODM-Service mit Fabrikpreis, niedrigem MOQ und kostenlosen Mustern. Ausgestattet mit einer langlebigen Kunststoffrolle Design, abnehmbarem Deckel f\u00fcr einfachen Austausch und glatte Spende-ideal f\u00fcr zu Hause, Hotel und B\u00fcro verwenden.<\/p>\n<h2>Runde Tissue-Box Parameter:<\/h2>\n<ul>\n<li><strong>Markenname<\/strong>: Xinghui<\/li>\n<li><strong>Modell<\/strong>: SH3182<\/li>\n<li><strong>Material<\/strong>: PP+PS<\/li>\n<li><strong>Farbe<\/strong>: schwarz, orange, rot und gr\u00fcn<\/li>\n<li><strong>Gewicht:<\/strong> 175G<\/li>\n<li><strong>Bruttogewicht:\u00a0<\/strong>12,4 kg<\/li>\n<li><strong>Gr\u00f6\u00dfe des Kartons<\/strong>: 67,5\u00d740,5\u00d755,5cm<\/li>\n<li><strong>OEM\/ODM<\/strong>: Verf\u00fcgbar<\/li>\n<li><strong>Kundenspezifische Option<\/strong>: Farbe\/Gr\u00f6\u00dfe\/Logo\/Verpackung<\/li>\n<\/ul>\n<h2>Von Daily Plasticware Hersteller :<\/h2>\n<p>Gegr\u00fcndet im Jahr 2000,\u00a0<a href=\"https:\/\/www.xhplasticlife.com\/de\/\"><strong>Xinghui<\/strong><\/a>\u00a0ist spezialisiert auf die Herstellung und den Gro\u00dfhandel von Brotdosen, Lebensmittelbeh\u00e4ltern, Trinkgef\u00e4\u00dfen, Haushaltsbeh\u00e4ltern und anderen Kunststoffprodukten des t\u00e4glichen Bedarfs. Wir bieten alles aus einer Hand <em><a href=\"https:\/\/www.xhplasticlife.com\/de\/custom-food-storage-containers\/\">OEM &amp; ODM<\/a><\/em> und <em><a href=\"https:\/\/www.xhplasticlife.com\/de\/e-commerce-service\/\">Dienstleistungen f\u00fcr die Beschaffung im elektronischen Gesch\u00e4ftsverkehr<\/a><\/em> f\u00fcr Kunden.<\/p>","protected":false},"featured_media":1440,"comment_status":"closed","ping_status":"closed","template":"","meta":{"_acf_changed":false},"product_brand":[],"product_cat":[21],"product_tag":[],"class_list":{"0":"post-1432","1":"product","2":"type-product","3":"status-publish","4":"has-post-thumbnail","6":"product_cat-home-storage-containers-wholesaler","8":"first","9":"instock","10":"shipping-taxable","11":"product-type-simple"},"acf":[],"_links":{"self":[{"href":"https:\/\/www.xhplasticlife.com\/de\/wp-json\/wp\/v2\/product\/1432","targetHints":{"allow":["GET"]}}],"collection":[{"href":"https:\/\/www.xhplasticlife.com\/de\/wp-json\/wp\/v2\/product"}],"about":[{"href":"https:\/\/www.xhplasticlife.com\/de\/wp-json\/wp\/v2\/types\/product"}],"replies":[{"embeddable":true,"href":"https:\/\/www.xhplasticlife.com\/de\/wp-json\/wp\/v2\/comments?post=1432"}],"wp:featuredmedia":[{"embeddable":true,"href":"https:\/\/www.xhplasticlife.com\/de\/wp-json\/wp\/v2\/media\/1440"}],"wp:attachment":[{"href":"https:\/\/www.xhplasticlife.com\/de\/wp-json\/wp\/v2\/media?parent=1432"}],"wp:term":[{"taxonomy":"product_brand","embeddable":true,"href":"https:\/\/www.xhplasticlife.com\/de\/wp-json\/wp\/v2\/product_brand?post=1432"},{"taxonomy":"product_cat","embeddable":true,"href":"https:\/\/www.xhplasticlife.com\/de\/wp-json\/wp\/v2\/product_cat?post=1432"},{"taxonomy":"product_tag","embeddable":true,"href":"https:\/\/www.xhplasticlife.com\/de\/wp-json\/wp\/v2\/product_tag?post=1432"}],"curies":[{"name":"wp","href":"https:\/\/api.w.org\/{rel}","templated":true}]}}